{"id":974,"date":"2020-10-18T11:10:55","date_gmt":"2020-10-18T08:10:55","guid":{"rendered":"https:\/\/www.celebimutfak.com\/?post_type=product&#038;p=974"},"modified":"2023-01-31T00:09:09","modified_gmt":"2023-01-30T21:09:09","slug":"sicak-yemek-tezgahi-paslanmaz","status":"publish","type":"product","link":"https:\/\/www.celebimutfak.com\/index.php\/urun\/sicak-yemek-tezgahi-paslanmaz\/","title":{"rendered":"S\u0131cak Yemek Tezgah\u0131 Paslanmaz"},"content":{"rendered":"<h2>\u00dcr\u00fcn Hakk\u0131nda<\/h2>\n<p>304 kalite paslanmaz \u00e7elik sacdan imal edilmektedir.<\/p>\n<p>\u0130\u00e7erisindeki havuza su konularak \u0131s\u0131tma yap\u0131l\u0131r. Su buhar\u0131yla yemeklerin s\u0131cakl\u0131\u011f\u0131 korunmu\u015f olur. 3 s\u0131cak yemek, 1 n\u00f6tr(\u0131s\u0131tma olmayan) yemek b\u00f6lmesi vard\u0131r. GN 1\/2 yemek k\u00fcvetlerine uyumludur. Araya destek koyularak di\u011fer k\u00fcvetler de kullan\u0131labilir. Alt k\u0131sm\u0131nda taban raf\u0131 vard\u0131r, buraya malzeme konulabilir.<\/p>\n<p>En \u00fcst k\u0131sm\u0131 tabak stant\u0131 olarak kullan\u0131l\u0131r. Tabak stant\u0131n\u0131n borular\u0131 da paslanmaz \u00e7eliktir(krom). A\u011f\u0131rl\u0131k etkisiyle borular yamulmas\u0131n diye i\u00e7lerinde beton vard\u0131r(dirsek k\u0131s\u0131mlar\u0131nda).<\/p>\n<p>\u00d6n k\u0131sm\u0131 g\u00f6rsel ama\u00e7l\u0131 MDF ile kapl\u0131d\u0131r. MDF do\u011frudan suya maruz kalmad\u0131\u011f\u0131 s\u00fcrece uzun y\u0131llar kullan\u0131labilir. MDF&#8217;nin k\u0131r\u0131lma \u00e7atlama, \u00e7\u00fcr\u00fcme gibi durumlar\u0131nda de\u011fi\u015ftirilmesi basittir. M\u00fc\u015fteri kendisi de de\u011fi\u015febilir. Bir mdf d\u00fczg\u00fcn kullan\u0131mda en az 10 y\u0131l sa\u011flam kal\u0131r.<\/p>\n<p>Tepsi kayd\u0131rma k\u0131sm\u0131 a\u00e7\u0131l\u0131p kapanabilir. B\u00f6ylece tezgah\u0131 ba\u015fka yerlere ta\u015f\u0131mas\u0131 kolayl\u0131k sa\u011flar.<\/p>\n<p>Tabildot servis yap\u0131lan yemekhanelerde kullan\u0131l\u0131r. Elektrikli termostatl\u0131 \u0131s\u0131t\u0131c\u0131 sayesinde pi\u015fmi\u015f yemekleri s\u0131cak tutar. \u0130stendi\u011fi s\u0131cakl\u0131k derecesine geldi\u011fi zaman termostat kendini kapat\u0131r, yemekler so\u011fumaya ba\u015flad\u0131\u011f\u0131nda tekrar a\u00e7\u0131l\u0131r.<\/p>\n<p>M\u00fc\u015fteri iste\u011fine g\u00f6re 4 s\u0131cak b\u00f6lmeli de \u00fcretilebilir. <em><strong>Fiyatlara yemek k\u00fcvetleri ve kapaklar\u0131 dahil de\u011fildir.<\/strong><\/em> Fiyatlara KDV dahil de\u011fildir.<\/p>\n<p><strong><a href=\"https:\/\/www.celebimutfak.com\/index.php\/urun-kategori\/servis\/?orderby=price-desc\" target=\"_blank\" rel=\"noopener\">B\u00dcY\u00dcK YEMEK SERV\u0130S HATLARI<\/a><\/strong><\/p>\n<h3>3+1 Benmari Ka\u00e7 Ki\u015filiktir?<\/h3>\n<p>3+1 benmari tezgahlar\u0131 15 cm derinlikte GN 1\/1 k\u00fcvetle beraber kullan\u0131lmaktad\u0131r. Bu k\u00fcvetler yakla\u015f\u0131k 80 ki\u015filik yemek kapasitesine sahiptir yani <strong>3+1 benmariler 80 ki\u015filiktir<\/strong>. Bu benmari tezgahlar istenirse daha k\u00fc\u00e7\u00fck yemek k\u00fcvetleriyle de kullan\u0131labilir. Di\u011fer yemek k\u00fcvetlerinin ka\u00e7 ki\u015filik oldu\u011funu g\u00f6rmek i\u00e7in: <strong><a href=\"https:\/\/www.celebimutfak.com\/index.php\/2020\/07\/26\/paslanmaz-celik-yemek-ebat\/\" target=\"_blank\" rel=\"noopener\">Gastronom K\u00fcvet Yemek Say\u0131lar\u0131<\/a><\/strong><\/p>\n<h4>Benmari K\u00fcvet Fiyatlar\u0131<\/h4>\n<ul>\n<li>GN 1\/1 Benmari K\u00fcvet Fiyat\u0131 35 $ + KDV&#8217;dir.<\/li>\n<li>GN 1\/1 Benmari K\u00fcvet Kapa\u011f\u0131 Fiyat\u0131 15 $ + KDV&#8217;dir.<\/li>\n<\/ul>\n<p>Yemek k\u00fcvetleri standart olarak 15 cm derinliktedir. Farkl\u0131 \u00f6l\u00e7\u00fc ve derinlikte k\u00fcvet talebiniz olursa bizimle ileti\u015fime ge\u00e7ebilirsiniz.<\/p>\n<p>&nbsp;<\/p>\n","protected":false},"excerpt":{"rendered":"<ul>\n<li>304 kalite paslanmaz sacdan \u00fcretiyoruz<\/li>\n<li>\u00d6n k\u0131sm\u0131 MDF&#8217;dir.<\/li>\n<li>Sulu sistem elektrikli \u0131s\u0131t\u0131c\u0131ya sahiptir.<\/li>\n<li>3+1 Benmari (3 s\u0131cak, 1 so\u011fuk(n\u00f6tr) yemek)<\/li>\n<li>Tepsi kayd\u0131rma stand\u0131 a\u00e7\u0131l\u0131p kapabilir.<\/li>\n<li><a href=\"https:\/\/www.celebimutfak.com\/index.php\/urun\/benmari-kuveti-15cm-gn1-1\/\" target=\"_blank\" rel=\"noopener\">Yemek k\u00fcvetleri<\/a> fiyata dahil de\u011fildir.<\/li>\n<li>Detayl\u0131 bilgi i\u00e7in <strong><a href=\"https:\/\/www.celebimutfak.com\/index.php\/iletisim\/\" target=\"_blank\" rel=\"noopener\">\u0130LET\u0130\u015e\u0130M&#8217;e<\/a> <\/strong>ge\u00e7ebilirsiniz<\/li>\n<\/ul>\n","protected":false},"featured_media":975,"comment_status":"open","ping_status":"closed","template":"","meta":{"site-sidebar-layout":"default","site-content-layout":"default","ast-site-content-layout":"","site-content-style":"default","site-sidebar-style":"default","ast-global-header-display":"","ast-banner-title-visibility":"","ast-main-header-display":"","ast-hfb-above-header-display":"","ast-hfb-below-header-display":"","ast-hfb-mobile-header-display":"","site-post-title":"","ast-breadcrumbs-content":"","ast-featured-img":"","footer-sml-layout":"","theme-transparent-header-meta":"default","adv-header-id-meta":"","stick-header-meta":"","header-above-stick-meta":"","header-main-stick-meta":"","header-below-stick-meta":"","astra-migrate-meta-layouts":"default","ast-page-background-enabled":"default","ast-page-background-meta":{"desktop":{"background-color":"var(--ast-global-color-4)","background-image":"","background-repeat":"repeat","background-position":"center center","background-size":"auto","background-attachment":"scroll","background-type":"","background-media":"","overlay-type":"","overlay-color":"","overlay-opacity":"","overlay-gradient":""},"tablet":{"background-color":"","background-image":"","background-repeat":"repeat","background-position":"center center","background-size":"auto","background-attachment":"scroll","background-type":"","background-media":"","overlay-type":"","overlay-color":"","overlay-opacity":"","overlay-gradient":""},"mobile":{"background-color":"","background-image":"","background-repeat":"repeat","background-position":"center center","background-size":"auto","background-attachment":"scroll","background-type":"","background-media":"","overlay-type":"","overlay-color":"","overlay-opacity":"","overlay-gradient":""}},"ast-content-background-meta":{"desktop":{"background-color":"var(--ast-global-color-5)","background-image":"","background-repeat":"repeat","background-position":"center center","background-size":"auto","background-attachment":"scroll","background-type":"","background-media":"","overlay-type":"","overlay-color":"","overlay-opacity":"","overlay-gradient":""},"tablet":{"background-color":"var(--ast-global-color-5)","background-image":"","background-repeat":"repeat","background-position":"center center","background-size":"auto","background-attachment":"scroll","background-type":"","background-media":"","overlay-type":"","overlay-color":"","overlay-opacity":"","overlay-gradient":""},"mobile":{"background-color":"var(--ast-global-color-5)","background-image":"","background-repeat":"repeat","background-position":"center center","background-size":"auto","background-attachment":"scroll","background-type":"","background-media":"","overlay-type":"","overlay-color":"","overlay-opacity":"","overlay-gradient":""}}},"product_cat":[124],"product_tag":[],"_links":{"self":[{"href":"https:\/\/www.celebimutfak.com\/index.php\/wp-json\/wp\/v2\/product\/974"}],"collection":[{"href":"https:\/\/www.celebimutfak.com\/index.php\/wp-json\/wp\/v2\/product"}],"about":[{"href":"https:\/\/www.celebimutfak.com\/index.php\/wp-json\/wp\/v2\/types\/product"}],"replies":[{"embeddable":true,"href":"https:\/\/www.celebimutfak.com\/index.php\/wp-json\/wp\/v2\/comments?post=974"}],"wp:featuredmedia":[{"embeddable":true,"href":"https:\/\/www.celebimutfak.com\/index.php\/wp-json\/wp\/v2\/media\/975"}],"wp:attachment":[{"href":"https:\/\/www.celebimutfak.com\/index.php\/wp-json\/wp\/v2\/media?parent=974"}],"wp:term":[{"taxonomy":"product_cat","embeddable":true,"href":"https:\/\/www.celebimutfak.com\/index.php\/wp-json\/wp\/v2\/product_cat?post=974"},{"taxonomy":"product_tag","embeddable":true,"href":"https:\/\/www.celebimutfak.com\/index.php\/wp-json\/wp\/v2\/product_tag?post=974"}],"curies":[{"name":"wp","href":"https:\/\/api.w.org\/{rel}","templated":true}]}}