{"id":969,"date":"2020-10-16T01:15:52","date_gmt":"2020-10-15T22:15:52","guid":{"rendered":"https:\/\/www.celebimutfak.com\/?post_type=product&#038;p=969"},"modified":"2023-10-02T14:40:09","modified_gmt":"2023-10-02T11:40:09","slug":"camli-isikli-bakliyat-tezgahi","status":"publish","type":"product","link":"https:\/\/www.celebimutfak.com\/index.php\/urun\/camli-isikli-bakliyat-tezgahi\/","title":{"rendered":"Caml\u0131 &#8211; I\u015f\u0131kl\u0131 Bakliyat Tezgah\u0131"},"content":{"rendered":"<h2>\u00dcr\u00fcn Hakk\u0131nda<\/h2>\n<p>Yemekhanelerde pirin\u00e7, nohut gibi bakliyattaki ta\u015flar\u0131 ay\u0131klamak i\u00e7in kullan\u0131l\u0131r. Birden fazla ki\u015fi ayn\u0131 anda \u00e7al\u0131\u015fabilir. Elektri\u011fe ba\u011fland\u0131\u011f\u0131nda LED \u0131\u015f\u0131klar ile ayd\u0131nlatma sa\u011flan\u0131r, bu sayede pirin\u00e7 ta\u015flar\u0131 daha rahat g\u00f6r\u00fcn\u00fcr.<\/p>\n<p>Makine 304 kalite paslanmaz \u00e7elik sacdan imal edilir. M\u00fc\u015fterilerimizin istedi\u011fi \u00f6l\u00e7\u00fclerde imalat yap\u0131l\u0131r. Ay\u0131klama yap\u0131lan havuzu Temperli Cam olarak \u00fcretilir. Cam k\u0131r\u0131lsa bile da\u011f\u0131lmaz.<\/p>\n<h2>Firmam\u0131z Hakk\u0131nda<\/h2>\n<p>\u00c7elebi end\u00fcstriyel mutfak imalat yapan firmad\u0131r. 304 kalite paslanmaz \u00e7elikten \u00e7e\u015fitli mutfak ekipmanlar\u0131 imalat\u0131 yapmaktad\u0131r. Proje bazl\u0131 veya \u00f6zel \u00fcretim \u00fcr\u00fcnler \u00fcretmekteyiz.<\/p>\n","protected":false},"excerpt":{"rendered":"<ul>\n<li>304 kalite paslanmazdan imal edilir. (Krom)<\/li>\n<li>2 adet frenli, 2 adet frensiz tekerlekten \u00fcretilir.<\/li>\n<li>Ay\u0131klama havuzu kal\u0131n camdan imal edilir. K\u0131r\u0131lsa bile cam da\u011f\u0131lmaz.<\/li>\n<li>220 ev elektri\u011fi ile led lambalar kullan\u0131l\u0131r<\/li>\n<li>\u00d6zel \u00f6l\u00e7\u00fclerde imalat yap\u0131l\u0131r<\/li>\n<li>G\u00fcncel fiyat bilgisi i\u00e7in <em><strong><a href=\"https:\/\/www.celebimutfak.com\/index.php\/iletisim\/\" target=\"_blank\" rel=\"noopener\">ileti\u015fime<\/a><\/strong><\/em> ge\u00e7ebilirsiniz.<\/li>\n<\/ul>\n","protected":false},"featured_media":972,"comment_status":"open","ping_status":"closed","template":"","meta":{"site-sidebar-layout":"default","site-content-layout":"default","ast-site-content-layout":"","site-content-style":"default","site-sidebar-style":"default","ast-global-header-display":"","ast-banner-title-visibility":"","ast-main-header-display":"","ast-hfb-above-header-display":"","ast-hfb-below-header-display":"","ast-hfb-mobile-header-display":"","site-post-title":"","ast-breadcrumbs-content":"","ast-featured-img":"","footer-sml-layout":"","theme-transparent-header-meta":"default","adv-header-id-meta":"","stick-header-meta":"","header-above-stick-meta":"","header-main-stick-meta":"","header-below-stick-meta":"","astra-migrate-meta-layouts":"default","ast-page-background-enabled":"default","ast-page-background-meta":{"desktop":{"background-color":"var(--ast-global-color-4)","background-image":"","background-repeat":"repeat","background-position":"center center","background-size":"auto","background-attachment":"scroll","background-type":"","background-media":"","overlay-type":"","overlay-color":"","overlay-opacity":"","overlay-gradient":""},"tablet":{"background-color":"","background-image":"","background-repeat":"repeat","background-position":"center center","background-size":"auto","background-attachment":"scroll","background-type":"","background-media":"","overlay-type":"","overlay-color":"","overlay-opacity":"","overlay-gradient":""},"mobile":{"background-color":"","background-image":"","background-repeat":"repeat","background-position":"center center","background-size":"auto","background-attachment":"scroll","background-type":"","background-media":"","overlay-type":"","overlay-color":"","overlay-opacity":"","overlay-gradient":""}},"ast-content-background-meta":{"desktop":{"background-color":"var(--ast-global-color-5)","background-image":"","background-repeat":"repeat","background-position":"center center","background-size":"auto","background-attachment":"scroll","background-type":"","background-media":"","overlay-type":"","overlay-color":"","overlay-opacity":"","overlay-gradient":""},"tablet":{"background-color":"var(--ast-global-color-5)","background-image":"","background-repeat":"repeat","background-position":"center center","background-size":"auto","background-attachment":"scroll","background-type":"","background-media":"","overlay-type":"","overlay-color":"","overlay-opacity":"","overlay-gradient":""},"mobile":{"background-color":"var(--ast-global-color-5)","background-image":"","background-repeat":"repeat","background-position":"center center","background-size":"auto","background-attachment":"scroll","background-type":"","background-media":"","overlay-type":"","overlay-color":"","overlay-opacity":"","overlay-gradient":""}}},"product_cat":[199],"product_tag":[],"_links":{"self":[{"href":"https:\/\/www.celebimutfak.com\/index.php\/wp-json\/wp\/v2\/product\/969"}],"collection":[{"href":"https:\/\/www.celebimutfak.com\/index.php\/wp-json\/wp\/v2\/product"}],"about":[{"href":"https:\/\/www.celebimutfak.com\/index.php\/wp-json\/wp\/v2\/types\/product"}],"replies":[{"embeddable":true,"href":"https:\/\/www.celebimutfak.com\/index.php\/wp-json\/wp\/v2\/comments?post=969"}],"wp:featuredmedia":[{"embeddable":true,"href":"https:\/\/www.celebimutfak.com\/index.php\/wp-json\/wp\/v2\/media\/972"}],"wp:attachment":[{"href":"https:\/\/www.celebimutfak.com\/index.php\/wp-json\/wp\/v2\/media?parent=969"}],"wp:term":[{"taxonomy":"product_cat","embeddable":true,"href":"https:\/\/www.celebimutfak.com\/index.php\/wp-json\/wp\/v2\/product_cat?post=969"},{"taxonomy":"product_tag","embeddable":true,"href":"https:\/\/www.celebimutfak.com\/index.php\/wp-json\/wp\/v2\/product_tag?post=969"}],"curies":[{"name":"wp","href":"https:\/\/api.w.org\/{rel}","templated":true}]}}