{"id":931,"date":"2020-10-01T22:32:32","date_gmt":"2020-10-01T19:32:32","guid":{"rendered":"https:\/\/www.celebimutfak.com\/?post_type=product&#038;p=931"},"modified":"2024-12-04T22:38:22","modified_gmt":"2024-12-04T19:38:22","slug":"elektrikli-sulu-benmari-3-sicak","status":"publish","type":"product","link":"https:\/\/www.celebimutfak.com\/index.php\/urun\/elektrikli-sulu-benmari-3-sicak\/","title":{"rendered":"Elektrikli Benmari 3 S\u0131cak 1 N\u00f6tr"},"content":{"rendered":"<h2>Benmari Tezgah\u0131<\/h2>\n<p>Benmari, toplu yemek t\u00fcketimi yap\u0131lan mutfaklarda kullan\u0131lmaktad\u0131r. Bu tezgahlar pi\u015fmi\u015f yemeklerin s\u0131cakl\u0131\u011f\u0131n\u0131 muhafaza etmenin yan\u0131 s\u0131ra yemek servisi i\u00e7in de kullan\u0131lmaktad\u0131r. Benmari tezgah\u0131 paslanmaz \u00e7elikten \u00fcretilmektedir. \u0130\u00e7erisinde bulunan elektrikli rezistans sayesinde su \u0131s\u0131tmas\u0131 sa\u011flar. Is\u0131nan su buharla\u015farak yemekleri s\u0131cak tutar.<\/p>\n<p>Yemeklerin s\u0131cakl\u0131\u011f\u0131n\u0131 muhafaza etmek ve yemekleri servis etmek i\u00e7in kullan\u0131lan tezgahlara, Yemek Tezgah\u0131(Benmari) denir.<\/p>\n<h3>Benmari 220V Ev Elektri\u011fi ile \u00c7al\u0131\u015f\u0131r m\u0131?<\/h3>\n<p>Evet, \u00e7elebi mutfak benmarileri 220V ev elektri\u011fi ile \u00e7al\u0131\u015f\u0131r.<\/p>\n<h3>Is\u0131t\u0131c\u0131 Patlad\u0131\u011f\u0131nda (bozuldu\u011funda) De\u011fi\u015fim Yap\u0131l\u0131r m\u0131?<\/h3>\n<p>Evet, firmam\u0131z\u0131n \u00fcretti\u011fi tezgahlar\u0131n \u0131s\u0131t\u0131c\u0131lar\u0131 ar\u0131za durumlar\u0131nda de\u011fi\u015ftirilebilmektedir.<\/p>\n","protected":false},"excerpt":{"rendered":"<ul>\n<li>304 kalite paslanmaz sacdan imal edilmektedir.<\/li>\n<li>3 s\u0131cak, 1 n\u00f6tr b\u00f6lmelidir.<\/li>\n<li>Elektrikli sulu sistem \u0131s\u0131tmal\u0131d\u0131r.<\/li>\n<li>\u00d6n taraf dekoratif ama\u00e7l\u0131 MDF giydirmelidir.<\/li>\n<li>Tepsi kayd\u0131rma borusu mevcuttur.<\/li>\n<li>Yemek kaplar\u0131 ve kapaklar fiyatlara dahil de\u011fildir.<\/li>\n<li><a href=\"https:\/\/www.celebimutfak.com\/index.php\/iletisim\/\" target=\"_blank\" rel=\"noopener\">\u0130leti\u015fim<\/a><\/li>\n<\/ul>\n","protected":false},"featured_media":929,"comment_status":"open","ping_status":"closed","template":"","meta":{"site-sidebar-layout":"default","site-content-layout":"default","ast-site-content-layout":"","site-content-style":"default","site-sidebar-style":"default","ast-global-header-display":"","ast-banner-title-visibility":"","ast-main-header-display":"","ast-hfb-above-header-display":"","ast-hfb-below-header-display":"","ast-hfb-mobile-header-display":"","site-post-title":"","ast-breadcrumbs-content":"","ast-featured-img":"","footer-sml-layout":"","theme-transparent-header-meta":"default","adv-header-id-meta":"","stick-header-meta":"","header-above-stick-meta":"","header-main-stick-meta":"","header-below-stick-meta":"","astra-migrate-meta-layouts":"default","ast-page-background-enabled":"default","ast-page-background-meta":{"desktop":{"background-color":"var(--ast-global-color-4)","background-image":"","background-repeat":"repeat","background-position":"center center","background-size":"auto","background-attachment":"scroll","background-type":"","background-media":"","overlay-type":"","overlay-color":"","overlay-opacity":"","overlay-gradient":""},"tablet":{"background-color":"","background-image":"","background-repeat":"repeat","background-position":"center center","background-size":"auto","background-attachment":"scroll","background-type":"","background-media":"","overlay-type":"","overlay-color":"","overlay-opacity":"","overlay-gradient":""},"mobile":{"background-color":"","background-image":"","background-repeat":"repeat","background-position":"center center","background-size":"auto","background-attachment":"scroll","background-type":"","background-media":"","overlay-type":"","overlay-color":"","overlay-opacity":"","overlay-gradient":""}},"ast-content-background-meta":{"desktop":{"background-color":"var(--ast-global-color-5)","background-image":"","background-repeat":"repeat","background-position":"center center","background-size":"auto","background-attachment":"scroll","background-type":"","background-media":"","overlay-type":"","overlay-color":"","overlay-opacity":"","overlay-gradient":""},"tablet":{"background-color":"var(--ast-global-color-5)","background-image":"","background-repeat":"repeat","background-position":"center center","background-size":"auto","background-attachment":"scroll","background-type":"","background-media":"","overlay-type":"","overlay-color":"","overlay-opacity":"","overlay-gradient":""},"mobile":{"background-color":"var(--ast-global-color-5)","background-image":"","background-repeat":"repeat","background-position":"center center","background-size":"auto","background-attachment":"scroll","background-type":"","background-media":"","overlay-type":"","overlay-color":"","overlay-opacity":"","overlay-gradient":""}}},"product_cat":[124],"product_tag":[],"_links":{"self":[{"href":"https:\/\/www.celebimutfak.com\/index.php\/wp-json\/wp\/v2\/product\/931"}],"collection":[{"href":"https:\/\/www.celebimutfak.com\/index.php\/wp-json\/wp\/v2\/product"}],"about":[{"href":"https:\/\/www.celebimutfak.com\/index.php\/wp-json\/wp\/v2\/types\/product"}],"replies":[{"embeddable":true,"href":"https:\/\/www.celebimutfak.com\/index.php\/wp-json\/wp\/v2\/comments?post=931"}],"wp:featuredmedia":[{"embeddable":true,"href":"https:\/\/www.celebimutfak.com\/index.php\/wp-json\/wp\/v2\/media\/929"}],"wp:attachment":[{"href":"https:\/\/www.celebimutfak.com\/index.php\/wp-json\/wp\/v2\/media?parent=931"}],"wp:term":[{"taxonomy":"product_cat","embeddable":true,"href":"https:\/\/www.celebimutfak.com\/index.php\/wp-json\/wp\/v2\/product_cat?post=931"},{"taxonomy":"product_tag","embeddable":true,"href":"https:\/\/www.celebimutfak.com\/index.php\/wp-json\/wp\/v2\/product_tag?post=931"}],"curies":[{"name":"wp","href":"https:\/\/api.w.org\/{rel}","templated":true}]}}