{"id":89,"date":"2016-06-25T01:20:08","date_gmt":"2016-06-24T22:20:08","guid":{"rendered":"http:\/\/celebimutfak.com\/tr\/?post_type=product&#038;p=89"},"modified":"2024-03-29T12:09:06","modified_gmt":"2024-03-29T09:09:06","slug":"duvar-rafi","status":"publish","type":"product","link":"https:\/\/www.celebimutfak.com\/index.php\/urun\/duvar-rafi\/","title":{"rendered":"Duvar Raf\u0131"},"content":{"rendered":"<h2>Paslanmaz Duvar Raf\u0131<\/h2>\n<p>Paslanmaz duvar raflar\u0131n\u0131 <strong>304 kalite paslanmaz \u00e7elik<\/strong> malzemeden \u00fcretmekteyiz. Duvar raflar\u0131 her t\u00fcrl\u00fc alanda pratik kullan\u0131ma sahiptir. Raflar\u0131n \u00fczerinde bulunan ba\u011flant\u0131 delikleri sayesinde duvara kolay montaj yap\u0131labilmektedir.<\/p>\n<p>Duvar raflar\u0131 m\u00fc\u015fterilerimizin yerine g\u00f6re \u00f6zel \u00f6l\u00e7\u00fcde \u00fcretilmektedir. Okul, hastane, restoran mutfaklar\u0131n olduk\u00e7a kullan\u0131\u015fl\u0131d\u0131r. \u00dczerine baharatl\u0131k, <strong>mutfak malzemeleri<\/strong> gibi \u00e7e\u015fitli e\u015fyalar koyulabilir.<\/p>\n<p><a href=\"https:\/\/www.celebimutfak.com\/index.php\/urun\/duvar-rafi-izgarali\/\" target=\"_blank\" rel=\"noopener\"><strong><em>Delikli Duvar Raf\u0131<\/em><\/strong><\/a><\/p>\n<p>Duvar raflar\u0131n\u0131n dayan\u0131kl\u0131l\u0131\u011f\u0131 duvar\u0131n\u0131z\u0131n dayan\u0131kl\u0131l\u0131\u011f\u0131 ile \u00f6l\u00e7\u00fclmektedir.<strong> Beton duvara monte<\/strong> edildikten sonra herhangi bir dayan\u0131kl\u0131l\u0131k problemi olmayacakt\u0131r. <strong>Duvar raf\u0131 geni\u015flik<\/strong> \u00f6l\u00e7\u00fcs\u00fc genellikle 20-30 cm aras\u0131ndad\u0131r. Bu geni\u015fli\u011fe koyulacak mutfak e\u015fyalar\u0131n\u0131 rahatl\u0131kla ta\u015f\u0131maktad\u0131r.<\/p>\n<h3>Duvar Dolab\u0131<\/h3>\n<figure id=\"attachment_83\" aria-describedby=\"caption-attachment-83\" style=\"width: 500px\" class=\"wp-caption aligncenter\"><a href=\"https:\/\/www.celebimutfak.com\/?attachment_id=83\" rel=\"attachment wp-att-83\"><img decoding=\"async\" class=\"size-full wp-image-83\" src=\"https:\/\/www.celebimutfak.com\/wp-content\/uploads\/2016\/06\/cift-katli-istif-raf.png\" alt=\"iki katl\u0131 duvar raf\u0131\" width=\"500\" height=\"333\" \/><\/a><figcaption id=\"caption-attachment-83\" class=\"wp-caption-text\">duvar raf\u0131<\/figcaption><\/figure>\n<p>Etraf\u0131 <strong>kapal\u0131 duvar raf\u0131<\/strong> isterseniz yukar\u0131daki model size g\u00f6re olabilir. Bu model de farkl\u0131 \u00f6l\u00e7\u00fc ve \u015fekillerde \u00fcretilmektedir. \u0130sterse <strong>kapak<\/strong> eklenerek duvar dolab\u0131 olarak kullan\u0131labilir.<\/p>\n<p>Duvara monte etmek i\u00e7in sacdan kulak aparat\u0131 ile g\u00f6nderilir. Aparat\u0131n \u00fczerinde bulunan delikler sayesinde rahat montaj yap\u0131lmaktad\u0131r.<\/p>\n<p>&nbsp;<\/p>\n","protected":false},"excerpt":{"rendered":"<ul>\n<li>304 kalite paslanmaz sacdan imal<\/li>\n<li>\u0130ste\u011fe \u00f6zel farkl\u0131 \u00f6l\u00e7\u00fcde \u00fcretmekteyiz<\/li>\n<li>Duvar taraf\u0131nda s\u0131rt k\u0131vr\u0131m\u0131<\/li>\n<li>Kolay montaj imkan\u0131<\/li>\n<li>Tek katl\u0131<\/li>\n<li><em><strong><a href=\"https:\/\/www.celebimutfak.com\/index.php\/iletisim\/\" target=\"_blank\" rel=\"noopener\">\u0130LET\u0130\u015e\u0130M<\/a><\/strong><\/em><\/li>\n<\/ul>\n","protected":false},"featured_media":90,"comment_status":"open","ping_status":"closed","template":"","meta":{"site-sidebar-layout":"default","site-content-layout":"default","ast-site-content-layout":"","site-content-style":"default","site-sidebar-style":"default","ast-global-header-display":"","ast-banner-title-visibility":"","ast-main-header-display":"","ast-hfb-above-header-display":"","ast-hfb-below-header-display":"","ast-hfb-mobile-header-display":"","site-post-title":"","ast-breadcrumbs-content":"","ast-featured-img":"","footer-sml-layout":"","theme-transparent-header-meta":"default","adv-header-id-meta":"","stick-header-meta":"","header-above-stick-meta":"","header-main-stick-meta":"","header-below-stick-meta":"","astra-migrate-meta-layouts":"default","ast-page-background-enabled":"default","ast-page-background-meta":{"desktop":{"background-color":"var(--ast-global-color-4)","background-image":"","background-repeat":"repeat","background-position":"center center","background-size":"auto","background-attachment":"scroll","background-type":"","background-media":"","overlay-type":"","overlay-color":"","overlay-opacity":"","overlay-gradient":""},"tablet":{"background-color":"","background-image":"","background-repeat":"repeat","background-position":"center center","background-size":"auto","background-attachment":"scroll","background-type":"","background-media":"","overlay-type":"","overlay-color":"","overlay-opacity":"","overlay-gradient":""},"mobile":{"background-color":"","background-image":"","background-repeat":"repeat","background-position":"center center","background-size":"auto","background-attachment":"scroll","background-type":"","background-media":"","overlay-type":"","overlay-color":"","overlay-opacity":"","overlay-gradient":""}},"ast-content-background-meta":{"desktop":{"background-color":"var(--ast-global-color-5)","background-image":"","background-repeat":"repeat","background-position":"center center","background-size":"auto","background-attachment":"scroll","background-type":"","background-media":"","overlay-type":"","overlay-color":"","overlay-opacity":"","overlay-gradient":""},"tablet":{"background-color":"var(--ast-global-color-5)","background-image":"","background-repeat":"repeat","background-position":"center center","background-size":"auto","background-attachment":"scroll","background-type":"","background-media":"","overlay-type":"","overlay-color":"","overlay-opacity":"","overlay-gradient":""},"mobile":{"background-color":"var(--ast-global-color-5)","background-image":"","background-repeat":"repeat","background-position":"center center","background-size":"auto","background-attachment":"scroll","background-type":"","background-media":"","overlay-type":"","overlay-color":"","overlay-opacity":"","overlay-gradient":""}}},"product_cat":[23],"product_tag":[],"_links":{"self":[{"href":"https:\/\/www.celebimutfak.com\/index.php\/wp-json\/wp\/v2\/product\/89"}],"collection":[{"href":"https:\/\/www.celebimutfak.com\/index.php\/wp-json\/wp\/v2\/product"}],"about":[{"href":"https:\/\/www.celebimutfak.com\/index.php\/wp-json\/wp\/v2\/types\/product"}],"replies":[{"embeddable":true,"href":"https:\/\/www.celebimutfak.com\/index.php\/wp-json\/wp\/v2\/comments?post=89"}],"wp:featuredmedia":[{"embeddable":true,"href":"https:\/\/www.celebimutfak.com\/index.php\/wp-json\/wp\/v2\/media\/90"}],"wp:attachment":[{"href":"https:\/\/www.celebimutfak.com\/index.php\/wp-json\/wp\/v2\/media?parent=89"}],"wp:term":[{"taxonomy":"product_cat","embeddable":true,"href":"https:\/\/www.celebimutfak.com\/index.php\/wp-json\/wp\/v2\/product_cat?post=89"},{"taxonomy":"product_tag","embeddable":true,"href":"https:\/\/www.celebimutfak.com\/index.php\/wp-json\/wp\/v2\/product_tag?post=89"}],"curies":[{"name":"wp","href":"https:\/\/api.w.org\/{rel}","templated":true}]}}