{"id":748,"date":"2020-06-22T19:27:45","date_gmt":"2020-06-22T16:27:45","guid":{"rendered":"https:\/\/www.celebimutfak.com\/?post_type=product&#038;p=748"},"modified":"2023-01-18T19:16:14","modified_gmt":"2023-01-18T16:16:14","slug":"dolapli-tezgah-paslanmaz-kapakli","status":"publish","type":"product","link":"https:\/\/www.celebimutfak.com\/index.php\/urun\/dolapli-tezgah-paslanmaz-kapakli\/","title":{"rendered":"Dolapl\u0131 Tezgah Paslanmaz &#8211; Kapakl\u0131"},"content":{"rendered":"<h2>Paslanmaz Dolapl\u0131 Tezgah<\/h2>\n<p>\u00c7elebi End\u00fcstriyel Mutfak, 20 y\u0131l\u0131 a\u015fk\u0131n tecr\u00fcbesiyle <strong>paslanmaz mutfak ekipmanlar\u0131<\/strong> imalat\u0131 yapmaktad\u0131r. \u00d6nceli\u011fimiz dayan\u0131kl\u0131 t\u00fcketim mallar\u0131 \u00fcretmek. \u00dcretti\u011fimiz mam\u00fcllerin uzun y\u0131llar kullan\u0131lmas\u0131 i\u00e7in \u00fcretiyoruz. \u00dcretim yaparken &#8220;piyasa mallar\u0131&#8221;na g\u00f6re daha kal\u0131n sac kullan\u0131yoruz, detayl\u0131 kaynak yap\u0131yoruz. A\u011f\u0131r \u00e7al\u0131\u015fma \u015fartlar\u0131nda dahi mukavemetini kaybetmeyecek \u00fcr\u00fcnler \u00fcretmeyi ama\u00e7l\u0131yoruz. \u00dcr\u00fcnlerimiz hakk\u0131nda detayl\u0131 bilgi almak i\u00e7in bizimle <a href=\"https:\/\/www.celebimutfak.com\/index.php\/iletisim\" target=\"_blank\" rel=\"noopener\">\u0130leti\u015fime<\/a> ge\u00e7ebilirsiniz.<\/p>\n<p>Bu tezgahlar ayr\u0131ca Krom Hastane Tezgah\u0131 olarak da kullan\u0131labilir. Tamamen 304 kalite oldu\u011fu i\u00e7in sa\u011fl\u0131k standartlar\u0131na uygundur. \u00d6zel \u00f6l\u00e7\u00fclerde ve standartlarda imalat yap\u0131yoruz.<\/p>\n<h3>End\u00fcstriyel Mutfak Dolab\u0131<\/h3>\n<p>Krom malzemeden end\u00fcstriyel mutfak dolaplar\u0131 \u00fcretmekteyiz. Bu dolaplar 304 kalite malzemeden \u00f6m\u00fcr boyu neme ve suya kar\u015f\u0131 dayan\u0131kl\u0131d\u0131r. Tezgah tipi veya dik tip dolap olarak tercih edilebilir. \u0130htiya\u00e7lara g\u00f6re \u00f6zel \u00f6l\u00e7\u00fcde \u00fcretiyoruz.<\/p>\n<p><strong><a href=\"https:\/\/www.celebimutfak.com\/index.php\/iletisim\/\" target=\"_blank\" rel=\"noopener\">\u0130LET\u0130\u015e\u0130M<\/a><\/strong><\/p>\n","protected":false},"excerpt":{"rendered":"<ul>\n<li>304 kalite paslanmaz sacdan imal<\/li>\n<li>\u00dcr\u00fcnlerimizde dayan\u0131kl\u0131 kal\u0131n sac kullan\u0131yoruz<\/li>\n<li>\u00c7arpma kap\u0131l\u0131 veya s\u00fcrg\u00fc kap\u0131l\u0131(m\u00fc\u015fteri iste\u011fine g\u00f6re)<\/li>\n<li>Ayaklar\u0131 40*40mm paslanmaz profile ge\u00e7meli rotil ayak(y\u00fcksekli\u011fi ayarlanabilir)<\/li>\n<li>\u0130ste\u011fe g\u00f6re \u00f6zel \u00f6l\u00e7\u00fclerde de imalat yapmaktay\u0131z<\/li>\n<li>\u00dcst tabla s\u0131rtl\u0131<\/li>\n<li>Detayl\u0131 bilgi i\u00e7in : <a href=\"tel:02243613899\" rel=\"nofollow\">0224 361 38 99<\/a><\/li>\n<\/ul>\n","protected":false},"featured_media":749,"comment_status":"open","ping_status":"closed","template":"","meta":{"site-sidebar-layout":"default","site-content-layout":"default","ast-site-content-layout":"","site-content-style":"default","site-sidebar-style":"default","ast-global-header-display":"","ast-banner-title-visibility":"","ast-main-header-display":"","ast-hfb-above-header-display":"","ast-hfb-below-header-display":"","ast-hfb-mobile-header-display":"","site-post-title":"","ast-breadcrumbs-content":"","ast-featured-img":"","footer-sml-layout":"","theme-transparent-header-meta":"default","adv-header-id-meta":"","stick-header-meta":"","header-above-stick-meta":"","header-main-stick-meta":"","header-below-stick-meta":"","astra-migrate-meta-layouts":"default","ast-page-background-enabled":"default","ast-page-background-meta":{"desktop":{"background-color":"var(--ast-global-color-4)","background-image":"","background-repeat":"repeat","background-position":"center center","background-size":"auto","background-attachment":"scroll","background-type":"","background-media":"","overlay-type":"","overlay-color":"","overlay-opacity":"","overlay-gradient":""},"tablet":{"background-color":"","background-image":"","background-repeat":"repeat","background-position":"center center","background-size":"auto","background-attachment":"scroll","background-type":"","background-media":"","overlay-type":"","overlay-color":"","overlay-opacity":"","overlay-gradient":""},"mobile":{"background-color":"","background-image":"","background-repeat":"repeat","background-position":"center center","background-size":"auto","background-attachment":"scroll","background-type":"","background-media":"","overlay-type":"","overlay-color":"","overlay-opacity":"","overlay-gradient":""}},"ast-content-background-meta":{"desktop":{"background-color":"var(--ast-global-color-5)","background-image":"","background-repeat":"repeat","background-position":"center center","background-size":"auto","background-attachment":"scroll","background-type":"","background-media":"","overlay-type":"","overlay-color":"","overlay-opacity":"","overlay-gradient":""},"tablet":{"background-color":"var(--ast-global-color-5)","background-image":"","background-repeat":"repeat","background-position":"center center","background-size":"auto","background-attachment":"scroll","background-type":"","background-media":"","overlay-type":"","overlay-color":"","overlay-opacity":"","overlay-gradient":""},"mobile":{"background-color":"var(--ast-global-color-5)","background-image":"","background-repeat":"repeat","background-position":"center center","background-size":"auto","background-attachment":"scroll","background-type":"","background-media":"","overlay-type":"","overlay-color":"","overlay-opacity":"","overlay-gradient":""}}},"product_cat":[105,25],"product_tag":[],"_links":{"self":[{"href":"https:\/\/www.celebimutfak.com\/index.php\/wp-json\/wp\/v2\/product\/748"}],"collection":[{"href":"https:\/\/www.celebimutfak.com\/index.php\/wp-json\/wp\/v2\/product"}],"about":[{"href":"https:\/\/www.celebimutfak.com\/index.php\/wp-json\/wp\/v2\/types\/product"}],"replies":[{"embeddable":true,"href":"https:\/\/www.celebimutfak.com\/index.php\/wp-json\/wp\/v2\/comments?post=748"}],"wp:featuredmedia":[{"embeddable":true,"href":"https:\/\/www.celebimutfak.com\/index.php\/wp-json\/wp\/v2\/media\/749"}],"wp:attachment":[{"href":"https:\/\/www.celebimutfak.com\/index.php\/wp-json\/wp\/v2\/media?parent=748"}],"wp:term":[{"taxonomy":"product_cat","embeddable":true,"href":"https:\/\/www.celebimutfak.com\/index.php\/wp-json\/wp\/v2\/product_cat?post=748"},{"taxonomy":"product_tag","embeddable":true,"href":"https:\/\/www.celebimutfak.com\/index.php\/wp-json\/wp\/v2\/product_tag?post=748"}],"curies":[{"name":"wp","href":"https:\/\/api.w.org\/{rel}","templated":true}]}}