{"id":746,"date":"2020-06-22T19:12:18","date_gmt":"2020-06-22T16:12:18","guid":{"rendered":"https:\/\/www.celebimutfak.com\/?post_type=product&#038;p=746"},"modified":"2024-12-04T23:06:08","modified_gmt":"2024-12-04T20:06:08","slug":"bulasik-giris-cikis-tezgahi-eviye","status":"publish","type":"product","link":"https:\/\/www.celebimutfak.com\/index.php\/urun\/bulasik-giris-cikis-tezgahi-eviye\/","title":{"rendered":"Bula\u015f\u0131k Makinesi Giri\u015f-\u00c7\u0131k\u0131\u015f Tezgah\u0131 Eviyeli"},"content":{"rendered":"<p>\u00c7elebi Mutfak, paslanmaz end\u00fcstriyel mutfak makineleri \u00fcreten bir firmad\u0131r. M\u00fc\u015fterilerimizin ihtiya\u00e7lar\u0131 ve istekleri do\u011frultusunda \u00fcretim yapmaktad\u0131r. \u0130stedi\u011finiz \u00fcr\u00fcnleri, standartlara uygun olacak \u015fekilde istenilen \u00f6l\u00e7\u00fclerde \u00fcretim yapmaktay\u0131z. \u00dcr\u00fcnlerimiz hakk\u0131nda detayl\u0131 bilgi almak i\u00e7in sitemizdeki <a href=\"https:\/\/www.celebimutfak.com\/index.php\/urunler\/\" target=\"_blank\" rel=\"noopener\">\u00dcr\u00fcnler<\/a> sayfas\u0131n\u0131 gezebilirsiniz veya bizimle <em><strong><a href=\"https:\/\/www.celebimutfak.com\/index.php\/iletisim\/\" target=\"_blank\" rel=\"noopener\">\u0130leti\u015fime<\/a> <\/strong><\/em>ge\u00e7ebilirsiniz.<\/p>\n<figure id=\"attachment_1252\" aria-describedby=\"caption-attachment-1252\" style=\"width: 600px\" class=\"wp-caption aligncenter\"><a href=\"https:\/\/www.celebimutfak.com\/?attachment_id=1252\" rel=\"attachment wp-att-1252\"><img decoding=\"async\" class=\"wp-image-1252\" src=\"https:\/\/www.celebimutfak.com\/wp-content\/uploads\/2021\/04\/makine-giris-cikis-tezgahi-paslanmaz.jpg\" alt=\"bula\u015f\u0131k makinesi giri\u015f \u00e7\u0131k\u0131\u015f tezgah\u0131\" width=\"600\" height=\"600\" srcset=\"https:\/\/www.celebimutfak.com\/wp-content\/uploads\/2021\/04\/makine-giris-cikis-tezgahi-paslanmaz.jpg 1024w, https:\/\/www.celebimutfak.com\/wp-content\/uploads\/2021\/04\/makine-giris-cikis-tezgahi-paslanmaz-100x100.jpg 100w, https:\/\/www.celebimutfak.com\/wp-content\/uploads\/2021\/04\/makine-giris-cikis-tezgahi-paslanmaz-600x600.jpg 600w\" sizes=\"(max-width: 600px) 100vw, 600px\" \/><\/a><figcaption id=\"caption-attachment-1252\" class=\"wp-caption-text\">Makine \u00c7\u0131k\u0131\u015f Tezgah\u0131<\/figcaption><\/figure>\n","protected":false},"excerpt":{"rendered":"<ul>\n<li><strong>304 kalite paslanmaz<\/strong> sac ve profilden imal<\/li>\n<li>Lavabolu<\/li>\n<li>Kaynakla birle\u015ftirme<\/li>\n<li>Makine giri\u015f-\u00e7\u0131k\u0131\u015f tezgah\u0131<\/li>\n<li>40*40mm paslanmaz profile ge\u00e7meli rotil ayak(y\u00fcksekli\u011fi ayarlanabilir)<\/li>\n<li>\u00dcst tabla su d\u00f6k\u00fclmesini engellemek i\u00e7in indirimli(\u00e7ukur)<\/li>\n<li>Batarya fiyata dahil de\u011fildir<\/li>\n<li>\u0130ste\u011fe g\u00f6re \u00f6l\u00e7\u00fclerde \u00fcretim<\/li>\n<li>Detayl\u0131 bilgi i\u00e7in : <a href=\"tel:02243613899\">0224 361 38 99<\/a><\/li>\n<\/ul>\n","protected":false},"featured_media":747,"comment_status":"open","ping_status":"closed","template":"","meta":{"site-sidebar-layout":"default","site-content-layout":"default","ast-site-content-layout":"","site-content-style":"default","site-sidebar-style":"default","ast-global-header-display":"","ast-banner-title-visibility":"","ast-main-header-display":"","ast-hfb-above-header-display":"","ast-hfb-below-header-display":"","ast-hfb-mobile-header-display":"","site-post-title":"","ast-breadcrumbs-content":"","ast-featured-img":"","footer-sml-layout":"","theme-transparent-header-meta":"default","adv-header-id-meta":"","stick-header-meta":"","header-above-stick-meta":"","header-main-stick-meta":"","header-below-stick-meta":"","astra-migrate-meta-layouts":"default","ast-page-background-enabled":"default","ast-page-background-meta":{"desktop":{"background-color":"var(--ast-global-color-4)","background-image":"","background-repeat":"repeat","background-position":"center center","background-size":"auto","background-attachment":"scroll","background-type":"","background-media":"","overlay-type":"","overlay-color":"","overlay-opacity":"","overlay-gradient":""},"tablet":{"background-color":"","background-image":"","background-repeat":"repeat","background-position":"center center","background-size":"auto","background-attachment":"scroll","background-type":"","background-media":"","overlay-type":"","overlay-color":"","overlay-opacity":"","overlay-gradient":""},"mobile":{"background-color":"","background-image":"","background-repeat":"repeat","background-position":"center center","background-size":"auto","background-attachment":"scroll","background-type":"","background-media":"","overlay-type":"","overlay-color":"","overlay-opacity":"","overlay-gradient":""}},"ast-content-background-meta":{"desktop":{"background-color":"var(--ast-global-color-5)","background-image":"","background-repeat":"repeat","background-position":"center center","background-size":"auto","background-attachment":"scroll","background-type":"","background-media":"","overlay-type":"","overlay-color":"","overlay-opacity":"","overlay-gradient":""},"tablet":{"background-color":"var(--ast-global-color-5)","background-image":"","background-repeat":"repeat","background-position":"center center","background-size":"auto","background-attachment":"scroll","background-type":"","background-media":"","overlay-type":"","overlay-color":"","overlay-opacity":"","overlay-gradient":""},"mobile":{"background-color":"var(--ast-global-color-5)","background-image":"","background-repeat":"repeat","background-position":"center center","background-size":"auto","background-attachment":"scroll","background-type":"","background-media":"","overlay-type":"","overlay-color":"","overlay-opacity":"","overlay-gradient":""}}},"product_cat":[278,95],"product_tag":[],"_links":{"self":[{"href":"https:\/\/www.celebimutfak.com\/index.php\/wp-json\/wp\/v2\/product\/746"}],"collection":[{"href":"https:\/\/www.celebimutfak.com\/index.php\/wp-json\/wp\/v2\/product"}],"about":[{"href":"https:\/\/www.celebimutfak.com\/index.php\/wp-json\/wp\/v2\/types\/product"}],"replies":[{"embeddable":true,"href":"https:\/\/www.celebimutfak.com\/index.php\/wp-json\/wp\/v2\/comments?post=746"}],"wp:featuredmedia":[{"embeddable":true,"href":"https:\/\/www.celebimutfak.com\/index.php\/wp-json\/wp\/v2\/media\/747"}],"wp:attachment":[{"href":"https:\/\/www.celebimutfak.com\/index.php\/wp-json\/wp\/v2\/media?parent=746"}],"wp:term":[{"taxonomy":"product_cat","embeddable":true,"href":"https:\/\/www.celebimutfak.com\/index.php\/wp-json\/wp\/v2\/product_cat?post=746"},{"taxonomy":"product_tag","embeddable":true,"href":"https:\/\/www.celebimutfak.com\/index.php\/wp-json\/wp\/v2\/product_tag?post=746"}],"curies":[{"name":"wp","href":"https:\/\/api.w.org\/{rel}","templated":true}]}}