{"id":740,"date":"2020-06-10T17:49:10","date_gmt":"2020-06-10T14:49:10","guid":{"rendered":"https:\/\/www.celebimutfak.com\/?post_type=product&#038;p=740"},"modified":"2024-12-04T22:45:54","modified_gmt":"2024-12-04T19:45:54","slug":"yer-ocagi-sanayi-dokum","status":"publish","type":"product","link":"https:\/\/www.celebimutfak.com\/index.php\/urun\/yer-ocagi-sanayi-dokum\/","title":{"rendered":"Yer Oca\u011f\u0131 &#8211; Sanayi Tipi \u00c7ift Yan\u0131\u015fl\u0131 Ocak"},"content":{"rendered":"<p>Yemekhaneler gibi toplu yemek \u00fcretimi yapan i\u015fletmeler i\u00e7in <strong>Sanayi Tipi Yer Oca\u011f\u0131<\/strong>. Di\u011fer ad\u0131yla <strong>kosan ocak <\/strong>olarak bilinir. G\u00f6vde ve ayaklar\u0131 304 kalite paslanmaz sacdan imal edilmektedir. \u00dczeri kaliteli ve <strong>kal\u0131n d\u00f6k\u00fcm<\/strong>d\u00fcr(kal\u0131n). <strong>\u00c7ift yan\u0131\u015fl\u0131<\/strong>d\u0131r, ikisi de ayr\u0131 ayr\u0131 yanabilir. Ocaklar\u0131m\u0131zda E.C.A marka ventilli gaz muslu\u011fu kullan\u0131yoruz.<\/p>\n<p>Do\u011falgaz a\u00e7t\u0131rmak i\u00e7in gerekli CE 2422 kalite belgesine sahiptir. Tse ve Gazmer sorunu \u00e7\u0131karmadan rahatl\u0131kla gaz a\u00e7t\u0131rabilirsiniz. \u00c7elebi Mutfak kosan oca\u011f\u0131.<\/p>\n<p><strong>Sanayi Tipi Yer Oca\u011f\u0131 <\/strong>\u00fcr\u00fcn\u00fcm\u00fcz her t\u00fcrl\u00fc \u00e7al\u0131\u015fma ko\u015fullar\u0131nda hizmet vermektedir. <b>Do\u011falgazl\u0131 yer oca\u011f\u0131 <\/b>veya<b> T\u00fcpl\u00fc yer oca\u011f\u0131 <\/b>\u015feklinde \u00fcretmekteyiz. CE Belgesi sayesinde do\u011falgaz a\u00e7\u0131l\u0131m\u0131 rahatl\u0131kla yap\u0131labilir. <strong>CE Belgeli kosan ocak<\/strong>: \u00c7elebi End\u00fcstriyel Mutfak<\/p>\n<h2>Yer Oca\u011f\u0131 Nedir?<\/h2>\n<p>Yer oca\u011f\u0131; toplu yemek pi\u015firmek i\u00e7in kullan\u0131lan, \u00fczerinde b\u00fcy\u00fck d\u00f6k\u00fcm bulunan sanayi tipi ocaklard\u0131r. Bu ocaklar <strong>304 kalite paslanmaz \u00e7elik<\/strong> g\u00f6vdeye sahiptir. Kaynakl\u0131 g\u00f6vde montaj\u0131 sayesinde a\u011f\u0131r \u00e7al\u0131\u015fma \u015fartlar\u0131na uygun olarak \u00fcretilmektedir.<\/p>\n<p>Yer ocaklar\u0131n\u0131n \u00fczerinde b\u00fcy\u00fck kazanlarda yemek pi\u015firilmektedir. \u00dczerindeki a\u011f\u0131rl\u0131\u011f\u0131 ta\u015f\u0131mas\u0131 i\u00e7in kal\u0131n <strong>d\u00f6k\u00fcm \u0131zgaras\u0131<\/strong> mevcuttur. Helvane kazanlar bu \u0131zgara \u00fczerine konur. Alt\u0131nda bulunan \u00e7ift yan\u0131\u015fl\u0131 br\u00fcl\u00f6r <strong>27 kw<\/strong> g\u00fcce sahiptir. Bir\u00e7ok devlet dairesinde kullan\u0131lan ocak 27 kw kapasiteli olmas\u0131 gerekmektedir.<\/p>\n<h3>Tekli Yer Oca\u011f\u0131 Nerede Kullan\u0131l\u0131r?<\/h3>\n<p>Yer ocaklar\u0131 toplu yemek pi\u015firilen mutfaklarda kullan\u0131lmaktad\u0131r. Genellikle <strong>yemek sanayilerde<\/strong>, hastanelerde, sahra mutfaklarda kullan\u0131lmaktad\u0131r. Yemek sanayilerde g\u00fcnl\u00fck binlerce ki\u015fi i\u00e7in yemek pi\u015firilmektedir. Kalabal\u0131k say\u0131lar i\u00e7in b\u00fcy\u00fck kazanlar kullan\u0131lmas\u0131 gerekmektedir. Yer ocaklar\u0131 b\u00fcy\u00fck kazanlarda yemek pi\u015firmek i\u00e7in imal edilmektedir.<\/p>\n<p>Yer ocaklar\u0131 ayn\u0131 zamanda <strong>sahra ocak<\/strong> olarak da bilinmektedir. T\u00fcpl\u00fc olarak \u00fcretilirse sahra mutfaklarda da kullan\u0131labilmektedir. Ge\u00e7ici mutfaklar, <strong>konteyner mutfaklar<\/strong> da ayn\u0131 \u015fekilde bu ocaklar\u0131n kullan\u0131m alan\u0131d\u0131r.<\/p>\n<h3>Yer Oca\u011f\u0131 Hangi Kazanlar Kullan\u0131l\u0131r?<\/h3>\n<p>Yer Ocaklar\u0131 sanayi tipi mutfaklarda kullan\u0131lan ocak \u00e7e\u015fididir. Yer oca\u011f\u0131nda <strong>istenilen \u00f6l\u00e7\u00fcde helvane kazan kullan\u0131labilir<\/strong>. En b\u00fcy\u00fck <strong>110&#8217;luk kazanlar<\/strong> yer ocaklar\u0131 i\u00e7in uygundur, zaten yer ocaklar\u0131 b\u00fcy\u00fck kazanlar i\u00e7indir. Ayr\u0131ca 36&#8217;l\u0131k, 45&#8217;lik gibi k\u00fc\u00e7\u00fck kazanlar da kullan\u0131labilir.<\/p>\n<h2>\u00c7elebi End\u00fcstriyel Mutfak<\/h2>\n<p>Firmam\u0131z a\u011f\u0131rl\u0131kl\u0131 olarak yemekhanelere end\u00fcstriyel mutfak ekipmanlar\u0131 imalat\u0131 yapmaktad\u0131r. 20 y\u0131l\u0131 a\u015fk\u0131n s\u00fcredir paslanmaz \u00e7elik mutfak malzemeleri sekt\u00f6r\u00fcnde \u00f6ne \u00e7\u0131kan firmalar\u0131ndan birisi olmu\u015ftur. <a href=\"https:\/\/www.celebimutfak.com\/index.php\/hakkimizda\/\" target=\"_blank\" rel=\"noopener\">HAKKIMIZDA<\/a><\/p>\n<p>Detay ve fiyat bilgisi i\u00e7in : <a href=\"https:\/\/www.celebimutfak.com\/index.php\/iletisim\/\" target=\"_blank\" rel=\"noopener\">\u0130LET\u0130\u015e\u0130M<\/a><\/p>\n","protected":false},"excerpt":{"rendered":"<h5><span style=\"color: #ff0000;\"><strong>G\u00fcncel fiyat ve bilgi i\u00e7in <a href=\"https:\/\/www.celebimutfak.com\/index.php\/iletisim\/\" target=\"_blank\" rel=\"noopener\">\u0130LET\u0130\u015e\u0130ME<\/a> ge\u00e7iniz<br \/>\n<\/strong><\/span><\/h5>\n<ul>\n<li>Firmam\u0131z\u0131n imalat\u0131 CE Belgelidir.<\/li>\n<li>Do\u011falgazl\u0131 veya t\u00fcpl\u00fc \u015fekilde imalat(iste\u011fe g\u00f6re)<\/li>\n<li>304 kalite paslanmaz sacdan \u00fcretilmektedir.<\/li>\n<li>\u00dczeri kal\u0131n d\u00f6k\u00fcm \u0131zgaral\u0131d\u0131r.<\/li>\n<li>E.C.A marka gaz ka\u00e7\u0131rmayan ventilli muslu\u011fa sahiptir.<\/li>\n<li>Yemekhanelerde kullan\u0131ma uygundur.<\/li>\n<li>\u00c7ift yan\u0131\u015fl\u0131 br\u00fcl\u00f6re sahiptir.<\/li>\n<\/ul>\n","protected":false},"featured_media":742,"comment_status":"open","ping_status":"closed","template":"","meta":{"site-sidebar-layout":"default","site-content-layout":"default","ast-site-content-layout":"","site-content-style":"default","site-sidebar-style":"default","ast-global-header-display":"","ast-banner-title-visibility":"","ast-main-header-display":"","ast-hfb-above-header-display":"","ast-hfb-below-header-display":"","ast-hfb-mobile-header-display":"","site-post-title":"","ast-breadcrumbs-content":"","ast-featured-img":"","footer-sml-layout":"","theme-transparent-header-meta":"default","adv-header-id-meta":"","stick-header-meta":"","header-above-stick-meta":"","header-main-stick-meta":"","header-below-stick-meta":"","astra-migrate-meta-layouts":"default","ast-page-background-enabled":"default","ast-page-background-meta":{"desktop":{"background-color":"var(--ast-global-color-4)","background-image":"","background-repeat":"repeat","background-position":"center center","background-size":"auto","background-attachment":"scroll","background-type":"","background-media":"","overlay-type":"","overlay-color":"","overlay-opacity":"","overlay-gradient":""},"tablet":{"background-color":"","background-image":"","background-repeat":"repeat","background-position":"center center","background-size":"auto","background-attachment":"scroll","background-type":"","background-media":"","overlay-type":"","overlay-color":"","overlay-opacity":"","overlay-gradient":""},"mobile":{"background-color":"","background-image":"","background-repeat":"repeat","background-position":"center center","background-size":"auto","background-attachment":"scroll","background-type":"","background-media":"","overlay-type":"","overlay-color":"","overlay-opacity":"","overlay-gradient":""}},"ast-content-background-meta":{"desktop":{"background-color":"var(--ast-global-color-5)","background-image":"","background-repeat":"repeat","background-position":"center center","background-size":"auto","background-attachment":"scroll","background-type":"","background-media":"","overlay-type":"","overlay-color":"","overlay-opacity":"","overlay-gradient":""},"tablet":{"background-color":"var(--ast-global-color-5)","background-image":"","background-repeat":"repeat","background-position":"center center","background-size":"auto","background-attachment":"scroll","background-type":"","background-media":"","overlay-type":"","overlay-color":"","overlay-opacity":"","overlay-gradient":""},"mobile":{"background-color":"var(--ast-global-color-5)","background-image":"","background-repeat":"repeat","background-position":"center center","background-size":"auto","background-attachment":"scroll","background-type":"","background-media":"","overlay-type":"","overlay-color":"","overlay-opacity":"","overlay-gradient":""}}},"product_cat":[76],"product_tag":[],"_links":{"self":[{"href":"https:\/\/www.celebimutfak.com\/index.php\/wp-json\/wp\/v2\/product\/740"}],"collection":[{"href":"https:\/\/www.celebimutfak.com\/index.php\/wp-json\/wp\/v2\/product"}],"about":[{"href":"https:\/\/www.celebimutfak.com\/index.php\/wp-json\/wp\/v2\/types\/product"}],"replies":[{"embeddable":true,"href":"https:\/\/www.celebimutfak.com\/index.php\/wp-json\/wp\/v2\/comments?post=740"}],"wp:featuredmedia":[{"embeddable":true,"href":"https:\/\/www.celebimutfak.com\/index.php\/wp-json\/wp\/v2\/media\/742"}],"wp:attachment":[{"href":"https:\/\/www.celebimutfak.com\/index.php\/wp-json\/wp\/v2\/media?parent=740"}],"wp:term":[{"taxonomy":"product_cat","embeddable":true,"href":"https:\/\/www.celebimutfak.com\/index.php\/wp-json\/wp\/v2\/product_cat?post=740"},{"taxonomy":"product_tag","embeddable":true,"href":"https:\/\/www.celebimutfak.com\/index.php\/wp-json\/wp\/v2\/product_tag?post=740"}],"curies":[{"name":"wp","href":"https:\/\/api.w.org\/{rel}","templated":true}]}}