{"id":731,"date":"2020-06-02T13:05:37","date_gmt":"2020-06-02T10:05:37","guid":{"rendered":"https:\/\/www.celebimutfak.com\/?post_type=product&#038;p=731"},"modified":"2026-04-05T10:02:23","modified_gmt":"2026-04-05T07:02:23","slug":"buyuk-izgara-mangal-villa","status":"publish","type":"product","link":"https:\/\/www.celebimutfak.com\/index.php\/urun\/buyuk-izgara-mangal-villa\/","title":{"rendered":"Bah\u00e7e Mangal\u0131 Ayakl\u0131 &#8211; Paslanmaz"},"content":{"rendered":"<h2>Profesyonel Tekerlekli Bah\u00e7e Barbek\u00fcs\u00fc<\/h2>\n<p>Profesyonel ve hobi ama\u00e7l\u0131 k\u00f6m\u00fcrl\u00fc mangal. \u00c7elebi End\u00fcstriyel Mutfak \u00fcretimi ayakl\u0131 ve tekerlekli mangal \u0131zgara.<\/p>\n<p><strong>\u00d6zellikler :\u00a0<\/strong><\/p>\n<ul>\n<li>Yaz\u0131lan fiyat ilk resim i\u00e7indir.<\/li>\n<li>\u0130stenilen \u00f6l\u00e7\u00fclerde \u00fcretim yapmaktay\u0131z.<\/li>\n<li>M\u00fc\u015fterinin iste\u011fine g\u00f6re ayakl\u0131 veya masa \u00fczeri tipinde.<\/li>\n<li>\u0130ste\u011fe g\u00f6re tekerlekli veya d\u00fcz ayakl\u0131d\u0131r.<\/li>\n<li>G\u00f6vde ve ayaklar 304 kalite paslanmaz \u00e7elikten imal edilmektedir.<\/li>\n<li>K\u00f6m\u00fcr yanan i\u00e7 havuzu kal\u0131n siyah sac. \u0130\u00e7i paslanmaz olursa k\u00f6m\u00fcr yand\u0131\u011f\u0131nda mangal e\u011filir. Paslanmaz do\u011frudan ate\u015fe maruz kald\u0131\u011f\u0131nda esneme yapar. Bu y\u00fczden k\u00f6m\u00fcr yanan k\u0131s\u0131m demir sac. D\u0131\u015f\u0131 paslanmaz.<\/li>\n<\/ul>\n","protected":false},"excerpt":{"rendered":"<ul>\n<li>D\u0131\u015f kasa ve ayaklar\u0131 <strong>304 kalite paslanmaz<\/strong> sacdan imal<\/li>\n<li>Izgaras\u0131 8 mm \u00e7ap\u0131nda demir mil<\/li>\n<li>25*25 mm <strong>paslanmaz profil ayak<\/strong><\/li>\n<li>\u0130ste\u011fe g\u00f6re ayakl\u0131 veya tekerlekli imalat(sipari\u015fte s\u00f6yleyiniz)<\/li>\n<li>\u0130ste\u011fe g\u00f6re \u00f6l\u00e7\u00fclerde imalat yap\u0131yoruz.<\/li>\n<li>Bah\u00e7enizde, villan\u0131zda veya toplu organizasyonlar\u0131n\u0131zda rahatl\u0131kla kullanabilirsiniz.<\/li>\n<li>Tekerlekli mangallar\u0131m\u0131zda tekerlek freni vard\u0131r. Sabit konumland\u0131rabilirsiniz.<\/li>\n<li>\u0130ste\u011fe g\u00f6re alt k\u0131sm\u0131 taban rafl\u0131(alt tablal\u0131) \u00fcretilebilir.<\/li>\n<li><strong>Detayl\u0131 bilgi i\u00e7in arayabilirsiniz : <a href=\"tel:02243613899\">0224 361 38 99<\/a><\/strong><\/li>\n<\/ul>\n","protected":false},"featured_media":1669,"comment_status":"open","ping_status":"closed","template":"","meta":{"site-sidebar-layout":"default","site-content-layout":"default","ast-site-content-layout":"","site-content-style":"default","site-sidebar-style":"default","ast-global-header-display":"","ast-banner-title-visibility":"","ast-main-header-display":"","ast-hfb-above-header-display":"","ast-hfb-below-header-display":"","ast-hfb-mobile-header-display":"","site-post-title":"","ast-breadcrumbs-content":"","ast-featured-img":"","footer-sml-layout":"","theme-transparent-header-meta":"default","adv-header-id-meta":"","stick-header-meta":"","header-above-stick-meta":"","header-main-stick-meta":"","header-below-stick-meta":"","astra-migrate-meta-layouts":"default","ast-page-background-enabled":"default","ast-page-background-meta":{"desktop":{"background-color":"var(--ast-global-color-4)","background-image":"","background-repeat":"repeat","background-position":"center center","background-size":"auto","background-attachment":"scroll","background-type":"","background-media":"","overlay-type":"","overlay-color":"","overlay-opacity":"","overlay-gradient":""},"tablet":{"background-color":"","background-image":"","background-repeat":"repeat","background-position":"center center","background-size":"auto","background-attachment":"scroll","background-type":"","background-media":"","overlay-type":"","overlay-color":"","overlay-opacity":"","overlay-gradient":""},"mobile":{"background-color":"","background-image":"","background-repeat":"repeat","background-position":"center center","background-size":"auto","background-attachment":"scroll","background-type":"","background-media":"","overlay-type":"","overlay-color":"","overlay-opacity":"","overlay-gradient":""}},"ast-content-background-meta":{"desktop":{"background-color":"var(--ast-global-color-5)","background-image":"","background-repeat":"repeat","background-position":"center center","background-size":"auto","background-attachment":"scroll","background-type":"","background-media":"","overlay-type":"","overlay-color":"","overlay-opacity":"","overlay-gradient":""},"tablet":{"background-color":"var(--ast-global-color-5)","background-image":"","background-repeat":"repeat","background-position":"center center","background-size":"auto","background-attachment":"scroll","background-type":"","background-media":"","overlay-type":"","overlay-color":"","overlay-opacity":"","overlay-gradient":""},"mobile":{"background-color":"var(--ast-global-color-5)","background-image":"","background-repeat":"repeat","background-position":"center center","background-size":"auto","background-attachment":"scroll","background-type":"","background-media":"","overlay-type":"","overlay-color":"","overlay-opacity":"","overlay-gradient":""}}},"product_cat":[276],"product_tag":[],"_links":{"self":[{"href":"https:\/\/www.celebimutfak.com\/index.php\/wp-json\/wp\/v2\/product\/731"}],"collection":[{"href":"https:\/\/www.celebimutfak.com\/index.php\/wp-json\/wp\/v2\/product"}],"about":[{"href":"https:\/\/www.celebimutfak.com\/index.php\/wp-json\/wp\/v2\/types\/product"}],"replies":[{"embeddable":true,"href":"https:\/\/www.celebimutfak.com\/index.php\/wp-json\/wp\/v2\/comments?post=731"}],"wp:featuredmedia":[{"embeddable":true,"href":"https:\/\/www.celebimutfak.com\/index.php\/wp-json\/wp\/v2\/media\/1669"}],"wp:attachment":[{"href":"https:\/\/www.celebimutfak.com\/index.php\/wp-json\/wp\/v2\/media?parent=731"}],"wp:term":[{"taxonomy":"product_cat","embeddable":true,"href":"https:\/\/www.celebimutfak.com\/index.php\/wp-json\/wp\/v2\/product_cat?post=731"},{"taxonomy":"product_tag","embeddable":true,"href":"https:\/\/www.celebimutfak.com\/index.php\/wp-json\/wp\/v2\/product_tag?post=731"}],"curies":[{"name":"wp","href":"https:\/\/api.w.org\/{rel}","templated":true}]}}