{"id":728,"date":"2020-05-30T23:48:27","date_gmt":"2020-05-30T20:48:27","guid":{"rendered":"https:\/\/www.celebimutfak.com\/?post_type=product&#038;p=728"},"modified":"2022-01-04T22:10:48","modified_gmt":"2022-01-04T19:10:48","slug":"mermer-tablali-tezgah-paslanmaz","status":"publish","type":"product","link":"https:\/\/www.celebimutfak.com\/index.php\/urun\/mermer-tablali-tezgah-paslanmaz\/","title":{"rendered":"Mermer Tablal\u0131 Tezgah Paslanmaz"},"content":{"rendered":"","protected":false},"excerpt":{"rendered":"<p>\u00c7elebi Mutfak, imalat yapan firmad\u0131r. M\u00fc\u015fterilerimizin isteklerine veya standart \u00f6l\u00e7\u00fclere g\u00f6re end\u00fcstriyel mutfak ekipmanlar\u0131 imalat\u0131 yapmaktay\u0131z.<\/p>\n<ul>\n<li>Verilen fiyata mermer dahil de\u011fildir.<\/li>\n<li>Paslanmaz profilden ayaklar 40*40mm<\/li>\n<li>Ayaklar\u0131n y\u00fcksekli\u011fi ayarlanabilir<\/li>\n<li>Mermer fiyata dahil de\u011fildir, m\u00fc\u015fteri kendisi istedi\u011fi \u015fekilde mermer yapt\u0131rabilir<\/li>\n<li>Alt tablal\u0131 veya alt a\u00e7\u0131k(resimdeki gibi) imal edilir<\/li>\n<li>304 kalite paslanmaz \u00e7elik<\/li>\n<li>Detayl\u0131 bilgi i\u00e7in : <strong><a href=\"tel:02243613899\">0224 361 38 99<\/a><\/strong><\/li>\n<\/ul>\n","protected":false},"featured_media":729,"comment_status":"open","ping_status":"closed","template":"","meta":{"site-sidebar-layout":"default","site-content-layout":"default","ast-site-content-layout":"","site-content-style":"default","site-sidebar-style":"default","ast-global-header-display":"","ast-banner-title-visibility":"","ast-main-header-display":"","ast-hfb-above-header-display":"","ast-hfb-below-header-display":"","ast-hfb-mobile-header-display":"","site-post-title":"","ast-breadcrumbs-content":"","ast-featured-img":"","footer-sml-layout":"","theme-transparent-header-meta":"default","adv-header-id-meta":"","stick-header-meta":"","header-above-stick-meta":"","header-main-stick-meta":"","header-below-stick-meta":"","astra-migrate-meta-layouts":"default","ast-page-background-enabled":"default","ast-page-background-meta":{"desktop":{"background-color":"var(--ast-global-color-4)","background-image":"","background-repeat":"repeat","background-position":"center center","background-size":"auto","background-attachment":"scroll","background-type":"","background-media":"","overlay-type":"","overlay-color":"","overlay-opacity":"","overlay-gradient":""},"tablet":{"background-color":"","background-image":"","background-repeat":"repeat","background-position":"center center","background-size":"auto","background-attachment":"scroll","background-type":"","background-media":"","overlay-type":"","overlay-color":"","overlay-opacity":"","overlay-gradient":""},"mobile":{"background-color":"","background-image":"","background-repeat":"repeat","background-position":"center center","background-size":"auto","background-attachment":"scroll","background-type":"","background-media":"","overlay-type":"","overlay-color":"","overlay-opacity":"","overlay-gradient":""}},"ast-content-background-meta":{"desktop":{"background-color":"var(--ast-global-color-5)","background-image":"","background-repeat":"repeat","background-position":"center center","background-size":"auto","background-attachment":"scroll","background-type":"","background-media":"","overlay-type":"","overlay-color":"","overlay-opacity":"","overlay-gradient":""},"tablet":{"background-color":"var(--ast-global-color-5)","background-image":"","background-repeat":"repeat","background-position":"center center","background-size":"auto","background-attachment":"scroll","background-type":"","background-media":"","overlay-type":"","overlay-color":"","overlay-opacity":"","overlay-gradient":""},"mobile":{"background-color":"var(--ast-global-color-5)","background-image":"","background-repeat":"repeat","background-position":"center center","background-size":"auto","background-attachment":"scroll","background-type":"","background-media":"","overlay-type":"","overlay-color":"","overlay-opacity":"","overlay-gradient":""}}},"product_cat":[199,94],"product_tag":[],"_links":{"self":[{"href":"https:\/\/www.celebimutfak.com\/index.php\/wp-json\/wp\/v2\/product\/728"}],"collection":[{"href":"https:\/\/www.celebimutfak.com\/index.php\/wp-json\/wp\/v2\/product"}],"about":[{"href":"https:\/\/www.celebimutfak.com\/index.php\/wp-json\/wp\/v2\/types\/product"}],"replies":[{"embeddable":true,"href":"https:\/\/www.celebimutfak.com\/index.php\/wp-json\/wp\/v2\/comments?post=728"}],"wp:featuredmedia":[{"embeddable":true,"href":"https:\/\/www.celebimutfak.com\/index.php\/wp-json\/wp\/v2\/media\/729"}],"wp:attachment":[{"href":"https:\/\/www.celebimutfak.com\/index.php\/wp-json\/wp\/v2\/media?parent=728"}],"wp:term":[{"taxonomy":"product_cat","embeddable":true,"href":"https:\/\/www.celebimutfak.com\/index.php\/wp-json\/wp\/v2\/product_cat?post=728"},{"taxonomy":"product_tag","embeddable":true,"href":"https:\/\/www.celebimutfak.com\/index.php\/wp-json\/wp\/v2\/product_tag?post=728"}],"curies":[{"name":"wp","href":"https:\/\/api.w.org\/{rel}","templated":true}]}}