{"id":725,"date":"2020-05-29T20:49:34","date_gmt":"2020-05-29T17:49:34","guid":{"rendered":"https:\/\/www.celebimutfak.com\/?post_type=product&#038;p=725"},"modified":"2024-02-12T15:58:33","modified_gmt":"2024-02-12T12:58:33","slug":"paslanmaz-eviyeli-dolapli-tezgah","status":"publish","type":"product","link":"https:\/\/www.celebimutfak.com\/index.php\/urun\/paslanmaz-eviyeli-dolapli-tezgah\/","title":{"rendered":"Paslanmaz Eviyeli Dolapl\u0131 Tezgah"},"content":{"rendered":"<p>Mutfaklar genellikle uzun s\u00fcre vakit ge\u00e7irilen mekanlard\u0131r. <strong>End\u00fcstriyel mutfaklar<\/strong> ise bu vaktin zirve yapt\u0131\u011f\u0131 bir aland\u0131r \u00e7\u00fcnk\u00fc bu alan yemek \u00fcreticileri i\u00e7in i\u015f yeridir. \u0130\u015f yerinde kullan\u0131lacak ekipmanlar\u0131n da bu s\u00fcre i\u00e7erisinde kullan\u0131c\u0131s\u0131n\u0131 memnun etmesi gerekir. End\u00fcstriyel mutfaklarda a\u015f\u00e7\u0131 ve di\u011fer personellerin memnuniyeti i\u00e7in belli ba\u015fl\u0131 \u015fartlar vard\u0131r. Bu \u015fartlar\u0131n ba\u015f\u0131nda da kullan\u0131lan ekipmanlar\u0131n <strong>dayan\u0131kl\u0131, hijyenik ve uzun \u00f6m\u00fcrl\u00fc<\/strong> olmas\u0131d\u0131r. Firmam\u0131z\u0131n \u00fcretti\u011fi <strong>end\u00fcstriyel mutfak tezgahlar\u0131<\/strong> ve pi\u015firme ekipmanlar\u0131 burada \u00f6n plana \u00e7\u0131kmaktad\u0131r.<\/p>\n<h2>Dayan\u0131kl\u0131 paslanmaz tezgah<\/h2>\n<p>Ekipmanlar\u0131n dayan\u0131kl\u0131 malzemelerden yap\u0131lmas\u0131 b\u00fcy\u00fck \u00f6nem ta\u015f\u0131r. \u00c7\u00fcnk\u00fc <strong>mutfak tezgahlar\u0131<\/strong> s\u00fcrekli olarak su ve neme maruz kal\u0131r. Bu nedenden dolay\u0131 sa\u011flam malzemelerden yap\u0131lan mutfak tezgahlar\u0131n\u0131 tercih etmek mutfak tezgah\u0131n\u0131n <strong>uzun \u00f6m\u00fcrl\u00fc<\/strong> olmas\u0131n\u0131 sa\u011flar. <strong>Paslanmaz mutfak tezgahlar\u0131<\/strong> ise son zamanlarda \u00e7ok fazla tercih edilen tezgah aras\u0131nda yerini al\u0131r. Paslanmaz mutfak tezgah\u0131n\u0131n kolay silinebilir \u00f6zelli\u011fi bulunur. Ad\u0131ndan da anla\u015f\u0131labilece\u011fi gibi hi\u00e7bir \u015fekilde <strong>paslanma meydana gelmez<\/strong>.<\/p>\n<p>&nbsp;<\/p>\n<p>Di\u011fer tezg\u00e2h \u00e7e\u015fitlerinde s\u00fcrekli olarak nem ve suya maruz kal\u0131nd\u0131\u011f\u0131nda, belirli bir s\u00fcre sonra pas meydana gelir. Bu tezg\u00e2h \u00e7e\u015fidi hem ah\u015fap hem de granit tezg\u00e2hlar ile uyum i\u00e7erisinde olur. Paslanmaz \u00e7elik tezgahlar, <strong>gri<\/strong> rengi itibariyle her t\u00fcrl\u00fc tasar\u0131m ile uyum i\u00e7erisindedir.<\/p>\n<h3>Paslanmaz tezgah malzeme kalitesi ve fiyat\u0131<\/h3>\n<p>Bu mutfak tezg\u00e2h\u0131n\u0131n i\u00e7erisinde nikel miktar\u0131 %10, krom miktar\u0131 ise y\u00fczde 18&#8217;dir. Ayr\u0131ca di\u011fer mutfak tezg\u00e2hlar\u0131 ile k\u0131yaslanacak olur ise bu tezg\u00e2h\u0131n <strong>maliyeti <\/strong>daha d\u00fc\u015f\u00fckt\u00fcr ve olduk\u00e7a <strong>dayan\u0131kl\u0131d\u0131r<\/strong>. Fonksiyonel \u00f6zelliklerine bak\u0131ld\u0131\u011f\u0131nda ise\u00a0 daha avantajl\u0131d\u0131r.\u00a0 Fiyat\u0131 mutfa\u011f\u0131n boyutuna g\u00f6re farkl\u0131l\u0131k g\u00f6sterir. \u00d6zellikle\u00a0tezgah imalat\u0131 yapt\u0131r\u0131l\u0131rken kullan\u0131lan malzemeler sorulmal\u0131 ve birinci s\u0131n\u0131f malzemelerden \u00fcretilen tezg\u00e2hlar tercih edilmelidir. Bu malzemeler ile tezg\u00e2h\u0131 seneler boyunca kullanman\u0131z m\u00fcmk\u00fcnd\u00fcr.<\/p>\n","protected":false},"excerpt":{"rendered":"<ul>\n<li>304 kalite paslanmaz sacdan imal ediyoruz<\/li>\n<li>Eviye(lavabo) konumu kullan\u0131ma g\u00f6re sa\u011fda-solda-ortada<\/li>\n<li>Kap\u0131lar s\u00fcrg\u00fcl\u00fc veya \u00e7arpma kap\u0131<\/li>\n<li>\u0130stenilen \u00f6l\u00e7\u00fclere g\u00f6re \u00fcretim<\/li>\n<li>\u00dcst tabla indirimli(su ta\u015fmas\u0131n\u0131 engellemek i\u00e7in)<\/li>\n<li>Ayaklar 40*40mm profile ge\u00e7meli rotil ayak(y\u00fckseklik ayarlanabilir)<\/li>\n<li>Standart veya \u00f6zel \u00f6l\u00e7\u00fcler<\/li>\n<li>Lavabo bataryas\u0131 tezgaha monte edilecekse, batarya deli\u011fi a\u00e7\u0131l\u0131r(sipari\u015fte belirtiniz)<\/li>\n<li>Detayl\u0131 bilgi i\u00e7in arayabilirsiniz : <a href=\"tel:02243613899\">0224 361 38 99<\/a><\/li>\n<\/ul>\n","protected":false},"featured_media":718,"comment_status":"open","ping_status":"closed","template":"","meta":{"site-sidebar-layout":"default","site-content-layout":"default","ast-site-content-layout":"","site-content-style":"default","site-sidebar-style":"default","ast-global-header-display":"","ast-banner-title-visibility":"","ast-main-header-display":"","ast-hfb-above-header-display":"","ast-hfb-below-header-display":"","ast-hfb-mobile-header-display":"","site-post-title":"","ast-breadcrumbs-content":"","ast-featured-img":"","footer-sml-layout":"","theme-transparent-header-meta":"default","adv-header-id-meta":"","stick-header-meta":"","header-above-stick-meta":"","header-main-stick-meta":"","header-below-stick-meta":"","astra-migrate-meta-layouts":"default","ast-page-background-enabled":"default","ast-page-background-meta":{"desktop":{"background-color":"var(--ast-global-color-4)","background-image":"","background-repeat":"repeat","background-position":"center center","background-size":"auto","background-attachment":"scroll","background-type":"","background-media":"","overlay-type":"","overlay-color":"","overlay-opacity":"","overlay-gradient":""},"tablet":{"background-color":"","background-image":"","background-repeat":"repeat","background-position":"center center","background-size":"auto","background-attachment":"scroll","background-type":"","background-media":"","overlay-type":"","overlay-color":"","overlay-opacity":"","overlay-gradient":""},"mobile":{"background-color":"","background-image":"","background-repeat":"repeat","background-position":"center center","background-size":"auto","background-attachment":"scroll","background-type":"","background-media":"","overlay-type":"","overlay-color":"","overlay-opacity":"","overlay-gradient":""}},"ast-content-background-meta":{"desktop":{"background-color":"var(--ast-global-color-5)","background-image":"","background-repeat":"repeat","background-position":"center center","background-size":"auto","background-attachment":"scroll","background-type":"","background-media":"","overlay-type":"","overlay-color":"","overlay-opacity":"","overlay-gradient":""},"tablet":{"background-color":"var(--ast-global-color-5)","background-image":"","background-repeat":"repeat","background-position":"center center","background-size":"auto","background-attachment":"scroll","background-type":"","background-media":"","overlay-type":"","overlay-color":"","overlay-opacity":"","overlay-gradient":""},"mobile":{"background-color":"var(--ast-global-color-5)","background-image":"","background-repeat":"repeat","background-position":"center center","background-size":"auto","background-attachment":"scroll","background-type":"","background-media":"","overlay-type":"","overlay-color":"","overlay-opacity":"","overlay-gradient":""}}},"product_cat":[105,95],"product_tag":[],"_links":{"self":[{"href":"https:\/\/www.celebimutfak.com\/index.php\/wp-json\/wp\/v2\/product\/725"}],"collection":[{"href":"https:\/\/www.celebimutfak.com\/index.php\/wp-json\/wp\/v2\/product"}],"about":[{"href":"https:\/\/www.celebimutfak.com\/index.php\/wp-json\/wp\/v2\/types\/product"}],"replies":[{"embeddable":true,"href":"https:\/\/www.celebimutfak.com\/index.php\/wp-json\/wp\/v2\/comments?post=725"}],"wp:featuredmedia":[{"embeddable":true,"href":"https:\/\/www.celebimutfak.com\/index.php\/wp-json\/wp\/v2\/media\/718"}],"wp:attachment":[{"href":"https:\/\/www.celebimutfak.com\/index.php\/wp-json\/wp\/v2\/media?parent=725"}],"wp:term":[{"taxonomy":"product_cat","embeddable":true,"href":"https:\/\/www.celebimutfak.com\/index.php\/wp-json\/wp\/v2\/product_cat?post=725"},{"taxonomy":"product_tag","embeddable":true,"href":"https:\/\/www.celebimutfak.com\/index.php\/wp-json\/wp\/v2\/product_tag?post=725"}],"curies":[{"name":"wp","href":"https:\/\/api.w.org\/{rel}","templated":true}]}}