{"id":664,"date":"2020-03-27T16:03:15","date_gmt":"2020-03-27T13:03:15","guid":{"rendered":"https:\/\/www.celebimutfak.com\/?post_type=product&#038;p=664"},"modified":"2024-12-04T22:38:39","modified_gmt":"2024-12-04T19:38:39","slug":"salat-bar-tezgah-sogutmali","status":"publish","type":"product","link":"https:\/\/www.celebimutfak.com\/index.php\/urun\/salat-bar-tezgah-sogutmali\/","title":{"rendered":"Salat Bar Tezgah &#8211; So\u011futmal\u0131"},"content":{"rendered":"<h2>Elektrikli So\u011futmal\u0131 Salat Bar Tezgah<\/h2>\n<p>220V ev elektri\u011fi ile so\u011futma yapar. Salata ve tatl\u0131 servisi yapmak i\u00e7in idealdir. 304 kalite paslanmaz \u00e7elik sacdan imal edilmektedir. \u00d6n k\u0131sm\u0131 MDF kapl\u0131d\u0131r. \u00dcst taraf\u0131 bombe caml\u0131d\u0131r. \u00d6ndeki tepsi kayd\u0131rma stand\u0131 a\u00e7\u0131l\u0131p kapanabilir.<\/p>\n<p>Not : yemek k\u00fcvetleri ve kapaklar\u0131 m\u00fc\u015fteriye aittir.<\/p>\n","protected":false},"excerpt":{"rendered":"<ul>\n<li>So\u011futmal\u0131 Salata Bar Tezgah\u0131<\/li>\n<li>220V Elektrikli Motor So\u011futmal\u0131<\/li>\n<li>304 kalite paslanmaz sacdan imal<\/li>\n<li>GN standart k\u00fcvete uygun (k\u00fcvetler fiyatlara dahil de\u011fil)<\/li>\n<li>\u00dcst bombe caml\u0131<\/li>\n<li>\u00d6n tepsi kayd\u0131rma stantl\u0131<\/li>\n<li>Fabrika, okul, yemekhane, otel, restoran mutfaklar\u0131na uygun<\/li>\n<li>\u0130ste\u011fe g\u00f6re \u00f6n k\u0131s\u0131m MDF giydirme yap\u0131labilir<\/li>\n<li>40*40mm paslanmaz profile ge\u00e7meli rotil ayak(y\u00fckseklik ayar\u0131 yap\u0131labilir)<\/li>\n<li><a href=\"https:\/\/www.celebimutfak.com\/index.php\/iletisim\"><strong>\u0130LET\u0130\u015e\u0130M<\/strong><\/a><\/li>\n<li>YEMEK KAPLARI VE KAPAKLI F\u0130YATA DAH\u0130L DE\u011e\u0130LD\u0130R<\/li>\n<\/ul>\n","protected":false},"featured_media":665,"comment_status":"open","ping_status":"closed","template":"","meta":{"site-sidebar-layout":"default","site-content-layout":"default","ast-site-content-layout":"","site-content-style":"default","site-sidebar-style":"default","ast-global-header-display":"","ast-banner-title-visibility":"","ast-main-header-display":"","ast-hfb-above-header-display":"","ast-hfb-below-header-display":"","ast-hfb-mobile-header-display":"","site-post-title":"","ast-breadcrumbs-content":"","ast-featured-img":"","footer-sml-layout":"","theme-transparent-header-meta":"default","adv-header-id-meta":"","stick-header-meta":"","header-above-stick-meta":"","header-main-stick-meta":"","header-below-stick-meta":"","astra-migrate-meta-layouts":"default","ast-page-background-enabled":"default","ast-page-background-meta":{"desktop":{"background-color":"var(--ast-global-color-4)","background-image":"","background-repeat":"repeat","background-position":"center center","background-size":"auto","background-attachment":"scroll","background-type":"","background-media":"","overlay-type":"","overlay-color":"","overlay-opacity":"","overlay-gradient":""},"tablet":{"background-color":"","background-image":"","background-repeat":"repeat","background-position":"center center","background-size":"auto","background-attachment":"scroll","background-type":"","background-media":"","overlay-type":"","overlay-color":"","overlay-opacity":"","overlay-gradient":""},"mobile":{"background-color":"","background-image":"","background-repeat":"repeat","background-position":"center center","background-size":"auto","background-attachment":"scroll","background-type":"","background-media":"","overlay-type":"","overlay-color":"","overlay-opacity":"","overlay-gradient":""}},"ast-content-background-meta":{"desktop":{"background-color":"var(--ast-global-color-5)","background-image":"","background-repeat":"repeat","background-position":"center center","background-size":"auto","background-attachment":"scroll","background-type":"","background-media":"","overlay-type":"","overlay-color":"","overlay-opacity":"","overlay-gradient":""},"tablet":{"background-color":"var(--ast-global-color-5)","background-image":"","background-repeat":"repeat","background-position":"center center","background-size":"auto","background-attachment":"scroll","background-type":"","background-media":"","overlay-type":"","overlay-color":"","overlay-opacity":"","overlay-gradient":""},"mobile":{"background-color":"var(--ast-global-color-5)","background-image":"","background-repeat":"repeat","background-position":"center center","background-size":"auto","background-attachment":"scroll","background-type":"","background-media":"","overlay-type":"","overlay-color":"","overlay-opacity":"","overlay-gradient":""}}},"product_cat":[124],"product_tag":[],"_links":{"self":[{"href":"https:\/\/www.celebimutfak.com\/index.php\/wp-json\/wp\/v2\/product\/664"}],"collection":[{"href":"https:\/\/www.celebimutfak.com\/index.php\/wp-json\/wp\/v2\/product"}],"about":[{"href":"https:\/\/www.celebimutfak.com\/index.php\/wp-json\/wp\/v2\/types\/product"}],"replies":[{"embeddable":true,"href":"https:\/\/www.celebimutfak.com\/index.php\/wp-json\/wp\/v2\/comments?post=664"}],"wp:featuredmedia":[{"embeddable":true,"href":"https:\/\/www.celebimutfak.com\/index.php\/wp-json\/wp\/v2\/media\/665"}],"wp:attachment":[{"href":"https:\/\/www.celebimutfak.com\/index.php\/wp-json\/wp\/v2\/media?parent=664"}],"wp:term":[{"taxonomy":"product_cat","embeddable":true,"href":"https:\/\/www.celebimutfak.com\/index.php\/wp-json\/wp\/v2\/product_cat?post=664"},{"taxonomy":"product_tag","embeddable":true,"href":"https:\/\/www.celebimutfak.com\/index.php\/wp-json\/wp\/v2\/product_tag?post=664"}],"curies":[{"name":"wp","href":"https:\/\/api.w.org\/{rel}","templated":true}]}}