{"id":567,"date":"2019-03-26T12:35:11","date_gmt":"2019-03-26T09:35:11","guid":{"rendered":"https:\/\/www.celebimutfak.com\/?post_type=product&#038;p=567"},"modified":"2026-04-05T10:02:40","modified_gmt":"2026-04-05T07:02:40","slug":"paslanmaz-tekerlekli-izgara-mangal","status":"publish","type":"product","link":"https:\/\/www.celebimutfak.com\/index.php\/urun\/paslanmaz-tekerlekli-izgara-mangal\/","title":{"rendered":"Paslanmaz Tekerlekli Izgara Mangal"},"content":{"rendered":"<p>Firmam\u0131z imalat yapmaktad\u0131r. Mangallar\u0131m\u0131z\u0131 profesyonel ama\u00e7l\u0131 kullan\u0131m i\u00e7in \u00fcretiyoruz. Toplu organizasyon, k\u0131r d\u00fc\u011f\u00fcn\u00fc, piknik, bah\u00e7e organizasyonlar\u0131 i\u00e7in kullan\u0131ma uygundur. Mangal fiyatlar\u0131m\u0131z istenen \u00f6l\u00e7\u00fcye g\u00f6re de\u011fi\u015fmektedir.<\/p>\n<h2>Profesyonel K\u00f6m\u00fcrl\u00fc Mangal Izgara<\/h2>\n<p>Bursa mangal imalat\u0131, paslanmaz mutfak e\u015fyalar\u0131 gibi \u00e7e\u015fitli alanlarda faaliyet g\u00f6stermekteyiz. Detayl\u0131 bilgi i\u00e7in ileti\u015fime ge\u00e7ebilirsiniz : <a href=\"tel:02243613899\">0(224) 361 38 99<\/a><\/p>\n<p>T\u00fcrkiye&#8217;nin her yerine kargo\/ambar ile g\u00f6nderim yapmaktay\u0131z.<\/p>\n<p>Mangal\u0131n fiyat\u0131 \u00f6l\u00e7\u00fcs\u00fcne, tekerlekli olmas\u0131na, masa\u00fcst\u00fc\/ayakl\u0131 olmas\u0131na g\u00f6re de\u011fi\u015fmektedir.<\/p>\n<p><a href=\"https:\/\/www.celebimutfak.com\/index.php\/iletisim\/\" target=\"_blank\" rel=\"noopener\"><strong>\u0130LET\u0130\u015e\u0130M<\/strong><\/a><\/p>\n<p>&nbsp;<\/p>\n","protected":false},"excerpt":{"rendered":"<ul>\n<li>304 kalite paslanmaz sacdan kasa<\/li>\n<li>25*25 mm paslanmaz \u00e7elikten profil ayak<\/li>\n<li>Dayan\u0131kl\u0131l\u0131\u011f\u0131 art\u0131ran destek profilleri<\/li>\n<li>\u0130\u00e7i kal\u0131n demir sac<\/li>\n<li>\u0130ste\u011fe g\u00f6re k\u00f6m\u00fcrl\u00fc veya tu\u011flal\u0131<\/li>\n<li>8mm milden \u0131zgara<\/li>\n<li>Tekerlekli frenli<\/li>\n<li>\u0130ste\u011fe g\u00f6re \u00f6l\u00e7\u00fclerde imalat<\/li>\n<li>Detayl\u0131 Bilgi i\u00e7in : <a href=\"tel:02243613899\">(0224) 361-38 99<\/a><\/li>\n<\/ul>\n","protected":false},"featured_media":569,"comment_status":"open","ping_status":"closed","template":"","meta":{"site-sidebar-layout":"default","site-content-layout":"default","ast-site-content-layout":"","site-content-style":"default","site-sidebar-style":"default","ast-global-header-display":"","ast-banner-title-visibility":"","ast-main-header-display":"","ast-hfb-above-header-display":"","ast-hfb-below-header-display":"","ast-hfb-mobile-header-display":"","site-post-title":"","ast-breadcrumbs-content":"","ast-featured-img":"","footer-sml-layout":"","theme-transparent-header-meta":"default","adv-header-id-meta":"","stick-header-meta":"","header-above-stick-meta":"","header-main-stick-meta":"","header-below-stick-meta":"","astra-migrate-meta-layouts":"default","ast-page-background-enabled":"default","ast-page-background-meta":{"desktop":{"background-color":"var(--ast-global-color-4)","background-image":"","background-repeat":"repeat","background-position":"center center","background-size":"auto","background-attachment":"scroll","background-type":"","background-media":"","overlay-type":"","overlay-color":"","overlay-opacity":"","overlay-gradient":""},"tablet":{"background-color":"","background-image":"","background-repeat":"repeat","background-position":"center center","background-size":"auto","background-attachment":"scroll","background-type":"","background-media":"","overlay-type":"","overlay-color":"","overlay-opacity":"","overlay-gradient":""},"mobile":{"background-color":"","background-image":"","background-repeat":"repeat","background-position":"center center","background-size":"auto","background-attachment":"scroll","background-type":"","background-media":"","overlay-type":"","overlay-color":"","overlay-opacity":"","overlay-gradient":""}},"ast-content-background-meta":{"desktop":{"background-color":"var(--ast-global-color-5)","background-image":"","background-repeat":"repeat","background-position":"center center","background-size":"auto","background-attachment":"scroll","background-type":"","background-media":"","overlay-type":"","overlay-color":"","overlay-opacity":"","overlay-gradient":""},"tablet":{"background-color":"var(--ast-global-color-5)","background-image":"","background-repeat":"repeat","background-position":"center center","background-size":"auto","background-attachment":"scroll","background-type":"","background-media":"","overlay-type":"","overlay-color":"","overlay-opacity":"","overlay-gradient":""},"mobile":{"background-color":"var(--ast-global-color-5)","background-image":"","background-repeat":"repeat","background-position":"center center","background-size":"auto","background-attachment":"scroll","background-type":"","background-media":"","overlay-type":"","overlay-color":"","overlay-opacity":"","overlay-gradient":""}}},"product_cat":[276,6],"product_tag":[],"_links":{"self":[{"href":"https:\/\/www.celebimutfak.com\/index.php\/wp-json\/wp\/v2\/product\/567"}],"collection":[{"href":"https:\/\/www.celebimutfak.com\/index.php\/wp-json\/wp\/v2\/product"}],"about":[{"href":"https:\/\/www.celebimutfak.com\/index.php\/wp-json\/wp\/v2\/types\/product"}],"replies":[{"embeddable":true,"href":"https:\/\/www.celebimutfak.com\/index.php\/wp-json\/wp\/v2\/comments?post=567"}],"wp:featuredmedia":[{"embeddable":true,"href":"https:\/\/www.celebimutfak.com\/index.php\/wp-json\/wp\/v2\/media\/569"}],"wp:attachment":[{"href":"https:\/\/www.celebimutfak.com\/index.php\/wp-json\/wp\/v2\/media?parent=567"}],"wp:term":[{"taxonomy":"product_cat","embeddable":true,"href":"https:\/\/www.celebimutfak.com\/index.php\/wp-json\/wp\/v2\/product_cat?post=567"},{"taxonomy":"product_tag","embeddable":true,"href":"https:\/\/www.celebimutfak.com\/index.php\/wp-json\/wp\/v2\/product_tag?post=567"}],"curies":[{"name":"wp","href":"https:\/\/api.w.org\/{rel}","templated":true}]}}