{"id":554,"date":"2019-02-26T11:45:32","date_gmt":"2019-02-26T08:45:32","guid":{"rendered":"https:\/\/www.celebimutfak.com\/?post_type=product&#038;p=554"},"modified":"2023-02-06T14:27:17","modified_gmt":"2023-02-06T11:27:17","slug":"paslanmaz-tekerlekli-tezgah","status":"publish","type":"product","link":"https:\/\/www.celebimutfak.com\/index.php\/urun\/paslanmaz-tekerlekli-tezgah\/","title":{"rendered":"Paslanmaz Tekerlekli Tezgah &#8211; Hareketli"},"content":{"rendered":"<h2>Krom Arabal\u0131 Tezgah<\/h2>\n<p><strong>Tekerlekli \u00e7al\u0131\u015fma tezgah\u0131<\/strong> imalat\u0131. \u00c7elebi end\u00fcstriyel mutfak kal\u0131n malzemeden dayan\u0131kl\u0131 mutfak ekipmanlar\u0131 \u00fcretir. 40*40mm krom paslanmaz profilden ayaklar, \u00fcst tabla ve taban raf\u0131 <strong>304 kalite paslanmaz \u00e7elik<\/strong> sacdan imal.<\/p>\n<p>M\u00fc\u015fterilerin istedi\u011fi \u00f6l\u00e7\u00fclerde \u00fcretim imkan\u0131. Ancak genellikle <strong>uzunluk 140cm \u00fczeri<\/strong> ve alt\u0131 olarak ayr\u0131 ayr\u0131 fiyatland\u0131r\u0131l\u0131r. Detayl\u0131 bilgi i\u00e7in <a href=\"https:\/\/www.celebimutfak.com\/index.php\/iletisim\/\" target=\"_blank\" rel=\"noopener\">ileti\u015fime<\/a> ge\u00e7ebilirsiniz.<\/p>\n<h3>Krom Araba \u00d6l\u00e7\u00fcleri &#8211; Hareketli Tezgah<\/h3>\n<p><strong>Hareketli krom tezgahlar<\/strong>, normal tezgahlar ile ayn\u0131 \u00f6l\u00e7\u00fclere sahiptir. Bu tip krom tezgahlar hem <strong>standart veya \u00f6zel \u00f6l\u00e7\u00fclerde<\/strong> imal edilmektedir.<\/p>\n<ul>\n<li>40&#215;40 paslanmaz \u00e7elik profilden ayak<\/li>\n<li>Profilin i\u00e7ine ge\u00e7me rotil ayak(y\u00fcksekli\u011fi de\u011fi\u015ftirilebilir)<\/li>\n<li>\u00dcst tablan\u0131n y\u00fcksekli\u011fi 4 cm&#8217;dir.<\/li>\n<li>\u00dcst tabla sac\u0131 1.2 mm kal\u0131nl\u0131\u011f\u0131ndad\u0131r.<\/li>\n<li>304 kalite sac ve profilden imal ediyoruz.<\/li>\n<li>2 adet frenli tekerlek, 2 adet d\u00fcz tekerlek<\/li>\n<\/ul>\n<p>Fiyat bilgisi ve sipari\u015f i\u00e7in : <strong><a href=\"https:\/\/www.celebimutfak.com\/index.php\/iletisim\/\" target=\"_blank\" rel=\"noopener\">\u0130LET\u0130\u015e\u0130M<\/a><\/strong><\/p>\n","protected":false},"excerpt":{"rendered":"<ul>\n<li>304 kalite paslanmaz sacdan imal edilmektedir.<\/li>\n<li>\u0130stenilen \u00f6l\u00e7\u00fclerde \u00fcretim yapmaktay\u0131z.<\/li>\n<li>2 frenli, 2 frensiz tekerleklidir.<\/li>\n<li>\u00dcst tablas\u0131 1.2mm kal\u0131n paslanmaz \u00e7elik sacdan imal edilmi\u015ftir.<\/li>\n<\/ul>\n","protected":false},"featured_media":556,"comment_status":"open","ping_status":"closed","template":"","meta":{"site-sidebar-layout":"default","site-content-layout":"default","ast-site-content-layout":"","site-content-style":"default","site-sidebar-style":"default","ast-global-header-display":"","ast-banner-title-visibility":"","ast-main-header-display":"","ast-hfb-above-header-display":"","ast-hfb-below-header-display":"","ast-hfb-mobile-header-display":"","site-post-title":"","ast-breadcrumbs-content":"","ast-featured-img":"","footer-sml-layout":"","theme-transparent-header-meta":"default","adv-header-id-meta":"","stick-header-meta":"","header-above-stick-meta":"","header-main-stick-meta":"","header-below-stick-meta":"","astra-migrate-meta-layouts":"default","ast-page-background-enabled":"default","ast-page-background-meta":{"desktop":{"background-color":"var(--ast-global-color-4)","background-image":"","background-repeat":"repeat","background-position":"center center","background-size":"auto","background-attachment":"scroll","background-type":"","background-media":"","overlay-type":"","overlay-color":"","overlay-opacity":"","overlay-gradient":""},"tablet":{"background-color":"","background-image":"","background-repeat":"repeat","background-position":"center center","background-size":"auto","background-attachment":"scroll","background-type":"","background-media":"","overlay-type":"","overlay-color":"","overlay-opacity":"","overlay-gradient":""},"mobile":{"background-color":"","background-image":"","background-repeat":"repeat","background-position":"center center","background-size":"auto","background-attachment":"scroll","background-type":"","background-media":"","overlay-type":"","overlay-color":"","overlay-opacity":"","overlay-gradient":""}},"ast-content-background-meta":{"desktop":{"background-color":"var(--ast-global-color-5)","background-image":"","background-repeat":"repeat","background-position":"center center","background-size":"auto","background-attachment":"scroll","background-type":"","background-media":"","overlay-type":"","overlay-color":"","overlay-opacity":"","overlay-gradient":""},"tablet":{"background-color":"var(--ast-global-color-5)","background-image":"","background-repeat":"repeat","background-position":"center center","background-size":"auto","background-attachment":"scroll","background-type":"","background-media":"","overlay-type":"","overlay-color":"","overlay-opacity":"","overlay-gradient":""},"mobile":{"background-color":"var(--ast-global-color-5)","background-image":"","background-repeat":"repeat","background-position":"center center","background-size":"auto","background-attachment":"scroll","background-type":"","background-media":"","overlay-type":"","overlay-color":"","overlay-opacity":"","overlay-gradient":""}}},"product_cat":[53,94],"product_tag":[],"_links":{"self":[{"href":"https:\/\/www.celebimutfak.com\/index.php\/wp-json\/wp\/v2\/product\/554"}],"collection":[{"href":"https:\/\/www.celebimutfak.com\/index.php\/wp-json\/wp\/v2\/product"}],"about":[{"href":"https:\/\/www.celebimutfak.com\/index.php\/wp-json\/wp\/v2\/types\/product"}],"replies":[{"embeddable":true,"href":"https:\/\/www.celebimutfak.com\/index.php\/wp-json\/wp\/v2\/comments?post=554"}],"wp:featuredmedia":[{"embeddable":true,"href":"https:\/\/www.celebimutfak.com\/index.php\/wp-json\/wp\/v2\/media\/556"}],"wp:attachment":[{"href":"https:\/\/www.celebimutfak.com\/index.php\/wp-json\/wp\/v2\/media?parent=554"}],"wp:term":[{"taxonomy":"product_cat","embeddable":true,"href":"https:\/\/www.celebimutfak.com\/index.php\/wp-json\/wp\/v2\/product_cat?post=554"},{"taxonomy":"product_tag","embeddable":true,"href":"https:\/\/www.celebimutfak.com\/index.php\/wp-json\/wp\/v2\/product_tag?post=554"}],"curies":[{"name":"wp","href":"https:\/\/api.w.org\/{rel}","templated":true}]}}