{"id":445,"date":"2018-07-27T21:51:13","date_gmt":"2018-07-27T18:51:13","guid":{"rendered":"http:\/\/www.celebimutfak.com\/?post_type=product&#038;p=445"},"modified":"2023-01-09T22:08:07","modified_gmt":"2023-01-09T19:08:07","slug":"paslanmaz-dolapli-tezgah-mutfak-bursa","status":"publish","type":"product","link":"https:\/\/www.celebimutfak.com\/index.php\/urun\/paslanmaz-dolapli-tezgah-mutfak-bursa\/","title":{"rendered":"Paslanmaz Dolapl\u0131 Tezgah"},"content":{"rendered":"<h2>End\u00fcstriyel Mutfak Tezgah\u0131<\/h2>\n<p>Firmam\u0131z her t\u00fcrl\u00fc paslanmaz dolapl\u0131 tezgah imalat\u0131 yapmaktad\u0131r. \u0130ste\u011fe g\u00f6re farkl\u0131 ebatlarda ve \u00f6zelliklerde tezgah \u00fcretmekteyiz. Tezgahlar\u0131m\u0131z kapakl\u0131 veya kapaks\u0131z olarak \u00fcretilir. Kapak t\u00fcr\u00fc olarak s\u00fcrg\u00fc kapakl\u0131 veya resimdeki gibi \u00e7arpma kap\u0131l\u0131 olmaktad\u0131r.<\/p>\n<h3>Kapakl\u0131 Mutfak Tezgah\u0131<\/h3>\n<p>End\u00fcstriyel mutfaklar\u0131n\u0131zda kullanabilirsiniz. \u00dcst tablas\u0131 1.2 mm kal\u0131nl\u0131\u011f\u0131nda 304 kalite paslanmaz \u00e7elik sacdan imal edilmektedir. Lavabolu(eviyeli) tezgah istenirse \u00fcst tabla sac\u0131 1.5 mm kal\u0131nl\u0131\u011f\u0131nda imal edilmektedir. Farkl\u0131 model ve sac kal\u0131nl\u0131\u011f\u0131 isteklerinizi l\u00fctfen fiyat teklifi isterken belirtiniz.<\/p>\n<p><a href=\"https:\/\/www.celebimutfak.com\/index.php\/iletisim\/\" target=\"_blank\" rel=\"noopener\">\u0130LET\u0130\u015e\u0130M<\/a><\/p>\n","protected":false},"excerpt":{"rendered":"<ul>\n<li>Verilen fiyat 140 cm dolap i\u00e7indir.<\/li>\n<li>304 kalite paslanmaz sacdan imal<\/li>\n<li>\u0130ste\u011fe g\u00f6re \u00fcst tabla s\u0131rtl\u0131(arkadaki \u00e7\u0131k\u0131nt\u0131)<\/li>\n<li>S\u00fcrg\u00fc veya \u00e7arpma kap\u0131l\u0131<\/li>\n<li>\u0130stenilen \u00f6l\u00e7\u00fclerde \u00fcretim<\/li>\n<li>40*40mm paslanmaz profile ge\u00e7meli y\u00fckseklik ayarl\u0131 plastik ayak<\/li>\n<li><a href=\"https:\/\/www.celebimutfak.com\/index.php\/iletisim\/\" target=\"_blank\" rel=\"noopener\">\u0130LET\u0130\u015e\u0130M<\/a><\/li>\n<\/ul>\n","protected":false},"featured_media":446,"comment_status":"open","ping_status":"closed","template":"","meta":{"site-sidebar-layout":"default","site-content-layout":"default","ast-site-content-layout":"","site-content-style":"default","site-sidebar-style":"default","ast-global-header-display":"","ast-banner-title-visibility":"","ast-main-header-display":"","ast-hfb-above-header-display":"","ast-hfb-below-header-display":"","ast-hfb-mobile-header-display":"","site-post-title":"","ast-breadcrumbs-content":"","ast-featured-img":"","footer-sml-layout":"","theme-transparent-header-meta":"default","adv-header-id-meta":"","stick-header-meta":"","header-above-stick-meta":"","header-main-stick-meta":"","header-below-stick-meta":"","astra-migrate-meta-layouts":"default","ast-page-background-enabled":"default","ast-page-background-meta":{"desktop":{"background-color":"var(--ast-global-color-4)","background-image":"","background-repeat":"repeat","background-position":"center center","background-size":"auto","background-attachment":"scroll","background-type":"","background-media":"","overlay-type":"","overlay-color":"","overlay-opacity":"","overlay-gradient":""},"tablet":{"background-color":"","background-image":"","background-repeat":"repeat","background-position":"center center","background-size":"auto","background-attachment":"scroll","background-type":"","background-media":"","overlay-type":"","overlay-color":"","overlay-opacity":"","overlay-gradient":""},"mobile":{"background-color":"","background-image":"","background-repeat":"repeat","background-position":"center center","background-size":"auto","background-attachment":"scroll","background-type":"","background-media":"","overlay-type":"","overlay-color":"","overlay-opacity":"","overlay-gradient":""}},"ast-content-background-meta":{"desktop":{"background-color":"var(--ast-global-color-5)","background-image":"","background-repeat":"repeat","background-position":"center center","background-size":"auto","background-attachment":"scroll","background-type":"","background-media":"","overlay-type":"","overlay-color":"","overlay-opacity":"","overlay-gradient":""},"tablet":{"background-color":"var(--ast-global-color-5)","background-image":"","background-repeat":"repeat","background-position":"center center","background-size":"auto","background-attachment":"scroll","background-type":"","background-media":"","overlay-type":"","overlay-color":"","overlay-opacity":"","overlay-gradient":""},"mobile":{"background-color":"var(--ast-global-color-5)","background-image":"","background-repeat":"repeat","background-position":"center center","background-size":"auto","background-attachment":"scroll","background-type":"","background-media":"","overlay-type":"","overlay-color":"","overlay-opacity":"","overlay-gradient":""}}},"product_cat":[105],"product_tag":[],"_links":{"self":[{"href":"https:\/\/www.celebimutfak.com\/index.php\/wp-json\/wp\/v2\/product\/445"}],"collection":[{"href":"https:\/\/www.celebimutfak.com\/index.php\/wp-json\/wp\/v2\/product"}],"about":[{"href":"https:\/\/www.celebimutfak.com\/index.php\/wp-json\/wp\/v2\/types\/product"}],"replies":[{"embeddable":true,"href":"https:\/\/www.celebimutfak.com\/index.php\/wp-json\/wp\/v2\/comments?post=445"}],"wp:featuredmedia":[{"embeddable":true,"href":"https:\/\/www.celebimutfak.com\/index.php\/wp-json\/wp\/v2\/media\/446"}],"wp:attachment":[{"href":"https:\/\/www.celebimutfak.com\/index.php\/wp-json\/wp\/v2\/media?parent=445"}],"wp:term":[{"taxonomy":"product_cat","embeddable":true,"href":"https:\/\/www.celebimutfak.com\/index.php\/wp-json\/wp\/v2\/product_cat?post=445"},{"taxonomy":"product_tag","embeddable":true,"href":"https:\/\/www.celebimutfak.com\/index.php\/wp-json\/wp\/v2\/product_tag?post=445"}],"curies":[{"name":"wp","href":"https:\/\/api.w.org\/{rel}","templated":true}]}}