{"id":304,"date":"2017-08-03T11:19:43","date_gmt":"2017-08-03T08:19:43","guid":{"rendered":"http:\/\/www.celebimutfak.com\/?post_type=product&#038;p=304"},"modified":"2023-01-09T21:19:29","modified_gmt":"2023-01-09T18:19:29","slug":"paslanmaz-calisma-tezgah-bursa","status":"publish","type":"product","link":"https:\/\/www.celebimutfak.com\/index.php\/urun\/paslanmaz-calisma-tezgah-bursa\/","title":{"rendered":"Paslanmaz \u00c7al\u0131\u015fma Tezgah\u0131"},"content":{"rendered":"<h2>Paslanmaz Tezgah \u0130malat\u0131<\/h2>\n<p>Paslanmaz tezgah imalat\u0131 end\u00fcstriyel mutfaklar i\u00e7in yap\u0131lmaktad\u0131r. Firmam\u0131z <strong>304 kalite paslanmaz tezgah<\/strong> <strong>imalat\u0131<\/strong> yapmaktad\u0131r. Yemek sanayi tezgahlar\u0131, restoran ve lokanta tezgahlar\u0131 uzmanl\u0131k alan\u0131m\u0131zd\u0131r.<\/p>\n<p>\u00dcretimini yapt\u0131\u011f\u0131m\u0131z tezgahlar <strong>1.2 mm \u00fcst tabla<\/strong> kal\u0131nl\u0131\u011f\u0131nda sahiptir. Paslanmaz tezgah ayaklar\u0131 <strong>1.2 mm 40*40 paslanmaz profilden<\/strong> imal edilmektedir. <strong>Paslanmaz tezgah \u00f6l\u00e7\u00fcleri<\/strong> m\u00fc\u015fterilerimizin iste\u011fine g\u00f6re yap\u0131lmaktad\u0131r. Standart tezgah \u00f6l\u00e7\u00fcc\u00fc 140x70x85 cm&#8217;dir.<\/p>\n<h3>Krom Tezgah Fiyatlar\u0131<\/h3>\n<p>Krom tezgah <strong>fiyat\u0131n\u0131 belirleyen 3 bile\u015fen vard\u0131r<\/strong>. Bu bile\u015fenler \u015f\u00f6yledir:<\/p>\n<ul>\n<li><strong><span style=\"color: #ff0000;\">Malzeme t\u00fcr\u00fc:<\/span><\/strong> Piyasada ucuz oldu\u011fu i\u00e7in kullan\u0131lan kalitesiz \u00e7elikler vard\u0131r. Kalitesiz \u00e7elikler paslan\u0131r. <strong>E\u011fer kaliteli ve paslanmaz tezgah istiyorsan\u0131z 304 kalite tezgah tercih etmelisiniz<\/strong>.<\/li>\n<li><span style=\"color: #ff0000;\"><strong>Malzeme kal\u0131nl\u0131\u011f\u0131:<\/strong><\/span> Sac ve profil kal\u0131nl\u0131\u011f\u0131 fiyat\u0131 tamamen de\u011fi\u015ftirmektedir. Sac kal\u0131nl\u0131\u011f\u0131, dayan\u0131kl\u0131l\u0131\u011f\u0131 etkileyen en \u00f6nemli ikinci unsurdur. Krom tezgah\u0131n sac kal\u0131nl\u0131\u011f\u0131n\u0131 anlamak i\u00e7in mikrometreyle \u00f6l\u00e7\u00fcm yapmak gerekmektedir. Krom tezgah \u00fcst tablas\u0131 <strong>en az 1 mm kal\u0131nl\u0131\u011f\u0131nda<\/strong> olmaktad\u0131r. Firmam\u0131z standart olarak 1.2 mm kal\u0131nl\u0131\u011f\u0131nda \u00fcst tabla kullanmaktad\u0131r.<\/li>\n<li><span style=\"color: #ff0000;\"><strong>\u0130\u015f\u00e7ilik: <\/strong><span style=\"color: #000000;\">Krom tezgahlar uzun y\u0131llar dayan\u0131kl\u0131 olmas\u0131 gerekir. Tezgah\u0131n dayan\u0131kl\u0131 olmas\u0131 i\u00e7in kaynakl\u0131 birle\u015ftirme(montaj) yap\u0131lmal\u0131d\u0131r. Firmam\u0131z \u00fcretti\u011fi krom tezgahlara kaynakl\u0131 birle\u015ftirme yapmaktad\u0131r.<\/span><\/span><\/li>\n<\/ul>\n<h3>Krom Tezgah Paslan\u0131r m\u0131?<\/h3>\n<p>Krom tezgahlar, paslanmaz \u00e7elik malzeme kullan\u0131larak imal edilmektedir. Paslanmaz \u00e7eli\u011fin en yayg\u0131n 3 t\u00fcr\u00fc vard\u0131r. Mutfaklarda ger\u00e7ek paslanmaz \u00e7elik 304 t\u00fcr\u00fc paslanmaz \u00e7eliktir. Mutfak kullan\u0131m\u0131na <strong>en uygun paslanmaz \u00e7elik 304<\/strong> kalitedir.<\/p>\n<ul>\n<li><span style=\"color: #ff0000;\"><strong>304 paslanmaz \u00e7elik<\/strong><\/span>: End\u00fcstriyel mutfak sekt\u00f6r\u00fcnde kullan\u0131lan en kaliteli \u00e7elik <strong>304 ve 316<\/strong> \u00e7eliklerdir. <strong>Mutfaklar i\u00e7in en iyi paslanmaz \u00e7elik 304 paslanmaz \u00e7eliktir<\/strong>.<\/li>\n<li><strong><span style=\"color: #ff0000;\">430 paslanmaz \u00e7elik:<\/span><\/strong> Sekt\u00f6rdeki en ucuz paslanmaz \u00e7elik t\u00fcr\u00fcd\u00fcr. S\u0131v\u0131 temas\u0131na maruz kal\u0131nca paslanmaz e\u011filimi g\u00f6sterir.<\/li>\n<li><strong><span style=\"color: #ff0000;\">201 paslanmaz \u00e7elik:<\/span><\/strong> \u00c7in \u00e7eli\u011fi olarak bilinmektedir. Fiyat olarak 304 ve 430 aras\u0131ndad\u0131r. <strong>Uzun vadeli kullan\u0131mda paslan\u0131r<\/strong>, ayr\u0131ca \u00e7ama\u015f\u0131r suyuna kar\u015f\u0131 direnci \u00e7ok zay\u0131ft\u0131r.<\/li>\n<\/ul>\n<p>A\u015fa\u011f\u0131daki g\u00f6rselde<strong> 201 ve 304 aras\u0131ndaki korozyon testini<\/strong> g\u00f6rebilirsiniz. 24 saat \u00e7ama\u015f\u0131r suyunda b\u0131rak\u0131lan 2 malzemenin verdi\u011fi tepkiler g\u00f6r\u00fclm\u00fc\u015ft\u00fcr.<\/p>\n<figure id=\"attachment_1681\" aria-describedby=\"caption-attachment-1681\" style=\"width: 800px\" class=\"wp-caption aligncenter\"><a href=\"https:\/\/www.celebimutfak.com\/?attachment_id=1681\" rel=\"attachment wp-att-1681\"><img decoding=\"async\" class=\"wp-image-1681 size-full\" src=\"https:\/\/www.celebimutfak.com\/wp-content\/uploads\/2017\/08\/201-krom-paslanir-mi.jpg\" alt=\"201 krom paslanma testi\" width=\"800\" height=\"450\" srcset=\"https:\/\/www.celebimutfak.com\/wp-content\/uploads\/2017\/08\/201-krom-paslanir-mi.jpg 800w, https:\/\/www.celebimutfak.com\/wp-content\/uploads\/2017\/08\/201-krom-paslanir-mi-300x169.jpg 300w, https:\/\/www.celebimutfak.com\/wp-content\/uploads\/2017\/08\/201-krom-paslanir-mi-768x432.jpg 768w, https:\/\/www.celebimutfak.com\/wp-content\/uploads\/2017\/08\/201-krom-paslanir-mi-600x338.jpg 600w\" sizes=\"(max-width: 800px) 100vw, 800px\" \/><\/a><figcaption id=\"caption-attachment-1681\" class=\"wp-caption-text\">\u00c7amas\u0131r suyunda 301 ve 201 kar\u015f\u0131la\u015ft\u0131rmas\u0131<\/figcaption><\/figure>\n<h2>Krom Tezgah \u0130malat\u0131<\/h2>\n<p>Krom tezgah imalat\u0131 yapt\u0131rmak istiyorsan\u0131z \u00c7elebi Mutfak&#8217;tan fiyat alabilirsiniz. Krom tezgah \u00e7e\u015fitleri ve \u00f6zel \u00f6l\u00e7\u00fclerde krom tezgah imalat\u0131 i\u00e7in <strong><a href=\"https:\/\/www.celebimutfak.com\/index.php\/urun-kategori\/paslanmaz-tezgahlar\/?orderby=popularity\" target=\"_blank\" rel=\"noopener\">tezgah \u00e7e\u015fitleri<\/a><\/strong> sayfam\u0131za bakabilirsiniz.<\/p>\n<h3>Krom Tezgah Ara Rafl\u0131<\/h3>\n<p>304 kalite ara rafl\u0131 krom tezgah modellerimiz vard\u0131r. \u0130ste\u011fe \u00f6zel \u00f6l\u00e7\u00fclerde krom \u00e7al\u0131\u015fma tezgah\u0131 \u00fcretimimiz mevcuttur. Krom \u00e7al\u0131\u015fma tezgahlar\u0131 d\u00fcz tablal\u0131 olarak \u00fcretilmektedir. \u00dcst tabla sac kal\u0131nl\u0131\u011f\u0131 genellikle 1.2 mm tercih edilmektedir. Ayak profilleri 40&#215;40 mm paslanmaz \u00e7elik profilden imal edilmektedir.<\/p>\n<figure id=\"attachment_1946\" aria-describedby=\"caption-attachment-1946\" style=\"width: 600px\" class=\"wp-caption aligncenter\"><a href=\"https:\/\/www.celebimutfak.com\/wp-content\/uploads\/2017\/08\/krom-tezgah-ara-raf.jpg\"><img decoding=\"async\" class=\"wp-image-1946 size-full\" src=\"https:\/\/www.celebimutfak.com\/wp-content\/uploads\/2017\/08\/krom-tezgah-ara-raf.jpg\" alt=\"krom tezgah ara rafl\u0131\" width=\"600\" height=\"550\" srcset=\"https:\/\/www.celebimutfak.com\/wp-content\/uploads\/2017\/08\/krom-tezgah-ara-raf.jpg 600w, https:\/\/www.celebimutfak.com\/wp-content\/uploads\/2017\/08\/krom-tezgah-ara-raf-300x275.jpg 300w\" sizes=\"(max-width: 600px) 100vw, 600px\" \/><\/a><figcaption id=\"caption-attachment-1946\" class=\"wp-caption-text\">304 kalite krom tezgah<\/figcaption><\/figure>\n<h3>Krom Tezgah \u00d6l\u00e7\u00fcleri<\/h3>\n<p>Krom tezgahlar standart olarak kabul edilmi\u015f baz\u0131 \u00f6l\u00e7\u00fclere sahiptir. Bu \u00f6l\u00e7\u00fcler derinlik olarak 60 veya 70 cm geni\u015flik \u00f6l\u00e7\u00fcs\u00fcd\u00fcr. Krom mutfak tezgahlar\u0131n\u0131n uzunluk \u00f6l\u00e7\u00fcleri 90 cm&#8217;den ba\u015flay\u0131p 290 cm&#8217;ye kadar gitmektedir.<\/p>\n<h4>Standart Krom Tezgah \u00d6l\u00e7\u00fcleri<\/h4>\n<table class=\"tg\" style=\"undefined;table-layout: fixed;\">\n<colgroup>\n<col \/>\n<col \/> <\/colgroup>\n<colgroup>\n<col \/><\/colgroup>\n<thead>\n<tr>\n<th class=\"tg-0pky\">Uzunluk<\/th>\n<th class=\"tg-0pky\">Derinlik<\/th>\n<th class=\"tg-0pky\">Y\u00fckseklik<\/th>\n<\/tr>\n<\/thead>\n<tbody>\n<tr>\n<td class=\"tg-0pky\">90 cm<\/td>\n<td class=\"tg-0pky\">70 cm<\/td>\n<td class=\"tg-0pky\">85 cm<\/td>\n<\/tr>\n<tr>\n<td class=\"tg-0pky\">120 cm<\/td>\n<td class=\"tg-0pky\">70 cm<\/td>\n<td class=\"tg-0pky\">85 cm<\/td>\n<\/tr>\n<tr>\n<td class=\"tg-0pky\">140 cm<\/td>\n<td class=\"tg-0pky\">70 cm<\/td>\n<td class=\"tg-0pky\">85 cm<\/td>\n<\/tr>\n<tr>\n<td class=\"tg-0pky\">190 cm<\/td>\n<td class=\"tg-0pky\">70 cm<\/td>\n<td class=\"tg-0pky\">85 cm<\/td>\n<\/tr>\n<tr>\n<td class=\"tg-0pky\">240 cm<\/td>\n<td class=\"tg-0pky\">70 cm<\/td>\n<td class=\"tg-0pky\">85 cm<\/td>\n<\/tr>\n<tr>\n<td class=\"tg-0lax\">290 cm<\/td>\n<td class=\"tg-0lax\">70 cm<\/td>\n<td class=\"tg-0lax\">85 cm<\/td>\n<\/tr>\n<\/tbody>\n<\/table>\n<h4>\u00d6zel \u00d6l\u00e7\u00fc Krom Tezgah<\/h4>\n<figure id=\"attachment_1947\" aria-describedby=\"caption-attachment-1947\" style=\"width: 900px\" class=\"wp-caption aligncenter\"><a href=\"https:\/\/www.celebimutfak.com\/wp-content\/uploads\/2017\/08\/ozel-olcu-krom-tezgah.jpg\"><img decoding=\"async\" class=\"wp-image-1947 size-full\" src=\"https:\/\/www.celebimutfak.com\/wp-content\/uploads\/2017\/08\/ozel-olcu-krom-tezgah.jpg\" alt=\"\u00f6zel \u00f6l\u00e7\u00fc krom tezgah\" width=\"900\" height=\"506\" srcset=\"https:\/\/www.celebimutfak.com\/wp-content\/uploads\/2017\/08\/ozel-olcu-krom-tezgah.jpg 900w, https:\/\/www.celebimutfak.com\/wp-content\/uploads\/2017\/08\/ozel-olcu-krom-tezgah-300x169.jpg 300w, https:\/\/www.celebimutfak.com\/wp-content\/uploads\/2017\/08\/ozel-olcu-krom-tezgah-768x432.jpg 768w, https:\/\/www.celebimutfak.com\/wp-content\/uploads\/2017\/08\/ozel-olcu-krom-tezgah-600x337.jpg 600w\" sizes=\"(max-width: 900px) 100vw, 900px\" \/><\/a><figcaption id=\"caption-attachment-1947\" class=\"wp-caption-text\">\u00f6zel \u00f6l\u00e7\u00fc krom tezgah<\/figcaption><\/figure>\n<p>M\u00fc\u015fteri istekleri do\u011frultusunda \u00f6zel \u00f6l\u00e7\u00fc krom tezgah imalat\u0131m\u0131z mevcuttur. Yukar\u0131daki tabloda belirtilen standart \u00f6l\u00e7\u00fcler sizlere uygun de\u011filse, bizimle ileti\u015fime ge\u00e7erek \u00f6zel \u00f6l\u00e7\u00fcde krom mutfak tezgah\u0131 i\u00e7in fiyat teklifi isteyebilirsiniz.<\/p>\n<p>\u00d6zel \u00f6l\u00e7\u00fcn\u00fcn yan\u0131 s\u0131ra, \u00f6zel \u015fekillerde ve farkl\u0131 ama\u00e7lara uygun isteklerinizi de belirtebilirsiniz. Detayl\u0131 bilgi almak ve fiyat istemek i\u00e7in bize ula\u015f\u0131n.<\/p>\n<p><strong><a href=\"https:\/\/www.celebimutfak.com\/index.php\/iletisim\/\" target=\"_blank\" rel=\"noopener\">\u0130LET\u0130\u015e\u0130M<\/a>\u00a0<\/strong><\/p>\n<p>&nbsp;<\/p>\n","protected":false},"excerpt":{"rendered":"<ul>\n<li>Verilen fiyat 140 cm i\u00e7indir.<\/li>\n<li><strong>304 kalite<\/strong> <strong>paslanmaz<\/strong> sacdan imal ediyoruz.<\/li>\n<li>\u0130stenilen \u00f6l\u00e7\u00fclerde \u00fcretim yap\u0131yoruz.<\/li>\n<li><strong>Dolapl\u0131 ve eviyeli tezgah<\/strong> \u00fcretimi mevcuttur.<\/li>\n<li>\u00d6zel fiyat almak i\u00e7in <a href=\"https:\/\/www.celebimutfak.com\/index.php\/iletisim\/\" target=\"_blank\" rel=\"noopener\">\u0130LET\u0130\u015e\u0130ME<\/a> ge\u00e7ebilirsiniz.<\/li>\n<\/ul>\n","protected":false},"featured_media":305,"comment_status":"open","ping_status":"closed","template":"","meta":{"site-sidebar-layout":"default","site-content-layout":"default","ast-site-content-layout":"","site-content-style":"default","site-sidebar-style":"default","ast-global-header-display":"","ast-banner-title-visibility":"","ast-main-header-display":"","ast-hfb-above-header-display":"","ast-hfb-below-header-display":"","ast-hfb-mobile-header-display":"","site-post-title":"","ast-breadcrumbs-content":"","ast-featured-img":"","footer-sml-layout":"","theme-transparent-header-meta":"default","adv-header-id-meta":"","stick-header-meta":"","header-above-stick-meta":"","header-main-stick-meta":"","header-below-stick-meta":"","astra-migrate-meta-layouts":"default","ast-page-background-enabled":"default","ast-page-background-meta":{"desktop":{"background-color":"var(--ast-global-color-4)","background-image":"","background-repeat":"repeat","background-position":"center center","background-size":"auto","background-attachment":"scroll","background-type":"","background-media":"","overlay-type":"","overlay-color":"","overlay-opacity":"","overlay-gradient":""},"tablet":{"background-color":"","background-image":"","background-repeat":"repeat","background-position":"center center","background-size":"auto","background-attachment":"scroll","background-type":"","background-media":"","overlay-type":"","overlay-color":"","overlay-opacity":"","overlay-gradient":""},"mobile":{"background-color":"","background-image":"","background-repeat":"repeat","background-position":"center center","background-size":"auto","background-attachment":"scroll","background-type":"","background-media":"","overlay-type":"","overlay-color":"","overlay-opacity":"","overlay-gradient":""}},"ast-content-background-meta":{"desktop":{"background-color":"var(--ast-global-color-5)","background-image":"","background-repeat":"repeat","background-position":"center center","background-size":"auto","background-attachment":"scroll","background-type":"","background-media":"","overlay-type":"","overlay-color":"","overlay-opacity":"","overlay-gradient":""},"tablet":{"background-color":"var(--ast-global-color-5)","background-image":"","background-repeat":"repeat","background-position":"center center","background-size":"auto","background-attachment":"scroll","background-type":"","background-media":"","overlay-type":"","overlay-color":"","overlay-opacity":"","overlay-gradient":""},"mobile":{"background-color":"var(--ast-global-color-5)","background-image":"","background-repeat":"repeat","background-position":"center center","background-size":"auto","background-attachment":"scroll","background-type":"","background-media":"","overlay-type":"","overlay-color":"","overlay-opacity":"","overlay-gradient":""}}},"product_cat":[94],"product_tag":[],"_links":{"self":[{"href":"https:\/\/www.celebimutfak.com\/index.php\/wp-json\/wp\/v2\/product\/304"}],"collection":[{"href":"https:\/\/www.celebimutfak.com\/index.php\/wp-json\/wp\/v2\/product"}],"about":[{"href":"https:\/\/www.celebimutfak.com\/index.php\/wp-json\/wp\/v2\/types\/product"}],"replies":[{"embeddable":true,"href":"https:\/\/www.celebimutfak.com\/index.php\/wp-json\/wp\/v2\/comments?post=304"}],"wp:featuredmedia":[{"embeddable":true,"href":"https:\/\/www.celebimutfak.com\/index.php\/wp-json\/wp\/v2\/media\/305"}],"wp:attachment":[{"href":"https:\/\/www.celebimutfak.com\/index.php\/wp-json\/wp\/v2\/media?parent=304"}],"wp:term":[{"taxonomy":"product_cat","embeddable":true,"href":"https:\/\/www.celebimutfak.com\/index.php\/wp-json\/wp\/v2\/product_cat?post=304"},{"taxonomy":"product_tag","embeddable":true,"href":"https:\/\/www.celebimutfak.com\/index.php\/wp-json\/wp\/v2\/product_tag?post=304"}],"curies":[{"name":"wp","href":"https:\/\/api.w.org\/{rel}","templated":true}]}}