{"id":282,"date":"2017-01-27T17:58:56","date_gmt":"2017-01-27T14:58:56","guid":{"rendered":"http:\/\/www.celebimutfak.com\/?post_type=product&#038;p=282"},"modified":"2023-11-23T01:53:29","modified_gmt":"2023-11-22T22:53:29","slug":"paslanmaz-bulasik-copu-siyirma-tezgahi","status":"publish","type":"product","link":"https:\/\/www.celebimutfak.com\/index.php\/urun\/paslanmaz-bulasik-copu-siyirma-tezgahi\/","title":{"rendered":"Bula\u015f\u0131k \u00c7\u00f6p\u00fc S\u0131y\u0131rma Tezgah\u0131"},"content":{"rendered":"<h2>Krom \u00c7\u00f6p S\u0131y\u0131rma Tezgah<\/h2>\n<p><strong>\u00c7\u00f6p s\u0131y\u0131rma tezgah\u0131<\/strong>, yemek art\u0131klar\u0131n\u0131n \u00e7\u00f6plerini s\u0131y\u0131rmak i\u00e7in kullan\u0131lmaktad\u0131r. Tabaklar\u0131n bula\u015f\u0131k makinesine at\u0131lmas\u0131ndan \u00f6nce <strong>yemek art\u0131klar\u0131<\/strong> bu tezgahta temizlenir. <strong>304 kalite krom<\/strong> olan bu tezgah\u0131n, \u00fczerinde bulunan delik yemek art\u0131klar\u0131n\u0131 \u00e7\u00f6p kovas\u0131na atmak i\u00e7indir. \u00c7\u00f6p kovas\u0131 deli\u011fin alt\u0131na yerle\u015ftirilir ve i\u00e7indeki \u00e7\u00f6p po\u015feti\u00a0 tezgah\u0131n lasti\u011fe s\u0131k\u0131\u015ft\u0131r\u0131l\u0131r. Bu sayede <strong>\u00e7\u00f6pler d\u0131\u015far\u0131 ta\u015fmaz<\/strong>, do\u011frudan \u00e7\u00f6p kovas\u0131na gider. Tezgahtaki \u00e7\u00f6p lasti\u011fi monte de\u011fildir, do\u011frudan \u00e7\u0131kar\u0131labilmektedir.<\/p>\n<h3>Ayr\u0131ca: Eviyeli \u00c7\u00f6p S\u0131y\u0131rma Tezgah\u0131<\/h3>\n<figure id=\"attachment_1951\" aria-describedby=\"caption-attachment-1951\" style=\"width: 1200px\" class=\"wp-caption aligncenter\"><a href=\"https:\/\/www.celebimutfak.com\/wp-content\/uploads\/2022\/01\/krom-cop-delikli-eviye-tezgah.jpg\"><img decoding=\"async\" class=\"wp-image-1951 size-full\" src=\"https:\/\/www.celebimutfak.com\/wp-content\/uploads\/2022\/01\/krom-cop-delikli-eviye-tezgah.jpg\" alt=\"Krom \u00e7\u00f6p delikli tezgah eviye\" width=\"1200\" height=\"900\" srcset=\"https:\/\/www.celebimutfak.com\/wp-content\/uploads\/2022\/01\/krom-cop-delikli-eviye-tezgah.jpg 1200w, https:\/\/www.celebimutfak.com\/wp-content\/uploads\/2022\/01\/krom-cop-delikli-eviye-tezgah-300x225.jpg 300w, https:\/\/www.celebimutfak.com\/wp-content\/uploads\/2022\/01\/krom-cop-delikli-eviye-tezgah-1024x768.jpg 1024w, https:\/\/www.celebimutfak.com\/wp-content\/uploads\/2022\/01\/krom-cop-delikli-eviye-tezgah-768x576.jpg 768w, https:\/\/www.celebimutfak.com\/wp-content\/uploads\/2022\/01\/krom-cop-delikli-eviye-tezgah-600x450.jpg 600w\" sizes=\"(max-width: 1200px) 100vw, 1200px\" \/><\/a><figcaption id=\"caption-attachment-1951\" class=\"wp-caption-text\">Eviyeli \u00c7\u00f6p S\u0131y\u0131rma Tezgah\u0131 &#8211; 304 Krom<\/figcaption><\/figure>\n<p>Bula\u015f\u0131khane b\u00f6l\u00fcm\u00fcn\u00fcn k\u00fc\u00e7\u00fck oldu\u011fu mutfaklarda eviye ve <strong>\u00e7\u00f6p tezgah\u0131<\/strong> bir arada imal edilebilmektedir. Yukar\u0131daki tezgahta ayr\u0131ca 500&#8217;l\u00fck bula\u015f\u0131k makinesi i\u00e7in de yer ayr\u0131lm\u0131\u015ft\u0131r.<\/p>\n<p>Bula\u015f\u0131k makinesi + s\u0131y\u0131rma b\u00f6l\u00fcm\u00fc + eviye(lavabo) b\u00f6l\u00fcml\u00fc <strong>\u00f6zel krom tezgah<\/strong>. Bu tezgah ihtiyaca \u00f6zel olarak \u00fcretilmektedir. \u00d6l\u00e7\u00fcye g\u00f6re fiyatland\u0131r\u0131lmaktad\u0131r.<\/p>\n<p><strong><a href=\"https:\/\/www.celebimutfak.com\/index.php\/iletisim\/\" target=\"_blank\" rel=\"noopener\">F\u0130YAT ALIN(\u0130LET\u0130\u015e\u0130M)<\/a><\/strong><\/p>\n","protected":false},"excerpt":{"rendered":"<ul>\n<li>304 kalite paslanmaz sacdan imal edilmi\u015ftir<\/li>\n<li>\u0130stenilen \u00f6l\u00e7\u00fclerde \u00fcretim<\/li>\n<li>40x40mm paslanmaz profile ge\u00e7meli ayaklar<\/li>\n<li>Ayaklar\u0131 g\u00fc\u00e7lendirmek i\u00e7in birbirine ba\u011fl\u0131d\u0131r<\/li>\n<li>Plastik kau\u00e7uk s\u0131y\u0131rma deli\u011fi<\/li>\n<\/ul>\n","protected":false},"featured_media":283,"comment_status":"open","ping_status":"closed","template":"","meta":{"site-sidebar-layout":"default","site-content-layout":"default","ast-site-content-layout":"","site-content-style":"default","site-sidebar-style":"default","ast-global-header-display":"","ast-banner-title-visibility":"","ast-main-header-display":"","ast-hfb-above-header-display":"","ast-hfb-below-header-display":"","ast-hfb-mobile-header-display":"","site-post-title":"","ast-breadcrumbs-content":"","ast-featured-img":"","footer-sml-layout":"","theme-transparent-header-meta":"default","adv-header-id-meta":"","stick-header-meta":"","header-above-stick-meta":"","header-main-stick-meta":"","header-below-stick-meta":"","astra-migrate-meta-layouts":"default","ast-page-background-enabled":"default","ast-page-background-meta":{"desktop":{"background-color":"var(--ast-global-color-4)","background-image":"","background-repeat":"repeat","background-position":"center center","background-size":"auto","background-attachment":"scroll","background-type":"","background-media":"","overlay-type":"","overlay-color":"","overlay-opacity":"","overlay-gradient":""},"tablet":{"background-color":"","background-image":"","background-repeat":"repeat","background-position":"center center","background-size":"auto","background-attachment":"scroll","background-type":"","background-media":"","overlay-type":"","overlay-color":"","overlay-opacity":"","overlay-gradient":""},"mobile":{"background-color":"","background-image":"","background-repeat":"repeat","background-position":"center center","background-size":"auto","background-attachment":"scroll","background-type":"","background-media":"","overlay-type":"","overlay-color":"","overlay-opacity":"","overlay-gradient":""}},"ast-content-background-meta":{"desktop":{"background-color":"var(--ast-global-color-5)","background-image":"","background-repeat":"repeat","background-position":"center center","background-size":"auto","background-attachment":"scroll","background-type":"","background-media":"","overlay-type":"","overlay-color":"","overlay-opacity":"","overlay-gradient":""},"tablet":{"background-color":"var(--ast-global-color-5)","background-image":"","background-repeat":"repeat","background-position":"center center","background-size":"auto","background-attachment":"scroll","background-type":"","background-media":"","overlay-type":"","overlay-color":"","overlay-opacity":"","overlay-gradient":""},"mobile":{"background-color":"var(--ast-global-color-5)","background-image":"","background-repeat":"repeat","background-position":"center center","background-size":"auto","background-attachment":"scroll","background-type":"","background-media":"","overlay-type":"","overlay-color":"","overlay-opacity":"","overlay-gradient":""}}},"product_cat":[95,11],"product_tag":[],"_links":{"self":[{"href":"https:\/\/www.celebimutfak.com\/index.php\/wp-json\/wp\/v2\/product\/282"}],"collection":[{"href":"https:\/\/www.celebimutfak.com\/index.php\/wp-json\/wp\/v2\/product"}],"about":[{"href":"https:\/\/www.celebimutfak.com\/index.php\/wp-json\/wp\/v2\/types\/product"}],"replies":[{"embeddable":true,"href":"https:\/\/www.celebimutfak.com\/index.php\/wp-json\/wp\/v2\/comments?post=282"}],"wp:featuredmedia":[{"embeddable":true,"href":"https:\/\/www.celebimutfak.com\/index.php\/wp-json\/wp\/v2\/media\/283"}],"wp:attachment":[{"href":"https:\/\/www.celebimutfak.com\/index.php\/wp-json\/wp\/v2\/media?parent=282"}],"wp:term":[{"taxonomy":"product_cat","embeddable":true,"href":"https:\/\/www.celebimutfak.com\/index.php\/wp-json\/wp\/v2\/product_cat?post=282"},{"taxonomy":"product_tag","embeddable":true,"href":"https:\/\/www.celebimutfak.com\/index.php\/wp-json\/wp\/v2\/product_tag?post=282"}],"curies":[{"name":"wp","href":"https:\/\/api.w.org\/{rel}","templated":true}]}}