{"id":276,"date":"2017-01-27T17:42:05","date_gmt":"2017-01-27T14:42:05","guid":{"rendered":"http:\/\/www.celebimutfak.com\/?post_type=product&#038;p=276"},"modified":"2023-11-24T21:06:05","modified_gmt":"2023-11-24T18:06:05","slug":"surgu-kapili-duvar-dolabi-paslanmaz","status":"publish","type":"product","link":"https:\/\/www.celebimutfak.com\/index.php\/urun\/surgu-kapili-duvar-dolabi-paslanmaz\/","title":{"rendered":"Paslanmaz \u00c7elik Duvar Dolab\u0131"},"content":{"rendered":"<h2>Paslanmaz \u00c7elik Duvar Dolab\u0131<\/h2>\n<p>\u0130malat\u0131n\u0131 yapt\u0131\u011f\u0131m\u0131z duvar dolaplar\u0131 standart ve \u00f6zel \u00f6l\u00e7\u00fc olmak \u00fczere iki farkl\u0131 \u015fekilde olmaktad\u0131r. Uzunluk \u00f6l\u00e7\u00fcs\u00fc 140 cm ve daha d\u00fc\u015f\u00fck olan \u00f6l\u00e7\u00fcler standart \u00f6l\u00e7\u00fclerdir. \u00d6zel \u00f6l\u00e7\u00fc talepleriniz i\u00e7in sipari\u015f \u00f6ncesi bizimle ileti\u015fime ge\u00e7ebilirsiniz.<\/p>\n<p>304 kalite paslanmaz \u00e7elik duvar dolaplar\u0131 a\u011f\u0131rl\u0131kl\u0131 olarak end\u00fcstriyel mutfaklar, restoranlar ve buna benzer b\u00fcy\u00fck mutfaklarda kullan\u0131lmaktad\u0131r. Paslanmaz \u00e7eli\u011fin 304 kalite olmas\u0131 sayesinde ger\u00e7ek anlamda bir paslanmazl\u0131k elde etmi\u015f olmaktas\u0131n\u0131z. 304 kalite paslanmaz \u00e7elikler, asitli kimyasal (tuz ruhu vb.) haricinde \u00e7ok \u00e7e\u015fitli ortamlarda paslanmazl\u0131k \u00f6zelli\u011fi g\u00f6stermektedir. End\u00fcstriyel mutfaklarda 304 kalite paslanmaz kullan\u0131lmas\u0131 gerekmektedir.<\/p>\n<h3>S\u00fcrg\u00fc Kap\u0131l\u0131 Paslanmaz Duvar Dolab\u0131<\/h3>\n<p>S\u00fcrg\u00fc kap\u0131l\u0131 paslanmaz duvar dolab\u0131 dar alanlar i\u00e7in olduk\u00e7a verimlidir. Kapaklar a\u00e7\u0131l\u0131nca yer kaplamaz. S\u00fcrg\u00fc kapaklar sa\u011fa sola hareket ederek birbirinin \u00fczerine biner, bu sayede ekstra alana ihtiya\u00e7 duymaz. \u00c7al\u0131\u015fanlar i\u00e7in kapaklar\u0131n kafaya \u00e7arpmas\u0131 gibi bir durum kalmamaktad\u0131r.<\/p>\n<p>S\u00fcrg\u00fc kapaklar\u0131n \u00fcstteki paslanmaz raylara as\u0131l\u0131 \u015fekilde durmaktad\u0131r. Rulmanl\u0131 tekerlek ile kapaklar g\u00f6vdeye ba\u011flan\u0131r. Tekerlerin paslanmaz ray \u00fczerinde hareket ile \u00e7al\u0131\u015fmaktad\u0131r.<\/p>\n<h3>\u00c7arpma Kap\u0131l\u0131 Paslanmaz Duvar Dolab\u0131<\/h3>\n<p>\u00c7arpma kap\u0131l\u0131 duvar dolaplar\u0131 uzun \u00f6m\u00fcrl\u00fc olmaktad\u0131r. Kullan\u0131m a\u00e7\u0131s\u0131ndan yer kaplasa da dayan\u0131kl\u0131l\u0131k a\u00e7\u0131s\u0131ndan biraz daha avantajl\u0131 oldu\u011fu s\u00f6ylenebilir. \u00dcr\u00fcn foto\u011fraflar\u0131nda g\u00f6r\u00fcld\u00fc\u011f\u00fc gibi kapaklara kilit eklenebilmektedir. \u00c7arpma kap\u0131l\u0131 duvar dolab\u0131n\u0131n kapaklar\u0131nda paslanmaz \u00e7elikten kulp bulunmaktad\u0131r.<\/p>\n","protected":false},"excerpt":{"rendered":"<ul>\n<li>\u00d6zel \u00f6l\u00e7\u00fclerde \u00fcretim yap\u0131labilmektedir.<\/li>\n<li>304 kalite paslanmaz sacdan imal edilmektedir.<\/li>\n<li>Bursa i\u00e7inde montaj firmam\u0131za aittir.<\/li>\n<li>S\u00fcrg\u00fcl\u00fc veya \u00e7arpma kap\u0131l\u0131 olabilir.<\/li>\n<\/ul>\n","protected":false},"featured_media":277,"comment_status":"open","ping_status":"closed","template":"","meta":{"site-sidebar-layout":"default","site-content-layout":"default","ast-site-content-layout":"","site-content-style":"default","site-sidebar-style":"default","ast-global-header-display":"","ast-banner-title-visibility":"","ast-main-header-display":"","ast-hfb-above-header-display":"","ast-hfb-below-header-display":"","ast-hfb-mobile-header-display":"","site-post-title":"","ast-breadcrumbs-content":"","ast-featured-img":"","footer-sml-layout":"","theme-transparent-header-meta":"default","adv-header-id-meta":"","stick-header-meta":"","header-above-stick-meta":"","header-main-stick-meta":"","header-below-stick-meta":"","astra-migrate-meta-layouts":"default","ast-page-background-enabled":"default","ast-page-background-meta":{"desktop":{"background-color":"var(--ast-global-color-4)","background-image":"","background-repeat":"repeat","background-position":"center center","background-size":"auto","background-attachment":"scroll","background-type":"","background-media":"","overlay-type":"","overlay-color":"","overlay-opacity":"","overlay-gradient":""},"tablet":{"background-color":"","background-image":"","background-repeat":"repeat","background-position":"center center","background-size":"auto","background-attachment":"scroll","background-type":"","background-media":"","overlay-type":"","overlay-color":"","overlay-opacity":"","overlay-gradient":""},"mobile":{"background-color":"","background-image":"","background-repeat":"repeat","background-position":"center center","background-size":"auto","background-attachment":"scroll","background-type":"","background-media":"","overlay-type":"","overlay-color":"","overlay-opacity":"","overlay-gradient":""}},"ast-content-background-meta":{"desktop":{"background-color":"var(--ast-global-color-5)","background-image":"","background-repeat":"repeat","background-position":"center center","background-size":"auto","background-attachment":"scroll","background-type":"","background-media":"","overlay-type":"","overlay-color":"","overlay-opacity":"","overlay-gradient":""},"tablet":{"background-color":"var(--ast-global-color-5)","background-image":"","background-repeat":"repeat","background-position":"center center","background-size":"auto","background-attachment":"scroll","background-type":"","background-media":"","overlay-type":"","overlay-color":"","overlay-opacity":"","overlay-gradient":""},"mobile":{"background-color":"var(--ast-global-color-5)","background-image":"","background-repeat":"repeat","background-position":"center center","background-size":"auto","background-attachment":"scroll","background-type":"","background-media":"","overlay-type":"","overlay-color":"","overlay-opacity":"","overlay-gradient":""}}},"product_cat":[23,25],"product_tag":[],"_links":{"self":[{"href":"https:\/\/www.celebimutfak.com\/index.php\/wp-json\/wp\/v2\/product\/276"}],"collection":[{"href":"https:\/\/www.celebimutfak.com\/index.php\/wp-json\/wp\/v2\/product"}],"about":[{"href":"https:\/\/www.celebimutfak.com\/index.php\/wp-json\/wp\/v2\/types\/product"}],"replies":[{"embeddable":true,"href":"https:\/\/www.celebimutfak.com\/index.php\/wp-json\/wp\/v2\/comments?post=276"}],"wp:featuredmedia":[{"embeddable":true,"href":"https:\/\/www.celebimutfak.com\/index.php\/wp-json\/wp\/v2\/media\/277"}],"wp:attachment":[{"href":"https:\/\/www.celebimutfak.com\/index.php\/wp-json\/wp\/v2\/media?parent=276"}],"wp:term":[{"taxonomy":"product_cat","embeddable":true,"href":"https:\/\/www.celebimutfak.com\/index.php\/wp-json\/wp\/v2\/product_cat?post=276"},{"taxonomy":"product_tag","embeddable":true,"href":"https:\/\/www.celebimutfak.com\/index.php\/wp-json\/wp\/v2\/product_tag?post=276"}],"curies":[{"name":"wp","href":"https:\/\/api.w.org\/{rel}","templated":true}]}}