{"id":269,"date":"2017-01-23T21:02:01","date_gmt":"2017-01-23T18:02:01","guid":{"rendered":"http:\/\/www.celebimutfak.com\/?post_type=product&#038;p=269"},"modified":"2024-12-04T22:38:38","modified_gmt":"2024-12-04T19:38:38","slug":"sanayi-tipi-benmari-3-sicak-1-notr-elektrikli","status":"publish","type":"product","link":"https:\/\/www.celebimutfak.com\/index.php\/urun\/sanayi-tipi-benmari-3-sicak-1-notr-elektrikli\/","title":{"rendered":"Sanayi Tipi Benmari 3 S\u0131cak 1 Notr Elektrikli"},"content":{"rendered":"","protected":false},"excerpt":{"rendered":"<p><b>G\u00fcncel fiyat bilgisi i\u00e7in <a href=\"https:\/\/www.celebimutfak.com\/index.php\/iletisim\" target=\"_blank\" rel=\"noopener\">ileti\u015fim&#8217;e<\/a> ge\u00e7iniz<\/b><\/p>\n<ul>\n<li>\u0130ki tezgah ayr\u0131 ayr\u0131 olarak da \u00fcretilir ve sat\u0131labilir<\/li>\n<li>Elektrikli, sulu sistem<\/li>\n<li>3 s\u0131cak, 1 n\u00f6tr g\u00f6zl\u00fc<\/li>\n<li>\u00dcst k\u0131s\u0131mda \u00e7atal-ka\u015f\u0131k k\u00fcveri<\/li>\n<li>Termostat s\u0131cakl\u0131k ayarl\u0131<\/li>\n<li>\u00d6n MDF kapl\u0131<\/li>\n<li>Alt tablal\u0131<\/li>\n<li>Paslanmaz profile ayarl\u0131 ayak<\/li>\n<li>YEMEK KAPLARI VE KAPAKLARI F\u0130YATA DAH\u0130L DE\u011e\u0130LD\u0130R<\/li>\n<\/ul>\n","protected":false},"featured_media":574,"comment_status":"open","ping_status":"closed","template":"","meta":{"site-sidebar-layout":"default","site-content-layout":"default","ast-site-content-layout":"","site-content-style":"default","site-sidebar-style":"default","ast-global-header-display":"","ast-banner-title-visibility":"","ast-main-header-display":"","ast-hfb-above-header-display":"","ast-hfb-below-header-display":"","ast-hfb-mobile-header-display":"","site-post-title":"","ast-breadcrumbs-content":"","ast-featured-img":"","footer-sml-layout":"","theme-transparent-header-meta":"default","adv-header-id-meta":"","stick-header-meta":"","header-above-stick-meta":"","header-main-stick-meta":"","header-below-stick-meta":"","astra-migrate-meta-layouts":"default","ast-page-background-enabled":"default","ast-page-background-meta":{"desktop":{"background-color":"var(--ast-global-color-4)","background-image":"","background-repeat":"repeat","background-position":"center center","background-size":"auto","background-attachment":"scroll","background-type":"","background-media":"","overlay-type":"","overlay-color":"","overlay-opacity":"","overlay-gradient":""},"tablet":{"background-color":"","background-image":"","background-repeat":"repeat","background-position":"center center","background-size":"auto","background-attachment":"scroll","background-type":"","background-media":"","overlay-type":"","overlay-color":"","overlay-opacity":"","overlay-gradient":""},"mobile":{"background-color":"","background-image":"","background-repeat":"repeat","background-position":"center center","background-size":"auto","background-attachment":"scroll","background-type":"","background-media":"","overlay-type":"","overlay-color":"","overlay-opacity":"","overlay-gradient":""}},"ast-content-background-meta":{"desktop":{"background-color":"var(--ast-global-color-5)","background-image":"","background-repeat":"repeat","background-position":"center center","background-size":"auto","background-attachment":"scroll","background-type":"","background-media":"","overlay-type":"","overlay-color":"","overlay-opacity":"","overlay-gradient":""},"tablet":{"background-color":"var(--ast-global-color-5)","background-image":"","background-repeat":"repeat","background-position":"center center","background-size":"auto","background-attachment":"scroll","background-type":"","background-media":"","overlay-type":"","overlay-color":"","overlay-opacity":"","overlay-gradient":""},"mobile":{"background-color":"var(--ast-global-color-5)","background-image":"","background-repeat":"repeat","background-position":"center center","background-size":"auto","background-attachment":"scroll","background-type":"","background-media":"","overlay-type":"","overlay-color":"","overlay-opacity":"","overlay-gradient":""}}},"product_cat":[124],"product_tag":[],"_links":{"self":[{"href":"https:\/\/www.celebimutfak.com\/index.php\/wp-json\/wp\/v2\/product\/269"}],"collection":[{"href":"https:\/\/www.celebimutfak.com\/index.php\/wp-json\/wp\/v2\/product"}],"about":[{"href":"https:\/\/www.celebimutfak.com\/index.php\/wp-json\/wp\/v2\/types\/product"}],"replies":[{"embeddable":true,"href":"https:\/\/www.celebimutfak.com\/index.php\/wp-json\/wp\/v2\/comments?post=269"}],"wp:featuredmedia":[{"embeddable":true,"href":"https:\/\/www.celebimutfak.com\/index.php\/wp-json\/wp\/v2\/media\/574"}],"wp:attachment":[{"href":"https:\/\/www.celebimutfak.com\/index.php\/wp-json\/wp\/v2\/media?parent=269"}],"wp:term":[{"taxonomy":"product_cat","embeddable":true,"href":"https:\/\/www.celebimutfak.com\/index.php\/wp-json\/wp\/v2\/product_cat?post=269"},{"taxonomy":"product_tag","embeddable":true,"href":"https:\/\/www.celebimutfak.com\/index.php\/wp-json\/wp\/v2\/product_tag?post=269"}],"curies":[{"name":"wp","href":"https:\/\/api.w.org\/{rel}","templated":true}]}}