{"id":258,"date":"2016-11-29T19:59:31","date_gmt":"2016-11-29T16:59:31","guid":{"rendered":"http:\/\/www.celebimutfak.com\/?post_type=product&#038;p=258"},"modified":"2026-04-05T10:03:11","modified_gmt":"2026-04-05T07:03:11","slug":"davlumbazli-tezgahli-mangal-seti","status":"publish","type":"product","link":"https:\/\/www.celebimutfak.com\/index.php\/urun\/davlumbazli-tezgahli-mangal-seti\/","title":{"rendered":"Davlumbazl\u0131 Mangal Barbek\u00fc Seti"},"content":{"rendered":"<h2>Profesyonel Bah\u00e7e Barbek\u00fc Mangal\u0131 &#8211; Davlumbaz ve Dolapl\u0131<\/h2>\n<p>Firmam\u0131z taraf\u0131ndan imal edilmektedir. Her t\u00fcrl\u00fc alanda kullan\u0131labilir. Genellikle <strong>bah\u00e7e tipi barbek\u00fc<\/strong> olarak tercih edilmektedir. Resimde g\u00f6r\u00fclen setin uzunlu\u011fu 140 cm&#8217;dir. M\u00fc\u015fterilerimizin iste\u011fine g\u00f6re 190 cm&#8217;ye kadar uzunlukta \u00fcretilebilir.<\/p>\n<p>\u00dcr\u00fcn fiyat\u0131 yakla\u015f\u0131k olarak belirtilmi\u015ftir. Sipari\u015f esnas\u0131nda belirtilecek \u00f6zelliklere g\u00f6re fiyatta <strong>indirim veya art\u0131r\u0131m<\/strong> olabilmektedir.<\/p>\n<figure id=\"attachment_1994\" aria-describedby=\"caption-attachment-1994\" style=\"width: 768px\" class=\"wp-caption aligncenter\"><a href=\"https:\/\/www.celebimutfak.com\/wp-content\/uploads\/2016\/11\/davlumbazli-mangal-modelleri.webp\"><img decoding=\"async\" class=\"wp-image-1994 size-large\" src=\"https:\/\/www.celebimutfak.com\/wp-content\/uploads\/2016\/11\/davlumbazli-mangal-modelleri-768x1024.webp\" alt=\"davlumbazl\u0131 mangal modelleri\" width=\"768\" height=\"1024\" srcset=\"https:\/\/www.celebimutfak.com\/wp-content\/uploads\/2016\/11\/davlumbazli-mangal-modelleri-768x1024.webp 768w, https:\/\/www.celebimutfak.com\/wp-content\/uploads\/2016\/11\/davlumbazli-mangal-modelleri-225x300.webp 225w, https:\/\/www.celebimutfak.com\/wp-content\/uploads\/2016\/11\/davlumbazli-mangal-modelleri-1152x1536.webp 1152w, https:\/\/www.celebimutfak.com\/wp-content\/uploads\/2016\/11\/davlumbazli-mangal-modelleri-1536x2048.webp 1536w, https:\/\/www.celebimutfak.com\/wp-content\/uploads\/2016\/11\/davlumbazli-mangal-modelleri-600x800.webp 600w, https:\/\/www.celebimutfak.com\/wp-content\/uploads\/2016\/11\/davlumbazli-mangal-modelleri.webp 960w\" sizes=\"(max-width: 768px) 100vw, 768px\" \/><\/a><figcaption id=\"caption-attachment-1994\" class=\"wp-caption-text\">Davlumbazl\u0131 Mangal Modeli<\/figcaption><\/figure>\n<h2>Davlumbazl\u0131 Mangal Modelleri<\/h2>\n<p>Davlumbazl\u0131 mangal modelleri \u00c7elebi Mutfak taraf\u0131ndan imal edilmektedir. Davlumbaz dahil olmak \u00fczere t\u00fcm \u00fcr\u00fcnler 304 kalite paslanmaz \u00e7elikten imal edilmektedir. Bu sayede d\u0131\u015f ortamlarda paslanma endi\u015fesi olmadan rahatl\u0131kla kullan\u0131labilmektedir. Davlumbazl\u0131 mangal setimiz 3 \u00fcr\u00fcnden olu\u015fmaktad\u0131r:<\/p>\n<h3>Krom Mangal Davlumbaz\u0131<\/h3>\n<p>Krom mangal davlumbaz\u0131 kaynakl\u0131 montajl\u0131d\u0131r. Paslanmaz \u00e7elik kayna\u011f\u0131 sayesinde uzun y\u0131llar kullan\u0131ma uygundur. Mangal davlumbaz\u0131 sayesinde \u00e7\u0131kan duman etrafa sa\u00e7\u0131lmadan havaya y\u00f6nlendirilebilmektedir. Bu \u00fcr\u00fcn\u00fc mangala uygun \u00f6l\u00e7\u00fclerde imal etmekteyiz.<\/p>\n<h3>Krom Mangal Tezgah\u0131<\/h3>\n<p>Krom mangal tezgah\u0131 <strong>set \u00fcst\u00fc mangallar<\/strong>da kullan\u0131lmaktad\u0131r. Set \u00fcst\u00fc mangallar\u0131 kullanmak i\u00e7in bir ayak veya tezgaha ihtiya\u00e7 duyulmaktad\u0131r. Bu \u00fcr\u00fcn\u00fcn i\u00e7erisinde hali haz\u0131rda 304 krom mangal tezgah\u0131 bulunmaktad\u0131r. Bu tezgah\u0131n alt\u0131nda <strong>n\u00f6tr dolap<\/strong> bulunmaktad\u0131r. Dolab\u0131n kapaklar\u0131 standart olarak \u00e7arpmal\u0131(mente\u015feli) \u015fekildedir. E\u011fer isterseniz s\u00fcrg\u00fc kapakl\u0131 olarak imal edilmektedir. S\u00fcrg\u00fc kapak taleplerinizi belirtmek i\u00e7in sipari\u015ften sonra bizimle ileti\u015fime ge\u00e7ebilirsiniz.<\/p>\n<h3>K\u00f6m\u00fcrl\u00fc Krom Mangal<\/h3>\n<p>K\u00f6m\u00fcrl\u00fc krom mangal\u0131m\u0131z <strong>304 kalite paslanmaz<\/strong> \u00e7elik d\u0131\u015f kasaya sahiptir. K\u00f6m\u00fcrl\u00fc mangal modelin i\u00e7erisinde<strong> k\u00f6m\u00fcr havuzu<\/strong> bulunmaktad\u0131r. Bu k\u00f6m\u00fcr havuzunun sac kal\u0131nl\u0131\u011f\u0131 1.5 mm&#8217;dir ve <strong>portatiftir<\/strong> istendi\u011fi zaman g\u00f6vdeden \u00e7\u0131kar\u0131labilmektedir. K\u00f6m\u00fcr havuzunda hava delikleri mevcuttur. Hava delikleri sayesinde k\u00f6m\u00fcr havuzu daha iyi oksijen alabilmektedir.<\/p>\n<p>Mangal\u0131n \u0131zgaras\u0131 \u00e7ubuklu(mil) \u0131zgarad\u0131r. Standart olarak <strong>\u00e7ubuk \u0131zgara<\/strong> kullanmaktay\u0131z. E\u011fer <strong>oluklu \u0131zgara<\/strong> talebiniz varsa l\u00fctfen sipari\u015ften sonra bize bildiriniz.<\/p>\n","protected":false},"excerpt":{"rendered":"<ul>\n<li>Davlumbaz &#8211; Mangal &#8211; Dolapl\u0131 Tezgah olmak \u00fczere 3 \u00fcr\u00fcnden olu\u015fmaktad\u0131r.<\/li>\n<li>Paslanmaz mangal \u0131zgara seti<\/li>\n<li>\u0130stenilen \u00f6l\u00e7\u00fclerde \u00fcretim yap\u0131lmaktad\u0131r.<\/li>\n<li>Davlumbazl\u0131 mangal modelimiz krom malzemeden imal edilmektedir.<\/li>\n<li>Dolapl\u0131 tezgah\u0131 \u00e7arpma veya s\u00fcrg\u00fc kap\u0131l\u0131 olarak \u00fcretilmektedir.<\/li>\n<li>Davlumbazl\u0131 haz\u0131r gah\u00e7e barbek\u00fcs\u00fcd\u00fcr.<\/li>\n<li>Her \u00fcr\u00fcn ayr\u0131 ayr\u0131 sat\u0131n al\u0131nabilir.<\/li>\n<\/ul>\n","protected":false},"featured_media":260,"comment_status":"open","ping_status":"closed","template":"","meta":{"site-sidebar-layout":"default","site-content-layout":"default","ast-site-content-layout":"","site-content-style":"default","site-sidebar-style":"default","ast-global-header-display":"","ast-banner-title-visibility":"","ast-main-header-display":"","ast-hfb-above-header-display":"","ast-hfb-below-header-display":"","ast-hfb-mobile-header-display":"","site-post-title":"","ast-breadcrumbs-content":"","ast-featured-img":"","footer-sml-layout":"","theme-transparent-header-meta":"default","adv-header-id-meta":"","stick-header-meta":"","header-above-stick-meta":"","header-main-stick-meta":"","header-below-stick-meta":"","astra-migrate-meta-layouts":"default","ast-page-background-enabled":"default","ast-page-background-meta":{"desktop":{"background-color":"var(--ast-global-color-4)","background-image":"","background-repeat":"repeat","background-position":"center center","background-size":"auto","background-attachment":"scroll","background-type":"","background-media":"","overlay-type":"","overlay-color":"","overlay-opacity":"","overlay-gradient":""},"tablet":{"background-color":"","background-image":"","background-repeat":"repeat","background-position":"center center","background-size":"auto","background-attachment":"scroll","background-type":"","background-media":"","overlay-type":"","overlay-color":"","overlay-opacity":"","overlay-gradient":""},"mobile":{"background-color":"","background-image":"","background-repeat":"repeat","background-position":"center center","background-size":"auto","background-attachment":"scroll","background-type":"","background-media":"","overlay-type":"","overlay-color":"","overlay-opacity":"","overlay-gradient":""}},"ast-content-background-meta":{"desktop":{"background-color":"var(--ast-global-color-5)","background-image":"","background-repeat":"repeat","background-position":"center center","background-size":"auto","background-attachment":"scroll","background-type":"","background-media":"","overlay-type":"","overlay-color":"","overlay-opacity":"","overlay-gradient":""},"tablet":{"background-color":"var(--ast-global-color-5)","background-image":"","background-repeat":"repeat","background-position":"center center","background-size":"auto","background-attachment":"scroll","background-type":"","background-media":"","overlay-type":"","overlay-color":"","overlay-opacity":"","overlay-gradient":""},"mobile":{"background-color":"var(--ast-global-color-5)","background-image":"","background-repeat":"repeat","background-position":"center center","background-size":"auto","background-attachment":"scroll","background-type":"","background-media":"","overlay-type":"","overlay-color":"","overlay-opacity":"","overlay-gradient":""}}},"product_cat":[105,276,6],"product_tag":[],"_links":{"self":[{"href":"https:\/\/www.celebimutfak.com\/index.php\/wp-json\/wp\/v2\/product\/258"}],"collection":[{"href":"https:\/\/www.celebimutfak.com\/index.php\/wp-json\/wp\/v2\/product"}],"about":[{"href":"https:\/\/www.celebimutfak.com\/index.php\/wp-json\/wp\/v2\/types\/product"}],"replies":[{"embeddable":true,"href":"https:\/\/www.celebimutfak.com\/index.php\/wp-json\/wp\/v2\/comments?post=258"}],"wp:featuredmedia":[{"embeddable":true,"href":"https:\/\/www.celebimutfak.com\/index.php\/wp-json\/wp\/v2\/media\/260"}],"wp:attachment":[{"href":"https:\/\/www.celebimutfak.com\/index.php\/wp-json\/wp\/v2\/media?parent=258"}],"wp:term":[{"taxonomy":"product_cat","embeddable":true,"href":"https:\/\/www.celebimutfak.com\/index.php\/wp-json\/wp\/v2\/product_cat?post=258"},{"taxonomy":"product_tag","embeddable":true,"href":"https:\/\/www.celebimutfak.com\/index.php\/wp-json\/wp\/v2\/product_tag?post=258"}],"curies":[{"name":"wp","href":"https:\/\/api.w.org\/{rel}","templated":true}]}}