{"id":255,"date":"2016-11-27T12:27:37","date_gmt":"2016-11-27T09:27:37","guid":{"rendered":"http:\/\/www.celebimutfak.com\/?post_type=product&#038;p=255"},"modified":"2026-04-05T10:03:25","modified_gmt":"2026-04-05T07:03:25","slug":"paslanmaz-setustu-mangal-sanayi-tipi","status":"publish","type":"product","link":"https:\/\/www.celebimutfak.com\/index.php\/urun\/paslanmaz-setustu-mangal-sanayi-tipi\/","title":{"rendered":"Paslanmaz Set\u00fcst\u00fc Mangal"},"content":{"rendered":"<h2>Lokanta, Restaurant Mangal\u0131<\/h2>\n<p>Restorant ve lokantalarda \u00fczerinde davlumbaz konularak pi\u015firme yap\u0131labilir. Firmam\u0131z davlumbaz \u00fcretimi de yapmaktad\u0131r.<\/p>\n<h3>Bah\u00e7e \u0131zgaras\u0131 modelleri<\/h3>\n<p>\u00c7elebi Mutfak, m\u00fc\u015fterilerinin istek ve ihtiya\u00e7lar\u0131na g\u00f6re farkl\u0131 model ve \u00f6l\u00e7\u00fclerde k\u00f6m\u00fcrl\u00fc bah\u00e7e \u0131zgaras\u0131 \u00fcretmektedir. Di\u011fer mangal modellerimizi g\u00f6rmek i\u00e7in: <a href=\"https:\/\/www.celebimutfak.com\/index.php\/2020\/10\/27\/mangal-cesitleri\/\" target=\"_blank\" rel=\"noopener\"><em><strong>\u00c7ELEB\u0130 MANGAL MODELLER\u0130<\/strong><\/em><\/a><\/p>\n","protected":false},"excerpt":{"rendered":"<ul>\n<li>304 kalite Paslanmaz g\u00f6vdeye sahip<\/li>\n<li>\u0130ste\u011fe g\u00f6re paslanmaz ya da demir \u0131zgara (mil)<\/li>\n<li>\u0130ste\u011fe g\u00f6re ayakl\u0131 veya set \u00fcst\u00fc<\/li>\n<li>Tutma kollu<\/li>\n<li>Otel, restaurant, toplu piknik ve oteller i\u00e7in uygundur<\/li>\n<li>\u0130stenilen \u00f6l\u00e7\u00fclerde \u00fcretim se\u00e7ene\u011fi<\/li>\n<li>Fiyat bilgisi i\u00e7in <a href=\"https:\/\/www.celebimutfak.com\/index.php\/iletisim\" target=\"_blank\" rel=\"noopener\">ileti\u015fim&#8217;e<\/a> ge\u00e7iniz.<\/li>\n<\/ul>\n","protected":false},"featured_media":817,"comment_status":"open","ping_status":"closed","template":"","meta":{"site-sidebar-layout":"default","site-content-layout":"default","ast-site-content-layout":"","site-content-style":"default","site-sidebar-style":"default","ast-global-header-display":"","ast-banner-title-visibility":"","ast-main-header-display":"","ast-hfb-above-header-display":"","ast-hfb-below-header-display":"","ast-hfb-mobile-header-display":"","site-post-title":"","ast-breadcrumbs-content":"","ast-featured-img":"","footer-sml-layout":"","theme-transparent-header-meta":"default","adv-header-id-meta":"","stick-header-meta":"","header-above-stick-meta":"","header-main-stick-meta":"","header-below-stick-meta":"","astra-migrate-meta-layouts":"default","ast-page-background-enabled":"default","ast-page-background-meta":{"desktop":{"background-color":"var(--ast-global-color-4)","background-image":"","background-repeat":"repeat","background-position":"center center","background-size":"auto","background-attachment":"scroll","background-type":"","background-media":"","overlay-type":"","overlay-color":"","overlay-opacity":"","overlay-gradient":""},"tablet":{"background-color":"","background-image":"","background-repeat":"repeat","background-position":"center center","background-size":"auto","background-attachment":"scroll","background-type":"","background-media":"","overlay-type":"","overlay-color":"","overlay-opacity":"","overlay-gradient":""},"mobile":{"background-color":"","background-image":"","background-repeat":"repeat","background-position":"center center","background-size":"auto","background-attachment":"scroll","background-type":"","background-media":"","overlay-type":"","overlay-color":"","overlay-opacity":"","overlay-gradient":""}},"ast-content-background-meta":{"desktop":{"background-color":"var(--ast-global-color-5)","background-image":"","background-repeat":"repeat","background-position":"center center","background-size":"auto","background-attachment":"scroll","background-type":"","background-media":"","overlay-type":"","overlay-color":"","overlay-opacity":"","overlay-gradient":""},"tablet":{"background-color":"var(--ast-global-color-5)","background-image":"","background-repeat":"repeat","background-position":"center center","background-size":"auto","background-attachment":"scroll","background-type":"","background-media":"","overlay-type":"","overlay-color":"","overlay-opacity":"","overlay-gradient":""},"mobile":{"background-color":"var(--ast-global-color-5)","background-image":"","background-repeat":"repeat","background-position":"center center","background-size":"auto","background-attachment":"scroll","background-type":"","background-media":"","overlay-type":"","overlay-color":"","overlay-opacity":"","overlay-gradient":""}}},"product_cat":[276,6],"product_tag":[],"_links":{"self":[{"href":"https:\/\/www.celebimutfak.com\/index.php\/wp-json\/wp\/v2\/product\/255"}],"collection":[{"href":"https:\/\/www.celebimutfak.com\/index.php\/wp-json\/wp\/v2\/product"}],"about":[{"href":"https:\/\/www.celebimutfak.com\/index.php\/wp-json\/wp\/v2\/types\/product"}],"replies":[{"embeddable":true,"href":"https:\/\/www.celebimutfak.com\/index.php\/wp-json\/wp\/v2\/comments?post=255"}],"wp:featuredmedia":[{"embeddable":true,"href":"https:\/\/www.celebimutfak.com\/index.php\/wp-json\/wp\/v2\/media\/817"}],"wp:attachment":[{"href":"https:\/\/www.celebimutfak.com\/index.php\/wp-json\/wp\/v2\/media?parent=255"}],"wp:term":[{"taxonomy":"product_cat","embeddable":true,"href":"https:\/\/www.celebimutfak.com\/index.php\/wp-json\/wp\/v2\/product_cat?post=255"},{"taxonomy":"product_tag","embeddable":true,"href":"https:\/\/www.celebimutfak.com\/index.php\/wp-json\/wp\/v2\/product_tag?post=255"}],"curies":[{"name":"wp","href":"https:\/\/api.w.org\/{rel}","templated":true}]}}