{"id":24,"date":"2016-06-17T20:41:35","date_gmt":"2016-06-17T17:41:35","guid":{"rendered":"http:\/\/celebimutfak.com\/tr\/?post_type=product&#038;p=24"},"modified":"2022-05-13T19:19:09","modified_gmt":"2022-05-13T16:19:09","slug":"duvar-rafi-2-katli","status":"publish","type":"product","link":"https:\/\/www.celebimutfak.com\/index.php\/urun\/duvar-rafi-2-katli\/","title":{"rendered":"2 Katl\u0131 Duvar Raf\u0131"},"content":{"rendered":"<h2>Paslanmaz Duvar Raf\u0131<\/h2>\n<p>\u00d6zel \u00fcretim paslanmaz duvar raf\u0131 modelleri. \u00c7elebi Mutfak her \u00f6l\u00e7\u00fcde kal\u0131n sacdan mutfak raflar\u0131 ve dolaplar\u0131 imal etmektedir. Paslanmaz mutfak raflar\u0131 sanayi tipi mutfaklarda s\u0131k\u00e7a kullan\u0131lmaktad\u0131r. <strong>Krom mutfak raf\u0131<\/strong> evler i\u00e7in uygun de\u011fildir.<\/p>\n<p><strong>Mutfak raflar\u0131<\/strong> genellikle restoran, cafe, d\u0131\u015f mekan mutfaklar\u0131n s\u0131k\u00e7a kullan\u0131lmaktad\u0131r. Dolaplara s\u0131\u011fmayan bir\u00e7ok malzeme duvara monte edilen bu raflara konulabilmektedir. Paslanmaz \u00e7elik malzeme 304 s\u0131n\u0131f\u0131nda paslanmaz \u00e7elik malzeme suya kar\u015f\u0131 mutlak dayan\u0131kl\u0131d\u0131r. <strong>Her paslanmaz \u00e7elik ger\u00e7ek paslanmaz de\u011fildir<\/strong>.<\/p>\n<p>Piyasada 430 ve 201 s\u0131n\u0131f\u0131 paslanmaz \u00e7elikler s\u0131k\u00e7a kullan\u0131l\u0131yor fakat bu \u00e7elikler belirli zaman sonra pas tutuyor. 304 s\u0131n\u0131f\u0131 \u00e7elik ise suya kar\u015f\u0131 mutlak dayan\u0131kl\u0131d\u0131r ve paslanmaz.<\/p>\n<p>Siz de end\u00fcstriyel mutfak ekipmanlar\u0131 imalat\u0131 yapt\u0131rmak istiyorsan\u0131z bizimle <strong><a href=\"https:\/\/www.celebimutfak.com\/index.php\/iletisim\/\" target=\"_blank\" rel=\"noopener\">\u0130LET\u0130\u015e\u0130M&#8217;e<\/a><\/strong> ge\u00e7ebilirsiniz.<\/p>\n<p>Ayr\u0131ca bknz :<strong> <a href=\"https:\/\/www.celebimutfak.com\/index.php\/urun\/surgu-kapili-duvar-dolabi-paslanmaz\/\" target=\"_blank\" rel=\"noopener\">Kapakl\u0131 duvar dolab\u0131<\/a><\/strong><\/p>\n","protected":false},"excerpt":{"rendered":"<ul>\n<li>Tamam\u0131 304 kalite paslanmaz sacdan imal<\/li>\n<li>Ara rafl\u0131<\/li>\n<li>\u0130stenilen \u00f6l\u00e7\u00fclerde \u00fcretim<\/li>\n<li><strong><a href=\"https:\/\/www.celebimutfak.com\/index.php\/iletisim\/\" target=\"_blank\" rel=\"noopener\">\u0130LET\u0130\u015e\u0130M<\/a><\/strong><\/li>\n<\/ul>\n<p>&nbsp;<\/p>\n","protected":false},"featured_media":83,"comment_status":"open","ping_status":"closed","template":"","meta":{"site-sidebar-layout":"default","site-content-layout":"default","ast-site-content-layout":"","site-content-style":"default","site-sidebar-style":"default","ast-global-header-display":"","ast-banner-title-visibility":"","ast-main-header-display":"","ast-hfb-above-header-display":"","ast-hfb-below-header-display":"","ast-hfb-mobile-header-display":"","site-post-title":"","ast-breadcrumbs-content":"","ast-featured-img":"","footer-sml-layout":"","theme-transparent-header-meta":"default","adv-header-id-meta":"","stick-header-meta":"","header-above-stick-meta":"","header-main-stick-meta":"","header-below-stick-meta":"","astra-migrate-meta-layouts":"default","ast-page-background-enabled":"default","ast-page-background-meta":{"desktop":{"background-color":"var(--ast-global-color-4)","background-image":"","background-repeat":"repeat","background-position":"center center","background-size":"auto","background-attachment":"scroll","background-type":"","background-media":"","overlay-type":"","overlay-color":"","overlay-opacity":"","overlay-gradient":""},"tablet":{"background-color":"","background-image":"","background-repeat":"repeat","background-position":"center center","background-size":"auto","background-attachment":"scroll","background-type":"","background-media":"","overlay-type":"","overlay-color":"","overlay-opacity":"","overlay-gradient":""},"mobile":{"background-color":"","background-image":"","background-repeat":"repeat","background-position":"center center","background-size":"auto","background-attachment":"scroll","background-type":"","background-media":"","overlay-type":"","overlay-color":"","overlay-opacity":"","overlay-gradient":""}},"ast-content-background-meta":{"desktop":{"background-color":"var(--ast-global-color-5)","background-image":"","background-repeat":"repeat","background-position":"center center","background-size":"auto","background-attachment":"scroll","background-type":"","background-media":"","overlay-type":"","overlay-color":"","overlay-opacity":"","overlay-gradient":""},"tablet":{"background-color":"var(--ast-global-color-5)","background-image":"","background-repeat":"repeat","background-position":"center center","background-size":"auto","background-attachment":"scroll","background-type":"","background-media":"","overlay-type":"","overlay-color":"","overlay-opacity":"","overlay-gradient":""},"mobile":{"background-color":"var(--ast-global-color-5)","background-image":"","background-repeat":"repeat","background-position":"center center","background-size":"auto","background-attachment":"scroll","background-type":"","background-media":"","overlay-type":"","overlay-color":"","overlay-opacity":"","overlay-gradient":""}}},"product_cat":[23],"product_tag":[],"_links":{"self":[{"href":"https:\/\/www.celebimutfak.com\/index.php\/wp-json\/wp\/v2\/product\/24"}],"collection":[{"href":"https:\/\/www.celebimutfak.com\/index.php\/wp-json\/wp\/v2\/product"}],"about":[{"href":"https:\/\/www.celebimutfak.com\/index.php\/wp-json\/wp\/v2\/types\/product"}],"replies":[{"embeddable":true,"href":"https:\/\/www.celebimutfak.com\/index.php\/wp-json\/wp\/v2\/comments?post=24"}],"wp:featuredmedia":[{"embeddable":true,"href":"https:\/\/www.celebimutfak.com\/index.php\/wp-json\/wp\/v2\/media\/83"}],"wp:attachment":[{"href":"https:\/\/www.celebimutfak.com\/index.php\/wp-json\/wp\/v2\/media?parent=24"}],"wp:term":[{"taxonomy":"product_cat","embeddable":true,"href":"https:\/\/www.celebimutfak.com\/index.php\/wp-json\/wp\/v2\/product_cat?post=24"},{"taxonomy":"product_tag","embeddable":true,"href":"https:\/\/www.celebimutfak.com\/index.php\/wp-json\/wp\/v2\/product_tag?post=24"}],"curies":[{"name":"wp","href":"https:\/\/api.w.org\/{rel}","templated":true}]}}