{"id":2203,"date":"2023-12-31T23:18:32","date_gmt":"2023-12-31T20:18:32","guid":{"rendered":"https:\/\/www.celebimutfak.com\/?post_type=product&#038;p=2203"},"modified":"2025-05-09T22:12:24","modified_gmt":"2025-05-09T19:12:24","slug":"ozel-uretim-oluklu-kofte-izgarasi","status":"publish","type":"product","link":"https:\/\/www.celebimutfak.com\/index.php\/urun\/ozel-uretim-oluklu-kofte-izgarasi\/","title":{"rendered":"\u00d6zel \u00dcretim Oluklu K\u00f6fte Izgaras\u0131"},"content":{"rendered":"<h2>Oluklu Mangal Izgaras\u0131 \u0130malat\u0131<\/h2>\n<p>Oluklu mangal \u0131zgaras\u0131 ba\u015fta olmak \u00fczere paslanmaz mangal modelleri \u00fcretimi yapmaktay\u0131z. Oluklu \u0131zgaralar, et ya\u011f\u0131n\u0131 tutarak\u00a0 paslanmaz \u00e7elik ya\u011fl\u0131\u011fa biriktirir. Oluklar st37 kal\u0131n sacdan imal edilmektedir. Ya\u011fl\u0131k ise paslanmaz \u00e7eliktir.<\/p>\n<h3>Oluklu Izgarada Hangi Et Pi\u015firilir?<\/h3>\n<p>Oluklu \u0131zgarada her t\u00fcrl\u00fc et pi\u015firilebilir ancak en uygun et t\u00fcr\u00fc k\u00f6ftedir. K\u00f6fte \u00e7abuk pi\u015fen et t\u00fcr\u00fc oldu\u011fu i\u00e7in \u00e7abuk yanabilir. Bu sebeple ate\u015fe do\u011frudan maruz kalmayan \u0131zgaralarda pi\u015firilmesi daha iyi olmaktad\u0131r. Oluklu \u0131zgaralar ate\u015fi absorbe ederek k\u00f6ftenin yanmas\u0131n\u0131 engeller.<\/p>\n","protected":false},"excerpt":{"rendered":"<ul>\n<li>Verilen fiyat 45&#215;35 cm i\u00e7indir.<\/li>\n<li>\u00d6l\u00e7\u00fcye g\u00f6re \u00f6zel olarak \u00fcretilmektedir.<\/li>\n<li>Oluklu tasar\u0131ma sahiptir. Et ya\u011f\u0131 oluklardan s\u00fcz\u00fcl\u00fcr.<\/li>\n<li>S\u00fcz\u00fclen ya\u011f, ya\u011fl\u0131kta birikir.<\/li>\n<li>Ya\u011fl\u0131k, 304 kalite paslanmaz \u00e7eliktir.<\/li>\n<\/ul>\n","protected":false},"featured_media":2204,"comment_status":"open","ping_status":"closed","template":"","meta":{"site-sidebar-layout":"default","site-content-layout":"default","ast-site-content-layout":"default","site-content-style":"default","site-sidebar-style":"default","ast-global-header-display":"","ast-banner-title-visibility":"","ast-main-header-display":"","ast-hfb-above-header-display":"","ast-hfb-below-header-display":"","ast-hfb-mobile-header-display":"","site-post-title":"","ast-breadcrumbs-content":"","ast-featured-img":"","footer-sml-layout":"","theme-transparent-header-meta":"default","adv-header-id-meta":"","stick-header-meta":"","header-above-stick-meta":"","header-main-stick-meta":"","header-below-stick-meta":"","astra-migrate-meta-layouts":"set","ast-page-background-enabled":"default","ast-page-background-meta":{"desktop":{"background-color":"var(--ast-global-color-4)","background-image":"","background-repeat":"repeat","background-position":"center center","background-size":"auto","background-attachment":"scroll","background-type":"","background-media":"","overlay-type":"","overlay-color":"","overlay-opacity":"","overlay-gradient":""},"tablet":{"background-color":"","background-image":"","background-repeat":"repeat","background-position":"center center","background-size":"auto","background-attachment":"scroll","background-type":"","background-media":"","overlay-type":"","overlay-color":"","overlay-opacity":"","overlay-gradient":""},"mobile":{"background-color":"","background-image":"","background-repeat":"repeat","background-position":"center center","background-size":"auto","background-attachment":"scroll","background-type":"","background-media":"","overlay-type":"","overlay-color":"","overlay-opacity":"","overlay-gradient":""}},"ast-content-background-meta":{"desktop":{"background-color":"var(--ast-global-color-5)","background-image":"","background-repeat":"repeat","background-position":"center center","background-size":"auto","background-attachment":"scroll","background-type":"","background-media":"","overlay-type":"","overlay-color":"","overlay-opacity":"","overlay-gradient":""},"tablet":{"background-color":"var(--ast-global-color-5)","background-image":"","background-repeat":"repeat","background-position":"center center","background-size":"auto","background-attachment":"scroll","background-type":"","background-media":"","overlay-type":"","overlay-color":"","overlay-opacity":"","overlay-gradient":""},"mobile":{"background-color":"var(--ast-global-color-5)","background-image":"","background-repeat":"repeat","background-position":"center center","background-size":"auto","background-attachment":"scroll","background-type":"","background-media":"","overlay-type":"","overlay-color":"","overlay-opacity":"","overlay-gradient":""}}},"product_cat":[276],"product_tag":[],"_links":{"self":[{"href":"https:\/\/www.celebimutfak.com\/index.php\/wp-json\/wp\/v2\/product\/2203"}],"collection":[{"href":"https:\/\/www.celebimutfak.com\/index.php\/wp-json\/wp\/v2\/product"}],"about":[{"href":"https:\/\/www.celebimutfak.com\/index.php\/wp-json\/wp\/v2\/types\/product"}],"replies":[{"embeddable":true,"href":"https:\/\/www.celebimutfak.com\/index.php\/wp-json\/wp\/v2\/comments?post=2203"}],"wp:featuredmedia":[{"embeddable":true,"href":"https:\/\/www.celebimutfak.com\/index.php\/wp-json\/wp\/v2\/media\/2204"}],"wp:attachment":[{"href":"https:\/\/www.celebimutfak.com\/index.php\/wp-json\/wp\/v2\/media?parent=2203"}],"wp:term":[{"taxonomy":"product_cat","embeddable":true,"href":"https:\/\/www.celebimutfak.com\/index.php\/wp-json\/wp\/v2\/product_cat?post=2203"},{"taxonomy":"product_tag","embeddable":true,"href":"https:\/\/www.celebimutfak.com\/index.php\/wp-json\/wp\/v2\/product_tag?post=2203"}],"curies":[{"name":"wp","href":"https:\/\/api.w.org\/{rel}","templated":true}]}}