{"id":212,"date":"2016-06-30T01:32:11","date_gmt":"2016-06-29T22:32:11","guid":{"rendered":"http:\/\/www.celebimutfak.com\/?post_type=product&#038;p=212"},"modified":"2022-05-11T23:26:24","modified_gmt":"2022-05-11T20:26:24","slug":"surgu-kapili-tezgah","status":"publish","type":"product","link":"https:\/\/www.celebimutfak.com\/index.php\/urun\/surgu-kapili-tezgah\/","title":{"rendered":"S\u00fcrg\u00fc Kap\u0131l\u0131 Tezgah"},"content":{"rendered":"<h2>Krom Dolapl\u0131 Tezgah<\/h2>\n<p>Krom dolapl\u0131 tezgahlar end\u00fcstriyel mutfaklarda ve d\u0131\u015f mekan mutfaklar\u0131nda tercih edilmektedir. \u00dcst k\u0131sm\u0131<strong> \u00e7al\u0131\u015fma tezgah\u0131<\/strong> olarak kullan\u0131l\u0131r, alt k\u0131sm\u0131nda <strong>malzeme dolab\u0131<\/strong> yap\u0131lmaktad\u0131r. Firmam\u0131z\u0131n \u00fcretimini yapm\u0131\u015f oldu\u011fu dolapl\u0131 tezgah modelleri <strong>komple 304 kalite<\/strong> paslanmaz \u00e7elik sac ve profilden imal edilmektedir. Paslanmaz \u00f6zelli\u011fi sayesinde <strong>\u00e7ok uzun y\u0131llar hijyenik ve dayan\u0131kl\u0131<\/strong> \u015fekilde kullan\u0131labilmektedir.<\/p>\n<p>Krom dolapl\u0131 tezgahlar\u0131n <strong>kapaklar\u0131<\/strong> m\u00fc\u015fterilerimizin iste\u011fine g\u00f6re \u00e7arpmal\u0131 veya s\u00fcrg\u00fcl\u00fc kapak \u015feklinde \u00fcretilmektedir. <strong>\u00c7arpmal\u0131 kapaklar<\/strong> daha uzun \u00f6m\u00fcrl\u00fcd\u00fcr. <strong>S\u00fcrg\u00fc kapaklar<\/strong> ise dar alanda \u00e7al\u0131\u015fma \u00f6zelli\u011fi ile \u00f6ne \u00e7\u0131kmaktad\u0131r. Fiyat al\u0131rken veya sipari\u015f verirken istedi\u011finiz kapak \u015feklini s\u00f6ylemeyi unutmay\u0131n\u0131z.<\/p>\n<p>Dolapl\u0131 tezgah modelleri genellikle <strong>140x70x85 cm<\/strong> ebatlar\u0131nda imal edilmektedir. Bunun yan\u0131 s\u0131ra <strong>190x70x85 cm, 240x70x85 cm<\/strong> ebatlar\u0131nda da s\u0131k\u00e7a \u00fcretim mevcuttur. \u00d6zel \u00f6l\u00e7\u00fcde paslanmaz dolapl\u0131 tezgah istiyorsan\u0131z fiyat teklifi isterken belirtebilirsiniz.<\/p>\n<p>Dolapl\u0131 tezgahlar\u0131n <strong>geni\u015flik \u00f6l\u00e7\u00fcs\u00fc<\/strong> 50 cm&#8217;den ba\u015flayarak 80 cm&#8217;ye kadar de\u011fi\u015fmektedir. Genellikle en yayg\u0131n geni\u015flik 70 cm olarak tercih edilir.<\/p>\n<h3>Paslanmaz Dolapl\u0131 Tezgah Fiyatlar\u0131<\/h3>\n<p>Dolapl\u0131 <strong>tezgah fiyatlar\u0131<\/strong> paslanmaz \u00e7eli\u011fin s\u0131n\u0131f\u0131na ve kullan\u0131lacak sac\u0131n kal\u0131nl\u0131\u011f\u0131na g\u00f6re de\u011fi\u015fmektedir. Firmam\u0131z 304 kalite paslanmaz \u00e7elik kullanmaktad\u0131r. Ayaklarda 40&#215;40 mm ebatlar\u0131nda 1,2 mm et kal\u0131nl\u0131\u011f\u0131na sahip <strong>paslanmaz \u00e7elik profil<\/strong> kullanmaktad\u0131r.<\/p>\n<p>Dolapl\u0131 tezgah<strong> sac kal\u0131nl\u0131\u011f\u0131<\/strong> \u015fu \u015fekildedir: E\u011fer eviyeli(lavabolu) olursa <strong>\u00fcst tabla 1.5 mm<\/strong> sac kal\u0131nl\u0131\u011f\u0131nda olmaktad\u0131r, d\u00fcz tablal\u0131 olursa 1.2 mm kal\u0131nl\u0131\u011f\u0131ndad\u0131r. <strong>\u00c7evre saclar\u0131<\/strong> 0.8 mm&#8217;dir.\u00a0 Taban raf\u0131 en az 1 mm kal\u0131nl\u0131\u011f\u0131ndad\u0131r.<\/p>\n","protected":false},"excerpt":{"rendered":"<ul>\n<li>Tamam\u0131 304 kalite paslanmaz<\/li>\n<li>S\u00fcrg\u00fc kap\u0131l\u0131 veya \u00e7arpma kap\u0131l\u0131 \u00fcretilebilir<\/li>\n<li>\u0130stenilen \u00f6l\u00e7\u00fclerde \u00fcretim<\/li>\n<li>\u00d6zel fiyat istemek i\u00e7in :<strong> <a href=\"https:\/\/www.celebimutfak.com\/index.php\/iletisim\/\" target=\"_blank\" rel=\"noopener\">\u0130LET\u0130\u015e\u0130M<\/a><\/strong><\/li>\n<\/ul>\n","protected":false},"featured_media":213,"comment_status":"open","ping_status":"closed","template":"","meta":{"site-sidebar-layout":"default","site-content-layout":"default","ast-site-content-layout":"","site-content-style":"default","site-sidebar-style":"default","ast-global-header-display":"","ast-banner-title-visibility":"","ast-main-header-display":"","ast-hfb-above-header-display":"","ast-hfb-below-header-display":"","ast-hfb-mobile-header-display":"","site-post-title":"","ast-breadcrumbs-content":"","ast-featured-img":"","footer-sml-layout":"","theme-transparent-header-meta":"default","adv-header-id-meta":"","stick-header-meta":"","header-above-stick-meta":"","header-main-stick-meta":"","header-below-stick-meta":"","astra-migrate-meta-layouts":"default","ast-page-background-enabled":"default","ast-page-background-meta":{"desktop":{"background-color":"var(--ast-global-color-4)","background-image":"","background-repeat":"repeat","background-position":"center center","background-size":"auto","background-attachment":"scroll","background-type":"","background-media":"","overlay-type":"","overlay-color":"","overlay-opacity":"","overlay-gradient":""},"tablet":{"background-color":"","background-image":"","background-repeat":"repeat","background-position":"center center","background-size":"auto","background-attachment":"scroll","background-type":"","background-media":"","overlay-type":"","overlay-color":"","overlay-opacity":"","overlay-gradient":""},"mobile":{"background-color":"","background-image":"","background-repeat":"repeat","background-position":"center center","background-size":"auto","background-attachment":"scroll","background-type":"","background-media":"","overlay-type":"","overlay-color":"","overlay-opacity":"","overlay-gradient":""}},"ast-content-background-meta":{"desktop":{"background-color":"var(--ast-global-color-5)","background-image":"","background-repeat":"repeat","background-position":"center center","background-size":"auto","background-attachment":"scroll","background-type":"","background-media":"","overlay-type":"","overlay-color":"","overlay-opacity":"","overlay-gradient":""},"tablet":{"background-color":"var(--ast-global-color-5)","background-image":"","background-repeat":"repeat","background-position":"center center","background-size":"auto","background-attachment":"scroll","background-type":"","background-media":"","overlay-type":"","overlay-color":"","overlay-opacity":"","overlay-gradient":""},"mobile":{"background-color":"var(--ast-global-color-5)","background-image":"","background-repeat":"repeat","background-position":"center center","background-size":"auto","background-attachment":"scroll","background-type":"","background-media":"","overlay-type":"","overlay-color":"","overlay-opacity":"","overlay-gradient":""}}},"product_cat":[105],"product_tag":[],"_links":{"self":[{"href":"https:\/\/www.celebimutfak.com\/index.php\/wp-json\/wp\/v2\/product\/212"}],"collection":[{"href":"https:\/\/www.celebimutfak.com\/index.php\/wp-json\/wp\/v2\/product"}],"about":[{"href":"https:\/\/www.celebimutfak.com\/index.php\/wp-json\/wp\/v2\/types\/product"}],"replies":[{"embeddable":true,"href":"https:\/\/www.celebimutfak.com\/index.php\/wp-json\/wp\/v2\/comments?post=212"}],"wp:featuredmedia":[{"embeddable":true,"href":"https:\/\/www.celebimutfak.com\/index.php\/wp-json\/wp\/v2\/media\/213"}],"wp:attachment":[{"href":"https:\/\/www.celebimutfak.com\/index.php\/wp-json\/wp\/v2\/media?parent=212"}],"wp:term":[{"taxonomy":"product_cat","embeddable":true,"href":"https:\/\/www.celebimutfak.com\/index.php\/wp-json\/wp\/v2\/product_cat?post=212"},{"taxonomy":"product_tag","embeddable":true,"href":"https:\/\/www.celebimutfak.com\/index.php\/wp-json\/wp\/v2\/product_tag?post=212"}],"curies":[{"name":"wp","href":"https:\/\/api.w.org\/{rel}","templated":true}]}}