{"id":208,"date":"2016-06-30T01:10:00","date_gmt":"2016-06-29T22:10:00","guid":{"rendered":"http:\/\/www.celebimutfak.com\/?post_type=product&#038;p=208"},"modified":"2025-12-04T01:04:04","modified_gmt":"2025-12-03T22:04:04","slug":"polietilen-tablali-tezgah","status":"publish","type":"product","link":"https:\/\/www.celebimutfak.com\/index.php\/urun\/polietilen-tablali-tezgah\/","title":{"rendered":"Polietilen Tablal\u0131 Et Do\u011frama Tezgah\u0131"},"content":{"rendered":"<h2>Krom Et Do\u011frama Tezgah\u0131<\/h2>\n<p><strong>Krom et do\u011frama tezgahlar\u0131<\/strong> polietilen tablaya sahiptir. Polietilen malzeme \u00f6zellikle sebze ve et do\u011frama tezgahlar\u0131 i\u00e7in kullan\u0131lmaktad\u0131r. E\u011fer bu krom tezgah, et do\u011frama i\u015fleri i\u00e7in kullan\u0131lacaksa \u00fczerindeki polietilen tabla 3 veya 4 cm kal\u0131nl\u0131kta olmas\u0131 yeterlidir.<\/p>\n<p>Et do\u011frama tezgah\u0131n\u0131n mutfakta konumlanaca\u011f\u0131 yere g\u00f6re \u00fcst tabla \u015fekli farkl\u0131l\u0131k g\u00f6sterebilir. \u00d6rne\u011fin et do\u011frama tezgah\u0131, duvara yasl\u0131 \u015fekilde kullan\u0131lacaksa duvar k\u0131sm\u0131nda s\u0131rt olmal\u0131d\u0131r. Tezgah \u00fczerinde sat\u0131rla kemik kesme yap\u0131lacaksa 10 cm kal\u0131nl\u0131k ideal olacakt\u0131r. Polietilen kal\u0131nl\u0131k \u00f6l\u00e7\u00fcleri m\u00fc\u015fteri iste\u011fine g\u00f6re de\u011fi\u015fiklik g\u00f6sterebilmektedir.<\/p>\n<h3>Polietilen Et Do\u011frama Tezgah\u0131 \u00d6zellikleri<\/h3>\n<ul>\n<li>304 kalite paslanmaz \u00e7elik ayaklar ve destek saclar\u0131 vard\u0131r.<\/li>\n<li>Ayak profilleri 40&#215;40 mm 304 kalite paslanmaz \u00e7eliktir.<\/li>\n<li>Et do\u011frama tezgah\u0131n\u0131n standart \u00f6l\u00e7\u00fcs\u00fc 140x70x85 cm (\u00f6zel ebat i\u00e7in ileti\u015fime ge\u00e7iniz)<\/li>\n<li>Kaynakl\u0131 montajl\u0131 olarak \u00fcretmekteyiz (demonte de\u011fildir).<\/li>\n<li>Esnemeyi azaltmak i\u00e7in destek saclar\u0131 (atk\u0131 saclar\u0131) vard\u0131r.<\/li>\n<\/ul>\n","protected":false},"excerpt":{"rendered":"<ul>\n<li>\u0130stenilen \u00f6l\u00e7\u00fclerde \u00fcretilmektedir.<\/li>\n<li>Et do\u011frama ama\u00e7l\u0131 kullan\u0131lmaktad\u0131r.<\/li>\n<li>40&#215;40 mm paslanmaz \u00e7elik ayaklara sahiptir.<\/li>\n<li>Zemine temas eden k\u0131sm\u0131 y\u00fckseklik ayarl\u0131 rotil ayak.<\/li>\n<li>\u0130stenirse sadece et do\u011frama tahtas\u0131 olarak da sat\u0131labilir.<\/li>\n<li>304 kalite paslanmaz \u00e7elik sac ve profilden \u00fcretilmektedir.<\/li>\n<li>Fiyat bilgisi i\u00e7in <strong><a href=\"https:\/\/www.celebimutfak.com\/index.php\/iletisim\/\" target=\"_blank\" rel=\"noopener\">\u0130LET\u0130\u015e\u0130M<\/a><\/strong><\/li>\n<\/ul>\n<p>&nbsp;<\/p>\n","protected":false},"featured_media":209,"comment_status":"open","ping_status":"closed","template":"","meta":{"site-sidebar-layout":"default","site-content-layout":"default","ast-site-content-layout":"default","site-content-style":"default","site-sidebar-style":"default","ast-global-header-display":"","ast-banner-title-visibility":"","ast-main-header-display":"","ast-hfb-above-header-display":"","ast-hfb-below-header-display":"","ast-hfb-mobile-header-display":"","site-post-title":"","ast-breadcrumbs-content":"","ast-featured-img":"","footer-sml-layout":"","theme-transparent-header-meta":"default","adv-header-id-meta":"","stick-header-meta":"","header-above-stick-meta":"","header-main-stick-meta":"","header-below-stick-meta":"","astra-migrate-meta-layouts":"set","ast-page-background-enabled":"default","ast-page-background-meta":{"desktop":{"background-color":"var(--ast-global-color-4)","background-image":"","background-repeat":"repeat","background-position":"center center","background-size":"auto","background-attachment":"scroll","background-type":"","background-media":"","overlay-type":"","overlay-color":"","overlay-opacity":"","overlay-gradient":""},"tablet":{"background-color":"","background-image":"","background-repeat":"repeat","background-position":"center center","background-size":"auto","background-attachment":"scroll","background-type":"","background-media":"","overlay-type":"","overlay-color":"","overlay-opacity":"","overlay-gradient":""},"mobile":{"background-color":"","background-image":"","background-repeat":"repeat","background-position":"center center","background-size":"auto","background-attachment":"scroll","background-type":"","background-media":"","overlay-type":"","overlay-color":"","overlay-opacity":"","overlay-gradient":""}},"ast-content-background-meta":{"desktop":{"background-color":"var(--ast-global-color-5)","background-image":"","background-repeat":"repeat","background-position":"center center","background-size":"auto","background-attachment":"scroll","background-type":"","background-media":"","overlay-type":"","overlay-color":"","overlay-opacity":"","overlay-gradient":""},"tablet":{"background-color":"var(--ast-global-color-5)","background-image":"","background-repeat":"repeat","background-position":"center center","background-size":"auto","background-attachment":"scroll","background-type":"","background-media":"","overlay-type":"","overlay-color":"","overlay-opacity":"","overlay-gradient":""},"mobile":{"background-color":"var(--ast-global-color-5)","background-image":"","background-repeat":"repeat","background-position":"center center","background-size":"auto","background-attachment":"scroll","background-type":"","background-media":"","overlay-type":"","overlay-color":"","overlay-opacity":"","overlay-gradient":""}}},"product_cat":[94],"product_tag":[],"_links":{"self":[{"href":"https:\/\/www.celebimutfak.com\/index.php\/wp-json\/wp\/v2\/product\/208"}],"collection":[{"href":"https:\/\/www.celebimutfak.com\/index.php\/wp-json\/wp\/v2\/product"}],"about":[{"href":"https:\/\/www.celebimutfak.com\/index.php\/wp-json\/wp\/v2\/types\/product"}],"replies":[{"embeddable":true,"href":"https:\/\/www.celebimutfak.com\/index.php\/wp-json\/wp\/v2\/comments?post=208"}],"wp:featuredmedia":[{"embeddable":true,"href":"https:\/\/www.celebimutfak.com\/index.php\/wp-json\/wp\/v2\/media\/209"}],"wp:attachment":[{"href":"https:\/\/www.celebimutfak.com\/index.php\/wp-json\/wp\/v2\/media?parent=208"}],"wp:term":[{"taxonomy":"product_cat","embeddable":true,"href":"https:\/\/www.celebimutfak.com\/index.php\/wp-json\/wp\/v2\/product_cat?post=208"},{"taxonomy":"product_tag","embeddable":true,"href":"https:\/\/www.celebimutfak.com\/index.php\/wp-json\/wp\/v2\/product_tag?post=208"}],"curies":[{"name":"wp","href":"https:\/\/api.w.org\/{rel}","templated":true}]}}