{"id":206,"date":"2016-06-30T01:03:32","date_gmt":"2016-06-29T22:03:32","guid":{"rendered":"http:\/\/www.celebimutfak.com\/?post_type=product&#038;p=206"},"modified":"2023-01-09T22:07:19","modified_gmt":"2023-01-09T19:07:19","slug":"kazan-yikama-eviyesi","status":"publish","type":"product","link":"https:\/\/www.celebimutfak.com\/index.php\/urun\/kazan-yikama-eviyesi\/","title":{"rendered":"Kazan Y\u0131kama Eviyesi"},"content":{"rendered":"<h2>Paslanmaz Y\u0131kama Teknesi<\/h2>\n<p>Firmam\u0131z kullan\u0131m amac\u0131na g\u00f6re farkl\u0131 \u00f6l\u00e7\u00fc ve modelde paslanmaz y\u0131kama tekneleri \u00fcretmektedir. Komple 304 kalite paslanmaz \u00e7elik sac ve profilden imal edilmektedir.<\/p>\n<p><strong><a href=\"https:\/\/www.celebimutfak.com\/index.php\/iletisim\/\" target=\"_blank\" rel=\"noopener\">\u0130LET\u0130\u015e\u0130M<\/a><\/strong><\/p>\n<figure id=\"attachment_1520\" aria-describedby=\"caption-attachment-1520\" style=\"width: 1024px\" class=\"wp-caption aligncenter\"><a href=\"https:\/\/www.celebimutfak.com\/?attachment_id=1520\" rel=\"attachment wp-att-1520\"><img decoding=\"async\" class=\"wp-image-1520 size-full\" src=\"https:\/\/www.celebimutfak.com\/wp-content\/uploads\/2016\/06\/paslanmaz-yikama-teknesi-havuzu.jpg\" alt=\"Paslanmaz y\u0131kama teknesi b\u00fcy\u00fck\" width=\"1024\" height=\"1024\" srcset=\"https:\/\/www.celebimutfak.com\/wp-content\/uploads\/2016\/06\/paslanmaz-yikama-teknesi-havuzu.jpg 1024w, https:\/\/www.celebimutfak.com\/wp-content\/uploads\/2016\/06\/paslanmaz-yikama-teknesi-havuzu-100x100.jpg 100w, https:\/\/www.celebimutfak.com\/wp-content\/uploads\/2016\/06\/paslanmaz-yikama-teknesi-havuzu-600x600.jpg 600w\" sizes=\"(max-width: 1024px) 100vw, 1024px\" \/><\/a><figcaption id=\"caption-attachment-1520\" class=\"wp-caption-text\">krom y\u0131kama teknesi<\/figcaption><\/figure>\n<p>Yukar\u0131da g\u00f6rd\u00fc\u011f\u00fcn\u00fcz krom y\u0131kama teknesi 304 kalite paslanmaz \u00e7elik sacdan k\u00fcvete sahiptir. Ayaklar\u0131 yine paslanmaz \u00e7elik 40&#215;40 mm ebatlar\u0131ndaki kutu profilden olu\u015fmaktad\u0131r.<\/p>\n<p>Krom k\u00fcvetimiz argon kayna\u011f\u0131(tig) ile su s\u0131zd\u0131rmas\u0131n\u0131 \u00f6nleyici \u015fekilde kaynakl\u0131 olarak \u00fcretilmi\u015ftir. Argon kayna\u011f\u0131 sayesinde su s\u0131zd\u0131rmazd\u0131r. Krom tekne i\u00e7inde her t\u00fcrl\u00fc mutfak ekipmanlar\u0131n\u0131z\u0131 y\u0131kayabilirsiniz.<\/p>\n<figure id=\"attachment_1950\" aria-describedby=\"caption-attachment-1950\" style=\"width: 1024px\" class=\"wp-caption aligncenter\"><a href=\"https:\/\/www.celebimutfak.com\/wp-content\/uploads\/2016\/06\/krom-yikama-teknesi-buyuk.jpg\"><img decoding=\"async\" class=\"wp-image-1950 size-full\" src=\"https:\/\/www.celebimutfak.com\/wp-content\/uploads\/2016\/06\/krom-yikama-teknesi-buyuk.jpg\" alt=\"krom y\u0131kama teknesi\" width=\"1024\" height=\"825\" srcset=\"https:\/\/www.celebimutfak.com\/wp-content\/uploads\/2016\/06\/krom-yikama-teknesi-buyuk.jpg 1024w, https:\/\/www.celebimutfak.com\/wp-content\/uploads\/2016\/06\/krom-yikama-teknesi-buyuk-300x242.jpg 300w, https:\/\/www.celebimutfak.com\/wp-content\/uploads\/2016\/06\/krom-yikama-teknesi-buyuk-768x619.jpg 768w, https:\/\/www.celebimutfak.com\/wp-content\/uploads\/2016\/06\/krom-yikama-teknesi-buyuk-600x483.jpg 600w\" sizes=\"(max-width: 1024px) 100vw, 1024px\" \/><\/a><figcaption id=\"caption-attachment-1950\" class=\"wp-caption-text\">krom y\u0131kama teknesi<\/figcaption><\/figure>\n<p>&nbsp;<\/p>\n<p>&nbsp;<\/p>\n","protected":false},"excerpt":{"rendered":"<ul>\n<li>Verilen fiyat 120&#8217;lik kazanlar i\u00e7in y\u0131kama eviyesi fiyat\u0131d\u0131r. K\u00fc\u00e7\u00fck kazan teknesi istenirse fiyat d\u00fc\u015fecektir.<\/li>\n<li>Izgaral\u0131, eviyeli<\/li>\n<li>Tamam\u0131 paslanmaz<\/li>\n<li>\u0130stenilen \u00f6l\u00e7\u00fclerde imalat<\/li>\n<\/ul>\n","protected":false},"featured_media":207,"comment_status":"open","ping_status":"closed","template":"","meta":{"site-sidebar-layout":"default","site-content-layout":"default","ast-site-content-layout":"","site-content-style":"default","site-sidebar-style":"default","ast-global-header-display":"","ast-banner-title-visibility":"","ast-main-header-display":"","ast-hfb-above-header-display":"","ast-hfb-below-header-display":"","ast-hfb-mobile-header-display":"","site-post-title":"","ast-breadcrumbs-content":"","ast-featured-img":"","footer-sml-layout":"","theme-transparent-header-meta":"default","adv-header-id-meta":"","stick-header-meta":"","header-above-stick-meta":"","header-main-stick-meta":"","header-below-stick-meta":"","astra-migrate-meta-layouts":"default","ast-page-background-enabled":"default","ast-page-background-meta":{"desktop":{"background-color":"var(--ast-global-color-4)","background-image":"","background-repeat":"repeat","background-position":"center center","background-size":"auto","background-attachment":"scroll","background-type":"","background-media":"","overlay-type":"","overlay-color":"","overlay-opacity":"","overlay-gradient":""},"tablet":{"background-color":"","background-image":"","background-repeat":"repeat","background-position":"center center","background-size":"auto","background-attachment":"scroll","background-type":"","background-media":"","overlay-type":"","overlay-color":"","overlay-opacity":"","overlay-gradient":""},"mobile":{"background-color":"","background-image":"","background-repeat":"repeat","background-position":"center center","background-size":"auto","background-attachment":"scroll","background-type":"","background-media":"","overlay-type":"","overlay-color":"","overlay-opacity":"","overlay-gradient":""}},"ast-content-background-meta":{"desktop":{"background-color":"var(--ast-global-color-5)","background-image":"","background-repeat":"repeat","background-position":"center center","background-size":"auto","background-attachment":"scroll","background-type":"","background-media":"","overlay-type":"","overlay-color":"","overlay-opacity":"","overlay-gradient":""},"tablet":{"background-color":"var(--ast-global-color-5)","background-image":"","background-repeat":"repeat","background-position":"center center","background-size":"auto","background-attachment":"scroll","background-type":"","background-media":"","overlay-type":"","overlay-color":"","overlay-opacity":"","overlay-gradient":""},"mobile":{"background-color":"var(--ast-global-color-5)","background-image":"","background-repeat":"repeat","background-position":"center center","background-size":"auto","background-attachment":"scroll","background-type":"","background-media":"","overlay-type":"","overlay-color":"","overlay-opacity":"","overlay-gradient":""}}},"product_cat":[95],"product_tag":[],"_links":{"self":[{"href":"https:\/\/www.celebimutfak.com\/index.php\/wp-json\/wp\/v2\/product\/206"}],"collection":[{"href":"https:\/\/www.celebimutfak.com\/index.php\/wp-json\/wp\/v2\/product"}],"about":[{"href":"https:\/\/www.celebimutfak.com\/index.php\/wp-json\/wp\/v2\/types\/product"}],"replies":[{"embeddable":true,"href":"https:\/\/www.celebimutfak.com\/index.php\/wp-json\/wp\/v2\/comments?post=206"}],"wp:featuredmedia":[{"embeddable":true,"href":"https:\/\/www.celebimutfak.com\/index.php\/wp-json\/wp\/v2\/media\/207"}],"wp:attachment":[{"href":"https:\/\/www.celebimutfak.com\/index.php\/wp-json\/wp\/v2\/media?parent=206"}],"wp:term":[{"taxonomy":"product_cat","embeddable":true,"href":"https:\/\/www.celebimutfak.com\/index.php\/wp-json\/wp\/v2\/product_cat?post=206"},{"taxonomy":"product_tag","embeddable":true,"href":"https:\/\/www.celebimutfak.com\/index.php\/wp-json\/wp\/v2\/product_tag?post=206"}],"curies":[{"name":"wp","href":"https:\/\/api.w.org\/{rel}","templated":true}]}}