{"id":204,"date":"2016-06-29T04:04:30","date_gmt":"2016-06-29T01:04:30","guid":{"rendered":"http:\/\/www.celebimutfak.com\/?post_type=product&#038;p=204"},"modified":"2023-04-14T18:11:40","modified_gmt":"2023-04-14T15:11:40","slug":"calisma-tezgahi","status":"publish","type":"product","link":"https:\/\/www.celebimutfak.com\/index.php\/urun\/calisma-tezgahi\/","title":{"rendered":"Krom \u00c7al\u0131\u015fma Tezgah\u0131"},"content":{"rendered":"<h3>Krom Tezgah \u00d6l\u00e7\u00fcleri<\/h3>\n<p>Krom tezgahlar <strong>standart olarak 140 cm<\/strong> uzunlu\u011funda imal edilir. Piyasada kabul edilen en genel uzunluk \u00f6l\u00e7\u00fcs\u00fc 140 cm&#8217;dir. Tabi 140 cm&#8217;den daha k\u0131sa ve daha uzun tezgah imalat\u0131m\u0131z da mevcuttur. 140 cm ve daha k\u0131sa tezgahlar ayn\u0131 kategoride de\u011ferlendirilir. \u00d6rne\u011fin uzunlu\u011fu 90 cm ile olan tezgahla 140 cm olan tezgah aras\u0131nda maliyet a\u00e7\u0131s\u0131ndan pek fark olmaz.<\/p>\n<p>140 cm&#8217;den uzun tezgahlar 190 cm&#8217;ye kadar ayn\u0131 kategoride de\u011ferlendirilir. Yani 140 cm bir tezgahla 190 cm ba\u015fka bir tezgah\u0131n maliyeti birbirine yak\u0131nd\u0131r. 140 cm&#8217;den uzun tezgah istiyorsan\u0131z 190 cm tezgah alman\u0131z sizin i\u00e7in en mant\u0131kl\u0131s\u0131 olacakt\u0131r. Tabi 190 cm tezgah\u0131 koyacak yeriniz varsa.<\/p>\n<h3>Krom Tezgah Fiyatlar\u0131<\/h3>\n<p>Krom tezgah fiyatlar\u0131 malzeme kalitesine ve tezgah \u00f6l\u00e7\u00fclerine g\u00f6re de\u011fi\u015fmektedir. Yakla\u015f\u0131k tezgah fiyatlar\u0131 \u015fu \u015fekildedir:<\/p>\n<ul>\n<li>140x60x85 cm krom tezgah 180$<\/li>\n<li>190x60x85 cm krom tezgah 210$<\/li>\n<li>210x60x85 cm krom tezgah 230$<\/li>\n<li>290x60x85 cm krom tezgah 280$<\/li>\n<\/ul>\n<p>Tezgah <strong>\u00fcst tabla kal\u0131nl\u0131\u011f\u0131 1,2 mm&#8217;dir.<\/strong><\/p>\n<p>Sac kalitesi <strong>304 kalitedir<\/strong>.<\/p>\n<p><strong>Ayak profilleri<\/strong> 40x40mm ebatlar\u0131nda 1,2 mm kal\u0131nl\u0131\u011f\u0131ndad\u0131r.<\/p>\n<p><a href=\"https:\/\/www.celebimutfak.com\/index.php\/urun-kategori\/paslanmaz-tezgahlar\/\" target=\"_blank\" rel=\"noopener\">Krom Tezgah Modelleri<\/a><\/p>\n<p>&nbsp;<\/p>\n","protected":false},"excerpt":{"rendered":"<ul>\n<li>\u0130stenilen \u00f6l\u00e7\u00fclerde \u00fcretim<\/li>\n<li>304 kalite paslanmaz sac<\/li>\n<li>Alt tablal\u0131 veya alt a\u00e7\u0131k \u015fekilde<\/li>\n<li>40x40mm profile ge\u00e7meli y\u00fckseklik ayarlanabilir ayak<\/li>\n<li>Bant ve profil destekli<\/li>\n<\/ul>\n","protected":false},"featured_media":205,"comment_status":"open","ping_status":"closed","template":"","meta":{"site-sidebar-layout":"default","site-content-layout":"default","ast-site-content-layout":"","site-content-style":"default","site-sidebar-style":"default","ast-global-header-display":"","ast-banner-title-visibility":"","ast-main-header-display":"","ast-hfb-above-header-display":"","ast-hfb-below-header-display":"","ast-hfb-mobile-header-display":"","site-post-title":"","ast-breadcrumbs-content":"","ast-featured-img":"","footer-sml-layout":"","theme-transparent-header-meta":"default","adv-header-id-meta":"","stick-header-meta":"","header-above-stick-meta":"","header-main-stick-meta":"","header-below-stick-meta":"","astra-migrate-meta-layouts":"default","ast-page-background-enabled":"default","ast-page-background-meta":{"desktop":{"background-color":"var(--ast-global-color-4)","background-image":"","background-repeat":"repeat","background-position":"center center","background-size":"auto","background-attachment":"scroll","background-type":"","background-media":"","overlay-type":"","overlay-color":"","overlay-opacity":"","overlay-gradient":""},"tablet":{"background-color":"","background-image":"","background-repeat":"repeat","background-position":"center center","background-size":"auto","background-attachment":"scroll","background-type":"","background-media":"","overlay-type":"","overlay-color":"","overlay-opacity":"","overlay-gradient":""},"mobile":{"background-color":"","background-image":"","background-repeat":"repeat","background-position":"center center","background-size":"auto","background-attachment":"scroll","background-type":"","background-media":"","overlay-type":"","overlay-color":"","overlay-opacity":"","overlay-gradient":""}},"ast-content-background-meta":{"desktop":{"background-color":"var(--ast-global-color-5)","background-image":"","background-repeat":"repeat","background-position":"center center","background-size":"auto","background-attachment":"scroll","background-type":"","background-media":"","overlay-type":"","overlay-color":"","overlay-opacity":"","overlay-gradient":""},"tablet":{"background-color":"var(--ast-global-color-5)","background-image":"","background-repeat":"repeat","background-position":"center center","background-size":"auto","background-attachment":"scroll","background-type":"","background-media":"","overlay-type":"","overlay-color":"","overlay-opacity":"","overlay-gradient":""},"mobile":{"background-color":"var(--ast-global-color-5)","background-image":"","background-repeat":"repeat","background-position":"center center","background-size":"auto","background-attachment":"scroll","background-type":"","background-media":"","overlay-type":"","overlay-color":"","overlay-opacity":"","overlay-gradient":""}}},"product_cat":[94],"product_tag":[],"_links":{"self":[{"href":"https:\/\/www.celebimutfak.com\/index.php\/wp-json\/wp\/v2\/product\/204"}],"collection":[{"href":"https:\/\/www.celebimutfak.com\/index.php\/wp-json\/wp\/v2\/product"}],"about":[{"href":"https:\/\/www.celebimutfak.com\/index.php\/wp-json\/wp\/v2\/types\/product"}],"replies":[{"embeddable":true,"href":"https:\/\/www.celebimutfak.com\/index.php\/wp-json\/wp\/v2\/comments?post=204"}],"wp:featuredmedia":[{"embeddable":true,"href":"https:\/\/www.celebimutfak.com\/index.php\/wp-json\/wp\/v2\/media\/205"}],"wp:attachment":[{"href":"https:\/\/www.celebimutfak.com\/index.php\/wp-json\/wp\/v2\/media?parent=204"}],"wp:term":[{"taxonomy":"product_cat","embeddable":true,"href":"https:\/\/www.celebimutfak.com\/index.php\/wp-json\/wp\/v2\/product_cat?post=204"},{"taxonomy":"product_tag","embeddable":true,"href":"https:\/\/www.celebimutfak.com\/index.php\/wp-json\/wp\/v2\/product_tag?post=204"}],"curies":[{"name":"wp","href":"https:\/\/api.w.org\/{rel}","templated":true}]}}