{"id":1898,"date":"2022-11-12T23:44:22","date_gmt":"2022-11-12T20:44:22","guid":{"rendered":"https:\/\/www.celebimutfak.com\/?post_type=product&#038;p=1898"},"modified":"2024-12-04T22:38:39","modified_gmt":"2024-12-04T19:38:39","slug":"benmari-kuvet-kapagi-gn-1-1-kapak","status":"publish","type":"product","link":"https:\/\/www.celebimutfak.com\/index.php\/urun\/benmari-kuvet-kapagi-gn-1-1-kapak\/","title":{"rendered":"Benmari K\u00fcvet Kapa\u011f\u0131 GN 1\/1 Kapak"},"content":{"rendered":"<h2>Yemek Kab\u0131 Kapa\u011f\u0131<\/h2>\n<p>GN 1\/1 yemek k\u00fcvet kapaklar\u0131, benmari tezgahlar\u0131nda kullan\u0131lmaktad\u0131r. Benmari tezgah\u0131nda kullan\u0131lan 1\/1 k\u00fcvetlerin kapaklar\u0131d\u0131r. Uygun fiyatl\u0131 benmari kapa\u011f\u0131 sat\u0131\u015f\u0131m\u0131z mevcuttur.<\/p>\n<p>Benmari k\u00fcvet kapa\u011f\u0131 304 kalite paslanmaz \u00e7eliktir. Sac kal\u0131nl\u0131\u011f\u0131 0.8 mm&#8217;dir.<\/p>\n<h3>Benmari Yemek K\u00fcveti<\/h3>\n<p><a href=\"https:\/\/www.celebimutfak.com\/wp-content\/uploads\/2020\/07\/paslanmaz-yemek-kuvetleri-gn.jpg\"><img decoding=\"async\" class=\"aligncenter size-full wp-image-830\" src=\"https:\/\/www.celebimutfak.com\/wp-content\/uploads\/2020\/07\/paslanmaz-yemek-kuvetleri-gn.jpg\" alt=\"\u00c7elik Yemek Kaplar\u0131 Standart\" width=\"800\" height=\"545\" srcset=\"https:\/\/www.celebimutfak.com\/wp-content\/uploads\/2020\/07\/paslanmaz-yemek-kuvetleri-gn.jpg 800w, https:\/\/www.celebimutfak.com\/wp-content\/uploads\/2020\/07\/paslanmaz-yemek-kuvetleri-gn-600x409.jpg 600w, https:\/\/www.celebimutfak.com\/wp-content\/uploads\/2020\/07\/paslanmaz-yemek-kuvetleri-gn-300x204.jpg 300w, https:\/\/www.celebimutfak.com\/wp-content\/uploads\/2020\/07\/paslanmaz-yemek-kuvetleri-gn-768x523.jpg 768w\" sizes=\"(max-width: 800px) 100vw, 800px\" \/><\/a><\/p>\n<p>Benmari k\u00fcvetleri \u00e7e\u015fitli \u00f6l\u00e7\u00fclerde olmaktad\u0131r. En \u00e7ok kullan\u0131lan yemek k\u00fcveti 1\/1 yemek k\u00fcvetidir: 1\/1 <a href=\"https:\/\/www.celebimutfak.com\/index.php\/urun\/benmari-kuveti-15cm-gn1-1\/\" target=\"_blank\" rel=\"noopener\">Benmari yemek k\u00fcveti<\/a>.<\/p>\n","protected":false},"excerpt":{"rendered":"<ul>\n<li>GN 1\/1 k\u00fcvet kapa\u011f\u0131.<\/li>\n<li>304 kalite paslanmaz \u00e7eliktir.<\/li>\n<li>Benmari k\u00fcvet kapa\u011f\u0131 olarak bilinmektedir.<\/li>\n<li>10 adet ve \u00fczeri sat\u0131\u015f\u0131m\u0131z mevcuttur.<\/li>\n<\/ul>\n","protected":false},"featured_media":1899,"comment_status":"open","ping_status":"closed","template":"","meta":{"site-sidebar-layout":"default","site-content-layout":"default","ast-site-content-layout":"","site-content-style":"default","site-sidebar-style":"default","ast-global-header-display":"","ast-banner-title-visibility":"","ast-main-header-display":"","ast-hfb-above-header-display":"","ast-hfb-below-header-display":"","ast-hfb-mobile-header-display":"","site-post-title":"","ast-breadcrumbs-content":"","ast-featured-img":"","footer-sml-layout":"","theme-transparent-header-meta":"default","adv-header-id-meta":"","stick-header-meta":"","header-above-stick-meta":"","header-main-stick-meta":"","header-below-stick-meta":"","astra-migrate-meta-layouts":"default","ast-page-background-enabled":"default","ast-page-background-meta":{"desktop":{"background-color":"var(--ast-global-color-4)","background-image":"","background-repeat":"repeat","background-position":"center center","background-size":"auto","background-attachment":"scroll","background-type":"","background-media":"","overlay-type":"","overlay-color":"","overlay-opacity":"","overlay-gradient":""},"tablet":{"background-color":"","background-image":"","background-repeat":"repeat","background-position":"center center","background-size":"auto","background-attachment":"scroll","background-type":"","background-media":"","overlay-type":"","overlay-color":"","overlay-opacity":"","overlay-gradient":""},"mobile":{"background-color":"","background-image":"","background-repeat":"repeat","background-position":"center center","background-size":"auto","background-attachment":"scroll","background-type":"","background-media":"","overlay-type":"","overlay-color":"","overlay-opacity":"","overlay-gradient":""}},"ast-content-background-meta":{"desktop":{"background-color":"var(--ast-global-color-5)","background-image":"","background-repeat":"repeat","background-position":"center center","background-size":"auto","background-attachment":"scroll","background-type":"","background-media":"","overlay-type":"","overlay-color":"","overlay-opacity":"","overlay-gradient":""},"tablet":{"background-color":"var(--ast-global-color-5)","background-image":"","background-repeat":"repeat","background-position":"center center","background-size":"auto","background-attachment":"scroll","background-type":"","background-media":"","overlay-type":"","overlay-color":"","overlay-opacity":"","overlay-gradient":""},"mobile":{"background-color":"var(--ast-global-color-5)","background-image":"","background-repeat":"repeat","background-position":"center center","background-size":"auto","background-attachment":"scroll","background-type":"","background-media":"","overlay-type":"","overlay-color":"","overlay-opacity":"","overlay-gradient":""}}},"product_cat":[186,124,425],"product_tag":[],"_links":{"self":[{"href":"https:\/\/www.celebimutfak.com\/index.php\/wp-json\/wp\/v2\/product\/1898"}],"collection":[{"href":"https:\/\/www.celebimutfak.com\/index.php\/wp-json\/wp\/v2\/product"}],"about":[{"href":"https:\/\/www.celebimutfak.com\/index.php\/wp-json\/wp\/v2\/types\/product"}],"replies":[{"embeddable":true,"href":"https:\/\/www.celebimutfak.com\/index.php\/wp-json\/wp\/v2\/comments?post=1898"}],"wp:featuredmedia":[{"embeddable":true,"href":"https:\/\/www.celebimutfak.com\/index.php\/wp-json\/wp\/v2\/media\/1899"}],"wp:attachment":[{"href":"https:\/\/www.celebimutfak.com\/index.php\/wp-json\/wp\/v2\/media?parent=1898"}],"wp:term":[{"taxonomy":"product_cat","embeddable":true,"href":"https:\/\/www.celebimutfak.com\/index.php\/wp-json\/wp\/v2\/product_cat?post=1898"},{"taxonomy":"product_tag","embeddable":true,"href":"https:\/\/www.celebimutfak.com\/index.php\/wp-json\/wp\/v2\/product_tag?post=1898"}],"curies":[{"name":"wp","href":"https:\/\/api.w.org\/{rel}","templated":true}]}}