{"id":1895,"date":"2022-11-12T23:46:53","date_gmt":"2022-11-12T20:46:53","guid":{"rendered":"https:\/\/www.celebimutfak.com\/?post_type=product&#038;p=1895"},"modified":"2024-12-04T22:38:39","modified_gmt":"2024-12-04T19:38:39","slug":"benmari-kuveti-15cm-gn1-1","status":"publish","type":"product","link":"https:\/\/www.celebimutfak.com\/index.php\/urun\/benmari-kuveti-15cm-gn1-1\/","title":{"rendered":"Benmari K\u00fcveti 15 cm GN 1\/1"},"content":{"rendered":"<h2>Benmari K\u00fcveti<\/h2>\n<p>Benmari k\u00fcveti, s\u0131cak yemek tezgahlar\u0131nda kullan\u0131lan gastronom k\u00fcvetlerdir. Gastronom k\u00fcvetler <strong>304 kalite<\/strong> paslanmaz \u00e7elikten imal edilmektedir. Gastronom k\u00fcvetler k\u0131saca GN olarak adland\u0131r\u0131lmaktad\u0131r. D\u00fcnyada kabul edilen standart \u00f6l\u00e7\u00fclere sahiptir. <a href=\"https:\/\/www.celebimutfak.com\/index.php\/2020\/07\/26\/paslanmaz-celik-yemek-ebat\/\" target=\"_blank\" rel=\"noopener\"><strong><em>Gastronom k\u00fcvet \u00f6l\u00e7\u00fcleri<\/em><\/strong><\/a><\/p>\n<p>Benmari k\u00fcvetleri ayn\u0131 zamanda salat bar tezgah\u0131 i\u00e7in kullan\u0131lmaktad\u0131r. <strong>Salatbar k\u00fcveti<\/strong> olarak da bilinmektedir.<\/p>\n<h3>Benmari K\u00fcveti \u00d6l\u00e7\u00fcleri<\/h3>\n<p>Benmari k\u00fcveti olarak en yayg\u0131n kullan\u0131lan \u00f6l\u00e7\u00fc GN 1\/1&#8217;dir. Bu \u00f6l\u00e7\u00fc d\u00fcnya genelinde standart olarak kabul edilir. <strong>GN 1\/1 k\u00fcvet \u00f6l\u00e7\u00fcs\u00fc<\/strong> 32,5&#215;53 cm&#8217;dir. E\u011fer isterseniz farkl\u0131 k\u00fcvetleri de kullanabilirsiniz. Ancak benmarilerdeki en yayg\u0131n kullan\u0131lan k\u00fcvet GN 1\/1 k\u00fcvettir. Benmari k\u00fcvet \u00f6l\u00e7\u00fcleri hakk\u0131nda daha fazla bilgi almak i\u00e7in a\u015fa\u011f\u0131daki ba\u011flant\u0131y\u0131 ziyaret edebilirsiniz.<\/p>\n<p>&#8212; <a href=\"https:\/\/www.celebimutfak.com\/index.php\/2020\/07\/26\/paslanmaz-celik-yemek-ebat\/\">Gastronom K\u00fcvet \u00d6l\u00e7\u00fcleri &#8211; Paslanmaz K\u00fcvet | \u00c7elebi End\u00fcstriyel Mutfak Bursa (celebimutfak.com)<\/a><\/p>\n<h3>Benmari K\u00fcveti Derinlikleri<\/h3>\n<p>Benmari k\u00fcveti derinlikleri toplamda 4 \u00e7e\u015fittir. <strong>En yayg\u0131n kullan\u0131lan k\u00fcvet derinli\u011fi 15 cm<\/strong>&#8216;dir. Bu sayfada sat\u0131\u015f\u0131 yap\u0131lan benmari k\u00fcveti en yayg\u0131n olan <strong>GN 1\/1<\/strong> 15 cm derinli\u011findeki k\u00fcvettir. T\u00fcm derinlik \u00f6l\u00e7\u00fcleri:<\/p>\n<p><a href=\"https:\/\/www.celebimutfak.com\/wp-content\/uploads\/2022\/11\/gn-1-1-150-gastronom-kuvet.webp\"><img decoding=\"async\" class=\"aligncenter wp-image-2207 size-large\" src=\"https:\/\/www.celebimutfak.com\/wp-content\/uploads\/2022\/11\/gn-1-1-150-gastronom-kuvet-1024x940.webp\" alt=\"GN 1\/1 150 gastronom k\u00fcvet\" width=\"1024\" height=\"940\" srcset=\"https:\/\/www.celebimutfak.com\/wp-content\/uploads\/2022\/11\/gn-1-1-150-gastronom-kuvet-1024x940.webp 1024w, https:\/\/www.celebimutfak.com\/wp-content\/uploads\/2022\/11\/gn-1-1-150-gastronom-kuvet-300x275.webp 300w, https:\/\/www.celebimutfak.com\/wp-content\/uploads\/2022\/11\/gn-1-1-150-gastronom-kuvet-768x705.webp 768w, https:\/\/www.celebimutfak.com\/wp-content\/uploads\/2022\/11\/gn-1-1-150-gastronom-kuvet-1536x1410.webp 1536w, https:\/\/www.celebimutfak.com\/wp-content\/uploads\/2022\/11\/gn-1-1-150-gastronom-kuvet-600x551.webp 600w, https:\/\/www.celebimutfak.com\/wp-content\/uploads\/2022\/11\/gn-1-1-150-gastronom-kuvet.webp 1280w\" sizes=\"(max-width: 1024px) 100vw, 1024px\" \/><\/a><\/p>\n<ul>\n<li>6,5 cm derinli\u011finde benmari k\u00fcveti(34 ki\u015filiktir, pilav i\u00e7in kullan\u0131l\u0131r)<\/li>\n<li>10 cm derinli\u011finde benmari k\u00fcveti(53 ki\u015filiktir, k\u00fc\u00e7\u00fck fabrikalarda kullan\u0131labilir)<\/li>\n<li><strong>15 cm derinli\u011finde benmari k\u00fcveti<\/strong>(80 ki\u015filiktir, STANDART OLARAK KULLANILAN \u00d6L\u00c7\u00dcD\u00dcR)<\/li>\n<li>20 cm derinli\u011finde benmari k\u00fcveti(106 ki\u015filiktir, pek tercih edilmez)<\/li>\n<\/ul>\n<h4>Benmari k\u00fcvet fiyatlar\u0131<\/h4>\n<p>Firmam\u0131z farkl\u0131 \u00f6l\u00e7\u00fclerde ve derinliklerde benmari k\u00fcvet sat\u0131\u015f\u0131 yapmaktad\u0131r. Di\u011fer \u00f6l\u00e7\u00fclerde <strong>benmari k\u00fcvet fiyat\u0131<\/strong> almak i\u00e7in bizimle <a href=\"https:\/\/www.celebimutfak.com\/index.php\/iletisim\/\" target=\"_blank\" rel=\"noopener\"><strong>ileti\u015fim<\/strong><\/a>e ge\u00e7ebilirsiniz.<\/p>\n<h2>Benmari K\u00fcvet Kapa\u011f\u0131<\/h2>\n<p>Her \u00f6l\u00e7\u00fcdeki k\u00fcvetin kapa\u011f\u0131 vard\u0131r. 304 kalite benmari k\u00fcvet kapa\u011f\u0131 fiyat almak i\u00e7in bize mail atabilirsiniz: <strong><a href=\"mailto:info@celebimutfak.com\">info[@]celebimutfak.com<\/a><\/strong><\/p>\n<p>Kaynaklar : <a href=\"https:\/\/tr.wikipedia.org\/wiki\/Benmari\" target=\"_blank\" rel=\"noopener\">Benmari nedir?(Vikipedi)<\/a><\/p>\n","protected":false},"excerpt":{"rendered":"<ul>\n<li>GN 1\/1 standart benmari k\u00fcveti<\/li>\n<li>15 cm derinli\u011findedir<\/li>\n<li>Kapaklar hari\u00e7 fiyat\u0131d\u0131r<\/li>\n<li>304 kalite paslanmaz \u00e7eliktir.<\/li>\n<\/ul>\n","protected":false},"featured_media":1896,"comment_status":"open","ping_status":"closed","template":"","meta":{"site-sidebar-layout":"default","site-content-layout":"default","ast-site-content-layout":"","site-content-style":"default","site-sidebar-style":"default","ast-global-header-display":"","ast-banner-title-visibility":"","ast-main-header-display":"","ast-hfb-above-header-display":"","ast-hfb-below-header-display":"","ast-hfb-mobile-header-display":"","site-post-title":"","ast-breadcrumbs-content":"","ast-featured-img":"","footer-sml-layout":"","theme-transparent-header-meta":"default","adv-header-id-meta":"","stick-header-meta":"","header-above-stick-meta":"","header-main-stick-meta":"","header-below-stick-meta":"","astra-migrate-meta-layouts":"default","ast-page-background-enabled":"default","ast-page-background-meta":{"desktop":{"background-color":"var(--ast-global-color-4)","background-image":"","background-repeat":"repeat","background-position":"center center","background-size":"auto","background-attachment":"scroll","background-type":"","background-media":"","overlay-type":"","overlay-color":"","overlay-opacity":"","overlay-gradient":""},"tablet":{"background-color":"","background-image":"","background-repeat":"repeat","background-position":"center center","background-size":"auto","background-attachment":"scroll","background-type":"","background-media":"","overlay-type":"","overlay-color":"","overlay-opacity":"","overlay-gradient":""},"mobile":{"background-color":"","background-image":"","background-repeat":"repeat","background-position":"center center","background-size":"auto","background-attachment":"scroll","background-type":"","background-media":"","overlay-type":"","overlay-color":"","overlay-opacity":"","overlay-gradient":""}},"ast-content-background-meta":{"desktop":{"background-color":"var(--ast-global-color-5)","background-image":"","background-repeat":"repeat","background-position":"center center","background-size":"auto","background-attachment":"scroll","background-type":"","background-media":"","overlay-type":"","overlay-color":"","overlay-opacity":"","overlay-gradient":""},"tablet":{"background-color":"var(--ast-global-color-5)","background-image":"","background-repeat":"repeat","background-position":"center center","background-size":"auto","background-attachment":"scroll","background-type":"","background-media":"","overlay-type":"","overlay-color":"","overlay-opacity":"","overlay-gradient":""},"mobile":{"background-color":"var(--ast-global-color-5)","background-image":"","background-repeat":"repeat","background-position":"center center","background-size":"auto","background-attachment":"scroll","background-type":"","background-media":"","overlay-type":"","overlay-color":"","overlay-opacity":"","overlay-gradient":""}}},"product_cat":[124,425],"product_tag":[],"_links":{"self":[{"href":"https:\/\/www.celebimutfak.com\/index.php\/wp-json\/wp\/v2\/product\/1895"}],"collection":[{"href":"https:\/\/www.celebimutfak.com\/index.php\/wp-json\/wp\/v2\/product"}],"about":[{"href":"https:\/\/www.celebimutfak.com\/index.php\/wp-json\/wp\/v2\/types\/product"}],"replies":[{"embeddable":true,"href":"https:\/\/www.celebimutfak.com\/index.php\/wp-json\/wp\/v2\/comments?post=1895"}],"wp:featuredmedia":[{"embeddable":true,"href":"https:\/\/www.celebimutfak.com\/index.php\/wp-json\/wp\/v2\/media\/1896"}],"wp:attachment":[{"href":"https:\/\/www.celebimutfak.com\/index.php\/wp-json\/wp\/v2\/media?parent=1895"}],"wp:term":[{"taxonomy":"product_cat","embeddable":true,"href":"https:\/\/www.celebimutfak.com\/index.php\/wp-json\/wp\/v2\/product_cat?post=1895"},{"taxonomy":"product_tag","embeddable":true,"href":"https:\/\/www.celebimutfak.com\/index.php\/wp-json\/wp\/v2\/product_tag?post=1895"}],"curies":[{"name":"wp","href":"https:\/\/api.w.org\/{rel}","templated":true}]}}