{"id":1861,"date":"2022-10-15T20:49:33","date_gmt":"2022-10-15T17:49:33","guid":{"rendered":"https:\/\/www.celebimutfak.com\/?post_type=product&#038;p=1861"},"modified":"2024-12-04T22:38:38","modified_gmt":"2024-12-04T19:38:38","slug":"ayakli-katlanir-mangal-portatif-304-krom-barbeku","status":"publish","type":"product","link":"https:\/\/www.celebimutfak.com\/index.php\/urun\/ayakli-katlanir-mangal-portatif-304-krom-barbeku\/","title":{"rendered":"Ayakl\u0131 Katlan\u0131r Mangal &#8211; Portatif 304 Krom Barbek\u00fc"},"content":{"rendered":"<h2>Ayakl\u0131 Katlan\u0131r Mangal<\/h2>\n<p>Ayakl\u0131 katlan\u0131r mangal uzun y\u0131llar kullan\u0131ma uygundur. <strong>Krom mangal modelleri<\/strong>mizi paslanmaz \u00e7elik malzemeden \u00fcretmekteyiz. Paslanmaz \u00e7elikler d\u0131\u015f ortam kullan\u0131m\u0131na uygundur. T\u00fcm modellerimiz bah\u00e7e ve piknik i\u00e7in uygundur.<\/p>\n<p>Bu \u00fcr\u00fcn, di\u011fer modellerimize g\u00f6re uygun fiyatl\u0131d\u0131r. Standart olarak \u00fc\u00e7 farkl\u0131 \u00f6l\u00e7\u00fcde \u00fcretim mevcuttur.<\/p>\n<h3>Katlan\u0131r Mangal \u00d6zellikleri<\/h3>\n<p>Mevcut modellerimizin \u00f6zellikleri a\u015fa\u011f\u0131daki gibidir.<\/p>\n<h4>Malzeme<\/h4>\n<p>Aksi belirtilmedik\u00e7e t\u00fcm malzemelerimiz 304 kalite paslanmaz \u00e7eliktir. \u00dcr\u00fcn\u00fcn g\u00f6vdesini 1.2 mm kal\u0131nl\u0131\u011f\u0131nda sacdan imal ediyoruz. <strong>Portatif mangal<\/strong> ayaklar\u0131n\u0131 20&#215;20&#8217;lik krom profilden yap\u0131yoruz. \u00dcr\u00fcn tamamen portatif olarak \u00fcretilmi\u015ftir.<\/p>\n<h4>Izgara<\/h4>\n<p>Izgara demir \u00e7ubukden(mil) yap\u0131lmaktad\u0131r. Izgara \u00e7ubuklar\u0131 et ya\u011f\u0131n\u0131 \u00fczerinde tutarak daha lezzetli pi\u015firme sa\u011flamaktad\u0131r. Izgaray\u0131 istedi\u011finiz zaman \u00e7\u0131kar\u0131labilmektedir.<\/p>\n<h4>K\u00f6m\u00fcr Havuzu<\/h4>\n<p>Krom \u0131zgaram\u0131z k\u00f6m\u00fcrl\u00fcd\u00fcr. <strong>K\u00f6m\u00fcrl\u00fc Izgara<\/strong>lar\u0131n\u00a0i\u00e7erisinde ate\u015f havuzu mevcuttur. Ate\u015f havuzunu karbon \u00e7elik malzemeden imal etmekteyiz. Bu havuzun i\u00e7erisinde <strong>hava delikleri<\/strong> mevcuttur. Hava delikleri sayesinde k\u00f6m\u00fcrler daha iyi yanmaktad\u0131r.<\/p>\n<h4>Katlan\u0131r Masa<\/h4>\n<p>Izgaran\u0131n yan\u0131nda a\u00e7\u0131l\u0131p kapanabilen sehpalar mevcuttur. Bu sehpalar paslanmaz \u00e7elik mente\u015fe ile g\u00f6vdeye monte edilmektedir. <b>Sehpal\u0131 Mangal<\/b>\u0131n \u00fczerine tabak, tencere gibi malzemelerinizi koyabilirsiniz.<\/p>\n<h4>Katlan\u0131r Mangal Ayaklar\u0131<\/h4>\n<p>Mangal ayaklar\u0131 portatif olarak \u00fcretilmektedir. Bu ayaklar\u00a0g\u00f6vdeye ge\u00e7mektedir. \u00dcr\u00fcn\u00fc ba\u015fka yere ta\u015f\u0131yaca\u011f\u0131n\u0131z zaman ayaklar\u0131n\u0131 \u00e7\u0131karabilirsiniz. Ayaklar komple <strong>304 kalite paslanmaz \u00e7eliktir<\/strong>. D\u0131\u015f ortama kar\u015f\u0131 dayan\u0131kl\u0131d\u0131r, ya\u011fmur, kar gibi ortamlarda \u00e7\u00fcr\u00fcmez.<\/p>\n<h2>Katlan\u0131r Mangal Tavsiye<\/h2>\n<p>Katlan\u0131r mangal tavsiyesi almak istiyorsan\u0131z yard\u0131mc\u0131 olal\u0131m. Ki\u015fi say\u0131s\u0131na g\u00f6re tavsiyelerimiz \u015f\u00f6yledir:<\/p>\n<ul>\n<li>5 ki\u015fi i\u00e7in tavsiye : 45x35x20 cm<\/li>\n<li>10 ki\u015fi i\u00e7in tavsiye : 55x40x20 cm<\/li>\n<li>15 ki\u015fi i\u00e7in tavsiye : 65x45x20 cm<\/li>\n<li>Daha kalabal\u0131k gruplar i\u00e7in <strong style=\"font-size: 16px;\"><a href=\"https:\/\/www.celebimutfak.com\/index.php\/urun\/tekerlekli-profesyonel-barbeku-mangal\/\" target=\"_blank\" rel=\"noopener\">TEKERLEKL\u0130 MANGAL MODELLER\u0130<\/a><\/strong><span style=\"font-size: 16px;\">mize bakabilirsiniz.<\/span><\/li>\n<\/ul>\n<p>Bu tavsiyelerin kesin bir ge\u00e7erlili\u011fi yoktur. En k\u00fc\u00e7\u00fck modeli sat\u0131n alsan\u0131z bile, kalabal\u0131k ki\u015filere et pi\u015firebilirsiniz. Bu durumda sadece pi\u015firme s\u00fcreniz uzayacakt\u0131r.<\/p>\n<h2>Katlan\u0131r Mangal Fiyatlar\u0131<\/h2>\n<p>Katlan\u0131r mangal fiyatlar\u0131 m\u00fc\u015fteri taleplerine g\u00f6re de\u011fi\u015fmektedir. <strong>\u00d6l\u00e7\u00fc<\/strong>, <strong>sac kalitesi<\/strong> ve <strong>sac kal\u0131nl\u0131\u011f\u0131<\/strong> fiyat\u0131 belirleyen unsurlard\u0131r. Piyasada sat\u0131lan mangal fiyatlar\u0131 \u00e7ok de\u011fi\u015fkendir. Bizim \u00fcretti\u011fimiz barbek\u00fcler paslanmaz \u00e7elik oldu\u011fu i\u00e7in <strong>ko\u00e7ta\u015f mangal\u0131<\/strong> gibi \u00fcr\u00fcnlerden daha pahal\u0131d\u0131r.<\/p>\n<h3>Ucuz Mangal<\/h3>\n<p>Yukar\u0131da \u00fcr\u00fcn\u00fcn teknik \u00f6zelliklerini g\u00f6rebilirsiniz. Daha <strong>ucuz katlan\u0131r mangal<\/strong> istiyorsan\u0131z bizimle <strong><a href=\"https:\/\/www.celebimutfak.com\/index.php\/iletisim\/\" target=\"_blank\" rel=\"noopener\">ileti\u015fime<\/a><\/strong> ge\u00e7ebilirsiniz. Sac kalitesi ve sac kal\u0131nl\u0131\u011f\u0131 de\u011fi\u015ftirilerek fiyat indirimi sa\u011flanabilmektedir.<\/p>\n<h2>Profesyonel Barbek\u00fc \u00c7e\u015fitleri<\/h2>\n<p>\u00c7elebi Mutfak her amaca uygun <strong>k\u00f6m\u00fcrl\u00fc \u0131zgara \u00fcretimi<\/strong> yapmaktad\u0131r. Bu \u00fcr\u00fcn haricinde di\u011fer \u00e7e\u015fitlerimiz mevcuttur. Di\u011fer \u00e7e\u015fitlerimizi g\u00f6rmek i\u00e7in a\u015fa\u011f\u0131daki ba\u011flant\u0131y\u0131 kullanabilirsiniz.<br \/>\n<a href=\"https:\/\/www.celebimutfak.com\/index.php\/urun-kategori\/pisirme\/mangal-izgara\/\" target=\"_blank\" rel=\"noopener\">Profesyonel Mangal Modelleri<\/a><br \/>\n<a href=\"https:\/\/www.celebimutfak.com\/index.php\/urun\/tezgah-uzerisetustu-mangal-krom-mangal\/\" target=\"_blank\" rel=\"noopener\">Set \u00dcst\u00fc Mangal Modelleri<\/a><\/p>\n<p>Hepsiburada sat\u0131\u015f\u0131m\u0131z i\u00e7in: <a href=\"https:\/\/www.hepsiburada.com\/magaza\/celebi-endustriyel-mutfak\" target=\"_blank\" rel=\"noopener\">https:\/\/www.hepsiburada.com\/magaza\/celebi-endustriyel-mutfak<\/a><\/p>\n","protected":false},"excerpt":{"rendered":"<ul>\n<li>Bu \u00fcr\u00fcn 304 kalite paslanmaz \u00e7eliktir.<\/li>\n<li>Ayaklar\u0131 \u00e7\u0131kar\u0131labilir.<\/li>\n<li>Izgaran\u0131n yan\u0131ndaki masalar a\u00e7\u0131l\u0131p kapanabilir.<\/li>\n<li>\u00d6zel \u00f6l\u00e7\u00fclerde \u00fcretim yap\u0131lmaktad\u0131r.<\/li>\n<li>T\u00fcm \u015fehirlere g\u00f6nderim mevcuttur.<\/li>\n<li>Detayl\u0131 bilgi i\u00e7in: <a href=\"https:\/\/www.celebimutfak.com\/index.php\/iletisim\" target=\"_blank\" rel=\"noopener\"><strong>\u0130LET\u0130\u015e\u0130M<\/strong><\/a><\/li>\n<\/ul>\n","protected":false},"featured_media":1862,"comment_status":"open","ping_status":"closed","template":"","meta":{"site-sidebar-layout":"default","site-content-layout":"default","ast-site-content-layout":"","site-content-style":"default","site-sidebar-style":"default","ast-global-header-display":"","ast-banner-title-visibility":"","ast-main-header-display":"","ast-hfb-above-header-display":"","ast-hfb-below-header-display":"","ast-hfb-mobile-header-display":"","site-post-title":"","ast-breadcrumbs-content":"","ast-featured-img":"","footer-sml-layout":"","theme-transparent-header-meta":"default","adv-header-id-meta":"","stick-header-meta":"","header-above-stick-meta":"","header-main-stick-meta":"","header-below-stick-meta":"","astra-migrate-meta-layouts":"default","ast-page-background-enabled":"default","ast-page-background-meta":{"desktop":{"background-color":"var(--ast-global-color-4)","background-image":"","background-repeat":"repeat","background-position":"center center","background-size":"auto","background-attachment":"scroll","background-type":"","background-media":"","overlay-type":"","overlay-color":"","overlay-opacity":"","overlay-gradient":""},"tablet":{"background-color":"","background-image":"","background-repeat":"repeat","background-position":"center center","background-size":"auto","background-attachment":"scroll","background-type":"","background-media":"","overlay-type":"","overlay-color":"","overlay-opacity":"","overlay-gradient":""},"mobile":{"background-color":"","background-image":"","background-repeat":"repeat","background-position":"center center","background-size":"auto","background-attachment":"scroll","background-type":"","background-media":"","overlay-type":"","overlay-color":"","overlay-opacity":"","overlay-gradient":""}},"ast-content-background-meta":{"desktop":{"background-color":"var(--ast-global-color-5)","background-image":"","background-repeat":"repeat","background-position":"center center","background-size":"auto","background-attachment":"scroll","background-type":"","background-media":"","overlay-type":"","overlay-color":"","overlay-opacity":"","overlay-gradient":""},"tablet":{"background-color":"var(--ast-global-color-5)","background-image":"","background-repeat":"repeat","background-position":"center center","background-size":"auto","background-attachment":"scroll","background-type":"","background-media":"","overlay-type":"","overlay-color":"","overlay-opacity":"","overlay-gradient":""},"mobile":{"background-color":"var(--ast-global-color-5)","background-image":"","background-repeat":"repeat","background-position":"center center","background-size":"auto","background-attachment":"scroll","background-type":"","background-media":"","overlay-type":"","overlay-color":"","overlay-opacity":"","overlay-gradient":""}}},"product_cat":[276],"product_tag":[],"_links":{"self":[{"href":"https:\/\/www.celebimutfak.com\/index.php\/wp-json\/wp\/v2\/product\/1861"}],"collection":[{"href":"https:\/\/www.celebimutfak.com\/index.php\/wp-json\/wp\/v2\/product"}],"about":[{"href":"https:\/\/www.celebimutfak.com\/index.php\/wp-json\/wp\/v2\/types\/product"}],"replies":[{"embeddable":true,"href":"https:\/\/www.celebimutfak.com\/index.php\/wp-json\/wp\/v2\/comments?post=1861"}],"wp:featuredmedia":[{"embeddable":true,"href":"https:\/\/www.celebimutfak.com\/index.php\/wp-json\/wp\/v2\/media\/1862"}],"wp:attachment":[{"href":"https:\/\/www.celebimutfak.com\/index.php\/wp-json\/wp\/v2\/media?parent=1861"}],"wp:term":[{"taxonomy":"product_cat","embeddable":true,"href":"https:\/\/www.celebimutfak.com\/index.php\/wp-json\/wp\/v2\/product_cat?post=1861"},{"taxonomy":"product_tag","embeddable":true,"href":"https:\/\/www.celebimutfak.com\/index.php\/wp-json\/wp\/v2\/product_tag?post=1861"}],"curies":[{"name":"wp","href":"https:\/\/api.w.org\/{rel}","templated":true}]}}