{"id":185,"date":"2016-06-29T02:24:05","date_gmt":"2016-06-28T23:24:05","guid":{"rendered":"http:\/\/www.celebimutfak.com\/?post_type=product&#038;p=185"},"modified":"2022-01-05T14:44:11","modified_gmt":"2022-01-05T11:44:11","slug":"filtresiz-davlumbaz","status":"publish","type":"product","link":"https:\/\/www.celebimutfak.com\/index.php\/urun\/filtresiz-davlumbaz\/","title":{"rendered":"Duvar Tipi Filtresiz Davlumbaz"},"content":{"rendered":"<h3>Sanayi Tipi Krom Davlumbaz<\/h3>\n<p>Tamam\u0131n\u0131 304 kalite paslanmaz \u00e7elik(krom) sac ve profilden imal ediyoruz. Uzunluk \u00f6l\u00e7\u00fcs\u00fc s\u0131n\u0131rs\u0131zd\u0131r. Par\u00e7a par\u00e7a \u00fcretilip yerinde birle\u015ftirilir ve b\u00fct\u00fcn halde g\u00f6r\u00fcn\u00fcr.<\/p>\n<p>Filtresiz krom davlumbaz imalat\u0131 i\u00e7in fiyat alabilirsiniz.<\/p>\n<p><a href=\"https:\/\/www.celebimutfak.com\/index.php\/iletisim\/\" target=\"_blank\" rel=\"noopener\">\u0130LET\u0130\u015e\u0130M<\/a><\/p>\n","protected":false},"excerpt":{"rendered":"<ul>\n<li>Verilen fiyat tek par\u00e7a davlumbaz i\u00e7indir ve ask\u0131 malzemeleri hari\u00e7tir.<\/li>\n<li>Duvar tipi davlumbaz.<\/li>\n<li>Tamam\u0131 304 kalite paslanmaz sac ve profilden imal edilir.<\/li>\n<li>Yan yana s\u0131n\u0131rs\u0131z \u00f6l\u00e7\u00fcde \u00fcretilir.<\/li>\n<li>Yemekhane, lokanta, pastane gibi alanlarda kullan\u0131labilir.<\/li>\n<li>Duvara ve tavana monte edilir.<\/li>\n<li>Filtreli veya filtresiz olarak imal edilir(m\u00fc\u015fteri iste\u011fine g\u00f6re)<\/li>\n<li><a href=\"https:\/\/www.celebimutfak.com\/index.php\/iletisim\/\" target=\"_blank\" rel=\"noopener\">\u0130leti\u015fim<\/a><\/li>\n<\/ul>\n","protected":false},"featured_media":186,"comment_status":"open","ping_status":"closed","template":"","meta":{"site-sidebar-layout":"default","site-content-layout":"default","ast-site-content-layout":"","site-content-style":"default","site-sidebar-style":"default","ast-global-header-display":"","ast-banner-title-visibility":"","ast-main-header-display":"","ast-hfb-above-header-display":"","ast-hfb-below-header-display":"","ast-hfb-mobile-header-display":"","site-post-title":"","ast-breadcrumbs-content":"","ast-featured-img":"","footer-sml-layout":"","theme-transparent-header-meta":"default","adv-header-id-meta":"","stick-header-meta":"","header-above-stick-meta":"","header-main-stick-meta":"","header-below-stick-meta":"","astra-migrate-meta-layouts":"default","ast-page-background-enabled":"default","ast-page-background-meta":{"desktop":{"background-color":"var(--ast-global-color-4)","background-image":"","background-repeat":"repeat","background-position":"center center","background-size":"auto","background-attachment":"scroll","background-type":"","background-media":"","overlay-type":"","overlay-color":"","overlay-opacity":"","overlay-gradient":""},"tablet":{"background-color":"","background-image":"","background-repeat":"repeat","background-position":"center center","background-size":"auto","background-attachment":"scroll","background-type":"","background-media":"","overlay-type":"","overlay-color":"","overlay-opacity":"","overlay-gradient":""},"mobile":{"background-color":"","background-image":"","background-repeat":"repeat","background-position":"center center","background-size":"auto","background-attachment":"scroll","background-type":"","background-media":"","overlay-type":"","overlay-color":"","overlay-opacity":"","overlay-gradient":""}},"ast-content-background-meta":{"desktop":{"background-color":"var(--ast-global-color-5)","background-image":"","background-repeat":"repeat","background-position":"center center","background-size":"auto","background-attachment":"scroll","background-type":"","background-media":"","overlay-type":"","overlay-color":"","overlay-opacity":"","overlay-gradient":""},"tablet":{"background-color":"var(--ast-global-color-5)","background-image":"","background-repeat":"repeat","background-position":"center center","background-size":"auto","background-attachment":"scroll","background-type":"","background-media":"","overlay-type":"","overlay-color":"","overlay-opacity":"","overlay-gradient":""},"mobile":{"background-color":"var(--ast-global-color-5)","background-image":"","background-repeat":"repeat","background-position":"center center","background-size":"auto","background-attachment":"scroll","background-type":"","background-media":"","overlay-type":"","overlay-color":"","overlay-opacity":"","overlay-gradient":""}}},"product_cat":[13],"product_tag":[],"_links":{"self":[{"href":"https:\/\/www.celebimutfak.com\/index.php\/wp-json\/wp\/v2\/product\/185"}],"collection":[{"href":"https:\/\/www.celebimutfak.com\/index.php\/wp-json\/wp\/v2\/product"}],"about":[{"href":"https:\/\/www.celebimutfak.com\/index.php\/wp-json\/wp\/v2\/types\/product"}],"replies":[{"embeddable":true,"href":"https:\/\/www.celebimutfak.com\/index.php\/wp-json\/wp\/v2\/comments?post=185"}],"wp:featuredmedia":[{"embeddable":true,"href":"https:\/\/www.celebimutfak.com\/index.php\/wp-json\/wp\/v2\/media\/186"}],"wp:attachment":[{"href":"https:\/\/www.celebimutfak.com\/index.php\/wp-json\/wp\/v2\/media?parent=185"}],"wp:term":[{"taxonomy":"product_cat","embeddable":true,"href":"https:\/\/www.celebimutfak.com\/index.php\/wp-json\/wp\/v2\/product_cat?post=185"},{"taxonomy":"product_tag","embeddable":true,"href":"https:\/\/www.celebimutfak.com\/index.php\/wp-json\/wp\/v2\/product_tag?post=185"}],"curies":[{"name":"wp","href":"https:\/\/api.w.org\/{rel}","templated":true}]}}