{"id":1782,"date":"2022-09-05T17:56:50","date_gmt":"2022-09-05T14:56:50","guid":{"rendered":"https:\/\/www.celebimutfak.com\/?post_type=product&#038;p=1782"},"modified":"2024-12-04T22:38:39","modified_gmt":"2024-12-04T19:38:39","slug":"dis-laboratuvari-eviyeli-tezgahi","status":"publish","type":"product","link":"https:\/\/www.celebimutfak.com\/index.php\/urun\/dis-laboratuvari-eviyeli-tezgahi\/","title":{"rendered":"Di\u015f Laboratuvar\u0131 Eviyeli Tezgah\u0131"},"content":{"rendered":"<h2>Protez Di\u015f At\u00f6lyesi Eviyeli Tezgah<\/h2>\n<p>Protez di\u015f yap\u0131lan at\u00f6lyelerde(atelye) <strong>paslanmaz \u00e7elik tezgahlar<\/strong> kullan\u0131lmaktad\u0131r. Firmam\u0131z bu tezgah ve lavabolar\u0131n imalat\u0131n\u0131 yapmaktad\u0131r.<\/p>\n<p>Kal\u0131plara koyulan al\u00e7\u0131 malzemelerin s\u00fcz\u00fclmesi ve temizli\u011fi i\u00e7in <strong>paslanmaz s\u00fczge\u00e7li tezgahlara<\/strong> ihtiya\u00e7 duyulmaktad\u0131r. Bunu sa\u011flamak i\u00e7in foto\u011frafta g\u00f6rd\u00fc\u011f\u00fcn\u00fcz <strong>dolapl\u0131 eviye imalat\u0131<\/strong> yap\u0131yoruz.<\/p>\n<p>Ayr\u0131ca al\u00e7\u0131n\u0131n kanalizasyona kar\u0131\u015fmas\u0131n\u0131 engellemek i\u00e7in lavabonun alt\u0131na al\u00e7\u0131 tutucu hazne yap\u0131labilir(m\u00fc\u015fteri iste\u011fine g\u00f6re). Bu hazne al\u00e7\u0131y\u0131 tutarak sadece \u015febeke suyunun kanalizasyona gitmesini sa\u011flamaktad\u0131r.<\/p>\n<h3>Paslanmaz \u00c7elik Di\u015f\u00e7i Tezgah\u0131<\/h3>\n<figure id=\"attachment_1515\" aria-describedby=\"caption-attachment-1515\" style=\"width: 800px\" class=\"wp-caption aligncenter\"><a href=\"https:\/\/www.celebimutfak.com\/wp-content\/uploads\/2022\/01\/paslanmaz-evyeli-tezgah.jpg\"><img decoding=\"async\" class=\"wp-image-1515 size-full\" src=\"https:\/\/www.celebimutfak.com\/wp-content\/uploads\/2022\/01\/paslanmaz-evyeli-tezgah.jpg\" alt=\"\u00e7ift k\u00fcvetli evyeli tezgah\" width=\"800\" height=\"800\" srcset=\"https:\/\/www.celebimutfak.com\/wp-content\/uploads\/2022\/01\/paslanmaz-evyeli-tezgah.jpg 800w, https:\/\/www.celebimutfak.com\/wp-content\/uploads\/2022\/01\/paslanmaz-evyeli-tezgah-100x100.jpg 100w, https:\/\/www.celebimutfak.com\/wp-content\/uploads\/2022\/01\/paslanmaz-evyeli-tezgah-600x600.jpg 600w\" sizes=\"(max-width: 800px) 100vw, 800px\" \/><\/a><figcaption id=\"caption-attachment-1515\" class=\"wp-caption-text\">\u00c7ift K\u00fcvetli Eviye<\/figcaption><\/figure>\n<p>Di\u015f at\u00f6lyesi ve laboratuvarlar\u0131nda kullan\u0131lan tezgahlarlar genellikle 304 kalite paslanmaz \u00e7eliktir. \u00c7elebi Mutfak paslanmaz \u00e7elikten tezgah, dolap ve eviye(lavabo) imalat\u0131 yapmaktad\u0131r. Farkl\u0131 \u00f6l\u00e7\u00fc ve modellerde tezgah talepleriniz i\u00e7in bizimle ileti\u015fime ge\u00e7ebilirsiniz.<\/p>\n<p><strong>Not<\/strong>: Asit kullan\u0131m\u0131 olan at\u00f6lyelerde 316 paslanmaz \u00e7elik tercih edilmektedir.<\/p>\n<h2>Dolapl\u0131 Paslanmaz Tezgah<\/h2>\n<p><a href=\"https:\/\/www.celebimutfak.com\/wp-content\/uploads\/2020\/05\/dolapli-tezgah-krom-endustriyel-mutfak.jpg\"><img decoding=\"async\" class=\"aligncenter wp-image-1455\" src=\"https:\/\/www.celebimutfak.com\/wp-content\/uploads\/2020\/05\/dolapli-tezgah-krom-endustriyel-mutfak.jpg\" alt=\"paslanmaz dolapl\u0131 tezgah modelleri\" width=\"750\" height=\"563\" srcset=\"https:\/\/www.celebimutfak.com\/wp-content\/uploads\/2020\/05\/dolapli-tezgah-krom-endustriyel-mutfak.jpg 960w, https:\/\/www.celebimutfak.com\/wp-content\/uploads\/2020\/05\/dolapli-tezgah-krom-endustriyel-mutfak-600x450.jpg 600w\" sizes=\"(max-width: 750px) 100vw, 750px\" \/><\/a><\/p>\n<p>100-290 cm aras\u0131nda <strong>istenilen \u00f6l\u00e7\u00fclerde<\/strong> paslanmaz dolapl\u0131 tezgah imalat\u0131m\u0131z mevcuttur. Dolapl\u0131 tezgah modellerimiz <strong>304 veya 316 kalite paslanmaz<\/strong> \u00e7elikten imal edilmektedir.<\/p>\n<p>Dolapl\u0131 tezgahlar\u0131n <strong>\u00fcst tablas\u0131<\/strong> d\u00fcz veya lavabolu \u015fekilde olabilmektedir. <strong>\u00dcst tabla<\/strong> sac\u0131 1,2 mm kal\u0131nl\u0131\u011f\u0131ndad\u0131r. Taban sac\u0131 ise 1 mm kal\u0131nl\u0131\u011f\u0131nda imal edilmektedir. <strong>Ayaklar 40&#215;40 mm 304 paslanmaz profildir<\/strong>. Profile ge\u00e7meli plastik rotil ayaklar mevcuttur. <strong>Rotil ayak<\/strong> sayesinde y\u00fckseklik ayar\u0131 yap\u0131labilmektedir(1-3 cm aras\u0131nda).<\/p>\n<p>Dolap kapaklar\u0131 iste\u011fe ba\u011fl\u0131 olarak <strong>\u00e7arpma kap\u0131l\u0131<\/strong>(foto\u011fraftaki gibi) veya <strong>s\u00fcrg\u00fc kapakl\u0131<\/strong> olarak imal edilmektedir.<\/p>\n<p>&nbsp;<\/p>\n","protected":false},"excerpt":{"rendered":"<ul>\n<li>Protez di\u015f at\u00f6lyeleri i\u00e7indir.<\/li>\n<li>304 veya 316 paslanmaz \u00e7elikten \u00fcretilmektedir.<\/li>\n<li>\u00d6zel \u00f6l\u00e7\u00fcde imalat\u0131m\u0131z mevcuttur.<\/li>\n<li>Al\u00e7\u0131 i\u00e7in s\u00fczge\u00e7 bulunmaktad\u0131r.<\/li>\n<li>Fiyat almak i\u00e7in <strong><a href=\"https:\/\/www.celebimutfak.com\/index.php\/iletisim\/\" target=\"_blank\" rel=\"noopener\">\u0130LET\u0130\u015e\u0130M<\/a><\/strong><\/li>\n<\/ul>\n","protected":false},"featured_media":1776,"comment_status":"open","ping_status":"closed","template":"","meta":{"site-sidebar-layout":"default","site-content-layout":"default","ast-site-content-layout":"","site-content-style":"default","site-sidebar-style":"default","ast-global-header-display":"","ast-banner-title-visibility":"","ast-main-header-display":"","ast-hfb-above-header-display":"","ast-hfb-below-header-display":"","ast-hfb-mobile-header-display":"","site-post-title":"","ast-breadcrumbs-content":"","ast-featured-img":"","footer-sml-layout":"","theme-transparent-header-meta":"default","adv-header-id-meta":"","stick-header-meta":"","header-above-stick-meta":"","header-main-stick-meta":"","header-below-stick-meta":"","astra-migrate-meta-layouts":"default","ast-page-background-enabled":"default","ast-page-background-meta":{"desktop":{"background-color":"var(--ast-global-color-4)","background-image":"","background-repeat":"repeat","background-position":"center center","background-size":"auto","background-attachment":"scroll","background-type":"","background-media":"","overlay-type":"","overlay-color":"","overlay-opacity":"","overlay-gradient":""},"tablet":{"background-color":"","background-image":"","background-repeat":"repeat","background-position":"center center","background-size":"auto","background-attachment":"scroll","background-type":"","background-media":"","overlay-type":"","overlay-color":"","overlay-opacity":"","overlay-gradient":""},"mobile":{"background-color":"","background-image":"","background-repeat":"repeat","background-position":"center center","background-size":"auto","background-attachment":"scroll","background-type":"","background-media":"","overlay-type":"","overlay-color":"","overlay-opacity":"","overlay-gradient":""}},"ast-content-background-meta":{"desktop":{"background-color":"var(--ast-global-color-5)","background-image":"","background-repeat":"repeat","background-position":"center center","background-size":"auto","background-attachment":"scroll","background-type":"","background-media":"","overlay-type":"","overlay-color":"","overlay-opacity":"","overlay-gradient":""},"tablet":{"background-color":"var(--ast-global-color-5)","background-image":"","background-repeat":"repeat","background-position":"center center","background-size":"auto","background-attachment":"scroll","background-type":"","background-media":"","overlay-type":"","overlay-color":"","overlay-opacity":"","overlay-gradient":""},"mobile":{"background-color":"var(--ast-global-color-5)","background-image":"","background-repeat":"repeat","background-position":"center center","background-size":"auto","background-attachment":"scroll","background-type":"","background-media":"","overlay-type":"","overlay-color":"","overlay-opacity":"","overlay-gradient":""}}},"product_cat":[105,95],"product_tag":[],"_links":{"self":[{"href":"https:\/\/www.celebimutfak.com\/index.php\/wp-json\/wp\/v2\/product\/1782"}],"collection":[{"href":"https:\/\/www.celebimutfak.com\/index.php\/wp-json\/wp\/v2\/product"}],"about":[{"href":"https:\/\/www.celebimutfak.com\/index.php\/wp-json\/wp\/v2\/types\/product"}],"replies":[{"embeddable":true,"href":"https:\/\/www.celebimutfak.com\/index.php\/wp-json\/wp\/v2\/comments?post=1782"}],"wp:featuredmedia":[{"embeddable":true,"href":"https:\/\/www.celebimutfak.com\/index.php\/wp-json\/wp\/v2\/media\/1776"}],"wp:attachment":[{"href":"https:\/\/www.celebimutfak.com\/index.php\/wp-json\/wp\/v2\/media?parent=1782"}],"wp:term":[{"taxonomy":"product_cat","embeddable":true,"href":"https:\/\/www.celebimutfak.com\/index.php\/wp-json\/wp\/v2\/product_cat?post=1782"},{"taxonomy":"product_tag","embeddable":true,"href":"https:\/\/www.celebimutfak.com\/index.php\/wp-json\/wp\/v2\/product_tag?post=1782"}],"curies":[{"name":"wp","href":"https:\/\/api.w.org\/{rel}","templated":true}]}}