{"id":1513,"date":"2022-01-17T23:25:32","date_gmt":"2022-01-17T20:25:32","guid":{"rendered":"https:\/\/www.celebimutfak.com\/?post_type=product&#038;p=1513"},"modified":"2023-01-16T13:53:53","modified_gmt":"2023-01-16T10:53:53","slug":"paslanmaz-evyeli-tezgah","status":"publish","type":"product","link":"https:\/\/www.celebimutfak.com\/index.php\/urun\/paslanmaz-evyeli-tezgah\/","title":{"rendered":"Paslanmaz Evyeli Tezgah"},"content":{"rendered":"<h2>Paslanmaz Bula\u015f\u0131k Evyesi<\/h2>\n<p>Paslanmaz bula\u015f\u0131k evyesini komple 304 kalite paslanmaz \u00e7elik sac ve profilden imal ediyoruz. <strong>\u00dcst tabla<\/strong> sac\u0131n\u0131 <strong>1.5 mm<\/strong> kal\u0131nl\u0131\u011f\u0131nda tercih ediyoruz, piyasada bu kal\u0131nl\u0131kta \u00fcst tabla kullanan firma yok dersek pek de abartm\u0131\u015f olmay\u0131z. \u00dcst tablan\u0131n k\u00f6\u015felerinde, su ta\u015fmas\u0131n\u0131 \u00f6nlemek i\u00e7in y\u00fckseklik bulunmaktad\u0131r. Batarya(musluk) deli\u011fi iste\u011fe g\u00f6re evyenin \u00fczerinde a\u00e7\u0131l\u0131r, e\u011fer duvardan musluk kullanacaksan\u0131z bunu belirtmeniz dahilinde batarya deli\u011fi a\u00e7\u0131lmaz.<\/p>\n<h3>Paslanmaz evye ebatlar\u0131(\u00f6l\u00e7\u00fcleri)<\/h3>\n<p>Standart evyeli tezgah \u00f6l\u00e7\u00fcleri \u015f\u00f6yledir:<\/p>\n<ul>\n<li>140x60x85 cm<\/li>\n<li>140x70x85 cm<\/li>\n<li>190x70x85 cm<\/li>\n<li>240x70x85 cm<\/li>\n<li>Ayr\u0131ca <strong>\u00f6zel \u00f6l\u00e7\u00fcde<\/strong> paslanmaz evyeli tezgahlar \u00fcretimi yapmaktay\u0131z<\/li>\n<\/ul>\n<p><strong><a href=\"https:\/\/www.celebimutfak.com\/index.php\/iletisim\/\" target=\"_blank\" rel=\"noopener\">\u0130LET\u0130\u015e\u0130M<\/a><\/strong><\/p>\n<h3>Di\u011fer Paslanmaz Eviyeli Tezgah Modelleri<a href=\"https:\/\/www.celebimutfak.com\/?attachment_id=1520\" rel=\"attachment wp-att-1520\"><br \/>\n<img decoding=\"async\" class=\"aligncenter size-medium wp-image-1520\" src=\"https:\/\/www.celebimutfak.com\/wp-content\/uploads\/2016\/06\/paslanmaz-yikama-teknesi-havuzu-300x300.jpg\" alt=\"Paslanmaz y\u0131kama teknesi b\u00fcy\u00fck\" width=\"300\" height=\"300\" \/><\/a><\/h3>\n<p><a href=\"https:\/\/www.celebimutfak.com\/?attachment_id=1418\" rel=\"attachment wp-att-1418\"><img decoding=\"async\" class=\"aligncenter size-medium wp-image-1418\" src=\"https:\/\/www.celebimutfak.com\/wp-content\/uploads\/2021\/02\/dolapli-eviye-tezgah-krom-300x300.jpg\" alt=\"Paslanmaz mutfak tezgah\u0131 lavabolu\" width=\"300\" height=\"300\" \/><\/a><\/p>\n","protected":false},"excerpt":{"rendered":"<ul>\n<li><strong>1.5 mm<\/strong> kal\u0131nl\u0131\u011f\u0131nda \u00fcst tabla<\/li>\n<li>Komple <strong>304 paslanmaz \u00e7elik<\/strong> sac ve profil<\/li>\n<li>\u00d6zel \u00f6l\u00e7\u00fclerde \u00fcretim imkan\u0131<\/li>\n<li>Paslanmaz bula\u015f\u0131k evyesi(eviyesi)<\/li>\n<li><a href=\"https:\/\/www.celebimutfak.com\/index.php\/iletisim\/\" target=\"_blank\" rel=\"noopener\"><strong>\u0130LET\u0130\u015e\u0130M<\/strong><\/a><\/li>\n<\/ul>\n","protected":false},"featured_media":1514,"comment_status":"open","ping_status":"closed","template":"","meta":{"site-sidebar-layout":"default","site-content-layout":"default","ast-site-content-layout":"","site-content-style":"default","site-sidebar-style":"default","ast-global-header-display":"","ast-banner-title-visibility":"","ast-main-header-display":"","ast-hfb-above-header-display":"","ast-hfb-below-header-display":"","ast-hfb-mobile-header-display":"","site-post-title":"","ast-breadcrumbs-content":"","ast-featured-img":"","footer-sml-layout":"","theme-transparent-header-meta":"default","adv-header-id-meta":"","stick-header-meta":"","header-above-stick-meta":"","header-main-stick-meta":"","header-below-stick-meta":"","astra-migrate-meta-layouts":"default","ast-page-background-enabled":"default","ast-page-background-meta":{"desktop":{"background-color":"var(--ast-global-color-4)","background-image":"","background-repeat":"repeat","background-position":"center center","background-size":"auto","background-attachment":"scroll","background-type":"","background-media":"","overlay-type":"","overlay-color":"","overlay-opacity":"","overlay-gradient":""},"tablet":{"background-color":"","background-image":"","background-repeat":"repeat","background-position":"center center","background-size":"auto","background-attachment":"scroll","background-type":"","background-media":"","overlay-type":"","overlay-color":"","overlay-opacity":"","overlay-gradient":""},"mobile":{"background-color":"","background-image":"","background-repeat":"repeat","background-position":"center center","background-size":"auto","background-attachment":"scroll","background-type":"","background-media":"","overlay-type":"","overlay-color":"","overlay-opacity":"","overlay-gradient":""}},"ast-content-background-meta":{"desktop":{"background-color":"var(--ast-global-color-5)","background-image":"","background-repeat":"repeat","background-position":"center center","background-size":"auto","background-attachment":"scroll","background-type":"","background-media":"","overlay-type":"","overlay-color":"","overlay-opacity":"","overlay-gradient":""},"tablet":{"background-color":"var(--ast-global-color-5)","background-image":"","background-repeat":"repeat","background-position":"center center","background-size":"auto","background-attachment":"scroll","background-type":"","background-media":"","overlay-type":"","overlay-color":"","overlay-opacity":"","overlay-gradient":""},"mobile":{"background-color":"var(--ast-global-color-5)","background-image":"","background-repeat":"repeat","background-position":"center center","background-size":"auto","background-attachment":"scroll","background-type":"","background-media":"","overlay-type":"","overlay-color":"","overlay-opacity":"","overlay-gradient":""}}},"product_cat":[278,95],"product_tag":[],"_links":{"self":[{"href":"https:\/\/www.celebimutfak.com\/index.php\/wp-json\/wp\/v2\/product\/1513"}],"collection":[{"href":"https:\/\/www.celebimutfak.com\/index.php\/wp-json\/wp\/v2\/product"}],"about":[{"href":"https:\/\/www.celebimutfak.com\/index.php\/wp-json\/wp\/v2\/types\/product"}],"replies":[{"embeddable":true,"href":"https:\/\/www.celebimutfak.com\/index.php\/wp-json\/wp\/v2\/comments?post=1513"}],"wp:featuredmedia":[{"embeddable":true,"href":"https:\/\/www.celebimutfak.com\/index.php\/wp-json\/wp\/v2\/media\/1514"}],"wp:attachment":[{"href":"https:\/\/www.celebimutfak.com\/index.php\/wp-json\/wp\/v2\/media?parent=1513"}],"wp:term":[{"taxonomy":"product_cat","embeddable":true,"href":"https:\/\/www.celebimutfak.com\/index.php\/wp-json\/wp\/v2\/product_cat?post=1513"},{"taxonomy":"product_tag","embeddable":true,"href":"https:\/\/www.celebimutfak.com\/index.php\/wp-json\/wp\/v2\/product_tag?post=1513"}],"curies":[{"name":"wp","href":"https:\/\/api.w.org\/{rel}","templated":true}]}}