{"id":1339,"date":"2021-08-26T16:58:27","date_gmt":"2021-08-26T13:58:27","guid":{"rendered":"https:\/\/www.celebimutfak.com\/?post_type=product&#038;p=1339"},"modified":"2022-04-04T03:29:59","modified_gmt":"2022-04-04T00:29:59","slug":"peynir-dinlendirme-arabasi-imalati","status":"publish","type":"product","link":"https:\/\/www.celebimutfak.com\/index.php\/urun\/peynir-dinlendirme-arabasi-imalati\/","title":{"rendered":"Peynir Dinlendirme Arabas\u0131 \u0130malat\u0131"},"content":{"rendered":"<h2>Peynir Arabas\u0131 \u0130malat\u0131<\/h2>\n<p>Peynir arabas\u0131 imalat\u0131 firmam\u0131z taraf\u0131ndan yap\u0131lmaktad\u0131r. M\u00fc\u015fterilerimizin istek ve ihtiya\u00e7lar\u0131na g\u00f6re<strong> \u00f6zel \u00f6l\u00e7\u00fc ve modellerde paslanmaz peynir arabas\u0131 \u00fcretimi<\/strong> yapmaktay\u0131z. Bu arabalarda ka\u015far peynir dinlendirmesi ve ceddar peynir dinlendirmesi yap\u0131lmaktad\u0131r.<\/p>\n<p>Komple 304 kalite paslanmaz sac ve profilden imal etmekteyiz. 304 kalite paslanmaz \u00e7elik malzeme sa\u011fl\u0131k, g\u0131da sekt\u00f6r\u00fcnde kullan\u0131lmaktad\u0131r. Bu malzeme piyasada krom peynir arabas\u0131 olarak da bilinmektedir.<\/p>\n<h3>Peynir dinlendirme arabas\u0131<\/h3>\n<p>Ka\u015far ve ceddar peynirleri belirli s\u00fcre bekletilmektedir. Bu bekletme i\u015flemi i\u00e7in resimde g\u00f6rd\u00fc\u011f\u00fcn\u00fcz krom dinlendirme arabalar\u0131 kullan\u0131labilir. Bu arabalara \u0131zgaral\u0131 \u015fekilde kromdan tel raf konulur. Krom tel raflar da \u00c7elebi Mutfak taraf\u0131ndan imal edilmektedir.<\/p>\n<h3>\u00d6zel imalat paslanmaz araba<\/h3>\n<p>S\u00fct ve peynir \u00fcr\u00fcnleri i\u00e7in gerekli krom ekipmanlar firmam\u0131z taraf\u0131ndan imal edilmektedir. Sizler de ihtiya\u00e7lar\u0131n\u0131z dahilinde \u00f6zel veya standart imalat paslanmaz araba teklifi i\u00e7in bizimle ileti\u015fime ge\u00e7ebilirsiniz.<\/p>\n<p><a href=\"https:\/\/www.celebimutfak.com\/index.php\/iletisim\/\" target=\"_blank\" rel=\"noopener\">\u0130LET\u0130\u015e\u0130M<\/a><\/p>\n","protected":false},"excerpt":{"rendered":"<ul>\n<li>Kullan\u0131lacak tekerlek ve sac kal\u0131nl\u0131\u011f\u0131na g\u00f6re fiyatlara a\u015fa\u011f\u0131\/yukar\u0131 y\u00f6nde de\u011fi\u015febilir.<\/li>\n<li>Peynir dinlendirme arabas\u0131 imalat\u0131.<\/li>\n<li>\u00d6zel \u00f6l\u00e7\u00fc ve modellerde \u00fcretilir.<\/li>\n<li>304 kalite paslanmaz sac ve profildir.<\/li>\n<li>Frenli ve frensiz tekerleklidir.<\/li>\n<li>S\u00fct ve peynir fabrikalar\u0131nda kullan\u0131l\u0131r.<\/li>\n<li>Bilgi ve Fiyat i\u00e7in : <a href=\"https:\/\/www.celebimutfak.com\/index.php\/iletisim\/\" target=\"_blank\" rel=\"noopener\">\u0130LET\u0130\u015e\u0130M<\/a><\/li>\n<\/ul>\n","protected":false},"featured_media":1342,"comment_status":"open","ping_status":"closed","template":"","meta":{"site-sidebar-layout":"default","site-content-layout":"default","ast-site-content-layout":"","site-content-style":"default","site-sidebar-style":"default","ast-global-header-display":"","ast-banner-title-visibility":"","ast-main-header-display":"","ast-hfb-above-header-display":"","ast-hfb-below-header-display":"","ast-hfb-mobile-header-display":"","site-post-title":"","ast-breadcrumbs-content":"","ast-featured-img":"","footer-sml-layout":"","theme-transparent-header-meta":"default","adv-header-id-meta":"","stick-header-meta":"","header-above-stick-meta":"","header-main-stick-meta":"","header-below-stick-meta":"","astra-migrate-meta-layouts":"default","ast-page-background-enabled":"default","ast-page-background-meta":{"desktop":{"background-color":"var(--ast-global-color-4)","background-image":"","background-repeat":"repeat","background-position":"center center","background-size":"auto","background-attachment":"scroll","background-type":"","background-media":"","overlay-type":"","overlay-color":"","overlay-opacity":"","overlay-gradient":""},"tablet":{"background-color":"","background-image":"","background-repeat":"repeat","background-position":"center center","background-size":"auto","background-attachment":"scroll","background-type":"","background-media":"","overlay-type":"","overlay-color":"","overlay-opacity":"","overlay-gradient":""},"mobile":{"background-color":"","background-image":"","background-repeat":"repeat","background-position":"center center","background-size":"auto","background-attachment":"scroll","background-type":"","background-media":"","overlay-type":"","overlay-color":"","overlay-opacity":"","overlay-gradient":""}},"ast-content-background-meta":{"desktop":{"background-color":"var(--ast-global-color-5)","background-image":"","background-repeat":"repeat","background-position":"center center","background-size":"auto","background-attachment":"scroll","background-type":"","background-media":"","overlay-type":"","overlay-color":"","overlay-opacity":"","overlay-gradient":""},"tablet":{"background-color":"var(--ast-global-color-5)","background-image":"","background-repeat":"repeat","background-position":"center center","background-size":"auto","background-attachment":"scroll","background-type":"","background-media":"","overlay-type":"","overlay-color":"","overlay-opacity":"","overlay-gradient":""},"mobile":{"background-color":"var(--ast-global-color-5)","background-image":"","background-repeat":"repeat","background-position":"center center","background-size":"auto","background-attachment":"scroll","background-type":"","background-media":"","overlay-type":"","overlay-color":"","overlay-opacity":"","overlay-gradient":""}}},"product_cat":[53],"product_tag":[],"_links":{"self":[{"href":"https:\/\/www.celebimutfak.com\/index.php\/wp-json\/wp\/v2\/product\/1339"}],"collection":[{"href":"https:\/\/www.celebimutfak.com\/index.php\/wp-json\/wp\/v2\/product"}],"about":[{"href":"https:\/\/www.celebimutfak.com\/index.php\/wp-json\/wp\/v2\/types\/product"}],"replies":[{"embeddable":true,"href":"https:\/\/www.celebimutfak.com\/index.php\/wp-json\/wp\/v2\/comments?post=1339"}],"wp:featuredmedia":[{"embeddable":true,"href":"https:\/\/www.celebimutfak.com\/index.php\/wp-json\/wp\/v2\/media\/1342"}],"wp:attachment":[{"href":"https:\/\/www.celebimutfak.com\/index.php\/wp-json\/wp\/v2\/media?parent=1339"}],"wp:term":[{"taxonomy":"product_cat","embeddable":true,"href":"https:\/\/www.celebimutfak.com\/index.php\/wp-json\/wp\/v2\/product_cat?post=1339"},{"taxonomy":"product_tag","embeddable":true,"href":"https:\/\/www.celebimutfak.com\/index.php\/wp-json\/wp\/v2\/product_tag?post=1339"}],"curies":[{"name":"wp","href":"https:\/\/api.w.org\/{rel}","templated":true}]}}