{"id":132,"date":"2016-06-26T02:02:11","date_gmt":"2016-06-25T23:02:11","guid":{"rendered":"http:\/\/www.celebimutfak.com\/?post_type=product&#038;p=132"},"modified":"2022-11-28T14:10:04","modified_gmt":"2022-11-28T11:10:04","slug":"bulasik-toplama-arabasi","status":"publish","type":"product","link":"https:\/\/www.celebimutfak.com\/index.php\/urun\/bulasik-toplama-arabasi\/","title":{"rendered":"Bula\u015f\u0131k Toplama Arabas\u0131"},"content":{"rendered":"<h2>Krom Bula\u015f\u0131k Arabas\u0131<\/h2>\n<p>Bula\u015f\u0131k toplama arabalar\u0131 genellikle restoran, d\u00fc\u011f\u00fcn salonu, otel ve lokantalarda kullan\u0131lmaktad\u0131r. Masalar\u0131n aras\u0131na girmesi kolay oldu\u011fu i\u00e7in bu arabalar tercih edilmektedir. Garsonlar masalar\u0131 gezerek <strong>bo\u015f tabaklar\u0131<\/strong> toplay\u0131p bu arabalar yard\u0131m\u0131yla bula\u015f\u0131khaneye g\u00f6t\u00fcrmektedir.<\/p>\n<p>Firmam\u0131z, krom bula\u015f\u0131k arabalar\u0131n\u0131 m\u00fc\u015fterilerin istedi\u011fi \u00f6l\u00e7\u00fclerde \u00fcretmektedir. Bula\u015f\u0131k arabalar\u0131n\u0131n kasas\u0131 ve borular\u0131 dahil komple 304 kalite paslanmaz \u00e7eliktir. Sadece tekerlekleri kaplamal\u0131d\u0131r. E\u011fer<strong> paslanmaz ma\u015fal\u0131 tekerlek<\/strong> istenirse sadece tekerlek fark\u0131 fiyata eklenmektedir, ekstra ba\u015fka \u00fccret talep edilmez.<\/p>\n<h3>2 katl\u0131 ve 3 katl\u0131 bula\u015f\u0131k arabas\u0131<\/h3>\n<p>Bula\u015f\u0131k arabalar\u0131 genellikle <strong>2 katl\u0131<\/strong> olarak \u00fcretilir, e\u011fer <strong>3 katl\u0131<\/strong> isterseniz l\u00fctfen sipari\u015f esnas\u0131nda bizlere e-posta veya telefon yoluyla belirtiniz. 304 kalite paslanmaz arabalar suya ve neme kar\u015f\u0131 mutlak dayan\u0131kl\u0131d\u0131r. End\u00fcstriyel mutfak ekipmanlar\u0131nda kullan\u0131lmas\u0131 gereken paslanmaz \u00e7elik s\u0131n\u0131f\u0131 304&#8217;t\u00fcr.<\/p>\n<h5>End\u00fcstriyel Mutfak Ekipmanlar\u0131 \u0130malat\u0131<\/h5>\n<p>Siz de bula\u015f\u0131k arabas\u0131 ve di\u011fer mutfak ekipmanlar\u0131 ihtiya\u00e7lar\u0131n\u0131z i\u00e7in <a href=\"https:\/\/www.celebimutfak.com\/index.php\/iletisim\/\" target=\"_blank\" rel=\"noopener\"><strong>\u0130LET\u0130\u015e\u0130M<\/strong> <\/a>sayfam\u0131zdan bize ula\u015fabilirsiniz. Projeden montaja komple mutfak \u00fcretiminde Bursa ve T\u00fcrkiye&#8217;de kalitesini kan\u0131tlam\u0131\u015f firmay\u0131z: <strong><a href=\"https:\/\/www.celebimutfak.com\/index.php\/hakkimizda\/\" target=\"_blank\" rel=\"noopener\">Referanslar\u0131m\u0131z<\/a><\/strong><\/p>\n<p>&nbsp;<\/p>\n","protected":false},"excerpt":{"rendered":"<ul>\n<li>\u00d6zel \u00f6l\u00e7\u00fcde imal etmekteyiz.<\/li>\n<li>2 veya 3 katl\u0131 olarak imal edilebilir.<\/li>\n<li>Bula\u015f\u0131k ta\u015f\u0131mak veya servis yapmak i\u00e7in kullan\u0131l\u0131r.<\/li>\n<li>Tamam 304 kalite paslanmaz \u00e7eliktir.<\/li>\n<li><a href=\"https:\/\/www.celebimutfak.com\/index.php\/iletisim\/\" target=\"_blank\" rel=\"noopener\"><strong>\u0130LET\u0130\u015e\u0130M<\/strong><\/a><\/li>\n<\/ul>\n","protected":false},"featured_media":133,"comment_status":"open","ping_status":"closed","template":"","meta":{"site-sidebar-layout":"default","site-content-layout":"default","ast-site-content-layout":"","site-content-style":"default","site-sidebar-style":"default","ast-global-header-display":"","ast-banner-title-visibility":"","ast-main-header-display":"","ast-hfb-above-header-display":"","ast-hfb-below-header-display":"","ast-hfb-mobile-header-display":"","site-post-title":"","ast-breadcrumbs-content":"","ast-featured-img":"","footer-sml-layout":"","theme-transparent-header-meta":"default","adv-header-id-meta":"","stick-header-meta":"","header-above-stick-meta":"","header-main-stick-meta":"","header-below-stick-meta":"","astra-migrate-meta-layouts":"default","ast-page-background-enabled":"default","ast-page-background-meta":{"desktop":{"background-color":"var(--ast-global-color-4)","background-image":"","background-repeat":"repeat","background-position":"center center","background-size":"auto","background-attachment":"scroll","background-type":"","background-media":"","overlay-type":"","overlay-color":"","overlay-opacity":"","overlay-gradient":""},"tablet":{"background-color":"","background-image":"","background-repeat":"repeat","background-position":"center center","background-size":"auto","background-attachment":"scroll","background-type":"","background-media":"","overlay-type":"","overlay-color":"","overlay-opacity":"","overlay-gradient":""},"mobile":{"background-color":"","background-image":"","background-repeat":"repeat","background-position":"center center","background-size":"auto","background-attachment":"scroll","background-type":"","background-media":"","overlay-type":"","overlay-color":"","overlay-opacity":"","overlay-gradient":""}},"ast-content-background-meta":{"desktop":{"background-color":"var(--ast-global-color-5)","background-image":"","background-repeat":"repeat","background-position":"center center","background-size":"auto","background-attachment":"scroll","background-type":"","background-media":"","overlay-type":"","overlay-color":"","overlay-opacity":"","overlay-gradient":""},"tablet":{"background-color":"var(--ast-global-color-5)","background-image":"","background-repeat":"repeat","background-position":"center center","background-size":"auto","background-attachment":"scroll","background-type":"","background-media":"","overlay-type":"","overlay-color":"","overlay-opacity":"","overlay-gradient":""},"mobile":{"background-color":"var(--ast-global-color-5)","background-image":"","background-repeat":"repeat","background-position":"center center","background-size":"auto","background-attachment":"scroll","background-type":"","background-media":"","overlay-type":"","overlay-color":"","overlay-opacity":"","overlay-gradient":""}}},"product_cat":[53],"product_tag":[],"_links":{"self":[{"href":"https:\/\/www.celebimutfak.com\/index.php\/wp-json\/wp\/v2\/product\/132"}],"collection":[{"href":"https:\/\/www.celebimutfak.com\/index.php\/wp-json\/wp\/v2\/product"}],"about":[{"href":"https:\/\/www.celebimutfak.com\/index.php\/wp-json\/wp\/v2\/types\/product"}],"replies":[{"embeddable":true,"href":"https:\/\/www.celebimutfak.com\/index.php\/wp-json\/wp\/v2\/comments?post=132"}],"wp:featuredmedia":[{"embeddable":true,"href":"https:\/\/www.celebimutfak.com\/index.php\/wp-json\/wp\/v2\/media\/133"}],"wp:attachment":[{"href":"https:\/\/www.celebimutfak.com\/index.php\/wp-json\/wp\/v2\/media?parent=132"}],"wp:term":[{"taxonomy":"product_cat","embeddable":true,"href":"https:\/\/www.celebimutfak.com\/index.php\/wp-json\/wp\/v2\/product_cat?post=132"},{"taxonomy":"product_tag","embeddable":true,"href":"https:\/\/www.celebimutfak.com\/index.php\/wp-json\/wp\/v2\/product_tag?post=132"}],"curies":[{"name":"wp","href":"https:\/\/api.w.org\/{rel}","templated":true}]}}