{"id":128,"date":"2016-06-26T01:50:11","date_gmt":"2016-06-25T22:50:11","guid":{"rendered":"http:\/\/www.celebimutfak.com\/?post_type=product&#038;p=128"},"modified":"2023-03-15T00:33:18","modified_gmt":"2023-03-14T21:33:18","slug":"tepsi-arabasi-ikili-kapali","status":"publish","type":"product","link":"https:\/\/www.celebimutfak.com\/index.php\/urun\/tepsi-arabasi-ikili-kapali\/","title":{"rendered":"Tepsi Arabas\u0131 &#8211; \u0130kili, Kapal\u0131"},"content":{"rendered":"<h2>Kirli Tepsi Arabas\u0131<\/h2>\n<p>Yemekhanelerde yemek yenildikten sonra tepsiler bu arabaya toplan\u0131r. Tepsi arabas\u0131na toplanan tepsiler bula\u015f\u0131khaneye daha rahat ta\u015f\u0131nm\u0131\u015f olur.<\/p>\n<p>Kirli tepsi arabalar\u0131n\u0131, \u00f6zel \u00f6l\u00e7\u00fclerde \u00fcretmekteyiz. M\u00fc\u015fterilerimizin tepsi \u00f6l\u00e7\u00fcleri birbiri ile \u00e7ok farkl\u0131 olabilmektedir. Yemekhanede yemek yiyen misafir say\u0131s\u0131na g\u00f6re tek s\u0131ral\u0131 veya \u00e7ift s\u0131ral\u0131 olarak imal ediyoruz.<\/p>\n<p>20 y\u0131l\u0131 a\u015fk\u0131n s\u00fcredir end\u00fcstriyel mutfak ekipmanlar\u0131 imalat\u0131 yapmaktay\u0131z. M\u00fc\u015fterilerimizin ihtiya\u00e7lar\u0131na g\u00f6re proje &#8211; imalat &#8211; montaj i\u015fleri y\u00fcr\u00fctmekteyiz.<\/p>\n","protected":false},"excerpt":{"rendered":"<ul>\n<li>Etraf\u0131 kapal\u0131<\/li>\n<li>Tepsi \u00f6l\u00e7\u00fclerine g\u00f6re imalat<\/li>\n<li>Tepsi d\u00fc\u015fmesini \u00f6nleyen mil<\/li>\n<li>Zamanla genle\u015fmeyi \u00f6nleyen \u00e7apraz kaynakl\u0131 mil<\/li>\n<li>\u0130stenilen \u00f6l\u00e7\u00fclerde \u00fcretim(tek s\u0131ra veya \u00e7ift s\u0131ra)<\/li>\n<li>304 kalite paslanmazdan imal<\/li>\n<li><strong><a href=\"https:\/\/www.celebimutfak.com\/index.php\/iletisim\/\" target=\"_blank\" rel=\"noopener\">\u0130LET\u0130\u015e\u0130M<\/a><\/strong><\/li>\n<\/ul>\n","protected":false},"featured_media":129,"comment_status":"open","ping_status":"closed","template":"","meta":{"site-sidebar-layout":"default","site-content-layout":"default","ast-site-content-layout":"","site-content-style":"default","site-sidebar-style":"default","ast-global-header-display":"","ast-banner-title-visibility":"","ast-main-header-display":"","ast-hfb-above-header-display":"","ast-hfb-below-header-display":"","ast-hfb-mobile-header-display":"","site-post-title":"","ast-breadcrumbs-content":"","ast-featured-img":"","footer-sml-layout":"","theme-transparent-header-meta":"default","adv-header-id-meta":"","stick-header-meta":"","header-above-stick-meta":"","header-main-stick-meta":"","header-below-stick-meta":"","astra-migrate-meta-layouts":"default","ast-page-background-enabled":"default","ast-page-background-meta":{"desktop":{"background-color":"var(--ast-global-color-4)","background-image":"","background-repeat":"repeat","background-position":"center center","background-size":"auto","background-attachment":"scroll","background-type":"","background-media":"","overlay-type":"","overlay-color":"","overlay-opacity":"","overlay-gradient":""},"tablet":{"background-color":"","background-image":"","background-repeat":"repeat","background-position":"center center","background-size":"auto","background-attachment":"scroll","background-type":"","background-media":"","overlay-type":"","overlay-color":"","overlay-opacity":"","overlay-gradient":""},"mobile":{"background-color":"","background-image":"","background-repeat":"repeat","background-position":"center center","background-size":"auto","background-attachment":"scroll","background-type":"","background-media":"","overlay-type":"","overlay-color":"","overlay-opacity":"","overlay-gradient":""}},"ast-content-background-meta":{"desktop":{"background-color":"var(--ast-global-color-5)","background-image":"","background-repeat":"repeat","background-position":"center center","background-size":"auto","background-attachment":"scroll","background-type":"","background-media":"","overlay-type":"","overlay-color":"","overlay-opacity":"","overlay-gradient":""},"tablet":{"background-color":"var(--ast-global-color-5)","background-image":"","background-repeat":"repeat","background-position":"center center","background-size":"auto","background-attachment":"scroll","background-type":"","background-media":"","overlay-type":"","overlay-color":"","overlay-opacity":"","overlay-gradient":""},"mobile":{"background-color":"var(--ast-global-color-5)","background-image":"","background-repeat":"repeat","background-position":"center center","background-size":"auto","background-attachment":"scroll","background-type":"","background-media":"","overlay-type":"","overlay-color":"","overlay-opacity":"","overlay-gradient":""}}},"product_cat":[52],"product_tag":[],"_links":{"self":[{"href":"https:\/\/www.celebimutfak.com\/index.php\/wp-json\/wp\/v2\/product\/128"}],"collection":[{"href":"https:\/\/www.celebimutfak.com\/index.php\/wp-json\/wp\/v2\/product"}],"about":[{"href":"https:\/\/www.celebimutfak.com\/index.php\/wp-json\/wp\/v2\/types\/product"}],"replies":[{"embeddable":true,"href":"https:\/\/www.celebimutfak.com\/index.php\/wp-json\/wp\/v2\/comments?post=128"}],"wp:featuredmedia":[{"embeddable":true,"href":"https:\/\/www.celebimutfak.com\/index.php\/wp-json\/wp\/v2\/media\/129"}],"wp:attachment":[{"href":"https:\/\/www.celebimutfak.com\/index.php\/wp-json\/wp\/v2\/media?parent=128"}],"wp:term":[{"taxonomy":"product_cat","embeddable":true,"href":"https:\/\/www.celebimutfak.com\/index.php\/wp-json\/wp\/v2\/product_cat?post=128"},{"taxonomy":"product_tag","embeddable":true,"href":"https:\/\/www.celebimutfak.com\/index.php\/wp-json\/wp\/v2\/product_tag?post=128"}],"curies":[{"name":"wp","href":"https:\/\/api.w.org\/{rel}","templated":true}]}}