{"id":1265,"date":"2021-05-23T13:13:32","date_gmt":"2021-05-23T10:13:32","guid":{"rendered":"https:\/\/www.celebimutfak.com\/?post_type=product&#038;p=1265"},"modified":"2022-04-04T03:36:37","modified_gmt":"2022-04-04T00:36:37","slug":"paslanmaz-krom-dolap","status":"publish","type":"product","link":"https:\/\/www.celebimutfak.com\/index.php\/urun\/paslanmaz-krom-dolap\/","title":{"rendered":"Paslanmaz \u00c7elik Dolap"},"content":{"rendered":"<h2>Paslan\u0131r m\u0131?<\/h2>\n<p>End\u00fcstriyel mutfak sekt\u00f6r\u00fcnde kullan\u0131lan paslanmaz \u00e7eli\u011fin kalitesi(tipi) genellikle 304&#8217;t\u00fcr. Bu kalite paslanmaz \u00e7elik<strong> su<\/strong> ve <strong>nem<\/strong>e kar\u015f\u0131 mutlak dayan\u0131kl\u0131d\u0131r. Uzun y\u0131llar(minimum 20-30 y\u0131l) paslanmaz(korozyon) yapmaz. Dikkat : Piyasada ayn\u0131 renk ve g\u00f6r\u00fcn\u00fcme sahip ba\u015fka paslanmaz \u00e7elik t\u00fcrleri vard\u0131r. Bunlar 202, 430 gibi kaliteye sahip t\u00fcrlerdir. 202 kalite k\u0131sa s\u00fcrede paslanmaz yapacakt\u0131r. 430 kalite neme kar\u015f\u0131 dayan\u0131kl\u0131d\u0131r ancak suya kar\u015f\u0131 uzun s\u00fcre dayanamaz. <strong>End\u00fcstriyel mutfak<\/strong> sekt\u00f6r\u00fcnde ideal paslanmaz \u00e7elik <strong>304<\/strong> kalitedir.<\/p>\n<p>Paslanmaz \u00e7eli\u011fin <strong>kalitesini<\/strong> anlamak olduk\u00e7a zordur. Bunu ay\u0131rt etmek i\u00e7in eskiden <strong>m\u0131knat\u0131s<\/strong> kullan\u0131l\u0131rd\u0131 ancak g\u00fcn\u00fcm\u00fczde baz\u0131 kalitedeki t\u00fcrler m\u0131knat\u0131sla dahi ay\u0131rt edilemiyor. Burada yap\u0131lmas\u0131 gereken g\u00fcvenilir firmalar ile ticaret yapmakt\u0131r.<\/p>\n<h2>Paslanmaz Hastane Dolaplar\u0131<\/h2>\n<p>Firmam\u0131z, paslanmaz hastane dolaplar\u0131 imalat\u0131 da yapmaktad\u0131r. Kullan\u0131m ama\u00e7lar\u0131na g\u00f6re krom dolap \u00e7e\u015fitlerimiz ve \u00f6zel \u00fcretimimiz mevcuttur. Malzemelerimiz sa\u011fl\u0131k standartlar\u0131na uygun olarak 304 kalite paslanmaz \u00e7elikten imaldir.<\/p>\n<p><a href=\"https:\/\/www.celebimutfak.com\/index.php\/urun\/malzeme-dolabi-paslanmaz-dik\/\" target=\"_blank\" rel=\"noopener\">[\u00c7ift Kapakl\u0131 Krom Dolap]<\/a><\/p>\n","protected":false},"excerpt":{"rendered":"<ul>\n<li>Sac kal\u0131nl\u0131\u011f\u0131na g\u00f6re fiyat <strong>a\u015fa\u011f\u0131 veya yukar\u0131<\/strong> y\u00f6nl\u00fc de\u011fi\u015febilir.<\/li>\n<li>Tamam\u0131 <strong>304<\/strong> kalite <strong>paslanmaz<\/strong> \u00e7elikten imal edilir.<\/li>\n<li>\u0130ste\u011fe <strong>\u00f6zel \u00f6l\u00e7\u00fclerde<\/strong> ve \u015fekilde \u00fcretilir.<\/li>\n<li>Depolama, istifleme gibi \u00e7e\u015fitli ama\u00e7larla kullan\u0131l\u0131r.<\/li>\n<li><strong>Raf say\u0131s\u0131<\/strong> ve raf aral\u0131klar\u0131n\u0131 sipari\u015f s\u0131ras\u0131nda belirtiniz.<\/li>\n<li>40*40 mm paslanmaz profile ge\u00e7meli rotil ayaklar\u0131 vard\u0131r.<\/li>\n<li>Rotil ayak sayesinde <strong>y\u00fckseklik<\/strong> \u00b13cm ayarlanabilir.<\/li>\n<li>G\u00fcncel fiyat bilgisi ve detayl\u0131 bilgi i\u00e7in <a href=\"https:\/\/www.celebimutfak.com\/index.php\/iletisim\/\" target=\"_blank\" rel=\"noopener\">\u0130LET\u0130\u015e\u0130M<\/a><\/li>\n<\/ul>\n","protected":false},"featured_media":1266,"comment_status":"open","ping_status":"closed","template":"","meta":{"site-sidebar-layout":"default","site-content-layout":"default","ast-site-content-layout":"","site-content-style":"default","site-sidebar-style":"default","ast-global-header-display":"","ast-banner-title-visibility":"","ast-main-header-display":"","ast-hfb-above-header-display":"","ast-hfb-below-header-display":"","ast-hfb-mobile-header-display":"","site-post-title":"","ast-breadcrumbs-content":"","ast-featured-img":"","footer-sml-layout":"","theme-transparent-header-meta":"default","adv-header-id-meta":"","stick-header-meta":"","header-above-stick-meta":"","header-main-stick-meta":"","header-below-stick-meta":"","astra-migrate-meta-layouts":"default","ast-page-background-enabled":"default","ast-page-background-meta":{"desktop":{"background-color":"var(--ast-global-color-4)","background-image":"","background-repeat":"repeat","background-position":"center center","background-size":"auto","background-attachment":"scroll","background-type":"","background-media":"","overlay-type":"","overlay-color":"","overlay-opacity":"","overlay-gradient":""},"tablet":{"background-color":"","background-image":"","background-repeat":"repeat","background-position":"center center","background-size":"auto","background-attachment":"scroll","background-type":"","background-media":"","overlay-type":"","overlay-color":"","overlay-opacity":"","overlay-gradient":""},"mobile":{"background-color":"","background-image":"","background-repeat":"repeat","background-position":"center center","background-size":"auto","background-attachment":"scroll","background-type":"","background-media":"","overlay-type":"","overlay-color":"","overlay-opacity":"","overlay-gradient":""}},"ast-content-background-meta":{"desktop":{"background-color":"var(--ast-global-color-5)","background-image":"","background-repeat":"repeat","background-position":"center center","background-size":"auto","background-attachment":"scroll","background-type":"","background-media":"","overlay-type":"","overlay-color":"","overlay-opacity":"","overlay-gradient":""},"tablet":{"background-color":"var(--ast-global-color-5)","background-image":"","background-repeat":"repeat","background-position":"center center","background-size":"auto","background-attachment":"scroll","background-type":"","background-media":"","overlay-type":"","overlay-color":"","overlay-opacity":"","overlay-gradient":""},"mobile":{"background-color":"var(--ast-global-color-5)","background-image":"","background-repeat":"repeat","background-position":"center center","background-size":"auto","background-attachment":"scroll","background-type":"","background-media":"","overlay-type":"","overlay-color":"","overlay-opacity":"","overlay-gradient":""}}},"product_cat":[10,25],"product_tag":[],"_links":{"self":[{"href":"https:\/\/www.celebimutfak.com\/index.php\/wp-json\/wp\/v2\/product\/1265"}],"collection":[{"href":"https:\/\/www.celebimutfak.com\/index.php\/wp-json\/wp\/v2\/product"}],"about":[{"href":"https:\/\/www.celebimutfak.com\/index.php\/wp-json\/wp\/v2\/types\/product"}],"replies":[{"embeddable":true,"href":"https:\/\/www.celebimutfak.com\/index.php\/wp-json\/wp\/v2\/comments?post=1265"}],"wp:featuredmedia":[{"embeddable":true,"href":"https:\/\/www.celebimutfak.com\/index.php\/wp-json\/wp\/v2\/media\/1266"}],"wp:attachment":[{"href":"https:\/\/www.celebimutfak.com\/index.php\/wp-json\/wp\/v2\/media?parent=1265"}],"wp:term":[{"taxonomy":"product_cat","embeddable":true,"href":"https:\/\/www.celebimutfak.com\/index.php\/wp-json\/wp\/v2\/product_cat?post=1265"},{"taxonomy":"product_tag","embeddable":true,"href":"https:\/\/www.celebimutfak.com\/index.php\/wp-json\/wp\/v2\/product_tag?post=1265"}],"curies":[{"name":"wp","href":"https:\/\/api.w.org\/{rel}","templated":true}]}}