{"id":122,"date":"2016-06-26T01:35:49","date_gmt":"2016-06-25T22:35:49","guid":{"rendered":"http:\/\/www.celebimutfak.com\/?post_type=product&#038;p=122"},"modified":"2022-11-28T14:15:21","modified_gmt":"2022-11-28T11:15:21","slug":"tepsi-toplama-arabasi","status":"publish","type":"product","link":"https:\/\/www.celebimutfak.com\/index.php\/urun\/tepsi-toplama-arabasi\/","title":{"rendered":"Tepsi Toplama Arabas\u0131"},"content":{"rendered":"<h3>Kirli Tepsi Arabas\u0131<\/h3>\n<p>Yemek salonlar\u0131n toplu yemek sonras\u0131 tepsiler bu arabalara dizilir. <strong>Tepsi arabalar\u0131nda<\/strong> toplanan tepsiler bula\u015f\u0131k\u00e7\u0131 personel taraf\u0131ndan <strong>bula\u015f\u0131khaneye<\/strong> ta\u015f\u0131nmaktad\u0131r.<\/p>\n<p>Tepsi arabalar\u0131, farkl\u0131 tepsilere g\u00f6re \u00f6zel \u00f6l\u00e7\u00fclerde \u00fcretilmektedir. Tepsi arabalar\u0131n\u0131n tekerlekleri frenlidir. Frenli tekerlek olmas\u0131 sayesinde yemek salonlar\u0131nda <strong>sabit<\/strong> bekleyebilir. \u00dcretimini yapt\u0131\u011f\u0131m\u0131z tepsi arabalar\u0131n\u0131n raf saclar\u0131 1.2 mm kal\u0131nl\u0131\u011f\u0131ndad\u0131r. Bu raflar\u0131 <strong>sa\u011flam \u015fekilde profillere kaynatmakmay\u0131z<\/strong>. Piyasada sat\u0131lan bir\u00e7ok tepsi arabas\u0131 ince sacdan raf yap\u0131larak sadece punta ile tutturulmu\u015f oluyor ve zaman i\u00e7erisinde kopmaktad\u0131r.<\/p>\n<h4>Paslanmaz Mutfak Ekipmanlar\u0131<\/h4>\n<p>\u00c7elebi End\u00fcstriyel Mutfak olarak bizler, her t\u00fcrl\u00fc fabrika mutfaklar\u0131n\u0131 projelendirip <strong>paslanmaz \u00e7elik mutfak ekipmanlar\u0131<\/strong> imalat\u0131 yap\u0131yoruz. Sadece \u00fcretimini yapt\u0131\u011f\u0131m\u0131z \u00fcr\u00fcnleri m\u00fc\u015fterilerimize satmaktay\u0131z. \u00dcretim yapmad\u0131\u011f\u0131m\u0131z \u00fcr\u00fcnler i\u00e7in sat\u0131\u015f\u0131m\u0131z yoktur.<\/p>\n<p>Sizler de <strong>fabrika yemekhane<\/strong> projeleriniz i\u00e7in bizimle <strong><a href=\"https:\/\/www.celebimutfak.com\/index.php\/iletisim\/\" target=\"_blank\" rel=\"noopener\">\u0130LET\u0130\u015e\u0130M&#8217;e<\/a> <\/strong>ge\u00e7erek fiyat alabilirsiniz.<\/p>\n","protected":false},"excerpt":{"rendered":"<ul>\n<li>Bo\u015f tepsi toplamak i\u00e7in kullan\u0131l\u0131r.<\/li>\n<li>304 kalite sac ve profildendir.<\/li>\n<li>Tepsi \u00f6l\u00e7\u00fcs\u00fcne g\u00f6re \u00f6zel olarak imal edilir.<\/li>\n<li>M\u00fc\u015fteri iste\u011fine g\u00f6re raf say\u0131s\u0131 ve s\u00fctun say\u0131s\u0131 de\u011fi\u015ftirilebilir.<\/li>\n<li><strong><a href=\"https:\/\/www.celebimutfak.com\/index.php\/iletisim\/\" target=\"_blank\" rel=\"noopener\">\u0130LET\u0130\u015e\u0130M<\/a><\/strong><\/li>\n<\/ul>\n","protected":false},"featured_media":123,"comment_status":"open","ping_status":"closed","template":"","meta":{"site-sidebar-layout":"default","site-content-layout":"default","ast-site-content-layout":"","site-content-style":"default","site-sidebar-style":"default","ast-global-header-display":"","ast-banner-title-visibility":"","ast-main-header-display":"","ast-hfb-above-header-display":"","ast-hfb-below-header-display":"","ast-hfb-mobile-header-display":"","site-post-title":"","ast-breadcrumbs-content":"","ast-featured-img":"","footer-sml-layout":"","theme-transparent-header-meta":"default","adv-header-id-meta":"","stick-header-meta":"","header-above-stick-meta":"","header-main-stick-meta":"","header-below-stick-meta":"","astra-migrate-meta-layouts":"default","ast-page-background-enabled":"default","ast-page-background-meta":{"desktop":{"background-color":"var(--ast-global-color-4)","background-image":"","background-repeat":"repeat","background-position":"center center","background-size":"auto","background-attachment":"scroll","background-type":"","background-media":"","overlay-type":"","overlay-color":"","overlay-opacity":"","overlay-gradient":""},"tablet":{"background-color":"","background-image":"","background-repeat":"repeat","background-position":"center center","background-size":"auto","background-attachment":"scroll","background-type":"","background-media":"","overlay-type":"","overlay-color":"","overlay-opacity":"","overlay-gradient":""},"mobile":{"background-color":"","background-image":"","background-repeat":"repeat","background-position":"center center","background-size":"auto","background-attachment":"scroll","background-type":"","background-media":"","overlay-type":"","overlay-color":"","overlay-opacity":"","overlay-gradient":""}},"ast-content-background-meta":{"desktop":{"background-color":"var(--ast-global-color-5)","background-image":"","background-repeat":"repeat","background-position":"center center","background-size":"auto","background-attachment":"scroll","background-type":"","background-media":"","overlay-type":"","overlay-color":"","overlay-opacity":"","overlay-gradient":""},"tablet":{"background-color":"var(--ast-global-color-5)","background-image":"","background-repeat":"repeat","background-position":"center center","background-size":"auto","background-attachment":"scroll","background-type":"","background-media":"","overlay-type":"","overlay-color":"","overlay-opacity":"","overlay-gradient":""},"mobile":{"background-color":"var(--ast-global-color-5)","background-image":"","background-repeat":"repeat","background-position":"center center","background-size":"auto","background-attachment":"scroll","background-type":"","background-media":"","overlay-type":"","overlay-color":"","overlay-opacity":"","overlay-gradient":""}}},"product_cat":[52],"product_tag":[],"_links":{"self":[{"href":"https:\/\/www.celebimutfak.com\/index.php\/wp-json\/wp\/v2\/product\/122"}],"collection":[{"href":"https:\/\/www.celebimutfak.com\/index.php\/wp-json\/wp\/v2\/product"}],"about":[{"href":"https:\/\/www.celebimutfak.com\/index.php\/wp-json\/wp\/v2\/types\/product"}],"replies":[{"embeddable":true,"href":"https:\/\/www.celebimutfak.com\/index.php\/wp-json\/wp\/v2\/comments?post=122"}],"wp:featuredmedia":[{"embeddable":true,"href":"https:\/\/www.celebimutfak.com\/index.php\/wp-json\/wp\/v2\/media\/123"}],"wp:attachment":[{"href":"https:\/\/www.celebimutfak.com\/index.php\/wp-json\/wp\/v2\/media?parent=122"}],"wp:term":[{"taxonomy":"product_cat","embeddable":true,"href":"https:\/\/www.celebimutfak.com\/index.php\/wp-json\/wp\/v2\/product_cat?post=122"},{"taxonomy":"product_tag","embeddable":true,"href":"https:\/\/www.celebimutfak.com\/index.php\/wp-json\/wp\/v2\/product_tag?post=122"}],"curies":[{"name":"wp","href":"https:\/\/api.w.org\/{rel}","templated":true}]}}