{"id":1211,"date":"2021-02-28T22:39:00","date_gmt":"2021-02-28T19:39:00","guid":{"rendered":"https:\/\/www.celebimutfak.com\/?post_type=product&#038;p=1211"},"modified":"2023-04-14T17:31:43","modified_gmt":"2023-04-14T14:31:43","slug":"self-servis-yemek-tezgahi-benmari","status":"publish","type":"product","link":"https:\/\/www.celebimutfak.com\/index.php\/urun\/self-servis-yemek-tezgahi-benmari\/","title":{"rendered":"Self Servis Yemek Tezgah\u0131 &#8211; Benmari"},"content":{"rendered":"<p>S\u0131cak yemek servisi yap\u0131lacak yerlerde kullan\u0131l\u0131r. Tabldot yemeklerin su buhar\u0131 ile s\u0131cak kalmas\u0131n\u0131 sa\u011flamaktad\u0131r. Firmam\u0131z taraf\u0131ndan imal edilmektedir, farkl\u0131 model ve \u00f6l\u00e7\u00fclerde imal etmekteyiz. Detayl\u0131 bilgi ve fiyat almak i\u00e7in bizimle <a href=\"https:\/\/www.celebimutfak.com\/index.php\/iletisim\/\" target=\"_blank\" rel=\"noopener\">\u0130LET\u0130\u015e\u0130M&#8217;e<\/a> ge\u00e7ebiliriniz.<\/p>\n<h3>Benmari \u00f6zellikleri<\/h3>\n<p>Benmari yemek \u0131s\u0131t\u0131c\u0131 tezgahlar\u0131n i\u00e7inde su havuzu vard\u0131r. Havuzun i\u00e7erisinde 220 V elektrikle \u00e7al\u0131\u015fan \u0131s\u0131t\u0131c\u0131 bulunmaktad\u0131r. Bu \u0131s\u0131t\u0131c\u0131 termostat ayar\u0131 ile otomatik olarak \u00e7al\u0131\u015fmaktad\u0131r. \u0130stenilen s\u0131cakl\u0131\u011fa ula\u015ft\u0131\u011f\u0131 zaman devreden \u00e7\u0131karak elektrik tasarrufu sa\u011flar.<\/p>\n<p>Benmari modellerimizin \u00f6n k\u0131sm\u0131 dekoratif ama\u00e7l\u0131 MDF ile kaplan\u0131r ancak baz\u0131 m\u00fc\u015fterilerimiz mdf yerine komple paslanmaz sac istemektedir. Bu konuda se\u00e7im m\u00fc\u015fteriye b\u0131rak\u0131l\u0131r.<\/p>\n<p>Benmarinin \u00f6n\u00fcnde tepsi kayd\u0131rmak i\u00e7in a\u00e7\u0131l\u0131p kapanabilen bir stant bulunmaktad\u0131r. Yemek hatt\u0131 boyunca tepsileri bu stant \u00fczerinde rahatl\u0131kla ta\u015f\u0131yabilirsiniz. Ayr\u0131ca benmarilerimizin \u00fcst\u00fcnde bulunan \u00f6ks\u00fcr\u00fck stand\u0131 sayesinde yemeklerin steril kalmas\u0131 ama\u00e7lanmaktad\u0131r. \u00d6ks\u00fcr\u00fck stand\u0131n\u0131n \u00fczerindeki rafa yemek tabaklar\u0131 konulabilir.<\/p>\n<p><a href=\"https:\/\/www.celebimutfak.com\/index.php\/iletisim\/\" target=\"_blank\" rel=\"noopener\">\u0130LET\u0130\u015e\u0130M<\/a><\/p>\n","protected":false},"excerpt":{"rendered":"<ul>\n<li>Fiyat, 1. foto\u011fraftaki \u00fcr\u00fcnler i\u00e7indir.<\/li>\n<li>\u00d6l\u00e7\u00fcye g\u00f6re fiyat azalabilir veya artabilir.<\/li>\n<li>3 s\u0131cak &#8211; 1 n\u00f6tr yemek b\u00f6lmeli<\/li>\n<li>Elektrikli rezistans \u0131s\u0131t\u0131c\u0131 sayesinde buharl\u0131 \u0131s\u0131tma yapar<\/li>\n<li>220 V ev elektri\u011fi ile \u00e7al\u0131\u015f\u0131r<\/li>\n<li>304 kalite paslanmaz \u00e7elik sacdan imal edilir<\/li>\n<li>\u0130ki tezgah da ayr\u0131 ayr\u0131 sat\u0131labilir<\/li>\n<li><strong><a href=\"https:\/\/www.celebimutfak.com\/index.php\/iletisim\/\" target=\"_blank\" rel=\"noopener\">\u0130LET\u0130\u015e\u0130M<\/a><\/strong><\/li>\n<\/ul>\n","protected":false},"featured_media":1212,"comment_status":"open","ping_status":"closed","template":"","meta":{"site-sidebar-layout":"default","site-content-layout":"default","ast-site-content-layout":"","site-content-style":"default","site-sidebar-style":"default","ast-global-header-display":"","ast-banner-title-visibility":"","ast-main-header-display":"","ast-hfb-above-header-display":"","ast-hfb-below-header-display":"","ast-hfb-mobile-header-display":"","site-post-title":"","ast-breadcrumbs-content":"","ast-featured-img":"","footer-sml-layout":"","theme-transparent-header-meta":"default","adv-header-id-meta":"","stick-header-meta":"","header-above-stick-meta":"","header-main-stick-meta":"","header-below-stick-meta":"","astra-migrate-meta-layouts":"default","ast-page-background-enabled":"default","ast-page-background-meta":{"desktop":{"background-color":"var(--ast-global-color-4)","background-image":"","background-repeat":"repeat","background-position":"center center","background-size":"auto","background-attachment":"scroll","background-type":"","background-media":"","overlay-type":"","overlay-color":"","overlay-opacity":"","overlay-gradient":""},"tablet":{"background-color":"","background-image":"","background-repeat":"repeat","background-position":"center center","background-size":"auto","background-attachment":"scroll","background-type":"","background-media":"","overlay-type":"","overlay-color":"","overlay-opacity":"","overlay-gradient":""},"mobile":{"background-color":"","background-image":"","background-repeat":"repeat","background-position":"center center","background-size":"auto","background-attachment":"scroll","background-type":"","background-media":"","overlay-type":"","overlay-color":"","overlay-opacity":"","overlay-gradient":""}},"ast-content-background-meta":{"desktop":{"background-color":"var(--ast-global-color-5)","background-image":"","background-repeat":"repeat","background-position":"center center","background-size":"auto","background-attachment":"scroll","background-type":"","background-media":"","overlay-type":"","overlay-color":"","overlay-opacity":"","overlay-gradient":""},"tablet":{"background-color":"var(--ast-global-color-5)","background-image":"","background-repeat":"repeat","background-position":"center center","background-size":"auto","background-attachment":"scroll","background-type":"","background-media":"","overlay-type":"","overlay-color":"","overlay-opacity":"","overlay-gradient":""},"mobile":{"background-color":"var(--ast-global-color-5)","background-image":"","background-repeat":"repeat","background-position":"center center","background-size":"auto","background-attachment":"scroll","background-type":"","background-media":"","overlay-type":"","overlay-color":"","overlay-opacity":"","overlay-gradient":""}}},"product_cat":[124],"product_tag":[],"_links":{"self":[{"href":"https:\/\/www.celebimutfak.com\/index.php\/wp-json\/wp\/v2\/product\/1211"}],"collection":[{"href":"https:\/\/www.celebimutfak.com\/index.php\/wp-json\/wp\/v2\/product"}],"about":[{"href":"https:\/\/www.celebimutfak.com\/index.php\/wp-json\/wp\/v2\/types\/product"}],"replies":[{"embeddable":true,"href":"https:\/\/www.celebimutfak.com\/index.php\/wp-json\/wp\/v2\/comments?post=1211"}],"wp:featuredmedia":[{"embeddable":true,"href":"https:\/\/www.celebimutfak.com\/index.php\/wp-json\/wp\/v2\/media\/1212"}],"wp:attachment":[{"href":"https:\/\/www.celebimutfak.com\/index.php\/wp-json\/wp\/v2\/media?parent=1211"}],"wp:term":[{"taxonomy":"product_cat","embeddable":true,"href":"https:\/\/www.celebimutfak.com\/index.php\/wp-json\/wp\/v2\/product_cat?post=1211"},{"taxonomy":"product_tag","embeddable":true,"href":"https:\/\/www.celebimutfak.com\/index.php\/wp-json\/wp\/v2\/product_tag?post=1211"}],"curies":[{"name":"wp","href":"https:\/\/api.w.org\/{rel}","templated":true}]}}