{"id":1205,"date":"2021-02-27T15:32:08","date_gmt":"2021-02-27T12:32:08","guid":{"rendered":"https:\/\/www.celebimutfak.com\/?post_type=product&#038;p=1205"},"modified":"2024-02-12T15:55:50","modified_gmt":"2024-02-12T12:55:50","slug":"140-cm-dolapli-eviye-paslanmaz","status":"publish","type":"product","link":"https:\/\/www.celebimutfak.com\/index.php\/urun\/140-cm-dolapli-eviye-paslanmaz\/","title":{"rendered":"140 cm Dolapl\u0131 Eviye &#8211; Paslanmaz"},"content":{"rendered":"<h2>Kullan\u0131m Alanlar\u0131<\/h2>\n<p>Bu tezgah 304 kalite olarak imal edilmektedir. Bu kalite malzemeler normal \u015fartlarda uzun y\u0131llar su ve neme maruz kalsa bile <strong>paslanmazd\u0131r<\/strong>. D\u0131\u015f alanda kullan\u0131ma uygundur. Genellikle <strong>yemekhane<\/strong> ve <strong>fabrika mutfaklar\u0131nda<\/strong> tercih edilmektedir. Bunun haricinde laboratuvar, villa, bah\u00e7e gibi d\u0131\u015f alan mutfaklarda da kullan\u0131labilir. Uzun y\u0131llar dayan\u0131kl\u0131 ve sa\u011flam \u015fekilde kullanabilirsiniz.<\/p>\n<p><strong>Dolapl\u0131 tezgah modellerimiz<\/strong> m\u00fc\u015fterilerimizin istek ve ihtiya\u00e7lar\u0131 do\u011frultusunda \u00fcretilmektedir. Standart \u00f6l\u00e7\u00fclerimiz: 140*70*85 cm&#8217;dir. Ancak iste\u011fe g\u00f6re farkl\u0131 \u00f6l\u00e7\u00fclerde \u00fcretimimiz mevcuttur. Di\u011fer standart tezgah \u00f6l\u00e7\u00fcleri:<\/p>\n<ul>\n<li>120*70*85 cm<\/li>\n<li>140*70*85 cm<\/li>\n<li>190*70*85 cm<\/li>\n<li>210*70*85 cm<\/li>\n<li>120*60*85 cm<\/li>\n<li>140*60*85 cm<\/li>\n<li>190*60*85 cm<\/li>\n<li>210*60*85 cm<\/li>\n<\/ul>\n<p>Tezgah uzunluklar\u0131 3&#8217;e ayr\u0131lmaktad\u0131r.<\/p>\n<ul>\n<li>140 cm&#8217;den k\u0131sa tezgahlar(140 cm ve daha k\u0131sa)<\/li>\n<li>190 cm&#8217;den k\u0131sa tezgahlar(140-190 aras\u0131)<\/li>\n<li>190 cm&#8217;den uzun tezgahlar<\/li>\n<\/ul>\n","protected":false},"excerpt":{"rendered":"<ul>\n<li>120-190 cm aras\u0131nda istenen \u00f6l\u00e7\u00fclerde \u00fcretilebilir.<\/li>\n<li>Komple 304 kalite paslanmaz \u00e7elik sac ve profilden imal edilir.<\/li>\n<li>Eviye konumu iste\u011fe g\u00f6re (sol-orta-sa\u011f) yap\u0131l\u0131r.<\/li>\n<li>Alt a\u00e7\u0131k, dolaps\u0131z gibi farkl\u0131 \u015fekillerde \u00fcretilebilir.<\/li>\n<li>Detayl\u0131 bilgi i\u00e7in <a href=\"https:\/\/www.celebimutfak.com\/index.php\/iletisim\/\" target=\"_blank\" rel=\"noopener\">ileti\u015fime<\/a> ge\u00e7ebilirsiniz.<\/li>\n<\/ul>\n","protected":false},"featured_media":1206,"comment_status":"open","ping_status":"closed","template":"","meta":{"site-sidebar-layout":"default","site-content-layout":"default","ast-site-content-layout":"","site-content-style":"default","site-sidebar-style":"default","ast-global-header-display":"","ast-banner-title-visibility":"","ast-main-header-display":"","ast-hfb-above-header-display":"","ast-hfb-below-header-display":"","ast-hfb-mobile-header-display":"","site-post-title":"","ast-breadcrumbs-content":"","ast-featured-img":"","footer-sml-layout":"","theme-transparent-header-meta":"default","adv-header-id-meta":"","stick-header-meta":"","header-above-stick-meta":"","header-main-stick-meta":"","header-below-stick-meta":"","astra-migrate-meta-layouts":"default","ast-page-background-enabled":"default","ast-page-background-meta":{"desktop":{"background-color":"var(--ast-global-color-4)","background-image":"","background-repeat":"repeat","background-position":"center center","background-size":"auto","background-attachment":"scroll","background-type":"","background-media":"","overlay-type":"","overlay-color":"","overlay-opacity":"","overlay-gradient":""},"tablet":{"background-color":"","background-image":"","background-repeat":"repeat","background-position":"center center","background-size":"auto","background-attachment":"scroll","background-type":"","background-media":"","overlay-type":"","overlay-color":"","overlay-opacity":"","overlay-gradient":""},"mobile":{"background-color":"","background-image":"","background-repeat":"repeat","background-position":"center center","background-size":"auto","background-attachment":"scroll","background-type":"","background-media":"","overlay-type":"","overlay-color":"","overlay-opacity":"","overlay-gradient":""}},"ast-content-background-meta":{"desktop":{"background-color":"var(--ast-global-color-5)","background-image":"","background-repeat":"repeat","background-position":"center center","background-size":"auto","background-attachment":"scroll","background-type":"","background-media":"","overlay-type":"","overlay-color":"","overlay-opacity":"","overlay-gradient":""},"tablet":{"background-color":"var(--ast-global-color-5)","background-image":"","background-repeat":"repeat","background-position":"center center","background-size":"auto","background-attachment":"scroll","background-type":"","background-media":"","overlay-type":"","overlay-color":"","overlay-opacity":"","overlay-gradient":""},"mobile":{"background-color":"var(--ast-global-color-5)","background-image":"","background-repeat":"repeat","background-position":"center center","background-size":"auto","background-attachment":"scroll","background-type":"","background-media":"","overlay-type":"","overlay-color":"","overlay-opacity":"","overlay-gradient":""}}},"product_cat":[105,95,277],"product_tag":[],"_links":{"self":[{"href":"https:\/\/www.celebimutfak.com\/index.php\/wp-json\/wp\/v2\/product\/1205"}],"collection":[{"href":"https:\/\/www.celebimutfak.com\/index.php\/wp-json\/wp\/v2\/product"}],"about":[{"href":"https:\/\/www.celebimutfak.com\/index.php\/wp-json\/wp\/v2\/types\/product"}],"replies":[{"embeddable":true,"href":"https:\/\/www.celebimutfak.com\/index.php\/wp-json\/wp\/v2\/comments?post=1205"}],"wp:featuredmedia":[{"embeddable":true,"href":"https:\/\/www.celebimutfak.com\/index.php\/wp-json\/wp\/v2\/media\/1206"}],"wp:attachment":[{"href":"https:\/\/www.celebimutfak.com\/index.php\/wp-json\/wp\/v2\/media?parent=1205"}],"wp:term":[{"taxonomy":"product_cat","embeddable":true,"href":"https:\/\/www.celebimutfak.com\/index.php\/wp-json\/wp\/v2\/product_cat?post=1205"},{"taxonomy":"product_tag","embeddable":true,"href":"https:\/\/www.celebimutfak.com\/index.php\/wp-json\/wp\/v2\/product_tag?post=1205"}],"curies":[{"name":"wp","href":"https:\/\/api.w.org\/{rel}","templated":true}]}}