{"id":1188,"date":"2021-02-20T20:25:13","date_gmt":"2021-02-20T17:25:13","guid":{"rendered":"https:\/\/www.celebimutfak.com\/?post_type=product&#038;p=1188"},"modified":"2022-09-21T10:40:11","modified_gmt":"2022-09-21T07:40:11","slug":"kose-benmari-tezgahi-elektrikli-isiticili","status":"publish","type":"product","link":"https:\/\/www.celebimutfak.com\/index.php\/urun\/kose-benmari-tezgahi-elektrikli-isiticili\/","title":{"rendered":"K\u00f6\u015fe Benmari Tezgah\u0131 Elektrikli Is\u0131t\u0131c\u0131l\u0131"},"content":{"rendered":"","protected":false},"excerpt":{"rendered":"<ul>\n<li>Verilen fiyat 3 adet tezgah i\u00e7indir(<strong>k\u00fcver-benmari-n\u00f6tr tezgah<\/strong>)<\/li>\n<li>\u0130ste\u011fe g\u00f6re <strong>\u00f6zel \u015fekillerde<\/strong> \u00fcretim yap\u0131l\u0131r.<\/li>\n<li><strong>Elektrikli sulu sistem<\/strong> \u0131s\u0131tma yapar.<\/li>\n<li><strong>Termostat \u0131s\u0131 ayarl\u0131<\/strong>d\u0131r.<\/li>\n<li><strong>304 kalite paslanmaz \u00e7elik<\/strong> malzemeden(krom) \u00fcretilir.<\/li>\n<li>\u00d6n taraf <strong>dekoratif<\/strong> ama\u00e7l\u0131 <strong>MDF giydirme<\/strong>dir.<\/li>\n<li>\u00dcst <strong>tabak stand\u0131 vard\u0131r<\/strong>, stand\u0131n \u00f6n\u00fc bombe caml\u0131d\u0131r.<\/li>\n<li>\u00d6n <strong>tepsi kayd\u0131rma stand\u0131<\/strong> a\u00e7\u0131l\u0131p kapanabilir.<\/li>\n<li><strong><a href=\"https:\/\/www.celebimutfak.com\/index.php\/iletisim\/\" target=\"_blank\" rel=\"noopener\">\u0130LET\u0130\u015e\u0130M<\/a><\/strong><\/li>\n<\/ul>\n","protected":false},"featured_media":1189,"comment_status":"open","ping_status":"closed","template":"","meta":{"site-sidebar-layout":"default","site-content-layout":"default","ast-site-content-layout":"","site-content-style":"default","site-sidebar-style":"default","ast-global-header-display":"","ast-banner-title-visibility":"","ast-main-header-display":"","ast-hfb-above-header-display":"","ast-hfb-below-header-display":"","ast-hfb-mobile-header-display":"","site-post-title":"","ast-breadcrumbs-content":"","ast-featured-img":"","footer-sml-layout":"","theme-transparent-header-meta":"default","adv-header-id-meta":"","stick-header-meta":"","header-above-stick-meta":"","header-main-stick-meta":"","header-below-stick-meta":"","astra-migrate-meta-layouts":"default","ast-page-background-enabled":"default","ast-page-background-meta":{"desktop":{"background-color":"var(--ast-global-color-4)","background-image":"","background-repeat":"repeat","background-position":"center center","background-size":"auto","background-attachment":"scroll","background-type":"","background-media":"","overlay-type":"","overlay-color":"","overlay-opacity":"","overlay-gradient":""},"tablet":{"background-color":"","background-image":"","background-repeat":"repeat","background-position":"center center","background-size":"auto","background-attachment":"scroll","background-type":"","background-media":"","overlay-type":"","overlay-color":"","overlay-opacity":"","overlay-gradient":""},"mobile":{"background-color":"","background-image":"","background-repeat":"repeat","background-position":"center center","background-size":"auto","background-attachment":"scroll","background-type":"","background-media":"","overlay-type":"","overlay-color":"","overlay-opacity":"","overlay-gradient":""}},"ast-content-background-meta":{"desktop":{"background-color":"var(--ast-global-color-5)","background-image":"","background-repeat":"repeat","background-position":"center center","background-size":"auto","background-attachment":"scroll","background-type":"","background-media":"","overlay-type":"","overlay-color":"","overlay-opacity":"","overlay-gradient":""},"tablet":{"background-color":"var(--ast-global-color-5)","background-image":"","background-repeat":"repeat","background-position":"center center","background-size":"auto","background-attachment":"scroll","background-type":"","background-media":"","overlay-type":"","overlay-color":"","overlay-opacity":"","overlay-gradient":""},"mobile":{"background-color":"var(--ast-global-color-5)","background-image":"","background-repeat":"repeat","background-position":"center center","background-size":"auto","background-attachment":"scroll","background-type":"","background-media":"","overlay-type":"","overlay-color":"","overlay-opacity":"","overlay-gradient":""}}},"product_cat":[124],"product_tag":[],"_links":{"self":[{"href":"https:\/\/www.celebimutfak.com\/index.php\/wp-json\/wp\/v2\/product\/1188"}],"collection":[{"href":"https:\/\/www.celebimutfak.com\/index.php\/wp-json\/wp\/v2\/product"}],"about":[{"href":"https:\/\/www.celebimutfak.com\/index.php\/wp-json\/wp\/v2\/types\/product"}],"replies":[{"embeddable":true,"href":"https:\/\/www.celebimutfak.com\/index.php\/wp-json\/wp\/v2\/comments?post=1188"}],"wp:featuredmedia":[{"embeddable":true,"href":"https:\/\/www.celebimutfak.com\/index.php\/wp-json\/wp\/v2\/media\/1189"}],"wp:attachment":[{"href":"https:\/\/www.celebimutfak.com\/index.php\/wp-json\/wp\/v2\/media?parent=1188"}],"wp:term":[{"taxonomy":"product_cat","embeddable":true,"href":"https:\/\/www.celebimutfak.com\/index.php\/wp-json\/wp\/v2\/product_cat?post=1188"},{"taxonomy":"product_tag","embeddable":true,"href":"https:\/\/www.celebimutfak.com\/index.php\/wp-json\/wp\/v2\/product_tag?post=1188"}],"curies":[{"name":"wp","href":"https:\/\/api.w.org\/{rel}","templated":true}]}}