{"id":1180,"date":"2021-02-16T23:45:03","date_gmt":"2021-02-16T20:45:03","guid":{"rendered":"https:\/\/www.celebimutfak.com\/?post_type=product&#038;p=1180"},"modified":"2023-11-21T15:36:25","modified_gmt":"2023-11-21T12:36:25","slug":"yemek-servis-hatti-paslanmaz-benmari-set","status":"publish","type":"product","link":"https:\/\/www.celebimutfak.com\/index.php\/urun\/yemek-servis-hatti-paslanmaz-benmari-set\/","title":{"rendered":"Yemek Servis Hatt\u0131 &#8211; Paslanmaz Benmari Set"},"content":{"rendered":"<h2>Paslanmaz Yemek Servis Hatt\u0131 &#8211; Benmari, Salatbar, Kuver (bardakl\u0131k) tezgah\u0131<\/h2>\n<p>Tabldot yemek tezgah\u0131 imalat\u0131. Elektrikli sistem \u0131s\u0131tmal\u0131 benmari \u00fcretiyoruz. \u00c7elebi end\u00fcstriyel mutfak, 304 kalite paslanmaz \u00e7elik(krom) sac kullanarak imalat yapmaktay\u0131z. Her bir tezgah mod\u00fclerdir, s\u0131ralamas\u0131 istendi\u011fi gibi yap\u0131labilir. Sipari\u015fe g\u00f6re \u00fcretim yap\u0131l\u0131r. Ayr\u0131 ayr\u0131 sat\u0131\u015f yap\u0131l\u0131r. Her bir tezgah\u0131n \u00f6n\u00fcnde tepsi kayd\u0131rma stand\u0131 vard\u0131r. Bu stant a\u00e7\u0131l\u0131p kapanabilir.<\/p>\n<h3>\u00d6zel \u00fcretim benmari modelleri<\/h3>\n<p>Yemek yiyecek ki\u015fi say\u0131s\u0131na g\u00f6re \u00f6zel boyutlarda ve \u00f6l\u00e7\u00fclerde <strong>yemek servis hatt\u0131<\/strong> \u00fcretimi yapmaktay\u0131z. Yemek servis tezgahlar\u0131m\u0131z mod\u00fclerdir ve a\u015fa\u011f\u0131daki tezgahlara sahip olabilmektedir (iste\u011fe g\u00f6re):<\/p>\n<ul>\n<li>Benmari s\u0131cak yemek tezgah\u0131<\/li>\n<li>Salat bar tezgah\u0131(so\u011futmal\u0131)<\/li>\n<li>Tatl\u0131 Dolab\u0131 (so\u011futmal\u0131)<\/li>\n<li>Kuver tezgah\u0131<\/li>\n<li>D\u00fcz servis tezgah\u0131<\/li>\n<li>\u00c7atal ka\u015f\u0131k tezgah\u0131<\/li>\n<li>Bardakl\u0131k tezgah\u0131<\/li>\n<\/ul>\n<h4>Paslanmaz Tatl\u0131 Te\u015fhir Dolab\u0131 &#8211; Caml\u0131<\/h4>\n<figure id=\"attachment_2150\" aria-describedby=\"caption-attachment-2150\" style=\"width: 845px\" class=\"wp-caption alignleft\"><a href=\"https:\/\/www.celebimutfak.com\/wp-content\/uploads\/2021\/02\/paslanmaz-tatli-dolabi-sogutmali.webp\"><img decoding=\"async\" class=\"wp-image-2150\" src=\"https:\/\/www.celebimutfak.com\/wp-content\/uploads\/2021\/02\/paslanmaz-tatli-dolabi-sogutmali.webp\" alt=\"Paslanmaz \u00e7elik caml\u0131 tatl\u0131 dolab\u0131 so\u011futmal\u0131\" width=\"845\" height=\"873\" srcset=\"https:\/\/www.celebimutfak.com\/wp-content\/uploads\/2021\/02\/paslanmaz-tatli-dolabi-sogutmali.webp 991w, https:\/\/www.celebimutfak.com\/wp-content\/uploads\/2021\/02\/paslanmaz-tatli-dolabi-sogutmali-290x300.webp 290w, https:\/\/www.celebimutfak.com\/wp-content\/uploads\/2021\/02\/paslanmaz-tatli-dolabi-sogutmali-768x794.webp 768w, https:\/\/www.celebimutfak.com\/wp-content\/uploads\/2021\/02\/paslanmaz-tatli-dolabi-sogutmali-600x620.webp 600w\" sizes=\"(max-width: 845px) 100vw, 845px\" \/><\/a><figcaption id=\"caption-attachment-2150\" class=\"wp-caption-text\">Paslanmaz \u00c7elik So\u011futmal\u0131 Tatl\u0131 Te\u015fhir Dolab\u0131<\/figcaption><\/figure>\n<p>Servis tezgahlar\u0131na tatl\u0131 dolab\u0131 eklenebilmektedir. \u0130htiyaca g\u00f6re so\u011futmal\u0131 ve caml\u0131 tatl\u0131 te\u015fhir dolab\u0131, benmari servis tezgah\u0131n\u0131n yan\u0131na konulabilmektedir. Tatl\u0131 dolab\u0131 220V elektrikle \u00e7al\u0131\u015fmaktad\u0131r. Alt k\u0131s\u0131mda bulunan buzdolab\u0131 motoru, \u00fcstteki caml\u0131 b\u00f6l\u00fcme so\u011fuk hava \u00fcflemektedir.<\/p>\n<p>Tatl\u0131 te\u015fhir dolab\u0131n\u0131n \u00f6n\u00fcnde tepsi kayd\u0131rmak i\u00e7in a\u00e7ma-kapamal\u0131 boru bulunmaktad\u0131r. M\u00fc\u015fteriler\/\u00e7al\u0131\u015fanlar tepsilerini bu boru \u00fczerinde kayd\u0131rmaktad\u0131r. \u00d6n k\u0131s\u0131m dekoratif ama\u00e7l\u0131 MDF kaplamal\u0131d\u0131r. Kasas\u0131 komple 304 kalite paslanmaz \u00e7eliktir.<\/p>\n<p><iframe width=\"560\" height=\"315\" src=\"https:\/\/www.youtube.com\/embed\/84-acvWvO94?si=3Z2kaGXQO1Hx8EwP\" title=\"YouTube video player\" frameborder=\"0\" allow=\"accelerometer; autoplay; clipboard-write; encrypted-media; gyroscope; picture-in-picture; web-share\" allowfullscreen><\/iframe><\/p>\n","protected":false},"excerpt":{"rendered":"<ul>\n<li>\u00d6zel fiyat almak i\u00e7in bizimle ileti\u015fime ge\u00e7ebilirsiniz.<\/li>\n<li><strong>Verilen fiyat 3 tezgah i\u00e7indir <\/strong>(kuver-benmari-salat bar tezgah). Ayr\u0131 ayr\u0131 da sat\u0131n al\u0131nabilir.<\/li>\n<li>Her tezgah ayr\u0131 ayr\u0131 \u00fcretilir. Mod\u00fcler yap\u0131 sayesinde farkl\u0131 yerlerde de kullan\u0131labilir.<\/li>\n<li>\u00d6n k\u0131sm\u0131nda a\u00e7\u0131l\u0131p kapanabilen tepsi kayd\u0131rma stand\u0131 vard\u0131r(krom).<\/li>\n<li>\u00dcst tabak stand\u0131 bombe caml\u0131d\u0131r.<\/li>\n<li>Benmari elektrikli sulu sistem \u0131s\u0131tma yapar.<\/li>\n<li>Salat bar tezgah\u0131 iste\u011fe g\u00f6re so\u011futmal\u0131 veya n\u00f6tr olarak \u00fcretilir.<\/li>\n<li>K\u00fcver tezgah\u0131nda bardakl\u0131k \u00fcnitesi de bulunur.<\/li>\n<li>Detayl\u0131 bilgi almak i\u00e7in <strong><a href=\"https:\/\/www.celebimutfak.com\/index.php\/iletisim\/\" target=\"_blank\" rel=\"noopener\">\u0130LET\u0130\u015e\u0130M<\/a>&#8216;e<\/strong> ge\u00e7ebilirsiniz.<\/li>\n<\/ul>\n","protected":false},"featured_media":1181,"comment_status":"open","ping_status":"closed","template":"","meta":{"site-sidebar-layout":"default","site-content-layout":"default","ast-site-content-layout":"","site-content-style":"default","site-sidebar-style":"default","ast-global-header-display":"","ast-banner-title-visibility":"","ast-main-header-display":"","ast-hfb-above-header-display":"","ast-hfb-below-header-display":"","ast-hfb-mobile-header-display":"","site-post-title":"","ast-breadcrumbs-content":"","ast-featured-img":"","footer-sml-layout":"","theme-transparent-header-meta":"default","adv-header-id-meta":"","stick-header-meta":"","header-above-stick-meta":"","header-main-stick-meta":"","header-below-stick-meta":"","astra-migrate-meta-layouts":"default","ast-page-background-enabled":"default","ast-page-background-meta":{"desktop":{"background-color":"var(--ast-global-color-4)","background-image":"","background-repeat":"repeat","background-position":"center center","background-size":"auto","background-attachment":"scroll","background-type":"","background-media":"","overlay-type":"","overlay-color":"","overlay-opacity":"","overlay-gradient":""},"tablet":{"background-color":"","background-image":"","background-repeat":"repeat","background-position":"center center","background-size":"auto","background-attachment":"scroll","background-type":"","background-media":"","overlay-type":"","overlay-color":"","overlay-opacity":"","overlay-gradient":""},"mobile":{"background-color":"","background-image":"","background-repeat":"repeat","background-position":"center center","background-size":"auto","background-attachment":"scroll","background-type":"","background-media":"","overlay-type":"","overlay-color":"","overlay-opacity":"","overlay-gradient":""}},"ast-content-background-meta":{"desktop":{"background-color":"var(--ast-global-color-5)","background-image":"","background-repeat":"repeat","background-position":"center center","background-size":"auto","background-attachment":"scroll","background-type":"","background-media":"","overlay-type":"","overlay-color":"","overlay-opacity":"","overlay-gradient":""},"tablet":{"background-color":"var(--ast-global-color-5)","background-image":"","background-repeat":"repeat","background-position":"center center","background-size":"auto","background-attachment":"scroll","background-type":"","background-media":"","overlay-type":"","overlay-color":"","overlay-opacity":"","overlay-gradient":""},"mobile":{"background-color":"var(--ast-global-color-5)","background-image":"","background-repeat":"repeat","background-position":"center center","background-size":"auto","background-attachment":"scroll","background-type":"","background-media":"","overlay-type":"","overlay-color":"","overlay-opacity":"","overlay-gradient":""}}},"product_cat":[124],"product_tag":[],"_links":{"self":[{"href":"https:\/\/www.celebimutfak.com\/index.php\/wp-json\/wp\/v2\/product\/1180"}],"collection":[{"href":"https:\/\/www.celebimutfak.com\/index.php\/wp-json\/wp\/v2\/product"}],"about":[{"href":"https:\/\/www.celebimutfak.com\/index.php\/wp-json\/wp\/v2\/types\/product"}],"replies":[{"embeddable":true,"href":"https:\/\/www.celebimutfak.com\/index.php\/wp-json\/wp\/v2\/comments?post=1180"}],"wp:featuredmedia":[{"embeddable":true,"href":"https:\/\/www.celebimutfak.com\/index.php\/wp-json\/wp\/v2\/media\/1181"}],"wp:attachment":[{"href":"https:\/\/www.celebimutfak.com\/index.php\/wp-json\/wp\/v2\/media?parent=1180"}],"wp:term":[{"taxonomy":"product_cat","embeddable":true,"href":"https:\/\/www.celebimutfak.com\/index.php\/wp-json\/wp\/v2\/product_cat?post=1180"},{"taxonomy":"product_tag","embeddable":true,"href":"https:\/\/www.celebimutfak.com\/index.php\/wp-json\/wp\/v2\/product_tag?post=1180"}],"curies":[{"name":"wp","href":"https:\/\/api.w.org\/{rel}","templated":true}]}}