{"id":1098,"date":"2021-01-17T19:21:02","date_gmt":"2021-01-17T16:21:02","guid":{"rendered":"https:\/\/www.celebimutfak.com\/?post_type=product&#038;p=1098"},"modified":"2022-04-04T03:50:02","modified_gmt":"2022-04-04T00:50:02","slug":"zeytin-ayiklama-tezgahi-paslanmaz-krom","status":"publish","type":"product","link":"https:\/\/www.celebimutfak.com\/index.php\/urun\/zeytin-ayiklama-tezgahi-paslanmaz-krom\/","title":{"rendered":"Zeytin Ay\u0131klama Tezgah\u0131 &#8211; Paslanmaz \u00c7elik"},"content":{"rendered":"<h2>Zeytin Ay\u0131klama Tezgah\u0131<\/h2>\n<p>Zeytin \u00fcretimi yapan m\u00fc\u015fterimiz taraf\u0131ndan \u00f6zel sipari\u015f verilerek \u00fcretilmi\u015ftir. 304 kalite paslanmaz \u00e7elik sac ve profil kasadan imal edilmi\u015ftir.<\/p>\n<h2>End\u00fcstriyel Mutfak Ekipmanlar\u0131 \u0130malat\u0131<\/h2>\n<p>\u00c7elebi end\u00fcstriyel mutfak, 304 kalite paslanmaz \u00e7elik sac ve profilden imalat yapmaktad\u0131r. End\u00fcstriyel mutfak ekipmanlar\u0131 imalat\u0131, firmam\u0131z\u0131n 20 y\u0131ld\u0131r tecr\u00fcbeyle \u00fcretim yapt\u0131\u011f\u0131 sekt\u00f6r olmaktad\u0131r.<\/p>\n<h2>\u0130leti\u015fim<\/h2>\n<p><a href=\"tel:02243613899\">0224 361 38 99<\/a><\/p>\n<p>Dua\u00e7\u0131nar\u0131 Mh. Orta Sk. No:5 Y\u0131ld\u0131r\u0131m\/BURSA<\/p>\n","protected":false},"excerpt":{"rendered":"<ul>\n<li>\u00d6zel \u00fcretim tezgah<\/li>\n<li>1.5 mm kal\u0131nl\u0131\u011f\u0131nda sacdan imal<\/li>\n<li>Kaliteli sanayi tipi tekerlek<\/li>\n<li>304 kalite paslanmaz \u00e7elikten imal<\/li>\n<li>Zeytin ay\u0131klama tezgah\u0131d\u0131r<\/li>\n<li>Ay\u0131klama yaparken ya\u011f s\u00fcz\u00fclmesi i\u00e7in s\u00fczgeci vard\u0131r.<\/li>\n<li><a href=\"https:\/\/www.celebimutfak.com\/index.php\/iletisim\/\" target=\"_blank\" rel=\"noopener\"><strong>\u0130LET\u0130\u015e\u0130M<\/strong><\/a><\/li>\n<\/ul>\n","protected":false},"featured_media":1099,"comment_status":"open","ping_status":"closed","template":"","meta":{"site-sidebar-layout":"default","site-content-layout":"default","ast-site-content-layout":"","site-content-style":"default","site-sidebar-style":"default","ast-global-header-display":"","ast-banner-title-visibility":"","ast-main-header-display":"","ast-hfb-above-header-display":"","ast-hfb-below-header-display":"","ast-hfb-mobile-header-display":"","site-post-title":"","ast-breadcrumbs-content":"","ast-featured-img":"","footer-sml-layout":"","theme-transparent-header-meta":"default","adv-header-id-meta":"","stick-header-meta":"","header-above-stick-meta":"","header-main-stick-meta":"","header-below-stick-meta":"","astra-migrate-meta-layouts":"default","ast-page-background-enabled":"default","ast-page-background-meta":{"desktop":{"background-color":"var(--ast-global-color-4)","background-image":"","background-repeat":"repeat","background-position":"center center","background-size":"auto","background-attachment":"scroll","background-type":"","background-media":"","overlay-type":"","overlay-color":"","overlay-opacity":"","overlay-gradient":""},"tablet":{"background-color":"","background-image":"","background-repeat":"repeat","background-position":"center center","background-size":"auto","background-attachment":"scroll","background-type":"","background-media":"","overlay-type":"","overlay-color":"","overlay-opacity":"","overlay-gradient":""},"mobile":{"background-color":"","background-image":"","background-repeat":"repeat","background-position":"center center","background-size":"auto","background-attachment":"scroll","background-type":"","background-media":"","overlay-type":"","overlay-color":"","overlay-opacity":"","overlay-gradient":""}},"ast-content-background-meta":{"desktop":{"background-color":"var(--ast-global-color-5)","background-image":"","background-repeat":"repeat","background-position":"center center","background-size":"auto","background-attachment":"scroll","background-type":"","background-media":"","overlay-type":"","overlay-color":"","overlay-opacity":"","overlay-gradient":""},"tablet":{"background-color":"var(--ast-global-color-5)","background-image":"","background-repeat":"repeat","background-position":"center center","background-size":"auto","background-attachment":"scroll","background-type":"","background-media":"","overlay-type":"","overlay-color":"","overlay-opacity":"","overlay-gradient":""},"mobile":{"background-color":"var(--ast-global-color-5)","background-image":"","background-repeat":"repeat","background-position":"center center","background-size":"auto","background-attachment":"scroll","background-type":"","background-media":"","overlay-type":"","overlay-color":"","overlay-opacity":"","overlay-gradient":""}}},"product_cat":[53,199],"product_tag":[],"_links":{"self":[{"href":"https:\/\/www.celebimutfak.com\/index.php\/wp-json\/wp\/v2\/product\/1098"}],"collection":[{"href":"https:\/\/www.celebimutfak.com\/index.php\/wp-json\/wp\/v2\/product"}],"about":[{"href":"https:\/\/www.celebimutfak.com\/index.php\/wp-json\/wp\/v2\/types\/product"}],"replies":[{"embeddable":true,"href":"https:\/\/www.celebimutfak.com\/index.php\/wp-json\/wp\/v2\/comments?post=1098"}],"wp:featuredmedia":[{"embeddable":true,"href":"https:\/\/www.celebimutfak.com\/index.php\/wp-json\/wp\/v2\/media\/1099"}],"wp:attachment":[{"href":"https:\/\/www.celebimutfak.com\/index.php\/wp-json\/wp\/v2\/media?parent=1098"}],"wp:term":[{"taxonomy":"product_cat","embeddable":true,"href":"https:\/\/www.celebimutfak.com\/index.php\/wp-json\/wp\/v2\/product_cat?post=1098"},{"taxonomy":"product_tag","embeddable":true,"href":"https:\/\/www.celebimutfak.com\/index.php\/wp-json\/wp\/v2\/product_tag?post=1098"}],"curies":[{"name":"wp","href":"https:\/\/api.w.org\/{rel}","templated":true}]}}