{"id":1071,"date":"2020-11-14T12:12:07","date_gmt":"2020-11-14T09:12:07","guid":{"rendered":"https:\/\/www.celebimutfak.com\/?post_type=product&#038;p=1071"},"modified":"2023-01-30T23:58:49","modified_gmt":"2023-01-30T20:58:49","slug":"paslanmaz-yemek-servis-hatti","status":"publish","type":"product","link":"https:\/\/www.celebimutfak.com\/index.php\/urun\/paslanmaz-yemek-servis-hatti\/","title":{"rendered":"Paslanmaz Yemek Servis Hatt\u0131"},"content":{"rendered":"<h2>N\u00f6tr D\u00fcz Tezgah<\/h2>\n<p>Kar\u015f\u0131dan bak\u0131ld\u0131\u011f\u0131nda solda duran d\u00fcz tezgaht\u0131r. \u00dczerine ekmek, tatl\u0131, meyve suyu gibi \u00e7e\u015fitli malzemeler koyulabilir. Alt taraf\u0131nda malzeme depolamak i\u00e7in bo\u015fluk(taban raf\u0131) vard\u0131r.<\/p>\n<h2>Benmari Is\u0131t\u0131c\u0131 Tezgah<\/h2>\n<p>Elektrikli sulu sistem yemek \u0131s\u0131tmas\u0131 yapar. \u0130\u00e7inde bulunan termostat sayesinde istenildi\u011fi s\u0131cakl\u0131\u011fa geldi\u011finde otomatik olarak kapan\u0131r, b\u00f6ylece elektrik tasarrufu sa\u011flan\u0131r. Buharl\u0131 \u0131s\u0131tma yapar. 220 V ev elektri\u011fi ile \u00e7al\u0131\u015f\u0131r. 3 s\u0131cak, 1 n\u00f6tr yemek k\u00fcveti koyulabilir(GN 1\/1).<\/p>\n<h2>K\u00fcver Tezgah\u0131 (\u00e7atal &#8211; ka\u015f\u0131k, bardak)<\/h2>\n<p>Bu tezgah tepsi, \u00e7atal-ka\u015f\u0131k konulmak i\u00e7indir. M\u00fc\u015fteri iste\u011fine g\u00f6re farkl\u0131 \u015fekilde imal edilerek bardakl\u0131k da eklenebilir. Bizler imalat\u00e7\u0131 firma oldu\u011fumuz i\u00e7in m\u00fc\u015fteri istekleri do\u011frultusunda, kullan\u0131m amac\u0131na uygun farkl\u0131 \u015fekillerde ve \u00f6l\u00e7\u00fclerde \u00fcretim kapasitemiz mevcuttur. Detayl\u0131 bilgi i\u00e7in l\u00fctfen bizimle ileti\u015fime ge\u00e7iniz : <a href=\"https:\/\/www.celebimutfak.com\/index.php\/iletisim\/\" target=\"_blank\" rel=\"noopener\">\u0130leti\u015fim<\/a><\/p>\n","protected":false},"excerpt":{"rendered":"<ul>\n<li>3 adet tezgahtan olu\u015fur, iste\u011fe g\u00f6re imal edilir.<\/li>\n<li>Sulu \u0131s\u0131tmal\u0131 benmari, n\u00f6tr tezgah ve k\u00fcver(\u00e7atal-ka\u015f\u0131k) tezgah\u0131ndan olu\u015fur.<\/li>\n<li>Fabrikalarda ve lokantalarda self servis i\u00e7in uygundur.<\/li>\n<li>\u0130stendi\u011fi \u00f6l\u00e7\u00fclerde \u00fcretilebilir, tezgah say\u0131s\u0131 art\u0131r\u0131l\u0131p azalt\u0131labilir.<\/li>\n<li>304 kalite paslanmaz \u00e7elikten imal ediyoruz.<\/li>\n<li><a href=\"https:\/\/www.celebimutfak.com\/index.php\/iletisim\/\" target=\"_blank\" rel=\"noopener\"><strong>\u0130LET\u0130\u015e\u0130M<\/strong><\/a><\/li>\n<\/ul>\n","protected":false},"featured_media":1072,"comment_status":"open","ping_status":"closed","template":"","meta":{"site-sidebar-layout":"default","site-content-layout":"default","ast-site-content-layout":"","site-content-style":"default","site-sidebar-style":"default","ast-global-header-display":"","ast-banner-title-visibility":"","ast-main-header-display":"","ast-hfb-above-header-display":"","ast-hfb-below-header-display":"","ast-hfb-mobile-header-display":"","site-post-title":"","ast-breadcrumbs-content":"","ast-featured-img":"","footer-sml-layout":"","theme-transparent-header-meta":"default","adv-header-id-meta":"","stick-header-meta":"","header-above-stick-meta":"","header-main-stick-meta":"","header-below-stick-meta":"","astra-migrate-meta-layouts":"default","ast-page-background-enabled":"default","ast-page-background-meta":{"desktop":{"background-color":"var(--ast-global-color-4)","background-image":"","background-repeat":"repeat","background-position":"center center","background-size":"auto","background-attachment":"scroll","background-type":"","background-media":"","overlay-type":"","overlay-color":"","overlay-opacity":"","overlay-gradient":""},"tablet":{"background-color":"","background-image":"","background-repeat":"repeat","background-position":"center center","background-size":"auto","background-attachment":"scroll","background-type":"","background-media":"","overlay-type":"","overlay-color":"","overlay-opacity":"","overlay-gradient":""},"mobile":{"background-color":"","background-image":"","background-repeat":"repeat","background-position":"center center","background-size":"auto","background-attachment":"scroll","background-type":"","background-media":"","overlay-type":"","overlay-color":"","overlay-opacity":"","overlay-gradient":""}},"ast-content-background-meta":{"desktop":{"background-color":"var(--ast-global-color-5)","background-image":"","background-repeat":"repeat","background-position":"center center","background-size":"auto","background-attachment":"scroll","background-type":"","background-media":"","overlay-type":"","overlay-color":"","overlay-opacity":"","overlay-gradient":""},"tablet":{"background-color":"var(--ast-global-color-5)","background-image":"","background-repeat":"repeat","background-position":"center center","background-size":"auto","background-attachment":"scroll","background-type":"","background-media":"","overlay-type":"","overlay-color":"","overlay-opacity":"","overlay-gradient":""},"mobile":{"background-color":"var(--ast-global-color-5)","background-image":"","background-repeat":"repeat","background-position":"center center","background-size":"auto","background-attachment":"scroll","background-type":"","background-media":"","overlay-type":"","overlay-color":"","overlay-opacity":"","overlay-gradient":""}}},"product_cat":[124],"product_tag":[],"_links":{"self":[{"href":"https:\/\/www.celebimutfak.com\/index.php\/wp-json\/wp\/v2\/product\/1071"}],"collection":[{"href":"https:\/\/www.celebimutfak.com\/index.php\/wp-json\/wp\/v2\/product"}],"about":[{"href":"https:\/\/www.celebimutfak.com\/index.php\/wp-json\/wp\/v2\/types\/product"}],"replies":[{"embeddable":true,"href":"https:\/\/www.celebimutfak.com\/index.php\/wp-json\/wp\/v2\/comments?post=1071"}],"wp:featuredmedia":[{"embeddable":true,"href":"https:\/\/www.celebimutfak.com\/index.php\/wp-json\/wp\/v2\/media\/1072"}],"wp:attachment":[{"href":"https:\/\/www.celebimutfak.com\/index.php\/wp-json\/wp\/v2\/media?parent=1071"}],"wp:term":[{"taxonomy":"product_cat","embeddable":true,"href":"https:\/\/www.celebimutfak.com\/index.php\/wp-json\/wp\/v2\/product_cat?post=1071"},{"taxonomy":"product_tag","embeddable":true,"href":"https:\/\/www.celebimutfak.com\/index.php\/wp-json\/wp\/v2\/product_tag?post=1071"}],"curies":[{"name":"wp","href":"https:\/\/api.w.org\/{rel}","templated":true}]}}