{"id":1068,"date":"2020-11-14T11:49:28","date_gmt":"2020-11-14T08:49:28","guid":{"rendered":"https:\/\/www.celebimutfak.com\/?post_type=product&#038;p=1068"},"modified":"2022-04-09T02:56:24","modified_gmt":"2022-04-08T23:56:24","slug":"servis-hatti-bardaklik-tezgahi-benmari","status":"publish","type":"product","link":"https:\/\/www.celebimutfak.com\/index.php\/urun\/servis-hatti-bardaklik-tezgahi-benmari\/","title":{"rendered":"Servis Hatt\u0131 Bardakl\u0131k Tezgah\u0131 Benmari"},"content":{"rendered":"<h2>K\u00fcver tezgah\u0131<\/h2>\n<p>Bu tezgah benmarilerin yan\u0131na koyularak yard\u0131mc\u0131 tezgah olarak kullan\u0131l\u0131r. Self servis yemek da\u011f\u0131t\u0131m\u0131 yap\u0131lan yerlerde bardaklara, \u00e7atal ka\u015f\u0131klara ve tepsilere koyulacak yer bulmak zor olabilir. Bu tezgah sayesinde da\u011f\u0131n\u0131kl\u0131\u011f\u0131n \u00f6n\u00fcne ge\u00e7mi\u015f olacaks\u0131n\u0131z.<\/p>\n<h2>\u00c7atal Ka\u015f\u0131k Tezgah\u0131<\/h2>\n<p>\u00c7atal, ka\u015f\u0131k, b\u0131\u00e7ak vb. ekipmanlar\u0131n\u0131z\u0131 tezgah\u0131n \u00fczerindeki k\u00fcvetlere koyabilirsiniz. K\u00fcvetler tezgahla beraber sat\u0131lmaz, m\u00fc\u015fteri kendisi temin etmektedir. Piyasada bir\u00e7ok yerde bulunabilir(standart \u00f6l\u00e7\u00fclerde)<\/p>\n<h2>Bardakl\u0131k Tezgah\u0131<\/h2>\n<p>Bardaklar i\u00e7in kayar raf bulunun bu tezgahta, misafir bardak ald\u0131\u011f\u0131nda yukar\u0131daki bardaklar da a\u015fa\u011f\u0131ya do\u011fru kayar. S\u00fcrekli olarak bardak eklemeye gerek kalmaz. Bardak raf say\u0131s\u0131 iste\u011fe g\u00f6re art\u0131r\u0131l\u0131p azalt\u0131labilir.<\/p>\n<p><a href=\"tel:02243613899\">0(224) 361 38 99<\/a><\/p>\n","protected":false},"excerpt":{"rendered":"<ul>\n<li>Bardakl\u0131k raf say\u0131s\u0131 ve \u00e7atal ka\u015f\u0131k k\u00fcvet say\u0131s\u0131 daha az olarak \u00fcretilebilir(iste\u011fe g\u00f6re)<\/li>\n<li>\u00d6zel \u00fcretim yap\u0131l\u0131r<\/li>\n<li>Bardakl\u0131k, \u00e7atal ka\u015f\u0131k, tepsi koymak i\u00e7in idealdir<\/li>\n<li>Benmarilerin ve servis hatlar\u0131n\u0131n ba\u015f\u0131na koyulur<\/li>\n<li>304 kalite paslanmaz \u00e7elik sacdan imal edilir<\/li>\n<li>K\u00fcver tezgah\u0131 olarak da bilinir<\/li>\n<li>\u00c7atal ka\u015f\u0131k k\u00fcvetleri m\u00fc\u015fteriye aittir<\/li>\n<li><strong><a href=\"https:\/\/www.celebimutfak.com\/index.php\/iletisim\/\" target=\"_blank\" rel=\"noopener\">\u0130LET\u0130\u015e\u0130M<\/a><\/strong><\/li>\n<\/ul>\n","protected":false},"featured_media":1070,"comment_status":"open","ping_status":"closed","template":"","meta":{"site-sidebar-layout":"default","site-content-layout":"default","ast-site-content-layout":"","site-content-style":"default","site-sidebar-style":"default","ast-global-header-display":"","ast-banner-title-visibility":"","ast-main-header-display":"","ast-hfb-above-header-display":"","ast-hfb-below-header-display":"","ast-hfb-mobile-header-display":"","site-post-title":"","ast-breadcrumbs-content":"","ast-featured-img":"","footer-sml-layout":"","theme-transparent-header-meta":"default","adv-header-id-meta":"","stick-header-meta":"","header-above-stick-meta":"","header-main-stick-meta":"","header-below-stick-meta":"","astra-migrate-meta-layouts":"default","ast-page-background-enabled":"default","ast-page-background-meta":{"desktop":{"background-color":"var(--ast-global-color-4)","background-image":"","background-repeat":"repeat","background-position":"center center","background-size":"auto","background-attachment":"scroll","background-type":"","background-media":"","overlay-type":"","overlay-color":"","overlay-opacity":"","overlay-gradient":""},"tablet":{"background-color":"","background-image":"","background-repeat":"repeat","background-position":"center center","background-size":"auto","background-attachment":"scroll","background-type":"","background-media":"","overlay-type":"","overlay-color":"","overlay-opacity":"","overlay-gradient":""},"mobile":{"background-color":"","background-image":"","background-repeat":"repeat","background-position":"center center","background-size":"auto","background-attachment":"scroll","background-type":"","background-media":"","overlay-type":"","overlay-color":"","overlay-opacity":"","overlay-gradient":""}},"ast-content-background-meta":{"desktop":{"background-color":"var(--ast-global-color-5)","background-image":"","background-repeat":"repeat","background-position":"center center","background-size":"auto","background-attachment":"scroll","background-type":"","background-media":"","overlay-type":"","overlay-color":"","overlay-opacity":"","overlay-gradient":""},"tablet":{"background-color":"var(--ast-global-color-5)","background-image":"","background-repeat":"repeat","background-position":"center center","background-size":"auto","background-attachment":"scroll","background-type":"","background-media":"","overlay-type":"","overlay-color":"","overlay-opacity":"","overlay-gradient":""},"mobile":{"background-color":"var(--ast-global-color-5)","background-image":"","background-repeat":"repeat","background-position":"center center","background-size":"auto","background-attachment":"scroll","background-type":"","background-media":"","overlay-type":"","overlay-color":"","overlay-opacity":"","overlay-gradient":""}}},"product_cat":[124],"product_tag":[],"_links":{"self":[{"href":"https:\/\/www.celebimutfak.com\/index.php\/wp-json\/wp\/v2\/product\/1068"}],"collection":[{"href":"https:\/\/www.celebimutfak.com\/index.php\/wp-json\/wp\/v2\/product"}],"about":[{"href":"https:\/\/www.celebimutfak.com\/index.php\/wp-json\/wp\/v2\/types\/product"}],"replies":[{"embeddable":true,"href":"https:\/\/www.celebimutfak.com\/index.php\/wp-json\/wp\/v2\/comments?post=1068"}],"wp:featuredmedia":[{"embeddable":true,"href":"https:\/\/www.celebimutfak.com\/index.php\/wp-json\/wp\/v2\/media\/1070"}],"wp:attachment":[{"href":"https:\/\/www.celebimutfak.com\/index.php\/wp-json\/wp\/v2\/media?parent=1068"}],"wp:term":[{"taxonomy":"product_cat","embeddable":true,"href":"https:\/\/www.celebimutfak.com\/index.php\/wp-json\/wp\/v2\/product_cat?post=1068"},{"taxonomy":"product_tag","embeddable":true,"href":"https:\/\/www.celebimutfak.com\/index.php\/wp-json\/wp\/v2\/product_tag?post=1068"}],"curies":[{"name":"wp","href":"https:\/\/api.w.org\/{rel}","templated":true}]}}