{"id":1066,"date":"2020-11-14T11:38:21","date_gmt":"2020-11-14T08:38:21","guid":{"rendered":"https:\/\/www.celebimutfak.com\/?post_type=product&#038;p=1066"},"modified":"2022-04-09T02:56:55","modified_gmt":"2022-04-08T23:56:55","slug":"arabali-tekerlekli-benmari-tezgah-isitici","status":"publish","type":"product","link":"https:\/\/www.celebimutfak.com\/index.php\/urun\/arabali-tekerlekli-benmari-tezgah-isitici\/","title":{"rendered":"Tekerlekli Benmari"},"content":{"rendered":"<h2>Arabal\u0131 Benmari Tezgah<\/h2>\n<p>Firmam\u0131z her t\u00fcrl\u00fc end\u00fcstriyel mutfak ekipmanlar\u0131 imalat\u0131 yapmaktad\u0131r. Resimdeki benmari bir m\u00fc\u015fterimize \u00f6zel olarak imal edilmi\u015ftir. \u00d6n MDF veya sac \u015feklinde imal edilebilir. Elektrikle \u00e7al\u0131\u015f\u0131r. Havuza doldurulan su, rezistans(\u0131s\u0131t\u0131c\u0131) sayesinde \u0131s\u0131n\u0131r, olu\u015fan buhar da yemekleri \u0131s\u0131t\u0131r.<\/p>\n<p>Tekerlekli 2 adet frenli, 2 adet frensiz olmak \u00fczere \u00fcretilir. Tezgah, \u00f6l\u00e7\u00fcleri ve kullan\u0131m amac\u0131na g\u00f6re farkl\u0131 \u015fekillerde ve \u00f6l\u00e7\u00fclerde \u00fcretilebilir.<\/p>\n<p><a href=\"tel:02243613899\">0(224) 361 38 99<\/a><\/p>\n","protected":false},"excerpt":{"rendered":"<ul>\n<li>Yemek kaplar\u0131 ve kapaklar\u0131 m\u00fc\u015fteriye aittir.<\/li>\n<li>304 kalite paslanmaz \u00e7elik sacdan imal.<\/li>\n<li>Elektrikli sulu sistem \u0131s\u0131tmal\u0131<\/li>\n<li>Yemek da\u011f\u0131tma arabas\u0131 benmari<\/li>\n<li>Frenli ve frensiz tekerlekli<\/li>\n<li><a href=\"https:\/\/www.celebimutfak.com\/index.php\/iletisim\/\" target=\"_blank\" rel=\"noopener\"><strong>\u0130LET\u0130\u015e\u0130M<\/strong><\/a><\/li>\n<\/ul>\n","protected":false},"featured_media":1067,"comment_status":"open","ping_status":"closed","template":"","meta":{"site-sidebar-layout":"default","site-content-layout":"default","ast-site-content-layout":"","site-content-style":"default","site-sidebar-style":"default","ast-global-header-display":"","ast-banner-title-visibility":"","ast-main-header-display":"","ast-hfb-above-header-display":"","ast-hfb-below-header-display":"","ast-hfb-mobile-header-display":"","site-post-title":"","ast-breadcrumbs-content":"","ast-featured-img":"","footer-sml-layout":"","theme-transparent-header-meta":"default","adv-header-id-meta":"","stick-header-meta":"","header-above-stick-meta":"","header-main-stick-meta":"","header-below-stick-meta":"","astra-migrate-meta-layouts":"default","ast-page-background-enabled":"default","ast-page-background-meta":{"desktop":{"background-color":"var(--ast-global-color-4)","background-image":"","background-repeat":"repeat","background-position":"center center","background-size":"auto","background-attachment":"scroll","background-type":"","background-media":"","overlay-type":"","overlay-color":"","overlay-opacity":"","overlay-gradient":""},"tablet":{"background-color":"","background-image":"","background-repeat":"repeat","background-position":"center center","background-size":"auto","background-attachment":"scroll","background-type":"","background-media":"","overlay-type":"","overlay-color":"","overlay-opacity":"","overlay-gradient":""},"mobile":{"background-color":"","background-image":"","background-repeat":"repeat","background-position":"center center","background-size":"auto","background-attachment":"scroll","background-type":"","background-media":"","overlay-type":"","overlay-color":"","overlay-opacity":"","overlay-gradient":""}},"ast-content-background-meta":{"desktop":{"background-color":"var(--ast-global-color-5)","background-image":"","background-repeat":"repeat","background-position":"center center","background-size":"auto","background-attachment":"scroll","background-type":"","background-media":"","overlay-type":"","overlay-color":"","overlay-opacity":"","overlay-gradient":""},"tablet":{"background-color":"var(--ast-global-color-5)","background-image":"","background-repeat":"repeat","background-position":"center center","background-size":"auto","background-attachment":"scroll","background-type":"","background-media":"","overlay-type":"","overlay-color":"","overlay-opacity":"","overlay-gradient":""},"mobile":{"background-color":"var(--ast-global-color-5)","background-image":"","background-repeat":"repeat","background-position":"center center","background-size":"auto","background-attachment":"scroll","background-type":"","background-media":"","overlay-type":"","overlay-color":"","overlay-opacity":"","overlay-gradient":""}}},"product_cat":[124],"product_tag":[],"_links":{"self":[{"href":"https:\/\/www.celebimutfak.com\/index.php\/wp-json\/wp\/v2\/product\/1066"}],"collection":[{"href":"https:\/\/www.celebimutfak.com\/index.php\/wp-json\/wp\/v2\/product"}],"about":[{"href":"https:\/\/www.celebimutfak.com\/index.php\/wp-json\/wp\/v2\/types\/product"}],"replies":[{"embeddable":true,"href":"https:\/\/www.celebimutfak.com\/index.php\/wp-json\/wp\/v2\/comments?post=1066"}],"wp:featuredmedia":[{"embeddable":true,"href":"https:\/\/www.celebimutfak.com\/index.php\/wp-json\/wp\/v2\/media\/1067"}],"wp:attachment":[{"href":"https:\/\/www.celebimutfak.com\/index.php\/wp-json\/wp\/v2\/media?parent=1066"}],"wp:term":[{"taxonomy":"product_cat","embeddable":true,"href":"https:\/\/www.celebimutfak.com\/index.php\/wp-json\/wp\/v2\/product_cat?post=1066"},{"taxonomy":"product_tag","embeddable":true,"href":"https:\/\/www.celebimutfak.com\/index.php\/wp-json\/wp\/v2\/product_tag?post=1066"}],"curies":[{"name":"wp","href":"https:\/\/api.w.org\/{rel}","templated":true}]}}