{"id":1055,"date":"2020-11-12T17:01:10","date_gmt":"2020-11-12T14:01:10","guid":{"rendered":"https:\/\/www.celebimutfak.com\/?post_type=product&#038;p=1055"},"modified":"2022-04-09T02:58:30","modified_gmt":"2022-04-08T23:58:30","slug":"ucuz-benmari-304-ve-430","status":"publish","type":"product","link":"https:\/\/www.celebimutfak.com\/index.php\/urun\/ucuz-benmari-304-ve-430\/","title":{"rendered":"Ucuz Benmari 304 ve 430"},"content":{"rendered":"","protected":false},"excerpt":{"rendered":"<ul>\n<li>\u00dcst tabla ve havuz <strong>304 kalite<\/strong><\/li>\n<li>Alt taban raf\u0131 ve yanlar\u0131 <strong>430 kalite<\/strong>(iste\u011fe g\u00f6re 304 \u00fcretilebilir)<\/li>\n<li>Elektrikli benmari yemek \u0131s\u0131tma tezgah\u0131<\/li>\n<li>220 V ev elektri\u011fi ile \u00e7al\u0131\u015f\u0131r. Sulu sistem \u0131s\u0131tma yapar(buhar)<\/li>\n<li>Yemek kaplar\u0131 ve kapaklar\u0131 fiyata dahil de\u011fildir. Fiyatlara KDV dahil de\u011fildir.<\/li>\n<li><strong><a href=\"https:\/\/www.celebimutfak.com\/index.php\/iletisim\/\" target=\"_blank\" rel=\"noopener\">\u0130LET\u0130\u015e\u0130M<\/a><\/strong><\/li>\n<\/ul>\n","protected":false},"featured_media":929,"comment_status":"open","ping_status":"closed","template":"","meta":{"site-sidebar-layout":"default","site-content-layout":"default","ast-site-content-layout":"","site-content-style":"default","site-sidebar-style":"default","ast-global-header-display":"","ast-banner-title-visibility":"","ast-main-header-display":"","ast-hfb-above-header-display":"","ast-hfb-below-header-display":"","ast-hfb-mobile-header-display":"","site-post-title":"","ast-breadcrumbs-content":"","ast-featured-img":"","footer-sml-layout":"","theme-transparent-header-meta":"default","adv-header-id-meta":"","stick-header-meta":"","header-above-stick-meta":"","header-main-stick-meta":"","header-below-stick-meta":"","astra-migrate-meta-layouts":"default","ast-page-background-enabled":"default","ast-page-background-meta":{"desktop":{"background-color":"var(--ast-global-color-4)","background-image":"","background-repeat":"repeat","background-position":"center center","background-size":"auto","background-attachment":"scroll","background-type":"","background-media":"","overlay-type":"","overlay-color":"","overlay-opacity":"","overlay-gradient":""},"tablet":{"background-color":"","background-image":"","background-repeat":"repeat","background-position":"center center","background-size":"auto","background-attachment":"scroll","background-type":"","background-media":"","overlay-type":"","overlay-color":"","overlay-opacity":"","overlay-gradient":""},"mobile":{"background-color":"","background-image":"","background-repeat":"repeat","background-position":"center center","background-size":"auto","background-attachment":"scroll","background-type":"","background-media":"","overlay-type":"","overlay-color":"","overlay-opacity":"","overlay-gradient":""}},"ast-content-background-meta":{"desktop":{"background-color":"var(--ast-global-color-5)","background-image":"","background-repeat":"repeat","background-position":"center center","background-size":"auto","background-attachment":"scroll","background-type":"","background-media":"","overlay-type":"","overlay-color":"","overlay-opacity":"","overlay-gradient":""},"tablet":{"background-color":"var(--ast-global-color-5)","background-image":"","background-repeat":"repeat","background-position":"center center","background-size":"auto","background-attachment":"scroll","background-type":"","background-media":"","overlay-type":"","overlay-color":"","overlay-opacity":"","overlay-gradient":""},"mobile":{"background-color":"var(--ast-global-color-5)","background-image":"","background-repeat":"repeat","background-position":"center center","background-size":"auto","background-attachment":"scroll","background-type":"","background-media":"","overlay-type":"","overlay-color":"","overlay-opacity":"","overlay-gradient":""}}},"product_cat":[186],"product_tag":[],"_links":{"self":[{"href":"https:\/\/www.celebimutfak.com\/index.php\/wp-json\/wp\/v2\/product\/1055"}],"collection":[{"href":"https:\/\/www.celebimutfak.com\/index.php\/wp-json\/wp\/v2\/product"}],"about":[{"href":"https:\/\/www.celebimutfak.com\/index.php\/wp-json\/wp\/v2\/types\/product"}],"replies":[{"embeddable":true,"href":"https:\/\/www.celebimutfak.com\/index.php\/wp-json\/wp\/v2\/comments?post=1055"}],"wp:featuredmedia":[{"embeddable":true,"href":"https:\/\/www.celebimutfak.com\/index.php\/wp-json\/wp\/v2\/media\/929"}],"wp:attachment":[{"href":"https:\/\/www.celebimutfak.com\/index.php\/wp-json\/wp\/v2\/media?parent=1055"}],"wp:term":[{"taxonomy":"product_cat","embeddable":true,"href":"https:\/\/www.celebimutfak.com\/index.php\/wp-json\/wp\/v2\/product_cat?post=1055"},{"taxonomy":"product_tag","embeddable":true,"href":"https:\/\/www.celebimutfak.com\/index.php\/wp-json\/wp\/v2\/product_tag?post=1055"}],"curies":[{"name":"wp","href":"https:\/\/api.w.org\/{rel}","templated":true}]}}