{"id":1042,"date":"2020-11-08T12:23:58","date_gmt":"2020-11-08T09:23:58","guid":{"rendered":"https:\/\/www.celebimutfak.com\/?post_type=product&#038;p=1042"},"modified":"2023-04-14T17:01:42","modified_gmt":"2023-04-14T14:01:42","slug":"ozel-uretim-benmari-isitici-tezgahi","status":"publish","type":"product","link":"https:\/\/www.celebimutfak.com\/index.php\/urun\/ozel-uretim-benmari-isitici-tezgahi\/","title":{"rendered":"\u00d6zel \u00dcretim Benmari Is\u0131t\u0131c\u0131 Tezgah\u0131"},"content":{"rendered":"","protected":false},"excerpt":{"rendered":"<p><strong>\u00d6zel \u00fcretim benmari \u0131s\u0131t\u0131c\u0131 tezgah imalat\u0131 yap\u0131yoruz <em><a href=\"https:\/\/www.celebimutfak.com\/index.php\/iletisim\/\" target=\"_blank\" rel=\"noopener\">\u0130LET\u0130\u015e\u0130M<\/a><\/em><\/strong><\/p>\n<ul>\n<li>Verilen fiyat sadece elektrikli benmari i\u00e7indir<\/li>\n<li>Elektrikli ve t\u00fcpl\u00fc benmari tezgah imalat\u0131<\/li>\n<li>304 kalite paslanmaz sacdan imal ediyoruz<\/li>\n<li>GN 1\/1 k\u00fcvetlere uygun<\/li>\n<li>220V ev elektri\u011fi ile \u00e7al\u0131\u015f\u0131r<\/li>\n<li>Sulu sistem \u0131s\u0131tma yapar. \u0130stendi\u011fe s\u0131cakl\u0131\u011fa eri\u015fince termostat otomatik olarak kendini kapat\u0131r. Elektrik tasarrufu sa\u011flar<\/li>\n<li>Yemek kaplar\u0131 ve kapaklar\u0131 m\u00fc\u015fteriye aittir<\/li>\n<\/ul>\n<p>&nbsp;<\/p>\n","protected":false},"featured_media":1052,"comment_status":"open","ping_status":"closed","template":"","meta":{"site-sidebar-layout":"default","site-content-layout":"default","ast-site-content-layout":"","site-content-style":"default","site-sidebar-style":"default","ast-global-header-display":"","ast-banner-title-visibility":"","ast-main-header-display":"","ast-hfb-above-header-display":"","ast-hfb-below-header-display":"","ast-hfb-mobile-header-display":"","site-post-title":"","ast-breadcrumbs-content":"","ast-featured-img":"","footer-sml-layout":"","theme-transparent-header-meta":"default","adv-header-id-meta":"","stick-header-meta":"","header-above-stick-meta":"","header-main-stick-meta":"","header-below-stick-meta":"","astra-migrate-meta-layouts":"default","ast-page-background-enabled":"default","ast-page-background-meta":{"desktop":{"background-color":"var(--ast-global-color-4)","background-image":"","background-repeat":"repeat","background-position":"center center","background-size":"auto","background-attachment":"scroll","background-type":"","background-media":"","overlay-type":"","overlay-color":"","overlay-opacity":"","overlay-gradient":""},"tablet":{"background-color":"","background-image":"","background-repeat":"repeat","background-position":"center center","background-size":"auto","background-attachment":"scroll","background-type":"","background-media":"","overlay-type":"","overlay-color":"","overlay-opacity":"","overlay-gradient":""},"mobile":{"background-color":"","background-image":"","background-repeat":"repeat","background-position":"center center","background-size":"auto","background-attachment":"scroll","background-type":"","background-media":"","overlay-type":"","overlay-color":"","overlay-opacity":"","overlay-gradient":""}},"ast-content-background-meta":{"desktop":{"background-color":"var(--ast-global-color-5)","background-image":"","background-repeat":"repeat","background-position":"center center","background-size":"auto","background-attachment":"scroll","background-type":"","background-media":"","overlay-type":"","overlay-color":"","overlay-opacity":"","overlay-gradient":""},"tablet":{"background-color":"var(--ast-global-color-5)","background-image":"","background-repeat":"repeat","background-position":"center center","background-size":"auto","background-attachment":"scroll","background-type":"","background-media":"","overlay-type":"","overlay-color":"","overlay-opacity":"","overlay-gradient":""},"mobile":{"background-color":"var(--ast-global-color-5)","background-image":"","background-repeat":"repeat","background-position":"center center","background-size":"auto","background-attachment":"scroll","background-type":"","background-media":"","overlay-type":"","overlay-color":"","overlay-opacity":"","overlay-gradient":""}}},"product_cat":[124],"product_tag":[],"_links":{"self":[{"href":"https:\/\/www.celebimutfak.com\/index.php\/wp-json\/wp\/v2\/product\/1042"}],"collection":[{"href":"https:\/\/www.celebimutfak.com\/index.php\/wp-json\/wp\/v2\/product"}],"about":[{"href":"https:\/\/www.celebimutfak.com\/index.php\/wp-json\/wp\/v2\/types\/product"}],"replies":[{"embeddable":true,"href":"https:\/\/www.celebimutfak.com\/index.php\/wp-json\/wp\/v2\/comments?post=1042"}],"wp:featuredmedia":[{"embeddable":true,"href":"https:\/\/www.celebimutfak.com\/index.php\/wp-json\/wp\/v2\/media\/1052"}],"wp:attachment":[{"href":"https:\/\/www.celebimutfak.com\/index.php\/wp-json\/wp\/v2\/media?parent=1042"}],"wp:term":[{"taxonomy":"product_cat","embeddable":true,"href":"https:\/\/www.celebimutfak.com\/index.php\/wp-json\/wp\/v2\/product_cat?post=1042"},{"taxonomy":"product_tag","embeddable":true,"href":"https:\/\/www.celebimutfak.com\/index.php\/wp-json\/wp\/v2\/product_tag?post=1042"}],"curies":[{"name":"wp","href":"https:\/\/api.w.org\/{rel}","templated":true}]}}