{"id":1028,"date":"2020-11-04T10:54:52","date_gmt":"2020-11-04T07:54:52","guid":{"rendered":"https:\/\/www.celebimutfak.com\/?post_type=product&#038;p=1028"},"modified":"2022-04-09T03:01:23","modified_gmt":"2022-04-09T00:01:23","slug":"kazan-tasima-arabasi-2","status":"publish","type":"product","link":"https:\/\/www.celebimutfak.com\/index.php\/urun\/kazan-tasima-arabasi-2\/","title":{"rendered":"Kazan Ta\u015f\u0131ma Arabas\u0131"},"content":{"rendered":"<h2>Paslanmaz Arabalar<\/h2>\n<p>Yemekhanelerde ve yemek salonlar\u0131nda kullan\u0131lmak \u00fczere her t\u00fcrl\u00fc mutfak arabalar\u0131 \u00fcretilir. \u00dcretimini yapt\u0131\u011f\u0131m\u0131z mam\u00fclleri g\u00f6rmek i\u00e7in <strong><a href=\"https:\/\/www.celebimutfak.com\/index.php\/urunler\/\" target=\"_blank\" rel=\"noopener\">t\u0131klay\u0131n<\/a><\/strong>.<\/p>\n<h2>\u00c7elebi End\u00fcstriyel Mutfak<\/h2>\n<p>Firmam\u0131z paslanmaz \u00e7elik malzemeden \u00e7e\u015fitli mutfak ekipmanlar\u0131 \u00fcretimi yap\u0131yor. Standart ve \u00f6zel \u00f6l\u00e7\u00fclerde \u00fcretim yap\u0131l\u0131r. Dayan\u0131kl\u0131 ve kaliteli mam\u00fcller \u00fcretmeyi ama\u00e7l\u0131yoruz.<\/p>\n","protected":false},"excerpt":{"rendered":"<p>Fiyatlar temsilidir. Detayl\u0131 bilgi i\u00e7in <strong><a href=\"https:\/\/www.celebimutfak.com\/index.php\/iletisim\/\" target=\"_blank\" rel=\"noopener\">ileti\u015fime<\/a> <\/strong>ge\u00e7ebilirsiniz.<\/p>\n<ul>\n<li>304 kalite paslanmaz \u00e7elikten imal<\/li>\n<li>120&#8217;lik yemek kazanlar\u0131 ta\u015f\u0131nabilir<\/li>\n<li>Dayan\u0131kl\u0131, kal\u0131n sacdan \u00fcretilir.<\/li>\n<li>Frenli ve frensiz tekerleklere sahiptir.<\/li>\n<li>Yemekhanelerde yemek ta\u015f\u0131mak i\u00e7in kullan\u0131l\u0131r<\/li>\n<\/ul>\n","protected":false},"featured_media":1022,"comment_status":"open","ping_status":"closed","template":"","meta":{"site-sidebar-layout":"default","site-content-layout":"default","ast-site-content-layout":"","site-content-style":"default","site-sidebar-style":"default","ast-global-header-display":"","ast-banner-title-visibility":"","ast-main-header-display":"","ast-hfb-above-header-display":"","ast-hfb-below-header-display":"","ast-hfb-mobile-header-display":"","site-post-title":"","ast-breadcrumbs-content":"","ast-featured-img":"","footer-sml-layout":"","theme-transparent-header-meta":"default","adv-header-id-meta":"","stick-header-meta":"","header-above-stick-meta":"","header-main-stick-meta":"","header-below-stick-meta":"","astra-migrate-meta-layouts":"default","ast-page-background-enabled":"default","ast-page-background-meta":{"desktop":{"background-color":"var(--ast-global-color-4)","background-image":"","background-repeat":"repeat","background-position":"center center","background-size":"auto","background-attachment":"scroll","background-type":"","background-media":"","overlay-type":"","overlay-color":"","overlay-opacity":"","overlay-gradient":""},"tablet":{"background-color":"","background-image":"","background-repeat":"repeat","background-position":"center center","background-size":"auto","background-attachment":"scroll","background-type":"","background-media":"","overlay-type":"","overlay-color":"","overlay-opacity":"","overlay-gradient":""},"mobile":{"background-color":"","background-image":"","background-repeat":"repeat","background-position":"center center","background-size":"auto","background-attachment":"scroll","background-type":"","background-media":"","overlay-type":"","overlay-color":"","overlay-opacity":"","overlay-gradient":""}},"ast-content-background-meta":{"desktop":{"background-color":"var(--ast-global-color-5)","background-image":"","background-repeat":"repeat","background-position":"center center","background-size":"auto","background-attachment":"scroll","background-type":"","background-media":"","overlay-type":"","overlay-color":"","overlay-opacity":"","overlay-gradient":""},"tablet":{"background-color":"var(--ast-global-color-5)","background-image":"","background-repeat":"repeat","background-position":"center center","background-size":"auto","background-attachment":"scroll","background-type":"","background-media":"","overlay-type":"","overlay-color":"","overlay-opacity":"","overlay-gradient":""},"mobile":{"background-color":"var(--ast-global-color-5)","background-image":"","background-repeat":"repeat","background-position":"center center","background-size":"auto","background-attachment":"scroll","background-type":"","background-media":"","overlay-type":"","overlay-color":"","overlay-opacity":"","overlay-gradient":""}}},"product_cat":[53],"product_tag":[],"_links":{"self":[{"href":"https:\/\/www.celebimutfak.com\/index.php\/wp-json\/wp\/v2\/product\/1028"}],"collection":[{"href":"https:\/\/www.celebimutfak.com\/index.php\/wp-json\/wp\/v2\/product"}],"about":[{"href":"https:\/\/www.celebimutfak.com\/index.php\/wp-json\/wp\/v2\/types\/product"}],"replies":[{"embeddable":true,"href":"https:\/\/www.celebimutfak.com\/index.php\/wp-json\/wp\/v2\/comments?post=1028"}],"wp:featuredmedia":[{"embeddable":true,"href":"https:\/\/www.celebimutfak.com\/index.php\/wp-json\/wp\/v2\/media\/1022"}],"wp:attachment":[{"href":"https:\/\/www.celebimutfak.com\/index.php\/wp-json\/wp\/v2\/media?parent=1028"}],"wp:term":[{"taxonomy":"product_cat","embeddable":true,"href":"https:\/\/www.celebimutfak.com\/index.php\/wp-json\/wp\/v2\/product_cat?post=1028"},{"taxonomy":"product_tag","embeddable":true,"href":"https:\/\/www.celebimutfak.com\/index.php\/wp-json\/wp\/v2\/product_tag?post=1028"}],"curies":[{"name":"wp","href":"https:\/\/api.w.org\/{rel}","templated":true}]}}