{"id":1014,"date":"2020-10-31T19:41:02","date_gmt":"2020-10-31T16:41:02","guid":{"rendered":"https:\/\/www.celebimutfak.com\/?post_type=product&#038;p=1014"},"modified":"2022-04-09T03:02:04","modified_gmt":"2022-04-09T00:02:04","slug":"borek-teshir-tezgahi-benmari-isitici","status":"publish","type":"product","link":"https:\/\/www.celebimutfak.com\/index.php\/urun\/borek-teshir-tezgahi-benmari-isitici\/","title":{"rendered":"B\u00f6rek Te\u015fhir Tezgah\u0131 &#8211; Benmari Is\u0131t\u0131c\u0131"},"content":{"rendered":"<h2>Caml\u0131 B\u00f6rek Tezgah\u0131<\/h2>\n<p>\u00c7ELEB\u0130 END\u00dcSTR\u0130YEL MUTFAK imalat\u00e7\u0131 firmad\u0131r. M\u00fc\u015fterilerimizin ihtiya\u00e7lar\u0131 ve istekleri do\u011frultusunda \u00fcretim yapmaktad\u0131r. Detayl\u0131 bilgi i\u00e7in bizimle <strong><a href=\"https:\/\/www.celebimutfak.com\/index.php\/iletisim\/\" target=\"_blank\" rel=\"noopener\">ileti\u015fime<\/a> <\/strong>ge\u00e7ebilirsiniz.<\/p>\n<p>Pastane b\u00f6rek \u0131s\u0131t\u0131c\u0131 tezgah\u0131. Caml\u0131 b\u00f6rek tezgah\u0131 imalat\u0131.<\/p>\n<p><strong>&#8212; <a href=\"https:\/\/www.celebimutfak.com\/index.php\/urun-kategori\/servis\/\" target=\"_blank\" rel=\"noopener\">Benmari modelleri<\/a><\/strong><\/p>\n","protected":false},"excerpt":{"rendered":"<p>Fiyat bilgisi i\u00e7in <strong><a href=\"https:\/\/www.celebimutfak.com\/index.php\/iletisim\/\" target=\"_blank\" rel=\"noopener\">ileti\u015fime<\/a> <\/strong>ge\u00e7ebilirsiniz<\/p>\n<ul>\n<li>304 kalite paslanmaz \u00e7elikten imal edilmi\u015ftir.<\/li>\n<li>\u0130ste\u011fe g\u00f6re \u00f6l\u00e7\u00fclerde ve \u00f6zelliklerde imal edilir.<\/li>\n<li>B\u00f6rek, simit, po\u011fa\u00e7a te\u015fhir i\u00e7in kullan\u0131labilir.<\/li>\n<li>Caml\u0131 b\u00f6rek te\u015fhir tezgah\u0131<\/li>\n<\/ul>\n","protected":false},"featured_media":1015,"comment_status":"open","ping_status":"closed","template":"","meta":{"site-sidebar-layout":"default","site-content-layout":"default","ast-site-content-layout":"","site-content-style":"default","site-sidebar-style":"default","ast-global-header-display":"","ast-banner-title-visibility":"","ast-main-header-display":"","ast-hfb-above-header-display":"","ast-hfb-below-header-display":"","ast-hfb-mobile-header-display":"","site-post-title":"","ast-breadcrumbs-content":"","ast-featured-img":"","footer-sml-layout":"","theme-transparent-header-meta":"default","adv-header-id-meta":"","stick-header-meta":"","header-above-stick-meta":"","header-main-stick-meta":"","header-below-stick-meta":"","astra-migrate-meta-layouts":"default","ast-page-background-enabled":"default","ast-page-background-meta":{"desktop":{"background-color":"var(--ast-global-color-4)","background-image":"","background-repeat":"repeat","background-position":"center center","background-size":"auto","background-attachment":"scroll","background-type":"","background-media":"","overlay-type":"","overlay-color":"","overlay-opacity":"","overlay-gradient":""},"tablet":{"background-color":"","background-image":"","background-repeat":"repeat","background-position":"center center","background-size":"auto","background-attachment":"scroll","background-type":"","background-media":"","overlay-type":"","overlay-color":"","overlay-opacity":"","overlay-gradient":""},"mobile":{"background-color":"","background-image":"","background-repeat":"repeat","background-position":"center center","background-size":"auto","background-attachment":"scroll","background-type":"","background-media":"","overlay-type":"","overlay-color":"","overlay-opacity":"","overlay-gradient":""}},"ast-content-background-meta":{"desktop":{"background-color":"var(--ast-global-color-5)","background-image":"","background-repeat":"repeat","background-position":"center center","background-size":"auto","background-attachment":"scroll","background-type":"","background-media":"","overlay-type":"","overlay-color":"","overlay-opacity":"","overlay-gradient":""},"tablet":{"background-color":"var(--ast-global-color-5)","background-image":"","background-repeat":"repeat","background-position":"center center","background-size":"auto","background-attachment":"scroll","background-type":"","background-media":"","overlay-type":"","overlay-color":"","overlay-opacity":"","overlay-gradient":""},"mobile":{"background-color":"var(--ast-global-color-5)","background-image":"","background-repeat":"repeat","background-position":"center center","background-size":"auto","background-attachment":"scroll","background-type":"","background-media":"","overlay-type":"","overlay-color":"","overlay-opacity":"","overlay-gradient":""}}},"product_cat":[124],"product_tag":[],"_links":{"self":[{"href":"https:\/\/www.celebimutfak.com\/index.php\/wp-json\/wp\/v2\/product\/1014"}],"collection":[{"href":"https:\/\/www.celebimutfak.com\/index.php\/wp-json\/wp\/v2\/product"}],"about":[{"href":"https:\/\/www.celebimutfak.com\/index.php\/wp-json\/wp\/v2\/types\/product"}],"replies":[{"embeddable":true,"href":"https:\/\/www.celebimutfak.com\/index.php\/wp-json\/wp\/v2\/comments?post=1014"}],"wp:featuredmedia":[{"embeddable":true,"href":"https:\/\/www.celebimutfak.com\/index.php\/wp-json\/wp\/v2\/media\/1015"}],"wp:attachment":[{"href":"https:\/\/www.celebimutfak.com\/index.php\/wp-json\/wp\/v2\/media?parent=1014"}],"wp:term":[{"taxonomy":"product_cat","embeddable":true,"href":"https:\/\/www.celebimutfak.com\/index.php\/wp-json\/wp\/v2\/product_cat?post=1014"},{"taxonomy":"product_tag","embeddable":true,"href":"https:\/\/www.celebimutfak.com\/index.php\/wp-json\/wp\/v2\/product_tag?post=1014"}],"curies":[{"name":"wp","href":"https:\/\/api.w.org\/{rel}","templated":true}]}}