{"id":1010,"date":"2020-10-27T23:00:10","date_gmt":"2020-10-27T20:00:10","guid":{"rendered":"https:\/\/www.celebimutfak.com\/?post_type=product&#038;p=1010"},"modified":"2023-04-14T17:36:10","modified_gmt":"2023-04-14T14:36:10","slug":"yemek-servis-hatti","status":"publish","type":"product","link":"https:\/\/www.celebimutfak.com\/index.php\/urun\/yemek-servis-hatti\/","title":{"rendered":"Yemek Servis Hatt\u0131"},"content":{"rendered":"<h2>Yemek Servis Hatt\u0131 \u0130malat\u0131<\/h2>\n<p>Yemek salonlar\u0131nda tabldot yemek da\u011f\u0131t\u0131m yap\u0131l\u0131rken kullan\u0131l\u0131r. Tepsi kayd\u0131rma stant\u0131 sayesinde yemek yiyenler rahat\u00e7a yemek alabilirler. 304 kalite paslanmaz sacdan imal ediyoruz.<\/p>\n<p>Fabrikalarda, yemek salonlar\u0131nda, okullarda, hastanelerde kullan\u0131l\u0131r. Otel gibi restorand\u0131 olan yerlerde a\u00e7\u0131k b\u00fcfe tezgah\u0131 olarak da kullan\u0131labilir.<\/p>\n<h2>\u00d6zel \u00fcretim<\/h2>\n<p>M\u00fc\u015fterilerimizin ihtiya\u00e7lar\u0131na g\u00f6re \u00f6zel \u00f6l\u00e7\u00fclerde yemek tezgah\u0131 \u00fcretilebilir. 304 kalite paslanmaz sacdan \u00fcretim yapmaktay\u0131z.<\/p>\n<p><em><strong>YEMEK KAPLARI VE KAPAKLARI M\u00dc\u015eTER\u0130YE A\u0130TT\u0130R.<\/strong><\/em><\/p>\n<p><a href=\"https:\/\/www.celebimutfak.com\/index.php\/urun-kategori\/servis\/\" target=\"_blank\" rel=\"noopener\"><strong>T\u00dcM BENMAR\u0130 MODELLER\u0130<\/strong><\/a><\/p>\n","protected":false},"excerpt":{"rendered":"<ul>\n<li>Her tezgah ayr\u0131 ayr\u0131 imalat yap\u0131l\u0131r.<\/li>\n<li>304 kalite paslanmaz sacdan imal edilir.<\/li>\n<li>Elektrikli sulu sistem \u0131s\u0131t\u0131c\u0131l\u0131.<\/li>\n<li>Yemek k\u00fcvetleri fiyatlara dahil de\u011fildir.<\/li>\n<li>Mod\u00fclerdir, farkl\u0131 yerlerde kullan\u0131labilir.<\/li>\n<li><strong><a href=\"https:\/\/www.celebimutfak.com\/index.php\/iletisim\/\" target=\"_blank\" rel=\"noopener\">\u0130leti\u015fim<\/a><\/strong><\/li>\n<\/ul>\n","protected":false},"featured_media":1011,"comment_status":"open","ping_status":"closed","template":"","meta":{"site-sidebar-layout":"default","site-content-layout":"default","ast-site-content-layout":"","site-content-style":"default","site-sidebar-style":"default","ast-global-header-display":"","ast-banner-title-visibility":"","ast-main-header-display":"","ast-hfb-above-header-display":"","ast-hfb-below-header-display":"","ast-hfb-mobile-header-display":"","site-post-title":"","ast-breadcrumbs-content":"","ast-featured-img":"","footer-sml-layout":"","theme-transparent-header-meta":"default","adv-header-id-meta":"","stick-header-meta":"","header-above-stick-meta":"","header-main-stick-meta":"","header-below-stick-meta":"","astra-migrate-meta-layouts":"default","ast-page-background-enabled":"default","ast-page-background-meta":{"desktop":{"background-color":"var(--ast-global-color-4)","background-image":"","background-repeat":"repeat","background-position":"center center","background-size":"auto","background-attachment":"scroll","background-type":"","background-media":"","overlay-type":"","overlay-color":"","overlay-opacity":"","overlay-gradient":""},"tablet":{"background-color":"","background-image":"","background-repeat":"repeat","background-position":"center center","background-size":"auto","background-attachment":"scroll","background-type":"","background-media":"","overlay-type":"","overlay-color":"","overlay-opacity":"","overlay-gradient":""},"mobile":{"background-color":"","background-image":"","background-repeat":"repeat","background-position":"center center","background-size":"auto","background-attachment":"scroll","background-type":"","background-media":"","overlay-type":"","overlay-color":"","overlay-opacity":"","overlay-gradient":""}},"ast-content-background-meta":{"desktop":{"background-color":"var(--ast-global-color-5)","background-image":"","background-repeat":"repeat","background-position":"center center","background-size":"auto","background-attachment":"scroll","background-type":"","background-media":"","overlay-type":"","overlay-color":"","overlay-opacity":"","overlay-gradient":""},"tablet":{"background-color":"var(--ast-global-color-5)","background-image":"","background-repeat":"repeat","background-position":"center center","background-size":"auto","background-attachment":"scroll","background-type":"","background-media":"","overlay-type":"","overlay-color":"","overlay-opacity":"","overlay-gradient":""},"mobile":{"background-color":"var(--ast-global-color-5)","background-image":"","background-repeat":"repeat","background-position":"center center","background-size":"auto","background-attachment":"scroll","background-type":"","background-media":"","overlay-type":"","overlay-color":"","overlay-opacity":"","overlay-gradient":""}}},"product_cat":[124],"product_tag":[],"_links":{"self":[{"href":"https:\/\/www.celebimutfak.com\/index.php\/wp-json\/wp\/v2\/product\/1010"}],"collection":[{"href":"https:\/\/www.celebimutfak.com\/index.php\/wp-json\/wp\/v2\/product"}],"about":[{"href":"https:\/\/www.celebimutfak.com\/index.php\/wp-json\/wp\/v2\/types\/product"}],"replies":[{"embeddable":true,"href":"https:\/\/www.celebimutfak.com\/index.php\/wp-json\/wp\/v2\/comments?post=1010"}],"wp:featuredmedia":[{"embeddable":true,"href":"https:\/\/www.celebimutfak.com\/index.php\/wp-json\/wp\/v2\/media\/1011"}],"wp:attachment":[{"href":"https:\/\/www.celebimutfak.com\/index.php\/wp-json\/wp\/v2\/media?parent=1010"}],"wp:term":[{"taxonomy":"product_cat","embeddable":true,"href":"https:\/\/www.celebimutfak.com\/index.php\/wp-json\/wp\/v2\/product_cat?post=1010"},{"taxonomy":"product_tag","embeddable":true,"href":"https:\/\/www.celebimutfak.com\/index.php\/wp-json\/wp\/v2\/product_tag?post=1010"}],"curies":[{"name":"wp","href":"https:\/\/api.w.org\/{rel}","templated":true}]}}